{"id":2103,"date":"2025-08-28T01:35:05","date_gmt":"2025-08-28T01:35:05","guid":{"rendered":"https:\/\/szhzykc.com\/?page_id=2103"},"modified":"2026-01-07T06:35:01","modified_gmt":"2026-01-07T06:35:01","slug":"unternehmen","status":"publish","type":"page","link":"https:\/\/www.szhzykc.com\/de\/unternehmen\/","title":{"rendered":"Umfang der Gesch\u00e4ftst\u00e4tigkeit"},"content":{"rendered":"<div class=\"wp-block-uagb-container uagb-block-bd9f6584 alignfull uagb-is-root-container\"><div class=\"uagb-container-inner-blocks-wrap\">\n<div class=\"wp-block-uagb-container uagb-block-740dd621\">\n<div class=\"wp-block-uagb-info-box uagb-block-e21d5f2d uagb-infobox__content-wrap  uagb-infobox-icon-above-title uagb-infobox-image-valign-top bwenzi\"><div class=\"uagb-ifb-content\"><div class=\"uagb-ifb-title-wrap\"><h1 class=\"uagb-ifb-title\">Umfang der Gesch\u00e4ftst\u00e4tigkeit<\/h1><\/div><p class=\"uagb-ifb-desc\">Professioneller Drohnenbetrieb und Training - Offizielle Zulassung und Genehmigungsgarantie<\/p><\/div><\/div>\n<\/div>\n<\/div><\/div>\n\n\n\n<div class=\"wp-block-uagb-container uagb-block-f08ce736 alignfull uagb-is-root-container\"><div class=\"uagb-container-inner-blocks-wrap\">\n<div class=\"wp-block-uagb-advanced-heading uagb-block-3382c56e\"><h2 class=\"uagb-heading-text\">Umfang der Gesch\u00e4ftst\u00e4tigkeit<\/h2><p class=\"uagb-desc-text\">Die Hauptanwendungen sind Drohnenprojekte in geringer H\u00f6he und Dienstleistungen<\/p><\/div>\n\n\n\n<div class=\"wp-block-uagb-container uagb-layout-grid uagb-block-a75915b7\">\n<div class=\"wp-block-uagb-container uagb-block-4222c5dc\">\n<div class=\"wp-block-uagb-image uagb-block-0399c9bf wp-block-uagb-image--layout-default wp-block-uagb-image--effect-static wp-block-uagb-image--align-none\"><figure class=\"wp-block-uagb-image__figure\"><img decoding=\"async\" srcset=\"https:\/\/www.szhzykc.com\/wp-content\/uploads\/2025\/10\/jyfw-1.webp ,https:\/\/www.szhzykc.com\/wp-content\/uploads\/2025\/10\/jyfw-1.webp 780w, https:\/\/www.szhzykc.com\/wp-content\/uploads\/2025\/10\/jyfw-1.webp 360w\" sizes=\"auto, (max-width: 480px) 150px\" src=\"https:\/\/www.szhzykc.com\/wp-content\/uploads\/2025\/10\/jyfw-1.webp\" alt=\"\" class=\"uag-image-3936\" width=\"800\" height=\"600\" title=\"jyfw-1\" loading=\"lazy\" role=\"img\"\/><\/figure><\/div>\n\n\n\n<div class=\"wp-block-uagb-info-box uagb-block-c96bbbd8 uagb-infobox__content-wrap  uagb-infobox-icon-above-title uagb-infobox-image-valign-top\"><div class=\"uagb-ifb-content\"><div class=\"uagb-ifb-title-wrap\"><h5 class=\"uagb-ifb-title\"><strong>Anwendungsdienste f\u00fcr Drohnen<\/strong><\/h5><\/div><p class=\"uagb-ifb-desc\">\u25c9 Intelligentes Stadtmanagementsystem; Katastrophenhilfezentrum<br>\u00dcberwachung der st\u00e4dtischen und l\u00e4ndlichen Umwelt, \u00dcberwachung der Wasserqualit\u00e4t, \u00f6kologische Modellierung;<\/p><\/div><\/div>\n<\/div>\n\n\n\n<div class=\"wp-block-uagb-container uagb-block-cb545604\">\n<div class=\"wp-block-uagb-image uagb-block-7629c7c1 wp-block-uagb-image--layout-default wp-block-uagb-image--effect-static wp-block-uagb-image--align-none\"><figure class=\"wp-block-uagb-image__figure\"><img decoding=\"async\" srcset=\"https:\/\/www.szhzykc.com\/wp-content\/uploads\/2025\/09\/xtpt-2.webp ,https:\/\/www.szhzykc.com\/wp-content\/uploads\/2025\/09\/xtpt-2.webp 780w, https:\/\/www.szhzykc.com\/wp-content\/uploads\/2025\/09\/xtpt-2.webp 360w\" sizes=\"auto, (max-width: 480px) 150px\" src=\"https:\/\/www.szhzykc.com\/wp-content\/uploads\/2025\/09\/xtpt-2.webp\" alt=\"\" class=\"uag-image-2599\" width=\"800\" height=\"600\" title=\"xtpt-2\" loading=\"lazy\" role=\"img\"\/><\/figure><\/div>\n\n\n\n<div class=\"wp-block-uagb-info-box uagb-block-0c9d90f4 uagb-infobox__content-wrap  uagb-infobox-icon-above-title uagb-infobox-image-valign-top\"><div class=\"uagb-ifb-content\"><div class=\"uagb-ifb-title-wrap\"><h5 class=\"uagb-ifb-title\"><strong>AI Intelligentes Internet der Dinge Big Data Cloud-Plattform-Entwicklung<\/strong><\/h5><\/div><p class=\"uagb-ifb-desc\">\u25c9 Cloud-Plattform f\u00fcr Drohnenflugdienste<br>\u25c9 Gro\u00dfe Daten<br>\u25c9 Drohnenflugschreiber<\/p><\/div><\/div>\n<\/div>\n\n\n\n<div class=\"wp-block-uagb-container uagb-block-8c8f019d\">\n<div class=\"wp-block-uagb-image uagb-block-4f51b222 wp-block-uagb-image--layout-default wp-block-uagb-image--effect-static wp-block-uagb-image--align-none\"><figure class=\"wp-block-uagb-image__figure\"><img decoding=\"async\" srcset=\"https:\/\/www.szhzykc.com\/wp-content\/uploads\/2025\/10\/jyfw-3.webp ,https:\/\/www.szhzykc.com\/wp-content\/uploads\/2025\/10\/jyfw-3.webp 780w, https:\/\/www.szhzykc.com\/wp-content\/uploads\/2025\/10\/jyfw-3.webp 360w\" sizes=\"auto, (max-width: 480px) 150px\" src=\"https:\/\/www.szhzykc.com\/wp-content\/uploads\/2025\/10\/jyfw-3.webp\" alt=\"\" class=\"uag-image-3937\" width=\"800\" height=\"600\" title=\"jyfw-3\" loading=\"lazy\" role=\"img\"\/><\/figure><\/div>\n\n\n\n<div class=\"wp-block-uagb-info-box uagb-block-4dad0878 uagb-infobox__content-wrap  uagb-infobox-icon-above-title uagb-infobox-image-valign-top\"><div class=\"uagb-ifb-content\"><div class=\"uagb-ifb-title-wrap\"><h5 class=\"uagb-ifb-title\"><strong>Schulung<\/strong><\/h5><\/div><p class=\"uagb-ifb-desc\">\u25c9 Ausbildung zum professionellen Flyer<br>\u25c9 Gemeinsame Sekundarschulprogramme<br>\u25c9 Ausbildung zum Drohnenrennen<br>\u25c9 Talent Service Center<\/p><\/div><\/div>\n<\/div>\n\n\n\n<div class=\"wp-block-uagb-container uagb-block-dc38d28e\">\n<div class=\"wp-block-uagb-image uagb-block-978e74bb wp-block-uagb-image--layout-default wp-block-uagb-image--effect-static wp-block-uagb-image--align-none\"><figure class=\"wp-block-uagb-image__figure\"><img decoding=\"async\" srcset=\"https:\/\/www.szhzykc.com\/wp-content\/uploads\/2025\/10\/jyfw-4.webp ,https:\/\/www.szhzykc.com\/wp-content\/uploads\/2025\/10\/jyfw-4.webp 780w, https:\/\/www.szhzykc.com\/wp-content\/uploads\/2025\/10\/jyfw-4.webp 360w\" sizes=\"auto, (max-width: 480px) 150px\" src=\"https:\/\/www.szhzykc.com\/wp-content\/uploads\/2025\/10\/jyfw-4.webp\" alt=\"\" class=\"uag-image-3938\" width=\"800\" height=\"600\" title=\"jyfw-4\" loading=\"lazy\" role=\"img\"\/><\/figure><\/div>\n\n\n\n<div class=\"wp-block-uagb-info-box uagb-block-59efd43e uagb-infobox__content-wrap  uagb-infobox-icon-above-title uagb-infobox-image-valign-top\"><div class=\"uagb-ifb-content\"><div class=\"uagb-ifb-title-wrap\"><h5 class=\"uagb-ifb-title\"><strong>Forschungsbasis zur Popularisierung der Luftfahrt(-drohnen)wissenschaft<\/strong><\/h5><\/div><p class=\"uagb-ifb-desc\">Prim\u00e4re und sekund\u00e4re Sch\u00fcler im Freien Wissenschaft Forschung und Entwicklung Basis, die Entwicklung von Wissenschaft und Technologie Wissenschaft Forschung Industrie, und streben danach, in einer Provinz Wissenschaft und Technologie Industrie Basis Demonstration zu entwickeln.<\/p><\/div><\/div>\n<\/div>\n\n\n\n<div class=\"wp-block-uagb-container uagb-block-c0aec309\">\n<div class=\"wp-block-uagb-image uagb-block-20485fd5 wp-block-uagb-image--layout-default wp-block-uagb-image--effect-static wp-block-uagb-image--align-none\"><figure class=\"wp-block-uagb-image__figure\"><img decoding=\"async\" srcset=\"https:\/\/www.szhzykc.com\/wp-content\/uploads\/2025\/10\/jyfw-5.webp ,https:\/\/www.szhzykc.com\/wp-content\/uploads\/2025\/10\/jyfw-5.webp 780w, https:\/\/www.szhzykc.com\/wp-content\/uploads\/2025\/10\/jyfw-5.webp 360w\" sizes=\"auto, (max-width: 480px) 150px\" src=\"https:\/\/www.szhzykc.com\/wp-content\/uploads\/2025\/10\/jyfw-5.webp\" alt=\"\" class=\"uag-image-3939\" width=\"800\" height=\"600\" title=\"jyfw-5\" loading=\"lazy\" role=\"img\"\/><\/figure><\/div>\n\n\n\n<div class=\"wp-block-uagb-info-box uagb-block-ec270f46 uagb-infobox__content-wrap  uagb-infobox-icon-above-title uagb-infobox-image-valign-top\"><div class=\"uagb-ifb-content\"><div class=\"uagb-ifb-title-wrap\"><h5 class=\"uagb-ifb-title\"><strong>Reinigung und Inspektion der st\u00e4dtischen und l\u00e4ndlichen Umwelt<\/strong><\/h5><\/div><p class=\"uagb-ifb-desc\">\u25c9 Inspektionen von st\u00e4dtischen und l\u00e4ndlichen Umweltbetrieben; Flussinspektionen; Identifizierung von Abfallansammlungen<br>\u25c9 Reinigung von Glasfassaden usw;<\/p><\/div><\/div>\n<\/div>\n\n\n\n<div class=\"wp-block-uagb-container uagb-block-29347d0f\">\n<div class=\"wp-block-uagb-image uagb-block-45d2fa1c wp-block-uagb-image--layout-default wp-block-uagb-image--effect-static wp-block-uagb-image--align-none\"><figure class=\"wp-block-uagb-image__figure\"><img decoding=\"async\" srcset=\"https:\/\/www.szhzykc.com\/wp-content\/uploads\/2025\/09\/ztjxg-3.webp ,https:\/\/www.szhzykc.com\/wp-content\/uploads\/2025\/09\/ztjxg-3.webp 780w, https:\/\/www.szhzykc.com\/wp-content\/uploads\/2025\/09\/ztjxg-3.webp 360w\" sizes=\"auto, (max-width: 480px) 150px\" src=\"https:\/\/www.szhzykc.com\/wp-content\/uploads\/2025\/09\/ztjxg-3.webp\" alt=\"\" class=\"uag-image-3626\" width=\"800\" height=\"600\" title=\"ztjxg-3\" loading=\"lazy\" role=\"img\"\/><\/figure><\/div>\n\n\n\n<div class=\"wp-block-uagb-info-box uagb-block-6125f13a uagb-infobox__content-wrap  uagb-infobox-icon-above-title uagb-infobox-image-valign-top\"><div class=\"uagb-ifb-content\"><div class=\"uagb-ifb-title-wrap\"><h5 class=\"uagb-ifb-title\"><strong>Montage, Reparaturzentren<\/strong><\/h5><\/div><p class=\"uagb-ifb-desc\">\u25c9 Montage der Drohne;<br>\u25c9 Einrichtung eines umfassenden Reparatur- und Wartungssystems;<br>\u25c9 Vermietung von Drohnenausr\u00fcstung<\/p><\/div><\/div>\n<\/div>\n\n\n\n<div class=\"wp-block-uagb-container uagb-block-dea2df21\">\n<div class=\"wp-block-uagb-image uagb-block-d56621fa wp-block-uagb-image--layout-default wp-block-uagb-image--effect-static wp-block-uagb-image--align-none\"><figure class=\"wp-block-uagb-image__figure\"><img decoding=\"async\" srcset=\"https:\/\/www.szhzykc.com\/wp-content\/uploads\/2025\/09\/ssys6.webp ,https:\/\/www.szhzykc.com\/wp-content\/uploads\/2025\/09\/ssys6.webp 780w, https:\/\/www.szhzykc.com\/wp-content\/uploads\/2025\/09\/ssys6.webp 360w\" sizes=\"auto, (max-width: 480px) 150px\" src=\"https:\/\/www.szhzykc.com\/wp-content\/uploads\/2025\/09\/ssys6.webp\" alt=\"\" class=\"uag-image-2275\" width=\"800\" height=\"600\" title=\"ssys6\" loading=\"lazy\" role=\"img\"\/><\/figure><\/div>\n\n\n\n<div class=\"wp-block-uagb-info-box uagb-block-d27d9c6a uagb-infobox__content-wrap  uagb-infobox-icon-above-title uagb-infobox-image-valign-top\"><div class=\"uagb-ifb-content\"><div class=\"uagb-ifb-title-wrap\"><h5 class=\"uagb-ifb-title\"><strong>Drohnen-Kooperation Schule-Wirtschaft<\/strong><\/h5><\/div><p class=\"uagb-ifb-desc\">\u25c9 Lehrplangestaltung f\u00fcr das Drohnenprogramm<br>\u25c9 Bau eines professionellen Schulungsraums f\u00fcr Drohnen<br>\u25c9 Ausbildung von UAV-Fachleuten<br>\u25c9 Praktische Ausbildung und Praktikumsplatz f\u00fcr Drohnenstudenten<br>\u25c9 Berufsberatung f\u00fcr Drohnenstudenten<\/p><\/div><\/div>\n<\/div>\n\n\n\n<div class=\"wp-block-uagb-container uagb-block-a7273e98\">\n<div class=\"wp-block-uagb-image uagb-block-f882bc88 wp-block-uagb-image--layout-default wp-block-uagb-image--effect-static wp-block-uagb-image--align-none\"><figure class=\"wp-block-uagb-image__figure\"><img decoding=\"async\" srcset=\"https:\/\/www.szhzykc.com\/wp-content\/uploads\/2025\/10\/jyfw8.webp ,https:\/\/www.szhzykc.com\/wp-content\/uploads\/2025\/10\/jyfw8.webp 780w, https:\/\/www.szhzykc.com\/wp-content\/uploads\/2025\/10\/jyfw8.webp 360w\" sizes=\"auto, (max-width: 480px) 150px\" src=\"https:\/\/www.szhzykc.com\/wp-content\/uploads\/2025\/10\/jyfw8.webp\" alt=\"\" class=\"uag-image-3945\" width=\"800\" height=\"600\" title=\"jyfw8\" loading=\"lazy\" role=\"img\"\/><\/figure><\/div>\n\n\n\n<div class=\"wp-block-uagb-info-box uagb-block-d95f6e66 uagb-infobox__content-wrap  uagb-infobox-icon-above-title uagb-infobox-image-valign-top\"><div class=\"uagb-ifb-content\"><div class=\"uagb-ifb-title-wrap\"><h5 class=\"uagb-ifb-title\"><strong>intelligente Ger\u00e4te<\/strong><\/h5><\/div><p class=\"uagb-ifb-desc\">\u25c9 Drohnen;<br>\u25c9 Flugdatenschreiber (Fly Box);<br>\u25c9 Gemeinsame Drohnen;<br>\u25c9 Recycling-Schrank;<br>\u25c9 Smart Cabinet;<br>\u25c9 UHF-Handheld-Endger\u00e4te<\/p><\/div><\/div>\n<\/div>\n<\/div>\n<\/div><\/div>","protected":false},"excerpt":{"rendered":"<p>Gesch\u00e4ftsfeld Der Hauptanwendungsbereich ist der Betrieb von Drohnenprojekten in geringer H\u00f6he und Dienstleistungen<\/p>","protected":false},"author":1,"featured_media":0,"parent":0,"menu_order":0,"comment_status":"closed","ping_status":"closed","template":"","meta":{"_seopress_robots_primary_cat":"","_seopress_titles_title":"","_seopress_titles_desc":"","_seopress_robots_index":"","_uag_custom_page_level_css":"","site-sidebar-layout":"no-sidebar","site-content-layout":"","ast-site-content-layout":"full-width-container","site-content-style":"unboxed","site-sidebar-style":"unboxed","ast-global-header-display":"","ast-banner-title-visibility":"","ast-main-header-display":"","ast-hfb-above-header-display":"","ast-hfb-below-header-display":"","ast-hfb-mobile-header-display":"","site-post-title":"disabled","ast-breadcrumbs-content":"","ast-featured-img":"","footer-sml-layout":"","ast-disable-related-posts":"","theme-transparent-header-meta":"","adv-header-id-meta":"","stick-header-meta":"","header-above-stick-meta":"","header-main-stick-meta":"","header-below-stick-meta":"","astra-migrate-meta-layouts":"default","ast-page-background-enabled":"default","ast-page-background-meta":{"desktop":{"background-color":"var(--ast-global-color-5)","background-image":"","background-repeat":"repeat","background-position":"center center","background-size":"auto","background-attachment":"scroll","background-type":"","background-media":"","overlay-type":"","overlay-color":"","overlay-opacity":"","overlay-gradient":""},"tablet":{"background-color":"","background-image":"","background-repeat":"repeat","background-position":"center center","background-size":"auto","background-attachment":"scroll","background-type":"","background-media":"","overlay-type":"","overlay-color":"","overlay-opacity":"","overlay-gradient":""},"mobile":{"background-color":"","background-image":"","background-repeat":"repeat","background-position":"center center","background-size":"auto","background-attachment":"scroll","background-type":"","background-media":"","overlay-type":"","overlay-color":"","overlay-opacity":"","overlay-gradient":""}},"ast-content-background-meta":{"desktop":{"background-color":"var(--ast-global-color-4)","background-image":"","background-repeat":"repeat","background-position":"center center","background-size":"auto","background-attachment":"scroll","background-type":"","background-media":"","overlay-type":"","overlay-color":"","overlay-opacity":"","overlay-gradient":""},"tablet":{"background-color":"var(--ast-global-color-4)","background-image":"","background-repeat":"repeat","background-position":"center center","background-size":"auto","background-attachment":"scroll","background-type":"","background-media":"","overlay-type":"","overlay-color":"","overlay-opacity":"","overlay-gradient":""},"mobile":{"background-color":"var(--ast-global-color-4)","background-image":"","background-repeat":"repeat","background-position":"center center","background-size":"auto","background-attachment":"scroll","background-type":"","background-media":"","overlay-type":"","overlay-color":"","overlay-opacity":"","overlay-gradient":""}},"iawp_total_views":49,"footnotes":""},"class_list":["post-2103","page","type-page","status-publish","hentry"],"uagb_featured_image_src":{"full":false,"thumbnail":false,"medium":false,"medium_large":false,"large":false,"1536x1536":false,"2048x2048":false,"trp-custom-language-flag":false,"woocommerce_thumbnail":false,"woocommerce_single":false,"woocommerce_gallery_thumbnail":false},"uagb_author_info":{"display_name":"contact@qunbiz.com","author_link":"https:\/\/www.szhzykc.com\/de\/author\/contactqunbiz-com\/"},"uagb_comment_info":0,"uagb_excerpt":"\u7ecf\u8425\u8303\u56f4 \u4e3b\u8981\u5e94\u7528\u8303\u56f4\u662f\u4f4e\u7a7a\u65e0\u4eba\u673a\u9879\u76ee\u8fd0\u8425\u53ca\u670d\u52a1","_links":{"self":[{"href":"https:\/\/www.szhzykc.com\/de\/wp-json\/wp\/v2\/pages\/2103","targetHints":{"allow":["GET"]}}],"collection":[{"href":"https:\/\/www.szhzykc.com\/de\/wp-json\/wp\/v2\/pages"}],"about":[{"href":"https:\/\/www.szhzykc.com\/de\/wp-json\/wp\/v2\/types\/page"}],"author":[{"embeddable":true,"href":"https:\/\/www.szhzykc.com\/de\/wp-json\/wp\/v2\/users\/1"}],"replies":[{"embeddable":true,"href":"https:\/\/www.szhzykc.com\/de\/wp-json\/wp\/v2\/comments?post=2103"}],"version-history":[{"count":6,"href":"https:\/\/www.szhzykc.com\/de\/wp-json\/wp\/v2\/pages\/2103\/revisions"}],"predecessor-version":[{"id":5112,"href":"https:\/\/www.szhzykc.com\/de\/wp-json\/wp\/v2\/pages\/2103\/revisions\/5112"}],"wp:attachment":[{"href":"https:\/\/www.szhzykc.com\/de\/wp-json\/wp\/v2\/media?parent=2103"}],"curies":[{"name":"wp","href":"https:\/\/api.w.org\/{rel}","templated":true}]}}