{"id":3412,"date":"2025-09-19T10:14:19","date_gmt":"2025-09-19T10:14:19","guid":{"rendered":"https:\/\/szhzykc.com\/?page_id=3412"},"modified":"2026-01-07T06:43:59","modified_gmt":"2026-01-07T06:43:59","slug":"jugendausbildung","status":"publish","type":"page","link":"https:\/\/www.szhzykc.com\/de\/jugendausbildung\/","title":{"rendered":"Ausbildung f\u00fcr Jugendliche"},"content":{"rendered":"<div class=\"wp-block-uagb-container uagb-block-bd9f6584 alignfull uagb-is-root-container\"><div class=\"uagb-container-inner-blocks-wrap\">\n<div class=\"wp-block-uagb-container uagb-block-81ebec73\">\n<div class=\"wp-block-uagb-info-box uagb-block-e21d5f2d uagb-infobox__content-wrap  uagb-infobox-icon-above-title uagb-infobox-image-valign-top bwenzi\"><div class=\"uagb-ifb-content\"><div class=\"uagb-ifb-title-wrap\"><h1 class=\"uagb-ifb-title\">Ausbildung f\u00fcr Jugendliche<\/h1><\/div><p class=\"uagb-ifb-desc\">Professioneller Drohnenbetrieb und Training - Offizielle Zulassung und Genehmigungsgarantie<\/p><\/div><\/div>\n<\/div>\n<\/div><\/div>\n\n\n\n<div class=\"wp-block-uagb-container uagb-block-61c4c46f alignfull uagb-is-root-container\"><div class=\"uagb-container-inner-blocks-wrap\">\n<div class=\"wp-block-uagb-container uagb-block-6c502141\">\n<div class=\"wp-block-uagb-info-box uagb-block-67aef9fb uagb-infobox__content-wrap  uagb-infobox-icon-above-title uagb-infobox-image-valign-top wp-block-uagb-info-box--has-margin\"><div class=\"uagb-infobox-margin-wrapper\"><div class=\"uagb-ifb-content\"><div class=\"uagb-ifb-title-wrap\"><h3 class=\"uagb-ifb-title\">Ausbildung f\u00fcr Jugendliche<\/h3><\/div><p class=\"uagb-ifb-desc\">Das Jugenddrohnentraining basiert auf dem Kern der Interessenaufkl\u00e4rung und der wissenschaftlich-technischen Praxis und kombiniert praktische Bedienung, virtuelle Erfahrung und lustige Wettbewerbe, so dass die Sch\u00fcler grundlegende Flugkenntnisse und Programmierf\u00e4higkeiten auf unterhaltsame Weise erlernen, Kreativit\u00e4t und Teamarbeit f\u00f6rdern und innovative wissenschaftliche und technologische Talente f\u00fcr die Zukunft ausbilden k\u00f6nnen.<\/p><\/div><\/div><\/div>\n<\/div>\n\n\n\n\t\t\t<div class=\"wp-block-uagb-post-grid uagb-post-grid  uagb-post__image-position-top uagb-post__image-enabled uagb-block-e996c598     uagb-post__items uagb-post__columns-3 is-grid uagb-post__columns-tablet-2 uagb-post__columns-mobile-1 uagb-post__equal-height\" data-total=\"2\" style=\"\">\n\n\t\t\t\t\t\t\t\t\t\t\t\t<article class=\"uagb-post__inner-wrap\">\t\t\t\t\t\t\t\t<div class='uagb-post__image'>\n\t\t\t\t\t\t\t\t\t<a href=\"https:\/\/www.szhzykc.com\/de\/qing-shao-nian-wu-ren-ji-xing-qu-ban\/\" target=\"_self\" rel=\"bookmark noopener noreferrer\" class='uagb-image-ratio-inherit'><img loading=\"lazy\" decoding=\"async\" width=\"800\" height=\"600\" src=\"https:\/\/www.szhzykc.com\/wp-content\/uploads\/2025\/09\/px6.webp\" class=\"attachment-large size-large\" alt=\"\" srcset=\"https:\/\/www.szhzykc.com\/wp-content\/uploads\/2025\/09\/px6.webp 800w, https:\/\/www.szhzykc.com\/wp-content\/uploads\/2025\/09\/px6-600x450.webp 600w, https:\/\/www.szhzykc.com\/wp-content\/uploads\/2025\/09\/px6-300x225.webp 300w, https:\/\/www.szhzykc.com\/wp-content\/uploads\/2025\/09\/px6-768x576.webp 768w\" sizes=\"auto, (max-width: 800px) 100vw, 800px\" \/>\t\t\t\t\t<\/a>\n\t\t\t\t\t\t\t<\/div>\n\t\t\t\t\t\t<h4 class=\"uagb-post__title uagb-post__text\">\n\t\t\t\t<a href=\"https:\/\/www.szhzykc.com\/de\/qing-shao-nian-wu-ren-ji-xing-qu-ban\/\" target=\"_self\" rel=\"bookmark noopener noreferrer\">Drohnenkurse f\u00fcr Jugendliche<\/a>\n\t\t\t<\/h4>\n\t\t\t\t\t\t<div class='uagb-post__text uagb-post-grid-byline'>\n\t\t\t\t\t\t\t\t<time datetime=\"2025-09-20T06:56:00+00:00\" class=\"uagb-post__date\">\n\t\t\t\t<span class=\"dashicons-calendar dashicons\"><\/span>\t\t\t\t\t2025-09-20\t\t\t\t<\/time>\n\t\t\t\t\t\t<\/div>\n\t\t\t\t\t\t\t<div class='uagb-post__text uagb-post__excerpt'>\n\t\t\t\t\t<p>Geeignet f\u00fcr: 8~16 Jahre alte Jugendliche, die sich f\u00fcr Drohnen interessieren Kursinhalt: Drohnenwissenschaft und Flugprinzipien: Eingehende Einf\u00fchrung in die Geschichte der Entwicklung von Drohnen und Anwendungsszenarien, Analyse der Struktur und der Flugprinzipien, und die Sch\u00fcler verstehen die wissenschaftlichen Geheimnisse hinter dem Flug durch interessante aerodynamische Experimente. Simulator ...<\/p>\n\t\t\t\t<\/div>\n\t\t\t\n\t\t\t\t\t\t\t\t\t<\/article>\n\t\t\t\t\t\t\t\t\t\t\t\t\t\t\t\t<article class=\"uagb-post__inner-wrap\">\t\t\t\t\t\t\t\t<div class='uagb-post__image'>\n\t\t\t\t\t\t\t\t\t<a href=\"https:\/\/www.szhzykc.com\/de\/wu-ren-ji-bian-dui-yu-deng-guang-xiu-ji-chu-pei-xun\/\" target=\"_self\" rel=\"bookmark noopener noreferrer\" class='uagb-image-ratio-inherit'><img loading=\"lazy\" decoding=\"async\" width=\"800\" height=\"600\" src=\"https:\/\/www.szhzykc.com\/wp-content\/uploads\/2025\/09\/qsnpx-2.webp\" class=\"attachment-large size-large\" alt=\"\" srcset=\"https:\/\/www.szhzykc.com\/wp-content\/uploads\/2025\/09\/qsnpx-2.webp 800w, https:\/\/www.szhzykc.com\/wp-content\/uploads\/2025\/09\/qsnpx-2-300x225.webp 300w, https:\/\/www.szhzykc.com\/wp-content\/uploads\/2025\/09\/qsnpx-2-768x576.webp 768w, https:\/\/www.szhzykc.com\/wp-content\/uploads\/2025\/09\/qsnpx-2-600x450.webp 600w\" sizes=\"auto, (max-width: 800px) 100vw, 800px\" \/>\t\t\t\t\t<\/a>\n\t\t\t\t\t\t\t<\/div>\n\t\t\t\t\t\t<h4 class=\"uagb-post__title uagb-post__text\">\n\t\t\t\t<a href=\"https:\/\/www.szhzykc.com\/de\/wu-ren-ji-bian-dui-yu-deng-guang-xiu-ji-chu-pei-xun\/\" target=\"_self\" rel=\"bookmark noopener noreferrer\">Grundlegendes Training f\u00fcr Drohnenformation und Lichtshow<\/a>\n\t\t\t<\/h4>\n\t\t\t\t\t\t<div class='uagb-post__text uagb-post-grid-byline'>\n\t\t\t\t\t\t\t\t<time datetime=\"2025-09-20T06:52:03+00:00\" class=\"uagb-post__date\">\n\t\t\t\t<span class=\"dashicons-calendar dashicons\"><\/span>\t\t\t\t\t2025-09-20\t\t\t\t<\/time>\n\t\t\t\t\t\t<\/div>\n\t\t\t\t\t\t\t<div class='uagb-post__text uagb-post__excerpt'>\n\t\t\t\t\t<p>Geeignet f\u00fcr: 12~18 Jahre alt, mit einem gewissen Grad von UAV-Flug grundlegende Jugend Kursinhalt: Formation Flugprinzip Analyse: Lernen Multi-Flugzeug kooperativen Flug Kommunikationsmechanismus und Position Wartungstechnik, die Beherrschung der Kerntheorie des Formationsfluges. Lichtshow-Programmierung: Verwenden Sie grafische Programmierwerkzeuge, um Lichtfarben zu erstellen...<\/p>\n\t\t\t\t<\/div>\n\t\t\t\n\t\t\t\t\t\t\t\t\t<\/article>\n\t\t\t\t\t\t\t\t\t\t\t\t\t\t\t\t<article class=\"uagb-post__inner-wrap\">\t\t\t\t\t\t\t\t<div class='uagb-post__image'>\n\t\t\t\t\t\t\t\t\t<a href=\"https:\/\/www.szhzykc.com\/de\/mo-ni-fei-xing-qi-cao-zuo-ti-yan-ke\/\" target=\"_self\" rel=\"bookmark noopener noreferrer\" class='uagb-image-ratio-inherit'><img loading=\"lazy\" decoding=\"async\" width=\"800\" height=\"600\" src=\"https:\/\/www.szhzykc.com\/wp-content\/uploads\/2025\/09\/qsnpx-3.webp\" class=\"attachment-large size-large\" alt=\"\" srcset=\"https:\/\/www.szhzykc.com\/wp-content\/uploads\/2025\/09\/qsnpx-3.webp 800w, https:\/\/www.szhzykc.com\/wp-content\/uploads\/2025\/09\/qsnpx-3-300x225.webp 300w, https:\/\/www.szhzykc.com\/wp-content\/uploads\/2025\/09\/qsnpx-3-768x576.webp 768w, https:\/\/www.szhzykc.com\/wp-content\/uploads\/2025\/09\/qsnpx-3-600x450.webp 600w\" sizes=\"auto, (max-width: 800px) 100vw, 800px\" \/>\t\t\t\t\t<\/a>\n\t\t\t\t\t\t\t<\/div>\n\t\t\t\t\t\t<h4 class=\"uagb-post__title uagb-post__text\">\n\t\t\t\t<a href=\"https:\/\/www.szhzykc.com\/de\/mo-ni-fei-xing-qi-cao-zuo-ti-yan-ke\/\" target=\"_self\" rel=\"bookmark noopener noreferrer\">Erlebniskurs Flugsimulatorbetrieb<\/a>\n\t\t\t<\/h4>\n\t\t\t\t\t\t<div class='uagb-post__text uagb-post-grid-byline'>\n\t\t\t\t\t\t\t\t<time datetime=\"2025-09-20T06:40:35+00:00\" class=\"uagb-post__date\">\n\t\t\t\t<span class=\"dashicons-calendar dashicons\"><\/span>\t\t\t\t\t2025-09-20\t\t\t\t<\/time>\n\t\t\t\t\t\t<\/div>\n\t\t\t\t\t\t\t<div class='uagb-post__text uagb-post__excerpt'>\n\t\t\t\t\t<p>Geeignet f\u00fcr: 8~18 Jahre alte Jugendliche, die keine Grundkenntnisse haben oder ihre fliegerischen F\u00e4higkeiten verbessern wollen Kursinhalt: Einf\u00fchrung in die Flugsimulationssoftware: systematische Erkl\u00e4rung der Funktionen der Software und der Arten von Szenarien, um das Interesse an der Erforschung zu wecken. Schritt-f\u00fcr-Schritt-Betrieb Lehre: von Start und Landung, Schweben bis zur sanften Landung, in Stufen, um sicherzustellen, dass jeder Sch\u00fcler mit der Bedienung der Fernsteuerung vertraut ist...<\/p>\n\t\t\t\t<\/div>\n\t\t\t\n\t\t\t\t\t\t\t\t\t<\/article>\n\t\t\t\t\t\t\t\t\t\t\t\t\t\t\t\t<article class=\"uagb-post__inner-wrap\">\t\t\t\t\t\t\t\t<div class='uagb-post__image'>\n\t\t\t\t\t\t\t\t\t<a href=\"https:\/\/www.szhzykc.com\/de\/wu-ren-ji-xiao-ke-tang\/\" target=\"_self\" rel=\"bookmark noopener noreferrer\" class='uagb-image-ratio-inherit'><img loading=\"lazy\" decoding=\"async\" width=\"800\" height=\"600\" src=\"https:\/\/www.szhzykc.com\/wp-content\/uploads\/2025\/09\/qsnpx4.webp\" class=\"attachment-large size-large\" alt=\"\" srcset=\"https:\/\/www.szhzykc.com\/wp-content\/uploads\/2025\/09\/qsnpx4.webp 800w, https:\/\/www.szhzykc.com\/wp-content\/uploads\/2025\/09\/qsnpx4-300x225.webp 300w, https:\/\/www.szhzykc.com\/wp-content\/uploads\/2025\/09\/qsnpx4-768x576.webp 768w, https:\/\/www.szhzykc.com\/wp-content\/uploads\/2025\/09\/qsnpx4-600x450.webp 600w\" sizes=\"auto, (max-width: 800px) 100vw, 800px\" \/>\t\t\t\t\t<\/a>\n\t\t\t\t\t\t\t<\/div>\n\t\t\t\t\t\t<h4 class=\"uagb-post__title uagb-post__text\">\n\t\t\t\t<a href=\"https:\/\/www.szhzykc.com\/de\/wu-ren-ji-xiao-ke-tang\/\" target=\"_self\" rel=\"bookmark noopener noreferrer\">Drohne Mini-Klassenzimmer<\/a>\n\t\t\t<\/h4>\n\t\t\t\t\t\t<div class='uagb-post__text uagb-post-grid-byline'>\n\t\t\t\t\t\t\t\t<time datetime=\"2025-09-20T06:36:42+00:00\" class=\"uagb-post__date\">\n\t\t\t\t<span class=\"dashicons-calendar dashicons\"><\/span>\t\t\t\t\t2025-09-20\t\t\t\t<\/time>\n\t\t\t\t\t\t<\/div>\n\t\t\t\t\t\t\t<div class='uagb-post__text uagb-post__excerpt'>\n\t\t\t\t\t<p>Geeignet f\u00fcr: 8~12-J\u00e4hrige, die Drohnen noch nicht kennen und neugierig sind Kursinhalt: Unterhaltsame wissenschaftliche Erkl\u00e4rung: Durch Geschichten, Animationen und Bilder k\u00f6nnen die Sch\u00fcler den Ursprung und die Anwendung von Drohnen leicht verstehen. Interaktive Demonstration der Strukturprinzipien: Demonstration der Struktur der Drohne, erg\u00e4nzt durch kleine Experimente, um das Verst\u00e4ndnis zu vertiefen. Einfach...<\/p>\n\t\t\t\t<\/div>\n\t\t\t\n\t\t\t\t\t\t\t\t\t<\/article>\n\t\t\t\t\t\t\t\t\t\t\t\t\t\t\t\t<article class=\"uagb-post__inner-wrap\">\t\t\t\t\t\t\t\t<div class='uagb-post__image'>\n\t\t\t\t\t\t\t\t\t<a href=\"https:\/\/www.szhzykc.com\/de\/vr-fei-xing-ti-yan-ke\/\" target=\"_self\" rel=\"bookmark noopener noreferrer\" class='uagb-image-ratio-inherit'><img loading=\"lazy\" decoding=\"async\" width=\"800\" height=\"600\" src=\"https:\/\/www.szhzykc.com\/wp-content\/uploads\/2025\/09\/qsnpx-5.webp\" class=\"attachment-large size-large\" alt=\"\" srcset=\"https:\/\/www.szhzykc.com\/wp-content\/uploads\/2025\/09\/qsnpx-5.webp 800w, https:\/\/www.szhzykc.com\/wp-content\/uploads\/2025\/09\/qsnpx-5-300x225.webp 300w, https:\/\/www.szhzykc.com\/wp-content\/uploads\/2025\/09\/qsnpx-5-768x576.webp 768w, https:\/\/www.szhzykc.com\/wp-content\/uploads\/2025\/09\/qsnpx-5-600x450.webp 600w\" sizes=\"auto, (max-width: 800px) 100vw, 800px\" \/>\t\t\t\t\t<\/a>\n\t\t\t\t\t\t\t<\/div>\n\t\t\t\t\t\t<h4 class=\"uagb-post__title uagb-post__text\">\n\t\t\t\t<a href=\"https:\/\/www.szhzykc.com\/de\/vr-fei-xing-ti-yan-ke\/\" target=\"_self\" rel=\"bookmark noopener noreferrer\">VR-Flugerlebniskurs<\/a>\n\t\t\t<\/h4>\n\t\t\t\t\t\t<div class='uagb-post__text uagb-post-grid-byline'>\n\t\t\t\t\t\t\t\t<time datetime=\"2025-09-20T06:34:58+00:00\" class=\"uagb-post__date\">\n\t\t\t\t<span class=\"dashicons-calendar dashicons\"><\/span>\t\t\t\t\t2025-09-20\t\t\t\t<\/time>\n\t\t\t\t\t\t<\/div>\n\t\t\t\t\t\t\t<div class='uagb-post__text uagb-post__excerpt'>\n\t\t\t\t\t<p>Geeignet f\u00fcr: 10~18 Jahre alte Drohnen-Enthusiasten, die immersive Erfahrungen machen wollen Kursinhalt: Einf\u00fchrung in VR-Ausr\u00fcstung und -Systeme: Lernen Sie, wie man VR-Ausr\u00fcstung benutzt und verstehen Sie die einzigartige Erfahrung des immersiven Fluges. Virtual Flight Scene Exploration: F\u00fcllen Sie grundlegende Flugaufgaben in der Stadt, Wald, Berg und andere Szenen zu gewinnen K\u00f6rper...<\/p>\n\t\t\t\t<\/div>\n\t\t\t\n\t\t\t\t\t\t\t\t\t<\/article>\n\t\t\t\t\t\t\t\t\t\t\t\t\t\t\t\t<article class=\"uagb-post__inner-wrap\">\t\t\t\t\t\t\t\t<div class='uagb-post__image'>\n\t\t\t\t\t\t\t\t\t<a href=\"https:\/\/www.szhzykc.com\/de\/wu-ren-ji-zhang-ai-sai-pei-xun\/\" target=\"_self\" rel=\"bookmark noopener noreferrer\" class='uagb-image-ratio-inherit'><img loading=\"lazy\" decoding=\"async\" width=\"800\" height=\"600\" src=\"https:\/\/www.szhzykc.com\/wp-content\/uploads\/2025\/09\/qsnpx6.webp\" class=\"attachment-large size-large\" alt=\"\" srcset=\"https:\/\/www.szhzykc.com\/wp-content\/uploads\/2025\/09\/qsnpx6.webp 800w, https:\/\/www.szhzykc.com\/wp-content\/uploads\/2025\/09\/qsnpx6-300x225.webp 300w, https:\/\/www.szhzykc.com\/wp-content\/uploads\/2025\/09\/qsnpx6-768x576.webp 768w, https:\/\/www.szhzykc.com\/wp-content\/uploads\/2025\/09\/qsnpx6-600x450.webp 600w\" sizes=\"auto, (max-width: 800px) 100vw, 800px\" \/>\t\t\t\t\t<\/a>\n\t\t\t\t\t\t\t<\/div>\n\t\t\t\t\t\t<h4 class=\"uagb-post__title uagb-post__text\">\n\t\t\t\t<a href=\"https:\/\/www.szhzykc.com\/de\/wu-ren-ji-zhang-ai-sai-pei-xun\/\" target=\"_self\" rel=\"bookmark noopener noreferrer\">Drohnen-Hindernisparcours-Training<\/a>\n\t\t\t<\/h4>\n\t\t\t\t\t\t<div class='uagb-post__text uagb-post-grid-byline'>\n\t\t\t\t\t\t\t\t<time datetime=\"2025-09-20T06:33:28+00:00\" class=\"uagb-post__date\">\n\t\t\t\t<span class=\"dashicons-calendar dashicons\"><\/span>\t\t\t\t\t2025-09-20\t\t\t\t<\/time>\n\t\t\t\t\t\t<\/div>\n\t\t\t\t\t\t\t<div class='uagb-post__text uagb-post__excerpt'>\n\t\t\t\t\t<p>Geeignet f\u00fcr: 12~18 Jahre alt mit einer gewissen Grundlage, die Verfolgung von spannenden Herausforderungen der jungen Menschen Kursinhalt: Track Regeln und F\u00e4higkeiten Analyse: detaillierte Erkl\u00e4rung der Regeln des Hindernislaufs, Scoring-Standards und schnelle Durchquerung F\u00e4higkeiten. Praktische \u00dcbung im Hindernisparcours: Mehrmaliges \u00dcben von Hindernissen mit unterschiedlichen Schwierigkeitsgraden im Gel\u00e4nde zur Verbesserung der Reaktionsgeschwindigkeit und der Manipulationsf\u00e4higkeiten...<\/p>\n\t\t\t\t<\/div>\n\t\t\t\n\t\t\t\t\t\t\t\t\t<\/article>\n\t\t\t\t\t\t\t\t\t\t\t\t\t<div class=\"uagb-post-pagination-wrap\">\n\t\t\t\t\t\t<span aria-current=\"page\" class=\"page-numbers current\">1<\/span>\n<a class=\"page-numbers\" href=\"https:\/\/www.szhzykc.com\/wp-json\/wp\/v2\/pages\/3412\/page\/2\/\">2<\/a>\n<a class=\"next page-numbers\" href=\"https:\/\/www.szhzykc.com\/wp-json\/wp\/v2\/pages\/3412\/page\/2\/\">N\u00e4chste \"<\/a>\t\t\t\t\t<\/div>\n\t\t\t\t\t\t\t\t<\/div>\n\t\t\t<\/div><\/div>","protected":false},"excerpt":{"rendered":"","protected":false},"author":1,"featured_media":0,"parent":0,"menu_order":0,"comment_status":"closed","ping_status":"closed","template":"","meta":{"_seopress_robots_primary_cat":"","_seopress_titles_title":"","_seopress_titles_desc":"","_seopress_robots_index":"","_uag_custom_page_level_css":"","site-sidebar-layout":"no-sidebar","site-content-layout":"","ast-site-content-layout":"full-width-container","site-content-style":"unboxed","site-sidebar-style":"unboxed","ast-global-header-display":"","ast-banner-title-visibility":"","ast-main-header-display":"","ast-hfb-above-header-display":"","ast-hfb-below-header-display":"","ast-hfb-mobile-header-display":"","site-post-title":"disabled","ast-breadcrumbs-content":"","ast-featured-img":"","footer-sml-layout":"","ast-disable-related-posts":"","theme-transparent-header-meta":"","adv-header-id-meta":"","stick-header-meta":"","header-above-stick-meta":"","header-main-stick-meta":"","header-below-stick-meta":"","astra-migrate-meta-layouts":"default","ast-page-background-enabled":"default","ast-page-background-meta":{"desktop":{"background-color":"var(--ast-global-color-5)","background-image":"","background-repeat":"repeat","background-position":"center center","background-size":"auto","background-attachment":"scroll","background-type":"","background-media":"","overlay-type":"","overlay-color":"","overlay-opacity":"","overlay-gradient":""},"tablet":{"background-color":"","background-image":"","background-repeat":"repeat","background-position":"center center","background-size":"auto","background-attachment":"scroll","background-type":"","background-media":"","overlay-type":"","overlay-color":"","overlay-opacity":"","overlay-gradient":""},"mobile":{"background-color":"","background-image":"","background-repeat":"repeat","background-position":"center center","background-size":"auto","background-attachment":"scroll","background-type":"","background-media":"","overlay-type":"","overlay-color":"","overlay-opacity":"","overlay-gradient":""}},"ast-content-background-meta":{"desktop":{"background-color":"var(--ast-global-color-4)","background-image":"","background-repeat":"repeat","background-position":"center center","background-size":"auto","background-attachment":"scroll","background-type":"","background-media":"","overlay-type":"","overlay-color":"","overlay-opacity":"","overlay-gradient":""},"tablet":{"background-color":"var(--ast-global-color-4)","background-image":"","background-repeat":"repeat","background-position":"center center","background-size":"auto","background-attachment":"scroll","background-type":"","background-media":"","overlay-type":"","overlay-color":"","overlay-opacity":"","overlay-gradient":""},"mobile":{"background-color":"var(--ast-global-color-4)","background-image":"","background-repeat":"repeat","background-position":"center center","background-size":"auto","background-attachment":"scroll","background-type":"","background-media":"","overlay-type":"","overlay-color":"","overlay-opacity":"","overlay-gradient":""}},"iawp_total_views":135,"footnotes":""},"class_list":["post-3412","page","type-page","status-publish","hentry"],"uagb_featured_image_src":{"full":false,"thumbnail":false,"medium":false,"medium_large":false,"large":false,"1536x1536":false,"2048x2048":false,"trp-custom-language-flag":false,"woocommerce_thumbnail":false,"woocommerce_single":false,"woocommerce_gallery_thumbnail":false},"uagb_author_info":{"display_name":"contact@qunbiz.com","author_link":"https:\/\/www.szhzykc.com\/de\/author\/contactqunbiz-com\/"},"uagb_comment_info":0,"uagb_excerpt":null,"_links":{"self":[{"href":"https:\/\/www.szhzykc.com\/de\/wp-json\/wp\/v2\/pages\/3412","targetHints":{"allow":["GET"]}}],"collection":[{"href":"https:\/\/www.szhzykc.com\/de\/wp-json\/wp\/v2\/pages"}],"about":[{"href":"https:\/\/www.szhzykc.com\/de\/wp-json\/wp\/v2\/types\/page"}],"author":[{"embeddable":true,"href":"https:\/\/www.szhzykc.com\/de\/wp-json\/wp\/v2\/users\/1"}],"replies":[{"embeddable":true,"href":"https:\/\/www.szhzykc.com\/de\/wp-json\/wp\/v2\/comments?post=3412"}],"version-history":[{"count":6,"href":"https:\/\/www.szhzykc.com\/de\/wp-json\/wp\/v2\/pages\/3412\/revisions"}],"predecessor-version":[{"id":5123,"href":"https:\/\/www.szhzykc.com\/de\/wp-json\/wp\/v2\/pages\/3412\/revisions\/5123"}],"wp:attachment":[{"href":"https:\/\/www.szhzykc.com\/de\/wp-json\/wp\/v2\/media?parent=3412"}],"curies":[{"name":"wp","href":"https:\/\/api.w.org\/{rel}","templated":true}]}}