{"id":5243,"date":"2026-03-13T02:23:43","date_gmt":"2026-03-13T02:23:43","guid":{"rendered":"https:\/\/www.szhzykc.com\/?page_id=5243"},"modified":"2026-04-05T03:37:43","modified_gmt":"2026-04-05T03:37:43","slug":"huan-zi-yuan-pai-dan-jie-dan-xi-tong-ping-tai","status":"publish","type":"page","link":"https:\/\/www.szhzykc.com\/de\/huan-zi-yuan-pai-dan-jie-dan-xi-tong-ping-tai\/","title":{"rendered":"Ring Resource Dispatch Order Taking System Plattform"},"content":{"rendered":"<div class=\"wp-block-uagb-container uagb-block-bd9f6584 alignfull uagb-is-root-container\"><div class=\"uagb-container-inner-blocks-wrap\">\n<div class=\"wp-block-uagb-info-box uagb-block-e21d5f2d uagb-infobox__content-wrap  uagb-infobox-icon-above-title uagb-infobox-image-valign-top bwenzi uag-hide-desktop uag-hide-tab uag-hide-mob\"><div class=\"uagb-ifb-content\"><div class=\"uagb-ifb-title-wrap\"><h1 class=\"uagb-ifb-title\">Plattform<\/h1><\/div><p class=\"uagb-ifb-desc\">Professioneller Drohnenbetrieb und Training - Offizielle Zulassung und Genehmigungsgarantie<\/p><\/div><\/div>\n<\/div><\/div>\n\n\n\n<div class=\"wp-block-uagb-container uagb-block-d2a51045 alignfull uagb-is-root-container\"><div class=\"uagb-container-inner-blocks-wrap\">\n<div class=\"wp-block-uagb-container uagb-block-d49e11ff\">\t\t\t\t\t<div\n\t\t\t\t\t\tclass=\"wp-block-uagb-image-gallery uagb-block-0e25b943\"\n\t\t\t\t\t\tstyle=\"\"\n\t\t\t\t\t>\n\t\t\t\t\t\t\t\t\t\t\t<div class=\"spectra-image-gallery spectra-image-gallery__layout--masonry spectra-image-gallery__layout--masonry-col-5 spectra-image-gallery__layout--masonry-col-tab-3 spectra-image-gallery__layout--masonry-col-mob-2\">\n\t\t\t\t\t\t\t\t\t\t\t<div class='spectra-image-gallery__media-wrapper--isotope'>\n\t\t\t\t\t\t\t<div class='spectra-image-gallery__media-wrapper' data-spectra-gallery-image-id='5247' tabindex=\"0\">\n\t\t\t\t\t\t\t<div class=\"spectra-image-gallery__media spectra-image-gallery__media--masonry\">\n\t\t\t\t<picture>\n\t\t\t\t\t<source media=\"(min-width: 1024px)\" srcset=\"https:\/\/www.szhzykc.com\/wp-content\/uploads\/2026\/03\/hzy-1.webp\">\n\t\t\t\t\t<source media=\"(min-width: 768px)\" srcset=\"https:\/\/www.szhzykc.com\/wp-content\/uploads\/2026\/03\/hzy-1-484x1024.webp\">\n\t\t\t\t\t<img decoding=\"async\" class=\"spectra-image-gallery__media-thumbnail spectra-image-gallery__media-thumbnail--masonry\" src=\"https:\/\/www.szhzykc.com\/wp-content\/uploads\/2026\/03\/hzy-1-142x300.webp\" alt=\"\" loading=\"lazy\" \/>\n\t\t\t\t<\/picture>\n\t\t\t\t<div class=\"spectra-image-gallery__media-thumbnail-blurrer\"><\/div>\n\t\t\t\t\t\t\t\t\t\t\t<div class=\"spectra-image-gallery__media-thumbnail-caption-wrapper spectra-image-gallery__media-thumbnail-caption-wrapper--overlay\"><\/div>\n\t\t\t\t\t\t\t\t<\/div>\n\t\t\t\t\t\t<\/div>\n\t\t\t\t\t\t<\/div>\n\t\t\t\t\t\t<div class='spectra-image-gallery__media-wrapper--isotope'>\n\t\t\t\t\t\t\t<div class='spectra-image-gallery__media-wrapper' data-spectra-gallery-image-id='5248' tabindex=\"0\">\n\t\t\t\t\t\t\t<div class=\"spectra-image-gallery__media spectra-image-gallery__media--masonry\">\n\t\t\t\t<picture>\n\t\t\t\t\t<source media=\"(min-width: 1024px)\" srcset=\"https:\/\/www.szhzykc.com\/wp-content\/uploads\/2026\/03\/hzy-2.webp\">\n\t\t\t\t\t<source media=\"(min-width: 768px)\" srcset=\"https:\/\/www.szhzykc.com\/wp-content\/uploads\/2026\/03\/hzy-2-484x1024.webp\">\n\t\t\t\t\t<img decoding=\"async\" class=\"spectra-image-gallery__media-thumbnail spectra-image-gallery__media-thumbnail--masonry\" src=\"https:\/\/www.szhzykc.com\/wp-content\/uploads\/2026\/03\/hzy-2-142x300.webp\" alt=\"\" loading=\"lazy\" \/>\n\t\t\t\t<\/picture>\n\t\t\t\t<div class=\"spectra-image-gallery__media-thumbnail-blurrer\"><\/div>\n\t\t\t\t\t\t\t\t\t\t\t<div class=\"spectra-image-gallery__media-thumbnail-caption-wrapper spectra-image-gallery__media-thumbnail-caption-wrapper--overlay\"><\/div>\n\t\t\t\t\t\t\t\t<\/div>\n\t\t\t\t\t\t<\/div>\n\t\t\t\t\t\t<\/div>\n\t\t\t\t\t\t<div class='spectra-image-gallery__media-wrapper--isotope'>\n\t\t\t\t\t\t\t<div class='spectra-image-gallery__media-wrapper' data-spectra-gallery-image-id='5249' tabindex=\"0\">\n\t\t\t\t\t\t\t<div class=\"spectra-image-gallery__media spectra-image-gallery__media--masonry\">\n\t\t\t\t<picture>\n\t\t\t\t\t<source media=\"(min-width: 1024px)\" srcset=\"https:\/\/www.szhzykc.com\/wp-content\/uploads\/2026\/03\/hzy-3.webp\">\n\t\t\t\t\t<source media=\"(min-width: 768px)\" srcset=\"https:\/\/www.szhzykc.com\/wp-content\/uploads\/2026\/03\/hzy-3-484x1024.webp\">\n\t\t\t\t\t<img decoding=\"async\" class=\"spectra-image-gallery__media-thumbnail spectra-image-gallery__media-thumbnail--masonry\" src=\"https:\/\/www.szhzykc.com\/wp-content\/uploads\/2026\/03\/hzy-3-142x300.webp\" alt=\"\" loading=\"lazy\" \/>\n\t\t\t\t<\/picture>\n\t\t\t\t<div class=\"spectra-image-gallery__media-thumbnail-blurrer\"><\/div>\n\t\t\t\t\t\t\t\t\t\t\t<div class=\"spectra-image-gallery__media-thumbnail-caption-wrapper spectra-image-gallery__media-thumbnail-caption-wrapper--overlay\"><\/div>\n\t\t\t\t\t\t\t\t<\/div>\n\t\t\t\t\t\t<\/div>\n\t\t\t\t\t\t<\/div>\n\t\t\t\t\t\t<div class='spectra-image-gallery__media-wrapper--isotope'>\n\t\t\t\t\t\t\t<div class='spectra-image-gallery__media-wrapper' data-spectra-gallery-image-id='5250' tabindex=\"0\">\n\t\t\t\t\t\t\t<div class=\"spectra-image-gallery__media spectra-image-gallery__media--masonry\">\n\t\t\t\t<picture>\n\t\t\t\t\t<source media=\"(min-width: 1024px)\" srcset=\"https:\/\/www.szhzykc.com\/wp-content\/uploads\/2026\/03\/hzy-4.webp\">\n\t\t\t\t\t<source media=\"(min-width: 768px)\" srcset=\"https:\/\/www.szhzykc.com\/wp-content\/uploads\/2026\/03\/hzy-4-484x1024.webp\">\n\t\t\t\t\t<img decoding=\"async\" class=\"spectra-image-gallery__media-thumbnail spectra-image-gallery__media-thumbnail--masonry\" src=\"https:\/\/www.szhzykc.com\/wp-content\/uploads\/2026\/03\/hzy-4-142x300.webp\" alt=\"\" loading=\"lazy\" \/>\n\t\t\t\t<\/picture>\n\t\t\t\t<div class=\"spectra-image-gallery__media-thumbnail-blurrer\"><\/div>\n\t\t\t\t\t\t\t\t\t\t\t<div class=\"spectra-image-gallery__media-thumbnail-caption-wrapper spectra-image-gallery__media-thumbnail-caption-wrapper--overlay\"><\/div>\n\t\t\t\t\t\t\t\t<\/div>\n\t\t\t\t\t\t<\/div>\n\t\t\t\t\t\t<\/div>\n\t\t\t\t\t\t<div class='spectra-image-gallery__media-wrapper--isotope'>\n\t\t\t\t\t\t\t<div class='spectra-image-gallery__media-wrapper' data-spectra-gallery-image-id='5251' tabindex=\"0\">\n\t\t\t\t\t\t\t<div class=\"spectra-image-gallery__media spectra-image-gallery__media--masonry\">\n\t\t\t\t<picture>\n\t\t\t\t\t<source media=\"(min-width: 1024px)\" srcset=\"https:\/\/www.szhzykc.com\/wp-content\/uploads\/2026\/03\/hzy-5.webp\">\n\t\t\t\t\t<source media=\"(min-width: 768px)\" srcset=\"https:\/\/www.szhzykc.com\/wp-content\/uploads\/2026\/03\/hzy-5-484x1024.webp\">\n\t\t\t\t\t<img decoding=\"async\" class=\"spectra-image-gallery__media-thumbnail spectra-image-gallery__media-thumbnail--masonry\" src=\"https:\/\/www.szhzykc.com\/wp-content\/uploads\/2026\/03\/hzy-5-142x300.webp\" alt=\"\" loading=\"lazy\" \/>\n\t\t\t\t<\/picture>\n\t\t\t\t<div class=\"spectra-image-gallery__media-thumbnail-blurrer\"><\/div>\n\t\t\t\t\t\t\t\t\t\t\t<div class=\"spectra-image-gallery__media-thumbnail-caption-wrapper spectra-image-gallery__media-thumbnail-caption-wrapper--overlay\"><\/div>\n\t\t\t\t\t\t\t\t<\/div>\n\t\t\t\t\t\t<\/div>\n\t\t\t\t\t\t<\/div>\n\t\t\t\t\t\t\t\t\t\t<\/div>\n\t\t\t\t\t\t\t\t\t\t\t\t\t\t\t\t\t\t<\/div>\n\t\t\t\t\t\t\t\t\t\n\n\n<p>Im digitalen Zeitalter, alle Arten von Unternehmen und Organisationen in der Aufgabe Zusammenarbeit, Partei A Nachfrage Freigabe und Partei B Service Unternehmen Docking-Effizienz, Prozess-Spezifikation, Rechte und Interessen Schutz und andere Fragen, zu den wichtigsten Schmerzpunkt beschr\u00e4nkt die effiziente Zusammenarbeit zwischen den beiden Seiten. Das Ring Resource System ist ein digitales Managementsystem, das sich auf den gesamten Prozess des Versendens von Auftr\u00e4gen durch Partei A, des Empfangens von Auftr\u00e4gen durch Partei B, der \u00dcberpr\u00fcfung von Berechtigungsnachweisen und der Abrechnung von Auftr\u00e4gen konzentriert. Die Verbindung von Angebot und Nachfrage, die Standardisierung des Prozesses, der Schutz von Rechten und Interessen und die Steigerung der Effizienz\u201c sind die Hauptaufgaben f\u00fcr die Angebots- und Nachfrageseite, um eine sichere, transparente und effiziente Kooperationsbr\u00fccke aufzubauen, die beiden Seiten hilft, die Zuweisung von Ressourcen zu optimieren und die Kosten der Zusammenarbeit zu senken. Sie hilft beiden Seiten, die Zuweisung von Ressourcen zu optimieren und die Kosten f\u00fcr die Zusammenarbeit zu senken.<\/p>\n\n\n\n<p>Das Ringressourcensystem entspricht der zentralen Gesch\u00e4ftslogik \u201cPartei A sendet Bestellungen, Partei B erh\u00e4lt Bestellungen, Belege werden hochgeladen, Provisionen werden verdient\u201d und deckt den gesamten Lebenszyklus von der Freigabe der Nachfrage \u00fcber die Provision bis hin zum Konto ab, d.h. die gesamte Online-Verwaltung in einem geschlossenen Kreislauf, ohne dass eine umst\u00e4ndliche Offline-Kommunikation erforderlich ist, so dass jede Zusammenarbeit klar und kontrollierbar, nachvollziehbar und umfassend ist, um die zentralen Bed\u00fcrfnisse von Partei A und Partei B zu erf\u00fcllen! Bed\u00fcrfnisse beider Parteien.<\/p>\n\n\n\n<p>F\u00fcr die Benutzer von Partei A schafft das System ein bequemes und effizientes Auftragsverwaltungssystem: Partei A kann mit einem Klick eine Aufgabe erstellen, die Anforderungen an die Aufgabe, die Umsetzungsstandards, den Zeitrahmen f\u00fcr die Fertigstellung und den Provisionsbetrag eingeben und die Leistungsgrenzen genau festlegen; nach der Freigabe der Aufgabe findet das System schnell die geeigneten Ressourcen von Partei B, und Partei A kann das Kooperationsobjekt anhand der Qualifikation von Partei B und der bisherigen Leistungen pr\u00fcfen. W\u00e4hrend des Ausf\u00fchrungsprozesses kann Partei A den Fortschritt in Echtzeit verfolgen, die Anforderungen kommunizieren und anpassen, die Belege nach Abschluss der Aufgabe online \u00fcberpr\u00fcfen und die Provisionsabrechnung mit einem einzigen Klick ausl\u00f6sen, was die Zusammenarbeit und die finanzielle Effizienz erheblich verbessert.<\/p>\n\n\n\n<p>F\u00fcr die Nutzer von Partei B bietet das System faire und transparente Bestell- und Einnahmekan\u00e4le: Nach der Registrierung und Authentifizierung von Partei B kann diese unabh\u00e4ngig die Aufgaben nach ihren eigenen F\u00e4higkeiten durchsuchen und pr\u00fcfen, ohne dass sie aktiv Kunden gewinnen muss, was die Kosten f\u00fcr die Kundenakquise reduziert. Nach Erhalt der Bestellung, k\u00f6nnen Sie klar sehen, die Aufgabe Anforderungen, Online-Synchronisation der Fortschritte bei der Umsetzung, um Informationen zu vermeiden Voreingenommenheit f\u00fchrt zu Nacharbeit; nach Abschluss der Aufgabe, laden Sie die Ergebnisse des Gutscheins f\u00fcr die Partei A \u00dcberpr\u00fcfung warten, \u00dcberpr\u00fcfung durch die Kommission automatisch auf das Konto, um vollst\u00e4ndig zu l\u00f6sen das Problem der Provision S\u00e4umigkeit, und zu erreichen \u201cmehr Arbeit, mehr bezahlen\u201d.<\/p>\n\n\n\n<p>Das System schafft eine perfekte \u00dcberwachung Mechanismus: der gesamte Prozess der \u00dcberwachung der Echtheit der Partei A's Aufgaben und die vollst\u00e4ndige Zahlung der Provision, strenge Kontrolle der Partei B's Qualifikationen und die Qualit\u00e4t der Leistung, um falsche Auftr\u00e4ge, falsche Anmeldeinformationen und andere Verhaltensweisen zu beseitigen; zur gleichen Zeit, um eine standardisierte Streitbeilegung Prozess zu bauen, k\u00f6nnen die beiden Seiten abweichende durch das System zu beschweren, ist die Plattform fair und koordiniert, um das Risiko der Zusammenarbeit zu reduzieren.<\/p>\n\n\n\n<p>Die Bedienung des Systems ist einfach und leicht verst\u00e4ndlich, so dass keine professionellen Kenntnisse erforderlich sind, um schnell loszulegen, w\u00e4hrend die Verwendung von Verschl\u00fcsselungstechnologie die Sicherheit der Benutzerinformationen, Aufgabendaten und Fondsabrechnung sch\u00fctzt. Dar\u00fcber hinaus kann die grundlegende Datenanalysefunktion beiden Parteien Entscheidungshilfen bieten und helfen, die Kooperationsstrategien zu optimieren. Der Ressourcenring passt sich an alle Arten von Angebots- und Nachfrageszenarien an und hilft beiden Parteien, Kommunikationsbarrieren abzubauen, die Effizienz zu verbessern und einen gegenseitigen Nutzen und eine Win-Win-Situation zu erreichen, so dass jede Nachfrage genau erfasst und jede Zahlung angemessen verg\u00fctet werden kann.<\/p>\n<\/div>\n<\/div><\/div>","protected":false},"excerpt":{"rendered":"<p>Im digitalen Zeitalter, alle Arten von Unternehmen und Organisationen in der Aufgabe der Zusammenarbeit, Partei A Nachfrage Freigabe und Partei B Service Unternehmen des Paares [...]<\/p>","protected":false},"author":1,"featured_media":0,"parent":0,"menu_order":0,"comment_status":"closed","ping_status":"closed","template":"","meta":{"_seopress_robots_primary_cat":"","_seopress_titles_title":"","_seopress_titles_desc":"","_seopress_robots_index":"","_uag_custom_page_level_css":"","site-sidebar-layout":"no-sidebar","site-content-layout":"","ast-site-content-layout":"full-width-container","site-content-style":"unboxed","site-sidebar-style":"unboxed","ast-global-header-display":"","ast-banner-title-visibility":"","ast-main-header-display":"","ast-hfb-above-header-display":"","ast-hfb-below-header-display":"","ast-hfb-mobile-header-display":"","site-post-title":"disabled","ast-breadcrumbs-content":"","ast-featured-img":"","footer-sml-layout":"","ast-disable-related-posts":"","theme-transparent-header-meta":"","adv-header-id-meta":"","stick-header-meta":"","header-above-stick-meta":"","header-main-stick-meta":"","header-below-stick-meta":"","astra-migrate-meta-layouts":"default","ast-page-background-enabled":"default","ast-page-background-meta":{"desktop":{"background-color":"var(--ast-global-color-5)","background-image":"","background-repeat":"repeat","background-position":"center center","background-size":"auto","background-attachment":"scroll","background-type":"","background-media":"","overlay-type":"","overlay-color":"","overlay-opacity":"","overlay-gradient":""},"tablet":{"background-color":"","background-image":"","background-repeat":"repeat","background-position":"center center","background-size":"auto","background-attachment":"scroll","background-type":"","background-media":"","overlay-type":"","overlay-color":"","overlay-opacity":"","overlay-gradient":""},"mobile":{"background-color":"","background-image":"","background-repeat":"repeat","background-position":"center center","background-size":"auto","background-attachment":"scroll","background-type":"","background-media":"","overlay-type":"","overlay-color":"","overlay-opacity":"","overlay-gradient":""}},"ast-content-background-meta":{"desktop":{"background-color":"var(--ast-global-color-4)","background-image":"","background-repeat":"repeat","background-position":"center center","background-size":"auto","background-attachment":"scroll","background-type":"","background-media":"","overlay-type":"","overlay-color":"","overlay-opacity":"","overlay-gradient":""},"tablet":{"background-color":"var(--ast-global-color-4)","background-image":"","background-repeat":"repeat","background-position":"center center","background-size":"auto","background-attachment":"scroll","background-type":"","background-media":"","overlay-type":"","overlay-color":"","overlay-opacity":"","overlay-gradient":""},"mobile":{"background-color":"var(--ast-global-color-4)","background-image":"","background-repeat":"repeat","background-position":"center center","background-size":"auto","background-attachment":"scroll","background-type":"","background-media":"","overlay-type":"","overlay-color":"","overlay-opacity":"","overlay-gradient":""}},"iawp_total_views":18,"footnotes":""},"class_list":["post-5243","page","type-page","status-publish","hentry"],"uagb_featured_image_src":{"full":false,"thumbnail":false,"medium":false,"medium_large":false,"large":false,"1536x1536":false,"2048x2048":false,"trp-custom-language-flag":false,"woocommerce_thumbnail":false,"woocommerce_single":false,"woocommerce_gallery_thumbnail":false},"uagb_author_info":{"display_name":"contact@qunbiz.com","author_link":"https:\/\/www.szhzykc.com\/de\/author\/contactqunbiz-com\/"},"uagb_comment_info":0,"uagb_excerpt":"\u6570\u5b57\u5316\u65f6\u4ee3\uff0c\u5404\u7c7b\u4f01\u4e1a\u53ca\u673a\u6784\u7684\u4efb\u52a1\u534f\u4f5c\u4e2d\uff0c\u7532\u65b9\u9700\u6c42\u53d1\u5e03\u4e0e\u4e59\u65b9\u670d\u52a1\u627f\u63a5\u7684\u5bf9 [&hellip;]","_links":{"self":[{"href":"https:\/\/www.szhzykc.com\/de\/wp-json\/wp\/v2\/pages\/5243","targetHints":{"allow":["GET"]}}],"collection":[{"href":"https:\/\/www.szhzykc.com\/de\/wp-json\/wp\/v2\/pages"}],"about":[{"href":"https:\/\/www.szhzykc.com\/de\/wp-json\/wp\/v2\/types\/page"}],"author":[{"embeddable":true,"href":"https:\/\/www.szhzykc.com\/de\/wp-json\/wp\/v2\/users\/1"}],"replies":[{"embeddable":true,"href":"https:\/\/www.szhzykc.com\/de\/wp-json\/wp\/v2\/comments?post=5243"}],"version-history":[{"count":7,"href":"https:\/\/www.szhzykc.com\/de\/wp-json\/wp\/v2\/pages\/5243\/revisions"}],"predecessor-version":[{"id":5292,"href":"https:\/\/www.szhzykc.com\/de\/wp-json\/wp\/v2\/pages\/5243\/revisions\/5292"}],"wp:attachment":[{"href":"https:\/\/www.szhzykc.com\/de\/wp-json\/wp\/v2\/media?parent=5243"}],"curies":[{"name":"wp","href":"https:\/\/api.w.org\/{rel}","templated":true}]}}