{"id":2378,"date":"2025-09-03T06:18:07","date_gmt":"2025-09-03T06:18:07","guid":{"rendered":"https:\/\/szhzykc.com\/?post_type=product&#038;p=2378"},"modified":"2025-09-03T08:12:14","modified_gmt":"2025-09-03T08:12:14","slug":"h9100","status":"publish","type":"product","link":"https:\/\/www.szhzykc.com\/de\/product\/h9100\/","title":{"rendered":"H9100 Hochgradig ausbauf\u00e4higes Handheld-Daten-Terminal"},"content":{"rendered":"<p><img alt=\"\" loading=\"lazy\" decoding=\"async\" class=\"alignnone size-full wp-image-2382\" src=\"https:\/\/www.szhzykc.com\/wp-content\/uploads\/2025\/09\/9100-xq1.webp\" width=\"1200\" height=\"420\" srcset=\"https:\/\/www.szhzykc.com\/wp-content\/uploads\/2025\/09\/9100-xq1.webp 1200w, https:\/\/www.szhzykc.com\/wp-content\/uploads\/2025\/09\/9100-xq1-600x210.webp 600w, https:\/\/www.szhzykc.com\/wp-content\/uploads\/2025\/09\/9100-xq1-300x105.webp 300w, https:\/\/www.szhzykc.com\/wp-content\/uploads\/2025\/09\/9100-xq1-1024x358.webp 1024w, https:\/\/www.szhzykc.com\/wp-content\/uploads\/2025\/09\/9100-xq1-768x269.webp 768w\" sizes=\"auto, (max-width: 1200px) 100vw, 1200px\" \/><\/p>\n<h4 class=\"pub_title\">Industrieanwendungen<\/h4>\n<p><img alt=\"\" loading=\"lazy\" decoding=\"async\" class=\"alignnone size-full wp-image-2384\" src=\"https:\/\/www.szhzykc.com\/wp-content\/uploads\/2025\/09\/9100-xq2.webp\" width=\"1200\" height=\"220\" srcset=\"https:\/\/www.szhzykc.com\/wp-content\/uploads\/2025\/09\/9100-xq2.webp 1200w, https:\/\/www.szhzykc.com\/wp-content\/uploads\/2025\/09\/9100-xq2-600x110.webp 600w, https:\/\/www.szhzykc.com\/wp-content\/uploads\/2025\/09\/9100-xq2-300x55.webp 300w, https:\/\/www.szhzykc.com\/wp-content\/uploads\/2025\/09\/9100-xq2-1024x188.webp 1024w, https:\/\/www.szhzykc.com\/wp-content\/uploads\/2025\/09\/9100-xq2-768x141.webp 768w\" sizes=\"auto, (max-width: 1200px) 100vw, 1200px\" \/><\/p>\n<h4 class=\"pub_title\">Produkt-Parameter<\/h4>\n<table class=\"pro_table\" width=\"100%\">\n<tbody>\n<tr class=\"trbj\">\n<td colspan=\"2\">Basisparameter<\/td>\n<\/tr>\n<tr>\n<td>Abmessungen der gesamten Maschine<\/td>\n<td>168\u00d776\u00d728\u00b12mm (ohne Schild und Griff)<\/td>\n<\/tr>\n<tr>\n<td>Gewicht<\/td>\n<td>630 Gramm<\/td>\n<\/tr>\n<tr>\n<td>Anzeigebildschirm<\/td>\n<td>5,5\" IPS HD-Bildschirm mit 720*1440 Aufl\u00f6sung<\/td>\n<\/tr>\n<tr>\n<td>Touchpanel<\/td>\n<td>Industrieller kapazitiver Multi-Touch-Bildschirm<\/td>\n<\/tr>\n<tr>\n<td>Erweiterungssteckplatz<\/td>\n<td>2 SIM-Kartensteckpl\u00e4tze, 2 PSAM-Kartensteckpl\u00e4tze, 1 TF-Kartensteckplatz<\/td>\n<\/tr>\n<tr>\n<td>Kommunikationsschnittstelle<\/td>\n<td>Typ-C-Datenschnittstelle<\/td>\n<\/tr>\n<tr>\n<td>Kontrollleuchte<\/td>\n<td>Ladeindikator<\/td>\n<\/tr>\n<tr>\n<td>Tastaturen<\/td>\n<td>Scannertasten, Funktionstasten<\/td>\n<\/tr>\n<tr>\n<td>\u00dcberwachungskamera<\/td>\n<td>5-Megapixel-Frontkamera und 13-Megapixel-R\u00fcckkamera mit Blitz und Autofokus<\/td>\n<\/tr>\n<tr>\n<td>elektrische Handlampe<\/td>\n<td>Stromsparende LED-Beleuchtung f\u00fcr Notf\u00e4lle<\/td>\n<\/tr>\n<tr>\n<td>GPS<\/td>\n<td>GPS+Beidou duales Navigationssystem Fehlerbereich \u00b15m<\/td>\n<\/tr>\n<tr class=\"trbj\">\n<td colspan=\"2\">Leistungsparameter<\/td>\n<\/tr>\n<tr>\n<td>CPU<\/td>\n<td>Octa-Core 64-Bit-Prozessor mit 2,0 GHz<\/td>\n<\/tr>\n<tr>\n<td>Speicherkapazit\u00e4t<\/td>\n<td>RAM: 2GB ROM: 16GB<\/td>\n<\/tr>\n<tr>\n<td>Erweiterter Speicher<\/td>\n<td>Unterst\u00fctzt 256GB Micro Sd Karte<\/td>\n<\/tr>\n<tr>\n<td>Betriebssystem<\/td>\n<td>Android 10.0<\/td>\n<\/tr>\n<tr>\n<td>Datenkommunikation<\/td>\n<td>4G:TD-LTE Band38\/39\/40\/41 FDD-LTE Band 1,2,3,4,7,17,20<br \/>\n3G: WCDMA (850\/1900\/2100MHz).<br \/>\n2G:GSM\/GPRS\/Edge(850\/900\/1800\/1900MHz)<\/td>\n<\/tr>\n<tr>\n<td>WIFI<\/td>\n<td>2.4G\/5G Dual-Band, konform mit IEEE802.11a\/b\/g\/n\/ac<\/td>\n<\/tr>\n<tr>\n<td>Bluetooth<\/td>\n<td>Kompatibel mit Bluetooth 4.1<\/td>\n<\/tr>\n<tr class=\"trbj\">\n<td colspan=\"2\">Arbeitsumgebung<\/td>\n<\/tr>\n<tr>\n<td>Betriebstemperatur<\/td>\n<td>-20\u2103\uff5e50\u2103<\/td>\n<\/tr>\n<tr>\n<td>Lagertemperatur<\/td>\n<td>-20\u2103\uff5e70\u2103<\/td>\n<\/tr>\n<tr>\n<td>relative Luftfeuchtigkeit<\/td>\n<td>5% bis 95% nicht kondensierend<\/td>\n<\/tr>\n<tr>\n<td>Schutzklasse<\/td>\n<td>Hauptrahmen IP65<\/td>\n<\/tr>\n<tr>\n<td>Batteriekapazit\u00e4t<\/td>\n<td>7200mAh Lithium-Polymer-Akku<\/td>\n<\/tr>\n<tr>\n<td>Standby-Zeit<\/td>\n<td>360 Stunden Standby-Zeit bei ausgeschalteter drahtloser Kommunikation.<\/td>\n<\/tr>\n<tr>\n<td>Ladezeit<\/td>\n<td>Weniger als 6 Stunden<\/td>\n<\/tr>\n<tr>\n<td>Arbeitszeiten<\/td>\n<td>Mehr als 14 Stunden (eine volle Ladung)<\/td>\n<\/tr>\n<tr class=\"trbj\">\n<td colspan=\"2\">Barcode-Erfassung<\/td>\n<\/tr>\n<tr>\n<td>zweidimensionaler Barcode<\/td>\n<td><\/td>\n<\/tr>\n<tr>\n<td>2D-Scan-Engine<\/td>\n<td>Leistungsstarker Abtastkopf<\/td>\n<\/tr>\n<tr>\n<td>Unterst\u00fctzung f\u00fcr 2D-Barcode-Typen<\/td>\n<td>PDF417, MicroPDF417, Composite, RSS, TLC-39, Datamatrix, QR-Code, Micro QR-Code, Aztec, MaxiCode, Postcodes, US PostNet, US Planet, UK Postal, Australian Postal, Japan Postal, Dutch Postal, etc. Australische Post, Japanische Post, Niederl\u00e4ndische Post, etc.<\/td>\n<\/tr>\n<tr class=\"trbj\">\n<td colspan=\"2\">RFID<\/td>\n<\/tr>\n<tr>\n<td>Ultrahochfrequenz<\/td>\n<td><\/td>\n<\/tr>\n<tr>\n<td>H\u00e4ufigkeit der Unterst\u00fctzung<\/td>\n<td>915 MHz, 865 MHz (865-868 MHz oder 902-928 MHz)<\/td>\n<\/tr>\n<tr>\n<td>Unterst\u00fctzte Protokolle<\/td>\n<td>F\u00fcr EPC C1 GEN2 ISO18000-6C-Protokolle<\/td>\n<\/tr>\n<tr>\n<td>Lesebereich<\/td>\n<td>Einstellbarer Abstand 0-20 Meter \/ abh\u00e4ngig von Etikett und Umgebung<\/td>\n<\/tr>\n<tr class=\"trbj\">\n<td colspan=\"2\">Anhang (E-Mail)<\/td>\n<\/tr>\n<tr>\n<td>Standardausstattung<\/td>\n<td>Lithium-Ionen-Akku (1 St\u00fcck), Netzteil (1 St\u00fcck), Typ-C-Ladekabel (1 St\u00fcck)<\/td>\n<\/tr>\n<tr>\n<td>optional<\/td>\n<td>Batteriefach<\/td>\n<\/tr>\n<\/tbody>\n<\/table>","protected":false},"excerpt":{"rendered":"<p><strong>Branchenf\u00fchrende Hochgeschwindigkeits-Octa-Core-CPU, die schneller l\u00e4uft:<\/strong>Die schnelle Octa-Core-CPU, die auf dem f\u00fchrenden 12-nm-Prozess von TSMC basiert, bietet hochwertige Funktionen und eine herausragende Leistung, die eine Vielzahl von Anwendungen mit halsbrecherischer Geschwindigkeit ausf\u00fchrt.<\/p>\n<p><strong>Die branchenweit beste RFID-Lese-\/Schreibleistung und gr\u00f6\u00dfere Lesereichweite:<\/strong>RFID Indoor-Lesereichweite kann ohne Hindernisse gelesen werden, Outdoor offene Umgebung Lesereichweite von etwa 20. Zur gleichen Zeit, um Multi-Tag-Lesung zu unterst\u00fctzen, Leserate von 200Tag \/ S, 2000 Tags k\u00f6nnen Disc voll in etwa 10S sein. Ausr\u00fcstung Leistung als Konkurrenten, um die Leistung von 30% oder mehr zu verbessern.<\/p>\n<p><strong>Eine neue Generation selbst entwickelter vierarmiger Wendelantennen mit h\u00f6herer Leistung:<\/strong>Die Antenne zeichnet sich durch ihr geringes Gewicht, ihre geringe Gr\u00f6\u00dfe, ihre geringe Wellengeschwindigkeit, ihren hohen Gewinn, ihre geringe Stehwelle, ihre gute Richtungsgenauigkeit, ihre hervorragende omnidirektionale Leseleistung und ihre hohe St\u00f6rsicherheit aus.<\/p>","protected":false},"featured_media":2343,"template":"","meta":{"_seopress_robots_primary_cat":"none","_seopress_titles_title":"","_seopress_titles_desc":"","_seopress_robots_index":"","_uag_custom_page_level_css":"","site-sidebar-layout":"default","site-content-layout":"","ast-site-content-layout":"default","site-content-style":"default","site-sidebar-style":"default","ast-global-header-display":"","ast-banner-title-visibility":"","ast-main-header-display":"","ast-hfb-above-header-display":"","ast-hfb-below-header-display":"","ast-hfb-mobile-header-display":"","site-post-title":"","ast-breadcrumbs-content":"","ast-featured-img":"","footer-sml-layout":"","ast-disable-related-posts":"","theme-transparent-header-meta":"default","adv-header-id-meta":"","stick-header-meta":"default","header-above-stick-meta":"","header-main-stick-meta":"","header-below-stick-meta":"","astra-migrate-meta-layouts":"set","ast-page-background-enabled":"default","ast-page-background-meta":{"desktop":{"background-color":"var(--ast-global-color-5)","background-image":"","background-repeat":"repeat","background-position":"center center","background-size":"auto","background-attachment":"scroll","background-type":"","background-media":"","overlay-type":"","overlay-color":"","overlay-opacity":"","overlay-gradient":""},"tablet":{"background-color":"","background-image":"","background-repeat":"repeat","background-position":"center center","background-size":"auto","background-attachment":"scroll","background-type":"","background-media":"","overlay-type":"","overlay-color":"","overlay-opacity":"","overlay-gradient":""},"mobile":{"background-color":"","background-image":"","background-repeat":"repeat","background-position":"center center","background-size":"auto","background-attachment":"scroll","background-type":"","background-media":"","overlay-type":"","overlay-color":"","overlay-opacity":"","overlay-gradient":""}},"ast-content-background-meta":{"desktop":{"background-color":"var(--ast-global-color-4)","background-image":"","background-repeat":"repeat","background-position":"center center","background-size":"auto","background-attachment":"scroll","background-type":"","background-media":"","overlay-type":"","overlay-color":"","overlay-opacity":"","overlay-gradient":""},"tablet":{"background-color":"var(--ast-global-color-4)","background-image":"","background-repeat":"repeat","background-position":"center center","background-size":"auto","background-attachment":"scroll","background-type":"","background-media":"","overlay-type":"","overlay-color":"","overlay-opacity":"","overlay-gradient":""},"mobile":{"background-color":"var(--ast-global-color-4)","background-image":"","background-repeat":"repeat","background-position":"center center","background-size":"auto","background-attachment":"scroll","background-type":"","background-media":"","overlay-type":"","overlay-color":"","overlay-opacity":"","overlay-gradient":""}},"iawp_total_views":15},"product_brand":[],"product_cat":[15],"product_tag":[],"class_list":{"0":"post-2378","1":"product","2":"type-product","3":"status-publish","4":"has-post-thumbnail","6":"product_cat-products","7":"desktop-align-center","8":"tablet-align-center","9":"mobile-align-center","10":"ast-product-gallery-layout-horizontal-slider","11":"ast-product-gallery-with-no-image","12":"ast-magnify-disabled","13":"ast-product-tabs-layout-horizontal","15":"first","16":"instock","17":"shipping-taxable","18":"product-type-simple"},"uagb_featured_image_src":{"full":["https:\/\/www.szhzykc.com\/wp-content\/uploads\/2025\/09\/H9100.webp",800,800,false],"thumbnail":["https:\/\/www.szhzykc.com\/wp-content\/uploads\/2025\/09\/H9100-150x150.webp",150,150,true],"medium":["https:\/\/www.szhzykc.com\/wp-content\/uploads\/2025\/09\/H9100-300x300.webp",300,300,true],"medium_large":["https:\/\/www.szhzykc.com\/wp-content\/uploads\/2025\/09\/H9100-768x768.webp",768,768,true],"large":["https:\/\/www.szhzykc.com\/wp-content\/uploads\/2025\/09\/H9100.webp",800,800,false],"1536x1536":["https:\/\/www.szhzykc.com\/wp-content\/uploads\/2025\/09\/H9100.webp",800,800,false],"2048x2048":["https:\/\/www.szhzykc.com\/wp-content\/uploads\/2025\/09\/H9100.webp",800,800,false],"trp-custom-language-flag":["https:\/\/www.szhzykc.com\/wp-content\/uploads\/2025\/09\/H9100.webp",12,12,false],"woocommerce_thumbnail":["https:\/\/www.szhzykc.com\/wp-content\/uploads\/2025\/09\/H9100-600x600.webp",600,600,true],"woocommerce_single":["https:\/\/www.szhzykc.com\/wp-content\/uploads\/2025\/09\/H9100-600x600.webp",600,600,true],"woocommerce_gallery_thumbnail":["https:\/\/www.szhzykc.com\/wp-content\/uploads\/2025\/09\/H9100-100x100.webp",100,100,true]},"uagb_author_info":{"display_name":"contact@qunbiz.com","author_link":"https:\/\/www.szhzykc.com\/de\/author\/"},"uagb_comment_info":0,"uagb_excerpt":"\u884c\u4e1a\u9886\u5148\u7684\u9ad8\u901f\u516b\u6838CPU\u3001\u8fd0\u884c\u66f4\u5feb\uff1a\u9ad8\u901f\u516b\u6838CPU\uff0c\u57fa\u4e8e\u53f0\u79ef\u7535\u9886\u5148\u768412nm \u5236\u7a0b\u5de5\u827a\uff0c\u62e5\u6709\u9ad8\u9636\u529f\u80fd\u548c\u51fa\u8272\u7684\u6027&hellip;","_links":{"self":[{"href":"https:\/\/www.szhzykc.com\/de\/wp-json\/wp\/v2\/product\/2378","targetHints":{"allow":["GET"]}}],"collection":[{"href":"https:\/\/www.szhzykc.com\/de\/wp-json\/wp\/v2\/product"}],"about":[{"href":"https:\/\/www.szhzykc.com\/de\/wp-json\/wp\/v2\/types\/product"}],"wp:featuredmedia":[{"embeddable":true,"href":"https:\/\/www.szhzykc.com\/de\/wp-json\/wp\/v2\/media\/2343"}],"wp:attachment":[{"href":"https:\/\/www.szhzykc.com\/de\/wp-json\/wp\/v2\/media?parent=2378"}],"wp:term":[{"taxonomy":"product_brand","embeddable":true,"href":"https:\/\/www.szhzykc.com\/de\/wp-json\/wp\/v2\/product_brand?post=2378"},{"taxonomy":"product_cat","embeddable":true,"href":"https:\/\/www.szhzykc.com\/de\/wp-json\/wp\/v2\/product_cat?post=2378"},{"taxonomy":"product_tag","embeddable":true,"href":"https:\/\/www.szhzykc.com\/de\/wp-json\/wp\/v2\/product_tag?post=2378"}],"curies":[{"name":"wp","href":"https:\/\/api.w.org\/{rel}","templated":true}]}}