{"id":2401,"date":"2025-09-03T07:24:02","date_gmt":"2025-09-03T07:24:02","guid":{"rendered":"https:\/\/szhzykc.com\/?post_type=product&#038;p=2401"},"modified":"2025-09-19T03:46:49","modified_gmt":"2025-09-19T03:46:49","slug":"h9300","status":"publish","type":"product","link":"https:\/\/www.szhzykc.com\/de\/product\/h9300\/","title":{"rendered":"H9300 UHF-Handheld-Terminal"},"content":{"rendered":"<p><img alt=\"\" loading=\"lazy\" decoding=\"async\" class=\"alignnone size-full wp-image-2404\" src=\"https:\/\/www.szhzykc.com\/wp-content\/uploads\/2025\/09\/H9300-xq1.webp\" width=\"1922\" height=\"310\" srcset=\"https:\/\/www.szhzykc.com\/wp-content\/uploads\/2025\/09\/H9300-xq1.webp 1922w, https:\/\/www.szhzykc.com\/wp-content\/uploads\/2025\/09\/H9300-xq1-600x97.webp 600w, https:\/\/www.szhzykc.com\/wp-content\/uploads\/2025\/09\/H9300-xq1-300x48.webp 300w, https:\/\/www.szhzykc.com\/wp-content\/uploads\/2025\/09\/H9300-xq1-1024x165.webp 1024w, https:\/\/www.szhzykc.com\/wp-content\/uploads\/2025\/09\/H9300-xq1-768x124.webp 768w, https:\/\/www.szhzykc.com\/wp-content\/uploads\/2025\/09\/H9300-xq1-1536x248.webp 1536w\" sizes=\"auto, (max-width: 1922px) 100vw, 1922px\" \/><\/p>\n<h4 class=\"pub_title\">Produkt-Parameter<\/h4>\n<table class=\"pro_table\" width=\"100%\">\n<tbody>\n<tr class=\"trbj\">\n<td colspan=\"2\">physikalischer Parameter<\/td>\n<\/tr>\n<tr>\n<td>Gr\u00f6\u00dfen<\/td>\n<td>178mm*83mm*24mm<\/td>\n<\/tr>\n<tr>\n<td>Gewichte<\/td>\n<td>Insgesamt 690 g (einschlie\u00dflich Akku, Gewicht variiert je nach Konfiguration)<\/td>\n<\/tr>\n<tr>\n<td>Anzeigebildschirm<\/td>\n<td>6-Zoll-Farbdisplay mit einer Aufl\u00f6sung von 720*1440 (bis zu 1080*2160)<\/td>\n<\/tr>\n<tr>\n<td>Touchscreens<\/td>\n<td>Corning Gorilla, Multi-Touch-Unterst\u00fctzung; Bildschirm kann mit Wasser oder Handschuhen bedient werden<\/td>\n<\/tr>\n<tr>\n<td>etw. mit dem R\u00fccken zum Licht tun<\/td>\n<td>LED-Hintergrundbeleuchtung, sonnenlichttauglich<\/td>\n<\/tr>\n<tr>\n<td>Batterien<\/td>\n<td>Herausnehmbarer Polymer-Lithium-Ionen-Akku, Kapazit\u00e4t: 11700mAh; 3,7 V bei normalem Gebrauch<br \/>\nBetriebszeit: &gt;8 Stunden, Standby-Zeit: 300 Stunden<\/td>\n<\/tr>\n<tr>\n<td>Steckplatz<\/td>\n<td>Micro-SIM-Karte x 1, TF-Karte x 1<\/td>\n<\/tr>\n<tr>\n<td>Kommunikationsschnittstelle<\/td>\n<td>Typ-C USB x 1, unterst\u00fctzt OTG-Funktion<\/td>\n<\/tr>\n<tr>\n<td>Netzanschluss<\/td>\n<td>4G\/3G\/2G, Wi-Fi<\/td>\n<\/tr>\n<tr>\n<td>Art der Mitteilung<\/td>\n<td>Signalton, zweifarbige Anzeige, Vibration<\/td>\n<\/tr>\n<tr>\n<td>Tonfrequenz<\/td>\n<td>Mikrofon, Lautsprecher, H\u00f6rer<\/td>\n<\/tr>\n<tr>\n<td>Tastatureingaben<\/td>\n<td>Ein\/Aus-Taste, Lautst\u00e4rke +\/- Taste, Scan-Taste*2, Grip-Taste*1<\/td>\n<\/tr>\n<tr>\n<td>Netzadapter<\/td>\n<td>Aufladezeit 4 bis 5 Stunden mit Standard-Netzteil und Kabelunterst\u00fctzung<br \/>\nOptionale Schnellladung, 3 Stunden Schnellladung<\/td>\n<\/tr>\n<tr>\n<td>Messwertgeber<\/td>\n<td>Schwerkraftsensor, Lichtsensor, Abstandssensor, Vibrationsmotor<\/td>\n<\/tr>\n<tr>\n<td>Sicherheit PSAM<\/td>\n<td>Unterst\u00fctzt ISO7816-Standard, PSAM-Karte*1<\/td>\n<\/tr>\n<tr class=\"trbj\">\n<td colspan=\"2\">Leistungsparameter<\/td>\n<\/tr>\n<tr>\n<td>CPU<\/td>\n<td>Octa-Core 2.0GHz<\/td>\n<\/tr>\n<tr>\n<td>Betriebssystem<\/td>\n<td>Android 12.0<\/td>\n<\/tr>\n<tr>\n<td>Direktzugriffsspeicher (RAM)<\/td>\n<td>4GB RAM + 64GB ROM<\/td>\n<\/tr>\n<tr>\n<td>Direktzugriffsspeicher (RAM)<\/td>\n<td>6GB\/8GB RAM + 128GB ROM<\/td>\n<\/tr>\n<tr>\n<td>Direktzugriffsspeicher (RAM)<\/td>\n<td>Micro SD(TF) 128G Erweiterbar bis zu 1TB<\/td>\n<\/tr>\n<tr class=\"trbj\">\n<td colspan=\"2\">drahtlose Kommunikation<\/td>\n<\/tr>\n<tr>\n<td rowspan=\"3\">WWAN<\/td>\n<td>2G: G850\/900\/1800\/1900<\/td>\n<\/tr>\n<tr>\n<td>3G: W1\/2\/5\/80<\/td>\n<\/tr>\n<tr>\n<td>4g: b1\/3\/4\/5\/7\/8\/12\/20\/38\/39\/40\/41<\/td>\n<\/tr>\n<tr>\n<td>WIFI<\/td>\n<td>WIFI Frequenz: 2.4GHz &amp; 5GHz Dual-Band WIFI Unterst\u00fctzung Roaming<br \/>\nProtokoll: 802.11 a\/b\/g\/n\/ac-Protokolle<\/td>\n<\/tr>\n<tr>\n<td>GPS<\/td>\n<td>Beidou, Glonass, GPS, Galileo<\/td>\n<\/tr>\n<tr>\n<td rowspan=\"2\">bluetooth<\/td>\n<td>Unterst\u00fctzt Bluetooth 2.1+EDR\/3.0+HS\/4.1+HS+5.0<\/td>\n<\/tr>\n<tr>\n<td>\u00dcbertragungsreichweite 5-10 Meter<\/td>\n<\/tr>\n<tr class=\"trbj\">\n<td colspan=\"2\">Datenerfassung<\/td>\n<\/tr>\n<tr>\n<td>Scan-Engine<\/td>\n<td>Unterst\u00fctzt 1D\/2D-Scan-Engine (optional)<\/td>\n<\/tr>\n<tr>\n<td rowspan=\"4\">Unterst\u00fctzung f\u00fcr 1D-Barcode-Typen<\/td>\n<td>UPC\/EAN,Bookland EAN,UCC Coupon Code,ISSN EAN, Code<br \/>\n128, gs1-128, isbt 128.<\/td>\n<\/tr>\n<tr>\n<td>Code 39, Trioptic Code 39, Code 32, Code 93.<\/td>\n<\/tr>\n<tr>\n<td>Code 11, Interleaved 2 von 5, Diskret 2 von<\/td>\n<\/tr>\n<tr>\n<td>5, Codabar, MSI, Chinesisch 2 aus 5, Koreanisch 3 aus 5, Matrix 2<br \/>\nvon 5, Inverse 1D, GS1 DataBar, Com- posite Codes, etc.<\/td>\n<\/tr>\n<tr>\n<td>Unterst\u00fctzung des QR-Code-Typs<\/td>\n<td>PDF417, MicroPDF417, Datenmatrix, Datenmatrix<br \/>\nInvers, Maxicode, QR-Code, MicroQR, QR<br \/>\ninvers,Aztec,Aztec Inverse, Postleitzahlen: US<br \/>\nPostnet, US Planet, UK Postal, Australian Postal.<br \/>\nJapan Postal, Niederl\u00e4ndischer KIX-Code, USPS<br \/>\n4CB\/One\/Intelligent Mail, UPS FICS Pstal usw.<\/td>\n<\/tr>\n<tr>\n<td rowspan=\"2\">\u00dcberwachungskamera<\/td>\n<td>Frontkamera (optional): 5 Megapixel<br \/>\nDirektkamera: 13 Megapixel<\/td>\n<\/tr>\n<tr>\n<td>Unterst\u00fctzt Autofokus, Blitz<\/td>\n<\/tr>\n<tr class=\"trbj\">\n<td colspan=\"2\">RFID-Erfassung<\/td>\n<\/tr>\n<tr>\n<td rowspan=\"3\">Nationale Milit\u00e4rnorm (optional)<\/td>\n<td>Nationale Normvereinbarung: GB29768-2013 Vereinbarung<\/td>\n<\/tr>\n<tr>\n<td>Milit\u00e4rische Standardvereinbarung: GJB7377.1A-2011\/2018 Vereinbarung<\/td>\n<\/tr>\n<tr>\n<td>Leseentfernung: 0-20 Meter Meter<\/td>\n<\/tr>\n<tr>\n<td rowspan=\"6\">UHF-RFID<\/td>\n<td>China Frequenz: 920-925Mhz<\/td>\n<\/tr>\n<tr>\n<td>U.S. Frequenz: 902-928Mhz<\/td>\n<\/tr>\n<tr>\n<td>Europ\u00e4ische Frequenz: 865-868 Mhz<\/td>\n<\/tr>\n<tr>\n<td>Protokollstandards: EPC C1 GEN2; IEC\/ISO18000-6C<\/td>\n<\/tr>\n<tr>\n<td>Antennenparameter: Keramische Antenne (3dbi)<\/td>\n<\/tr>\n<tr>\n<td>Leseabstand: je nach Tag 2-25 m effektive Entfernung<\/td>\n<\/tr>\n<tr class=\"trbj\">\n<td colspan=\"2\">Sicherheitsschutz<\/td>\n<\/tr>\n<tr>\n<td>Betriebstemperatur<\/td>\n<td>-20\u00b0C bis 60\u00b0C<\/td>\n<\/tr>\n<tr>\n<td>Lagertemperatur<\/td>\n<td>-40\u00b0C bis 70\u00b0C<\/td>\n<\/tr>\n<tr>\n<td>Feuchtigkeitsgrad<\/td>\n<td>5% bis 95% (nicht kondensierend)<\/td>\n<\/tr>\n<tr>\n<td>Tropfen-Spezifikation<\/td>\n<td>Innerhalb des Betriebstemperaturbereichs k\u00f6nnen alle 6 Seiten 30 St\u00fcrze aus einer H\u00f6he von 1,2 Metern bis zu einer H\u00f6he von 1,5 Metern aushalten.<\/p>\n<p>Auswirkungen auf Betonb\u00f6den<\/td>\n<\/tr>\n<tr>\n<td>Rollende Spezifikationen<\/td>\n<td>Rolling kontinuierliche 1000 Runden von 0,5 m, 6 Gesicht Kontaktfl\u00e4chen gerollt und noch stabilen Betrieb<\/p>\n<p>Klassifikator f\u00fcr Objekte in Zeilen wie z. B. W\u00f6rter<\/td>\n<\/tr>\n<tr>\n<td>Vibrationsalarm<\/td>\n<td>Zuf\u00e4llig (10 Hz bis 30 KHz); 60 min pro Achse, 3 Achsen<\/td>\n<\/tr>\n<tr>\n<td>elektrostatischer Schutz<\/td>\n<td>+\/- 10kv Luftentladung; +\/-6kv Kontaktelektrizit\u00e4t<\/td>\n<\/tr>\n<tr>\n<td>Schutzklasse<\/td>\n<td>IP67 gem\u00e4\u00df IEC-Dichtungsstandards<\/td>\n<\/tr>\n<tr class=\"trbj\">\n<td colspan=\"2\">Entwicklungsumgebung (Computer)<\/td>\n<\/tr>\n<tr>\n<td>Betriebssystem<\/td>\n<td>Android 12.0 unterst\u00fctzt GMS-Authentifizierung<\/td>\n<\/tr>\n<tr>\n<td>SDK<\/td>\n<td>Software-Entwicklungskit f\u00fcr Handheld-Terminals<\/td>\n<\/tr>\n<tr>\n<td>Entwicklungssprache<\/td>\n<td>Java<\/td>\n<\/tr>\n<tr>\n<td>Entwicklungsinstrument<\/td>\n<td>Eclipse\/Android Studio<\/td>\n<\/tr>\n<tr class=\"trbj\">\n<td colspan=\"2\">der Rest<\/td>\n<\/tr>\n<tr>\n<td>Akkreditierung<\/td>\n<td>ccc\/ip-67\/gms\/ce\/rohs\/iso9001<\/td>\n<\/tr>\n<tr>\n<td>Standard-Zubeh\u00f6r<\/td>\n<td>Adapter, Kabel, Schutzfolie, Handgriff<\/td>\n<\/tr>\n<\/tbody>\n<\/table>\n<h4 class=\"pub_title\">Anwendungsszenario<\/h4>\n<p><img alt=\"\" loading=\"lazy\" decoding=\"async\" class=\"alignnone size-full wp-image-2406\" src=\"https:\/\/www.szhzykc.com\/wp-content\/uploads\/2025\/09\/h9300-xq2.webp\" width=\"1882\" height=\"386\" srcset=\"https:\/\/www.szhzykc.com\/wp-content\/uploads\/2025\/09\/h9300-xq2.webp 1882w, https:\/\/www.szhzykc.com\/wp-content\/uploads\/2025\/09\/h9300-xq2-600x123.webp 600w, https:\/\/www.szhzykc.com\/wp-content\/uploads\/2025\/09\/h9300-xq2-300x62.webp 300w, https:\/\/www.szhzykc.com\/wp-content\/uploads\/2025\/09\/h9300-xq2-1024x210.webp 1024w, https:\/\/www.szhzykc.com\/wp-content\/uploads\/2025\/09\/h9300-xq2-768x158.webp 768w, https:\/\/www.szhzykc.com\/wp-content\/uploads\/2025\/09\/h9300-xq2-1536x315.webp 1536w\" sizes=\"auto, (max-width: 1882px) 100vw, 1882px\" \/><\/p>","protected":false},"excerpt":{"rendered":"<p><strong>Konfiguriert f\u00fcr hohe Leistung und Kraft:<\/strong>8-Core 2.0GHz Prozessor, 4+64G Speicher, Unterst\u00fctzung f\u00fcr Barcode\/QR Code Scan Funktion, Duale Front- und R\u00fcckkameras, Unterst\u00fctzung f\u00fcr das nationale milit\u00e4rische Standard RFID Modul zum Hinzuf\u00fcgen, Unterst\u00fctzung f\u00fcr das nationale Netzwerk RFID und andere spezielle Tags zum Lesen und Schreiben.<\/p>\n<p><strong>Wir kommen mit allen Arten von Umgebungen m\u00fchelos zurecht:<\/strong>IP67 hohe Schutzklasse staubdicht und wasserdicht, umfassender Schutz und mehr langlebig kann -20 \u2103 -60 \u2103 Arbeitstemperatur, raue Bedingungen ohne Angst anzupassen.<\/p>\n<p><strong>Bequemer Griff Leicht zu lesen und zu schreiben:<\/strong>Ergonomisches Design Griff, passen die Handfl\u00e4che der Hand, bequemen Griff, lange Zeit verwenden ist nicht leicht zu erm\u00fcden; gro\u00dfe Fl\u00e4che RFID RFID-Identifikationsmodul, lesen und schreiben einen gr\u00f6\u00dferen Winkel, Abstand, Identifizierung Genauigkeit h\u00f6her ist.<\/p>\n<p><strong>Schnelles Flash-Schnellladen Ganzt\u00e4gige Akkulaufzeit ohne Sorgen:<\/strong>11700mAh Akku mit gro\u00dfer Kapazit\u00e4t, langlebig, den ganzen Tag sorglos Unterst\u00fctzung f\u00fcr optionale Schnellladung, 3 Stunden gef\u00fcllt werden kann.<\/p>","protected":false},"featured_media":2345,"template":"","meta":{"_seopress_robots_primary_cat":"none","_seopress_titles_title":"","_seopress_titles_desc":"","_seopress_robots_index":"","_uag_custom_page_level_css":"","site-sidebar-layout":"default","site-content-layout":"","ast-site-content-layout":"default","site-content-style":"default","site-sidebar-style":"default","ast-global-header-display":"","ast-banner-title-visibility":"","ast-main-header-display":"","ast-hfb-above-header-display":"","ast-hfb-below-header-display":"","ast-hfb-mobile-header-display":"","site-post-title":"","ast-breadcrumbs-content":"","ast-featured-img":"","footer-sml-layout":"","ast-disable-related-posts":"","theme-transparent-header-meta":"default","adv-header-id-meta":"","stick-header-meta":"default","header-above-stick-meta":"","header-main-stick-meta":"","header-below-stick-meta":"","astra-migrate-meta-layouts":"set","ast-page-background-enabled":"default","ast-page-background-meta":{"desktop":{"background-color":"var(--ast-global-color-5)","background-image":"","background-repeat":"repeat","background-position":"center center","background-size":"auto","background-attachment":"scroll","background-type":"","background-media":"","overlay-type":"","overlay-color":"","overlay-opacity":"","overlay-gradient":""},"tablet":{"background-color":"","background-image":"","background-repeat":"repeat","background-position":"center center","background-size":"auto","background-attachment":"scroll","background-type":"","background-media":"","overlay-type":"","overlay-color":"","overlay-opacity":"","overlay-gradient":""},"mobile":{"background-color":"","background-image":"","background-repeat":"repeat","background-position":"center center","background-size":"auto","background-attachment":"scroll","background-type":"","background-media":"","overlay-type":"","overlay-color":"","overlay-opacity":"","overlay-gradient":""}},"ast-content-background-meta":{"desktop":{"background-color":"var(--ast-global-color-4)","background-image":"","background-repeat":"repeat","background-position":"center center","background-size":"auto","background-attachment":"scroll","background-type":"","background-media":"","overlay-type":"","overlay-color":"","overlay-opacity":"","overlay-gradient":""},"tablet":{"background-color":"var(--ast-global-color-4)","background-image":"","background-repeat":"repeat","background-position":"center center","background-size":"auto","background-attachment":"scroll","background-type":"","background-media":"","overlay-type":"","overlay-color":"","overlay-opacity":"","overlay-gradient":""},"mobile":{"background-color":"var(--ast-global-color-4)","background-image":"","background-repeat":"repeat","background-position":"center center","background-size":"auto","background-attachment":"scroll","background-type":"","background-media":"","overlay-type":"","overlay-color":"","overlay-opacity":"","overlay-gradient":""}},"iawp_total_views":39},"product_brand":[],"product_cat":[15],"product_tag":[],"class_list":{"0":"post-2401","1":"product","2":"type-product","3":"status-publish","4":"has-post-thumbnail","6":"product_cat-products","7":"desktop-align-center","8":"tablet-align-center","9":"mobile-align-center","10":"ast-product-gallery-layout-horizontal-slider","11":"ast-product-gallery-with-no-image","12":"ast-magnify-disabled","13":"ast-product-tabs-layout-horizontal","15":"first","16":"instock","17":"shipping-taxable","18":"product-type-simple"},"uagb_featured_image_src":{"full":["https:\/\/www.szhzykc.com\/wp-content\/uploads\/2025\/09\/H9300.webp",800,800,false],"thumbnail":["https:\/\/www.szhzykc.com\/wp-content\/uploads\/2025\/09\/H9300-150x150.webp",150,150,true],"medium":["https:\/\/www.szhzykc.com\/wp-content\/uploads\/2025\/09\/H9300-300x300.webp",300,300,true],"medium_large":["https:\/\/www.szhzykc.com\/wp-content\/uploads\/2025\/09\/H9300-768x768.webp",768,768,true],"large":["https:\/\/www.szhzykc.com\/wp-content\/uploads\/2025\/09\/H9300.webp",800,800,false],"1536x1536":["https:\/\/www.szhzykc.com\/wp-content\/uploads\/2025\/09\/H9300.webp",800,800,false],"2048x2048":["https:\/\/www.szhzykc.com\/wp-content\/uploads\/2025\/09\/H9300.webp",800,800,false],"trp-custom-language-flag":["https:\/\/www.szhzykc.com\/wp-content\/uploads\/2025\/09\/H9300.webp",12,12,false],"woocommerce_thumbnail":["https:\/\/www.szhzykc.com\/wp-content\/uploads\/2025\/09\/H9300-600x600.webp",600,600,true],"woocommerce_single":["https:\/\/www.szhzykc.com\/wp-content\/uploads\/2025\/09\/H9300-600x600.webp",600,600,true],"woocommerce_gallery_thumbnail":["https:\/\/www.szhzykc.com\/wp-content\/uploads\/2025\/09\/H9300-100x100.webp",100,100,true]},"uagb_author_info":{"display_name":"contact@qunbiz.com","author_link":"https:\/\/www.szhzykc.com\/de\/author\/"},"uagb_comment_info":0,"uagb_excerpt":"\u914d\u7f6e\u9ad8\u6027\u80fd\u5f3a\u52b2\uff1a8 \u6838 2.0GHz \u5904\u7406\u5668\uff0c4+64G \u5b58\u50a8\uff0c\u652f\u6301\u6761\u7801\/\u4e8c\u7ef4\u7801\u626b\u63cf\u529f\u80fd\uff0c\u524d\u540e\u53cc\u6444\uff0c\u652f\u6301\u56fd\u519b\u6807&hellip;","_links":{"self":[{"href":"https:\/\/www.szhzykc.com\/de\/wp-json\/wp\/v2\/product\/2401","targetHints":{"allow":["GET"]}}],"collection":[{"href":"https:\/\/www.szhzykc.com\/de\/wp-json\/wp\/v2\/product"}],"about":[{"href":"https:\/\/www.szhzykc.com\/de\/wp-json\/wp\/v2\/types\/product"}],"wp:featuredmedia":[{"embeddable":true,"href":"https:\/\/www.szhzykc.com\/de\/wp-json\/wp\/v2\/media\/2345"}],"wp:attachment":[{"href":"https:\/\/www.szhzykc.com\/de\/wp-json\/wp\/v2\/media?parent=2401"}],"wp:term":[{"taxonomy":"product_brand","embeddable":true,"href":"https:\/\/www.szhzykc.com\/de\/wp-json\/wp\/v2\/product_brand?post=2401"},{"taxonomy":"product_cat","embeddable":true,"href":"https:\/\/www.szhzykc.com\/de\/wp-json\/wp\/v2\/product_cat?post=2401"},{"taxonomy":"product_tag","embeddable":true,"href":"https:\/\/www.szhzykc.com\/de\/wp-json\/wp\/v2\/product_tag?post=2401"}],"curies":[{"name":"wp","href":"https:\/\/api.w.org\/{rel}","templated":true}]}}