{"id":2407,"date":"2025-09-18T08:38:27","date_gmt":"2025-09-18T08:38:27","guid":{"rendered":"https:\/\/szhzykc.com\/?post_type=product&#038;p=2407"},"modified":"2025-09-19T03:42:16","modified_gmt":"2025-09-19T03:42:16","slug":"hui-shou-gui","status":"publish","type":"product","link":"https:\/\/www.szhzykc.com\/de\/product\/hui-shou-gui\/","title":{"rendered":"Recyclingschrank"},"content":{"rendered":"<p><img alt=\"\" loading=\"lazy\" decoding=\"async\" width=\"1200\" height=\"300\" class=\"alignnone size-full wp-image-2673\" src=\"https:\/\/www.szhzykc.com\/wp-content\/uploads\/2025\/09\/hsg.webp\" srcset=\"https:\/\/www.szhzykc.com\/wp-content\/uploads\/2025\/09\/hsg.webp 1200w, https:\/\/www.szhzykc.com\/wp-content\/uploads\/2025\/09\/hsg-300x75.webp 300w, https:\/\/www.szhzykc.com\/wp-content\/uploads\/2025\/09\/hsg-1024x256.webp 1024w, https:\/\/www.szhzykc.com\/wp-content\/uploads\/2025\/09\/hsg-768x192.webp 768w, https:\/\/www.szhzykc.com\/wp-content\/uploads\/2025\/09\/hsg-600x150.webp 600w\" sizes=\"auto, (max-width: 1200px) 100vw, 1200px\" \/><br \/>\n<!--\n\n\n\n<p style=\"text-align: center;\">\n<img alt=\"\" loading=\"lazy\" decoding=\"async\" width=\"1920\" height=\"1057\" class=\"alignnone size-full wp-image-2412\" src=\"https:\/\/www.szhzykc.com\/wp-content\/uploads\/2025\/09\/huishouxiang-xq1.webp\" alt=\"\" srcset=\"https:\/\/www.szhzykc.com\/wp-content\/uploads\/2025\/09\/huishouxiang-xq1.webp 1920w, https:\/\/www.szhzykc.com\/wp-content\/uploads\/2025\/09\/huishouxiang-xq1-600x330.webp 600w, https:\/\/www.szhzykc.com\/wp-content\/uploads\/2025\/09\/huishouxiang-xq1-300x165.webp 300w, https:\/\/www.szhzykc.com\/wp-content\/uploads\/2025\/09\/huishouxiang-xq1-1024x564.webp 1024w, https:\/\/www.szhzykc.com\/wp-content\/uploads\/2025\/09\/huishouxiang-xq1-768x423.webp 768w, https:\/\/www.szhzykc.com\/wp-content\/uploads\/2025\/09\/huishouxiang-xq1-1536x846.webp 1536w\" sizes=\"auto, (max-width: 1920px) 100vw, 1920px\" \/>\n\u5783\u573e\u56de\u6536\u667a\u80fd\u67dc\n<img alt=\"\" loading=\"lazy\" decoding=\"async\" width=\"1910\" height=\"925\" class=\"alignnone size-full wp-image-2413\" src=\"https:\/\/www.szhzykc.com\/wp-content\/uploads\/2025\/09\/huishouxiang-xq4.webp\" alt=\"\" srcset=\"https:\/\/www.szhzykc.com\/wp-content\/uploads\/2025\/09\/huishouxiang-xq4.webp 1910w, https:\/\/www.szhzykc.com\/wp-content\/uploads\/2025\/09\/huishouxiang-xq4-600x291.webp 600w, https:\/\/www.szhzykc.com\/wp-content\/uploads\/2025\/09\/huishouxiang-xq4-300x145.webp 300w, https:\/\/www.szhzykc.com\/wp-content\/uploads\/2025\/09\/huishouxiang-xq4-1024x496.webp 1024w, https:\/\/www.szhzykc.com\/wp-content\/uploads\/2025\/09\/huishouxiang-xq4-768x372.webp 768w, https:\/\/www.szhzykc.com\/wp-content\/uploads\/2025\/09\/huishouxiang-xq4-1536x744.webp 1536w\" sizes=\"auto, (max-width: 1910px) 100vw, 1910px\" \/>\n\u5783\u573e\u5206\u7c7b\u7ba1\u7406\u7cfb\u7edf\n<img alt=\"\" loading=\"lazy\" decoding=\"async\" width=\"1920\" height=\"1430\" class=\"alignnone size-full wp-image-2410\" src=\"https:\/\/www.szhzykc.com\/wp-content\/uploads\/2025\/09\/huishouxiang-xq3.webp\" alt=\"\" srcset=\"https:\/\/www.szhzykc.com\/wp-content\/uploads\/2025\/09\/huishouxiang-xq3.webp 1920w, https:\/\/www.szhzykc.com\/wp-content\/uploads\/2025\/09\/huishouxiang-xq3-600x447.webp 600w, https:\/\/www.szhzykc.com\/wp-content\/uploads\/2025\/09\/huishouxiang-xq3-300x223.webp 300w, https:\/\/www.szhzykc.com\/wp-content\/uploads\/2025\/09\/huishouxiang-xq3-1024x763.webp 1024w, https:\/\/www.szhzykc.com\/wp-content\/uploads\/2025\/09\/huishouxiang-xq3-768x572.webp 768w, https:\/\/www.szhzykc.com\/wp-content\/uploads\/2025\/09\/huishouxiang-xq3-1536x1144.webp 1536w\" sizes=\"auto, (max-width: 1920px) 100vw, 1920px\" \/>\n\u5783\u573e\u5206\u7c7b\u5206\u62e3\u7cfb\u7edf\n\n--><\/p>","protected":false},"excerpt":{"rendered":"<p>Das digitale Managementsystem f\u00fcr die Abfalltrennung unterst\u00fctzt den Betrieb der Gesch\u00e4ftsveredelung mit alldimensionalen Funktionen. Die Kanban-Tafel auf der Homepage zeigt visuell den Status von Durchlaufkarten, Kernindikatoren (durchschnittliches t\u00e4gliches Anlieferungsvolumen, Anteil der Recycling-Kategorien usw.), Recycling-Gewicht, Einnahmen und Ausgaben, analysiert das Benutzerwachstum durch das \"Trenddiagramm f\u00fcr Neuzug\u00e4nge\" und liefert Fehlerinformationen durch die \"Fr\u00fchwarnung bei anormalen Ger\u00e4ten\", was zur Kontrolle der Gesamtsituation beitr\u00e4gt. Die Gesch\u00e4ftsverwaltung deckt den gesamten Prozess ab: Die Ger\u00e4teverwaltung bietet Parameterkonfiguration, Fehleraufzeichnungen und Freigabeverfolgung f\u00fcr intelligente Recyclingbeh\u00e4lter und Waagen, um die Stabilit\u00e4t der Hardware zu gew\u00e4hrleisten; die Auftrags- und Benutzerverwaltung zeichnet Lieferdaten, zugeh\u00f6rige Benutzerinformationen und Transaktionen auf, um den geschlossenen Kreislauf \"Lieferung - Recycling - Abrechnung\" zu \u00f6ffnen; Lager und Verkaufsstellen verwalten das \"Trenddiagramm f\u00fcr Neuzug\u00e4nge\", um das Benutzerwachstum zu analysieren, und die \"Fr\u00fchwarnung f\u00fcr abnormale Ger\u00e4te\", um die Gesamtsituation zu kontrollieren. \"Die Lager- und Netzwerkverwaltung \u00fcberwacht den Bestand, optimiert die Logistik und reduziert die Transportkosten.<\/p>\n<p>Die Systemkonfiguration umfasst grundlegende Einstellungen wie die Aufteilung der Zust\u00e4ndigkeit und die Bindung an den Verwaltungsbereich sowie die Push-Funktion f\u00fcr die Anzeigenrotation und die Betriebsaktivit\u00e4t; das Berechtigungsmanagement weist die Berechtigungen entsprechend der \"Position - Rolle\" zu, um die Datensicherheit zu gew\u00e4hrleisten. Interaktion, faltbare Navigation, um den Betrieb zu vereinfachen, Schl\u00fcsselseiten unterst\u00fctzen mehrdimensionales Screening und Echtzeit-Abfrage, Diagramme, um die Gesch\u00e4ftsentwicklung zu zeigen, Prozess-R\u00fcckverfolgbarkeit, um die Rollen der effizienten Zusammenarbeit zu helfen, und f\u00f6rdern Umweltschutz, Kostensenkung und Effizienz.<\/p>\n<p>Intelligente Recycling-Box konzentriert sich auf \"genaue Messung, intelligente Steuerung und Sicherheits\u00fcberwachung\". Messunterst\u00fctzung Gewichtsabfrage, Tara und Linearit\u00e4t Kalibrierung, Daten aktiv hochladen; Schalter und T\u00fcrsteuerung Unterst\u00fctzung remote\/lokale Entriegelung, Statusabfrage, elektrische Aktuator T\u00fcr mit menschlichen K\u00f6rpersensoren, um die T\u00fcr und Anti-Pinch-Funktion zu \u00f6ffnen; Status\u00fcberwachung, um den \u00dcberlauf, Rauchalarm und andere Informationen zu melden; Beleuchtung und Alarmsteuerung mit dem Gie\u00dfen der Mund Licht automatisch \u00f6ffnen, \u00dcberlaufanzeige und Ton und Licht-Alarm; kann auch kundenspezifische Parameter, angepasst an verschiedene Szenarien sein.<\/p>","protected":false},"featured_media":2346,"template":"","meta":{"_seopress_robots_primary_cat":"none","_seopress_titles_title":"","_seopress_titles_desc":"","_seopress_robots_index":"","_uag_custom_page_level_css":"","site-sidebar-layout":"default","site-content-layout":"","ast-site-content-layout":"default","site-content-style":"default","site-sidebar-style":"default","ast-global-header-display":"","ast-banner-title-visibility":"","ast-main-header-display":"","ast-hfb-above-header-display":"","ast-hfb-below-header-display":"","ast-hfb-mobile-header-display":"","site-post-title":"","ast-breadcrumbs-content":"","ast-featured-img":"","footer-sml-layout":"","ast-disable-related-posts":"","theme-transparent-header-meta":"default","adv-header-id-meta":"","stick-header-meta":"default","header-above-stick-meta":"","header-main-stick-meta":"","header-below-stick-meta":"","astra-migrate-meta-layouts":"set","ast-page-background-enabled":"default","ast-page-background-meta":{"desktop":{"background-color":"var(--ast-global-color-5)","background-image":"","background-repeat":"repeat","background-position":"center center","background-size":"auto","background-attachment":"scroll","background-type":"","background-media":"","overlay-type":"","overlay-color":"","overlay-opacity":"","overlay-gradient":""},"tablet":{"background-color":"","background-image":"","background-repeat":"repeat","background-position":"center center","background-size":"auto","background-attachment":"scroll","background-type":"","background-media":"","overlay-type":"","overlay-color":"","overlay-opacity":"","overlay-gradient":""},"mobile":{"background-color":"","background-image":"","background-repeat":"repeat","background-position":"center center","background-size":"auto","background-attachment":"scroll","background-type":"","background-media":"","overlay-type":"","overlay-color":"","overlay-opacity":"","overlay-gradient":""}},"ast-content-background-meta":{"desktop":{"background-color":"var(--ast-global-color-4)","background-image":"","background-repeat":"repeat","background-position":"center center","background-size":"auto","background-attachment":"scroll","background-type":"","background-media":"","overlay-type":"","overlay-color":"","overlay-opacity":"","overlay-gradient":""},"tablet":{"background-color":"var(--ast-global-color-4)","background-image":"","background-repeat":"repeat","background-position":"center center","background-size":"auto","background-attachment":"scroll","background-type":"","background-media":"","overlay-type":"","overlay-color":"","overlay-opacity":"","overlay-gradient":""},"mobile":{"background-color":"var(--ast-global-color-4)","background-image":"","background-repeat":"repeat","background-position":"center center","background-size":"auto","background-attachment":"scroll","background-type":"","background-media":"","overlay-type":"","overlay-color":"","overlay-opacity":"","overlay-gradient":""}},"iawp_total_views":59},"product_brand":[],"product_cat":[15],"product_tag":[],"class_list":{"0":"post-2407","1":"product","2":"type-product","3":"status-publish","4":"has-post-thumbnail","6":"product_cat-products","7":"desktop-align-center","8":"tablet-align-center","9":"mobile-align-center","10":"ast-product-gallery-layout-horizontal-slider","11":"ast-product-gallery-with-no-image","12":"ast-magnify-disabled","13":"ast-product-tabs-layout-horizontal","15":"first","16":"instock","17":"featured","18":"shipping-taxable","19":"product-type-simple"},"uagb_featured_image_src":{"full":["https:\/\/www.szhzykc.com\/wp-content\/uploads\/2025\/09\/huishougui.webp",800,800,false],"thumbnail":["https:\/\/www.szhzykc.com\/wp-content\/uploads\/2025\/09\/huishougui-150x150.webp",150,150,true],"medium":["https:\/\/www.szhzykc.com\/wp-content\/uploads\/2025\/09\/huishougui-300x300.webp",300,300,true],"medium_large":["https:\/\/www.szhzykc.com\/wp-content\/uploads\/2025\/09\/huishougui-768x768.webp",768,768,true],"large":["https:\/\/www.szhzykc.com\/wp-content\/uploads\/2025\/09\/huishougui.webp",800,800,false],"1536x1536":["https:\/\/www.szhzykc.com\/wp-content\/uploads\/2025\/09\/huishougui.webp",800,800,false],"2048x2048":["https:\/\/www.szhzykc.com\/wp-content\/uploads\/2025\/09\/huishougui.webp",800,800,false],"trp-custom-language-flag":["https:\/\/www.szhzykc.com\/wp-content\/uploads\/2025\/09\/huishougui.webp",12,12,false],"woocommerce_thumbnail":["https:\/\/www.szhzykc.com\/wp-content\/uploads\/2025\/09\/huishougui-600x600.webp",600,600,true],"woocommerce_single":["https:\/\/www.szhzykc.com\/wp-content\/uploads\/2025\/09\/huishougui-600x600.webp",600,600,true],"woocommerce_gallery_thumbnail":["https:\/\/www.szhzykc.com\/wp-content\/uploads\/2025\/09\/huishougui-100x100.webp",100,100,true]},"uagb_author_info":{"display_name":"contact@qunbiz.com","author_link":"https:\/\/www.szhzykc.com\/de\/author\/"},"uagb_comment_info":0,"uagb_excerpt":"\u5783\u573e\u5206\u7c7b\u6570\u5b57\u5316\u7ba1\u7406\u7cfb\u7edf\u4ee5\u5168\u7ef4\u5ea6\u529f\u80fd\u8d4b\u80fd\u4e1a\u52a1\u7cbe\u7ec6\u5316\u8fd0\u8425\u3002\u9996\u9875\u770b\u677f\u76f4\u89c2\u5448\u73b0\u6d41\u91cf\u5361\u72b6\u6001\u3001\u6838\u5fc3\u6307\u6807\uff08 \u65e5\u5747\u6295\u9012\u91cf\u3001\u56de\u6536&hellip;","_links":{"self":[{"href":"https:\/\/www.szhzykc.com\/de\/wp-json\/wp\/v2\/product\/2407","targetHints":{"allow":["GET"]}}],"collection":[{"href":"https:\/\/www.szhzykc.com\/de\/wp-json\/wp\/v2\/product"}],"about":[{"href":"https:\/\/www.szhzykc.com\/de\/wp-json\/wp\/v2\/types\/product"}],"wp:featuredmedia":[{"embeddable":true,"href":"https:\/\/www.szhzykc.com\/de\/wp-json\/wp\/v2\/media\/2346"}],"wp:attachment":[{"href":"https:\/\/www.szhzykc.com\/de\/wp-json\/wp\/v2\/media?parent=2407"}],"wp:term":[{"taxonomy":"product_brand","embeddable":true,"href":"https:\/\/www.szhzykc.com\/de\/wp-json\/wp\/v2\/product_brand?post=2407"},{"taxonomy":"product_cat","embeddable":true,"href":"https:\/\/www.szhzykc.com\/de\/wp-json\/wp\/v2\/product_cat?post=2407"},{"taxonomy":"product_tag","embeddable":true,"href":"https:\/\/www.szhzykc.com\/de\/wp-json\/wp\/v2\/product_tag?post=2407"}],"curies":[{"name":"wp","href":"https:\/\/api.w.org\/{rel}","templated":true}]}}