{"id":2446,"date":"2025-09-05T02:32:49","date_gmt":"2025-09-05T02:32:49","guid":{"rendered":"https:\/\/szhzykc.com\/?post_type=product&#038;p=2446"},"modified":"2025-09-06T02:57:37","modified_gmt":"2025-09-06T02:57:37","slug":"f8604","status":"publish","type":"product","link":"https:\/\/www.szhzykc.com\/de\/product\/f8604\/","title":{"rendered":"RFID-Smart-Split-Leseger\u00e4t F8604"},"content":{"rendered":"<h4 class=\"pub_title\">Basisparameter<\/h4>\n<div>Gesamtgr\u00f6\u00dfe 210*140*30mm<\/div>\n<div>Kommunikationsschnittstelle 1 serieller RS-232-Anschluss, 1 RJ45-Netzwerkanschluss, 3 USB2.0 Typ A, Unterst\u00fctzung f\u00fcr 4G-Netzwerkpass \/ GNSS-Ortung \/ Bluetooth \/ WIFI eine Vielzahl von<\/div>\n<div>Betriebssysteme, einschlie\u00dflich, aber nicht beschr\u00e4nkt auf Windows, Android, IOS, Kirin, Unicorn, Hongmeng<\/div>\n<div>* Der Katalog enth\u00e4lt nur einen Teil der Parameter, die Parameter der verschiedenen Modelle sind in den Spezifikationen aufgef\u00fchrt.<\/div>","protected":false},"excerpt":{"rendered":"<p>Die Serie von Lese-Schreib, basierend auf Impinj E710\/R2000 oder inl\u00e4ndischen RF-Chip; integrierte Middleware-Algorithmen wie Tag-Bewegung Richtung Erkennung, Filterung und De-Emphasis, Haltepunkte, schwarze und wei\u00dfe Listen, etc.; integrierte Middleware-System, um die Komplexit\u00e4t der Wartung des Systems zu reduzieren, und kann sogar erreichen, Null Entwicklung von RFID-System-Integration;<\/p>\n<p>Das Ger\u00e4t verf\u00fcgt \u00fcber eine herk\u00f6mmliche industrielle Computerschnittstelle und unterst\u00fctzt HTTP\/MQTT\/TCP\/UDP und andere Kommunikationsprotokolle. Es kann an eine Vielzahl von Antennenspezifikationen angepasst werden, ist stabil und robust und eignet sich f\u00fcr Lagerhaltung und Logistik, Fahrzeugmanagement, Produktionslinienmanagement und andere Anwendungen.<\/p>","protected":false},"featured_media":2483,"template":"","meta":{"_seopress_robots_primary_cat":"none","_seopress_titles_title":"","_seopress_titles_desc":"","_seopress_robots_index":"","_uag_custom_page_level_css":"","site-sidebar-layout":"default","site-content-layout":"","ast-site-content-layout":"default","site-content-style":"default","site-sidebar-style":"default","ast-global-header-display":"","ast-banner-title-visibility":"","ast-main-header-display":"","ast-hfb-above-header-display":"","ast-hfb-below-header-display":"","ast-hfb-mobile-header-display":"","site-post-title":"","ast-breadcrumbs-content":"","ast-featured-img":"","footer-sml-layout":"","ast-disable-related-posts":"","theme-transparent-header-meta":"default","adv-header-id-meta":"","stick-header-meta":"default","header-above-stick-meta":"","header-main-stick-meta":"","header-below-stick-meta":"","astra-migrate-meta-layouts":"set","ast-page-background-enabled":"default","ast-page-background-meta":{"desktop":{"background-color":"var(--ast-global-color-5)","background-image":"","background-repeat":"repeat","background-position":"center center","background-size":"auto","background-attachment":"scroll","background-type":"","background-media":"","overlay-type":"","overlay-color":"","overlay-opacity":"","overlay-gradient":""},"tablet":{"background-color":"","background-image":"","background-repeat":"repeat","background-position":"center center","background-size":"auto","background-attachment":"scroll","background-type":"","background-media":"","overlay-type":"","overlay-color":"","overlay-opacity":"","overlay-gradient":""},"mobile":{"background-color":"","background-image":"","background-repeat":"repeat","background-position":"center center","background-size":"auto","background-attachment":"scroll","background-type":"","background-media":"","overlay-type":"","overlay-color":"","overlay-opacity":"","overlay-gradient":""}},"ast-content-background-meta":{"desktop":{"background-color":"var(--ast-global-color-4)","background-image":"","background-repeat":"repeat","background-position":"center center","background-size":"auto","background-attachment":"scroll","background-type":"","background-media":"","overlay-type":"","overlay-color":"","overlay-opacity":"","overlay-gradient":""},"tablet":{"background-color":"var(--ast-global-color-4)","background-image":"","background-repeat":"repeat","background-position":"center center","background-size":"auto","background-attachment":"scroll","background-type":"","background-media":"","overlay-type":"","overlay-color":"","overlay-opacity":"","overlay-gradient":""},"mobile":{"background-color":"var(--ast-global-color-4)","background-image":"","background-repeat":"repeat","background-position":"center center","background-size":"auto","background-attachment":"scroll","background-type":"","background-media":"","overlay-type":"","overlay-color":"","overlay-opacity":"","overlay-gradient":""}},"iawp_total_views":11},"product_brand":[],"product_cat":[15],"product_tag":[],"class_list":{"0":"post-2446","1":"product","2":"type-product","3":"status-publish","4":"has-post-thumbnail","6":"product_cat-products","7":"desktop-align-center","8":"tablet-align-center","9":"mobile-align-center","10":"ast-product-gallery-layout-horizontal-slider","11":"ast-product-gallery-with-no-image","12":"ast-magnify-disabled","13":"ast-product-tabs-layout-horizontal","15":"first","16":"instock","17":"shipping-taxable","18":"product-type-simple"},"uagb_featured_image_src":{"full":["https:\/\/www.szhzykc.com\/wp-content\/uploads\/2025\/09\/F8604.webp",800,800,false],"thumbnail":["https:\/\/www.szhzykc.com\/wp-content\/uploads\/2025\/09\/F8604-150x150.webp",150,150,true],"medium":["https:\/\/www.szhzykc.com\/wp-content\/uploads\/2025\/09\/F8604-300x300.webp",300,300,true],"medium_large":["https:\/\/www.szhzykc.com\/wp-content\/uploads\/2025\/09\/F8604-768x768.webp",768,768,true],"large":["https:\/\/www.szhzykc.com\/wp-content\/uploads\/2025\/09\/F8604.webp",800,800,false],"1536x1536":["https:\/\/www.szhzykc.com\/wp-content\/uploads\/2025\/09\/F8604.webp",800,800,false],"2048x2048":["https:\/\/www.szhzykc.com\/wp-content\/uploads\/2025\/09\/F8604.webp",800,800,false],"trp-custom-language-flag":["https:\/\/www.szhzykc.com\/wp-content\/uploads\/2025\/09\/F8604.webp",12,12,false],"woocommerce_thumbnail":["https:\/\/www.szhzykc.com\/wp-content\/uploads\/2025\/09\/F8604-600x600.webp",600,600,true],"woocommerce_single":["https:\/\/www.szhzykc.com\/wp-content\/uploads\/2025\/09\/F8604-600x600.webp",600,600,true],"woocommerce_gallery_thumbnail":["https:\/\/www.szhzykc.com\/wp-content\/uploads\/2025\/09\/F8604-100x100.webp",100,100,true]},"uagb_author_info":{"display_name":"contact@qunbiz.com","author_link":"https:\/\/www.szhzykc.com\/de\/author\/"},"uagb_comment_info":0,"uagb_excerpt":"\u8be5\u7cfb\u5217\u8bfb\u5199\u5668\uff0c\u91c7\u7528\u57fa\u4e8eImpinj E710\/R2000\u6216\u56fd\u4ea7\u7684\u5c04\u9891\u82af\u7247\uff1b\u5185\u7f6e\u4e2d\u95f4\u4ef6\u7b97\u6cd5\u5982\u6807\u7b7e\u79fb\u52a8\u65b9\u5411\u68c0\u6d4b\uff0c\u8fc7&hellip;","_links":{"self":[{"href":"https:\/\/www.szhzykc.com\/de\/wp-json\/wp\/v2\/product\/2446","targetHints":{"allow":["GET"]}}],"collection":[{"href":"https:\/\/www.szhzykc.com\/de\/wp-json\/wp\/v2\/product"}],"about":[{"href":"https:\/\/www.szhzykc.com\/de\/wp-json\/wp\/v2\/types\/product"}],"wp:featuredmedia":[{"embeddable":true,"href":"https:\/\/www.szhzykc.com\/de\/wp-json\/wp\/v2\/media\/2483"}],"wp:attachment":[{"href":"https:\/\/www.szhzykc.com\/de\/wp-json\/wp\/v2\/media?parent=2446"}],"wp:term":[{"taxonomy":"product_brand","embeddable":true,"href":"https:\/\/www.szhzykc.com\/de\/wp-json\/wp\/v2\/product_brand?post=2446"},{"taxonomy":"product_cat","embeddable":true,"href":"https:\/\/www.szhzykc.com\/de\/wp-json\/wp\/v2\/product_cat?post=2446"},{"taxonomy":"product_tag","embeddable":true,"href":"https:\/\/www.szhzykc.com\/de\/wp-json\/wp\/v2\/product_tag?post=2446"}],"curies":[{"name":"wp","href":"https:\/\/api.w.org\/{rel}","templated":true}]}}