{"id":2452,"date":"2025-09-05T05:34:43","date_gmt":"2025-09-05T05:34:43","guid":{"rendered":"https:\/\/szhzykc.com\/?post_type=product&#038;p=2452"},"modified":"2025-09-06T03:02:15","modified_gmt":"2025-09-06T03:02:15","slug":"i7306-i7307-i7308-i7309-i7312","status":"publish","type":"product","link":"https:\/\/www.szhzykc.com\/de\/product\/i7306-i7307-i7308-i7309-i7312\/","title":{"rendered":"Konventionelle RFID-All-in-One-Leseger\u00e4te I7306\/I7307\/I7308\/I7309\/I7312"},"content":{"rendered":"<h4 class=\"pub_title\">Basisparameter<\/h4>\n<table>\n<tbody>\n<tr>\n<td>Abmessungen der gesamten Maschine<\/td>\n<td>133*133*52mm<\/p>\n<p>190*190*54mm<\/p>\n<p>225*225*55mm<\/p>\n<p>260*260*66mm<\/p>\n<p>445*445*43mm<\/td>\n<\/tr>\n<tr>\n<td>Protokolle<\/td>\n<td>ISO 18000-6C\/ISO 18000-6B\/(Sonstige)<\/td>\n<\/tr>\n<tr>\n<td>\u00a0Stecker<\/td>\n<td>\u00a0Ethernet, RS232\/485\/Wegem, Bluetooth\/WIFI\/4G, etc.<\/td>\n<\/tr>\n<tr>\n<td>\u00a0Frequenz<\/td>\n<td>\u00a0840MHz ~ 960MHz, FCC\/ETSI\/CHN w\u00e4hlbar<\/td>\n<\/tr>\n<tr>\n<td>\u00a0Stromzufuhr<\/td>\n<td>\u00a0DC9~24V<\/td>\n<\/tr>\n<tr>\n<td>\u00a0Newsletter<\/td>\n<td>\u00a0TCPIP\/HTTP\/MQTT usw.<\/td>\n<\/tr>\n<tr>\n<td>\u00a0Betriebstemperatur<\/td>\n<td>\u00a0-25 \u00b0C - +65 \u00b0C<\/td>\n<\/tr>\n<\/tbody>\n<\/table>","protected":false},"excerpt":{"rendered":"<p>Mit Impinj E710\/R2000\/domestic optional Chip-basierte Ein-Kanal-RF, integrierte konventionelle Industrie-Computer-Schnittstelle, eine Vielzahl von IoT-Kommunikationsprotokolle, kann mit einer Vielzahl von Spezifikationen der Antenne, stabile und hervorragende Leistung gepaart werden, geeignet f\u00fcr Lagerhaltung und Logistik, Fahrzeug-Management, Produktionslinie Management, Archive und B\u00fccher, Schuhe und Kleidung, Schmuck und Uhren, medizinische Ger\u00e4te, unbemannte Einzelhandel und andere hohe Anforderungen f\u00fcr RFID-Lesung, anspruchsvolle Anwendungsumgebungen.<\/p>\n<p>*Dieses Produkt kann auf die Smart Series aufger\u00fcstet werden.<\/p>","protected":false},"featured_media":2488,"template":"","meta":{"_seopress_robots_primary_cat":"none","_seopress_titles_title":"","_seopress_titles_desc":"","_seopress_robots_index":"","_uag_custom_page_level_css":"","site-sidebar-layout":"default","site-content-layout":"","ast-site-content-layout":"default","site-content-style":"default","site-sidebar-style":"default","ast-global-header-display":"","ast-banner-title-visibility":"","ast-main-header-display":"","ast-hfb-above-header-display":"","ast-hfb-below-header-display":"","ast-hfb-mobile-header-display":"","site-post-title":"","ast-breadcrumbs-content":"","ast-featured-img":"","footer-sml-layout":"","ast-disable-related-posts":"","theme-transparent-header-meta":"default","adv-header-id-meta":"","stick-header-meta":"default","header-above-stick-meta":"","header-main-stick-meta":"","header-below-stick-meta":"","astra-migrate-meta-layouts":"set","ast-page-background-enabled":"default","ast-page-background-meta":{"desktop":{"background-color":"var(--ast-global-color-5)","background-image":"","background-repeat":"repeat","background-position":"center center","background-size":"auto","background-attachment":"scroll","background-type":"","background-media":"","overlay-type":"","overlay-color":"","overlay-opacity":"","overlay-gradient":""},"tablet":{"background-color":"","background-image":"","background-repeat":"repeat","background-position":"center center","background-size":"auto","background-attachment":"scroll","background-type":"","background-media":"","overlay-type":"","overlay-color":"","overlay-opacity":"","overlay-gradient":""},"mobile":{"background-color":"","background-image":"","background-repeat":"repeat","background-position":"center center","background-size":"auto","background-attachment":"scroll","background-type":"","background-media":"","overlay-type":"","overlay-color":"","overlay-opacity":"","overlay-gradient":""}},"ast-content-background-meta":{"desktop":{"background-color":"var(--ast-global-color-4)","background-image":"","background-repeat":"repeat","background-position":"center center","background-size":"auto","background-attachment":"scroll","background-type":"","background-media":"","overlay-type":"","overlay-color":"","overlay-opacity":"","overlay-gradient":""},"tablet":{"background-color":"var(--ast-global-color-4)","background-image":"","background-repeat":"repeat","background-position":"center center","background-size":"auto","background-attachment":"scroll","background-type":"","background-media":"","overlay-type":"","overlay-color":"","overlay-opacity":"","overlay-gradient":""},"mobile":{"background-color":"var(--ast-global-color-4)","background-image":"","background-repeat":"repeat","background-position":"center center","background-size":"auto","background-attachment":"scroll","background-type":"","background-media":"","overlay-type":"","overlay-color":"","overlay-opacity":"","overlay-gradient":""}},"iawp_total_views":9},"product_brand":[],"product_cat":[15],"product_tag":[],"class_list":{"0":"post-2452","1":"product","2":"type-product","3":"status-publish","4":"has-post-thumbnail","6":"product_cat-products","7":"desktop-align-center","8":"tablet-align-center","9":"mobile-align-center","10":"ast-product-gallery-layout-horizontal-slider","11":"ast-magnify-disabled","12":"ast-product-tabs-layout-horizontal","14":"first","15":"instock","16":"shipping-taxable","17":"product-type-simple"},"uagb_featured_image_src":{"full":["https:\/\/www.szhzykc.com\/wp-content\/uploads\/2025\/09\/I7306.webp",800,800,false],"thumbnail":["https:\/\/www.szhzykc.com\/wp-content\/uploads\/2025\/09\/I7306-150x150.webp",150,150,true],"medium":["https:\/\/www.szhzykc.com\/wp-content\/uploads\/2025\/09\/I7306-300x300.webp",300,300,true],"medium_large":["https:\/\/www.szhzykc.com\/wp-content\/uploads\/2025\/09\/I7306-768x768.webp",768,768,true],"large":["https:\/\/www.szhzykc.com\/wp-content\/uploads\/2025\/09\/I7306.webp",800,800,false],"1536x1536":["https:\/\/www.szhzykc.com\/wp-content\/uploads\/2025\/09\/I7306.webp",800,800,false],"2048x2048":["https:\/\/www.szhzykc.com\/wp-content\/uploads\/2025\/09\/I7306.webp",800,800,false],"trp-custom-language-flag":["https:\/\/www.szhzykc.com\/wp-content\/uploads\/2025\/09\/I7306.webp",12,12,false],"woocommerce_thumbnail":["https:\/\/www.szhzykc.com\/wp-content\/uploads\/2025\/09\/I7306-600x600.webp",600,600,true],"woocommerce_single":["https:\/\/www.szhzykc.com\/wp-content\/uploads\/2025\/09\/I7306-600x600.webp",600,600,true],"woocommerce_gallery_thumbnail":["https:\/\/www.szhzykc.com\/wp-content\/uploads\/2025\/09\/I7306-100x100.webp",100,100,true]},"uagb_author_info":{"display_name":"contact@qunbiz.com","author_link":"https:\/\/www.szhzykc.com\/de\/author\/"},"uagb_comment_info":0,"uagb_excerpt":"\u91c7\u7528\u57fa\u4e8eImpinj E710\/R2000\/\u56fd\u4ea7\u53ef\u9009\u82af\u7247\u7684\u5355\u901a\u9053\u5c04\u9891\uff0c\u96c6\u6210\u5e38\u89c4\u5de5\u4e1a\u8ba1\u7b97\u673a\u63a5\u53e3\uff0c\u591a\u79cd\u7269\u8054\u7f51\u901a\u8baf\u534f&hellip;","_links":{"self":[{"href":"https:\/\/www.szhzykc.com\/de\/wp-json\/wp\/v2\/product\/2452","targetHints":{"allow":["GET"]}}],"collection":[{"href":"https:\/\/www.szhzykc.com\/de\/wp-json\/wp\/v2\/product"}],"about":[{"href":"https:\/\/www.szhzykc.com\/de\/wp-json\/wp\/v2\/types\/product"}],"wp:featuredmedia":[{"embeddable":true,"href":"https:\/\/www.szhzykc.com\/de\/wp-json\/wp\/v2\/media\/2488"}],"wp:attachment":[{"href":"https:\/\/www.szhzykc.com\/de\/wp-json\/wp\/v2\/media?parent=2452"}],"wp:term":[{"taxonomy":"product_brand","embeddable":true,"href":"https:\/\/www.szhzykc.com\/de\/wp-json\/wp\/v2\/product_brand?post=2452"},{"taxonomy":"product_cat","embeddable":true,"href":"https:\/\/www.szhzykc.com\/de\/wp-json\/wp\/v2\/product_cat?post=2452"},{"taxonomy":"product_tag","embeddable":true,"href":"https:\/\/www.szhzykc.com\/de\/wp-json\/wp\/v2\/product_tag?post=2452"}],"curies":[{"name":"wp","href":"https:\/\/api.w.org\/{rel}","templated":true}]}}