{"id":2454,"date":"2025-09-05T05:50:16","date_gmt":"2025-09-05T05:50:16","guid":{"rendered":"https:\/\/szhzykc.com\/?post_type=product&#038;p=2454"},"modified":"2025-09-06T03:48:13","modified_gmt":"2025-09-06T03:48:13","slug":"d05","status":"publish","type":"product","link":"https:\/\/www.szhzykc.com\/de\/product\/d05\/","title":{"rendered":"Konventioneller RFID-Tischsender D05"},"content":{"rendered":"<h4 class=\"pub_title\">Basisparameter<\/h4>\n<table>\n<tbody>\n<tr>\n<td>Gr\u00f6\u00dfen<\/td>\n<td>150*110*20mm<\/td>\n<\/tr>\n<tr>\n<td>Betriebsfrequenz<\/td>\n<td>902~928MHZ, 865~868MHZ<\/td>\n<\/tr>\n<tr>\n<td>\u00a0Unterst\u00fctzte Protokolle<\/td>\n<td>\u00a0ISO 18000-6C (EPCC1GEN2)<\/td>\n<\/tr>\n<tr>\n<td>\u00a0Datenschnittstelle<\/td>\n<td>\u00a0USB zu Seriell\/USB-Emulation Tastaturausgang<\/td>\n<\/tr>\n<tr>\n<td>\u00a0Testsoftware<\/td>\n<td>\u00a0DEMO-Software bereitstellen, Batch lesen\/schreiben<\/td>\n<\/tr>\n<tr>\n<td>\u00a0Entwicklungs-Kit<\/td>\n<td>\u00a0Bereitstellung von SDK-Entwicklungsroutinen f\u00fcr C#, Android, Java, usw.<\/td>\n<\/tr>\n<tr>\n<td>\u00a0Leseabstand<\/td>\n<td>\u00a00~50cm einstellbar (je nach Etikett und Umgebung)<\/td>\n<\/tr>\n<\/tbody>\n<\/table>","protected":false},"excerpt":{"rendered":"<p>Ein leistungsstarkes Desktop-Lese-\/Schreibger\u00e4t, das Antenne und Leseger\u00e4t integriert. Umfassende Unterst\u00fctzung im Einklang mit ISO-18000-6C (EPCG2) Protokoll, USB-Stromversorgung, lesen und schreiben Daten stabil und zuverl\u00e4ssig. Zur gleichen Zeit, Dual-USB-Kommunikation Design, kann frei sein, um den Haushalt zu fahren, um eine Vielzahl von verschiedenen Formaten der Simulation der Tastatur-Ausgang zu erreichen, kann auch USB serielle Schnittstelle sekund\u00e4re Entwicklung sein.<\/p>","protected":false},"featured_media":2499,"template":"","meta":{"_seopress_robots_primary_cat":"none","_seopress_titles_title":"","_seopress_titles_desc":"","_seopress_robots_index":"","_uag_custom_page_level_css":"","site-sidebar-layout":"default","site-content-layout":"","ast-site-content-layout":"default","site-content-style":"default","site-sidebar-style":"default","ast-global-header-display":"","ast-banner-title-visibility":"","ast-main-header-display":"","ast-hfb-above-header-display":"","ast-hfb-below-header-display":"","ast-hfb-mobile-header-display":"","site-post-title":"","ast-breadcrumbs-content":"","ast-featured-img":"","footer-sml-layout":"","ast-disable-related-posts":"","theme-transparent-header-meta":"default","adv-header-id-meta":"","stick-header-meta":"default","header-above-stick-meta":"","header-main-stick-meta":"","header-below-stick-meta":"","astra-migrate-meta-layouts":"set","ast-page-background-enabled":"default","ast-page-background-meta":{"desktop":{"background-color":"var(--ast-global-color-5)","background-image":"","background-repeat":"repeat","background-position":"center center","background-size":"auto","background-attachment":"scroll","background-type":"","background-media":"","overlay-type":"","overlay-color":"","overlay-opacity":"","overlay-gradient":""},"tablet":{"background-color":"","background-image":"","background-repeat":"repeat","background-position":"center center","background-size":"auto","background-attachment":"scroll","background-type":"","background-media":"","overlay-type":"","overlay-color":"","overlay-opacity":"","overlay-gradient":""},"mobile":{"background-color":"","background-image":"","background-repeat":"repeat","background-position":"center center","background-size":"auto","background-attachment":"scroll","background-type":"","background-media":"","overlay-type":"","overlay-color":"","overlay-opacity":"","overlay-gradient":""}},"ast-content-background-meta":{"desktop":{"background-color":"var(--ast-global-color-4)","background-image":"","background-repeat":"repeat","background-position":"center center","background-size":"auto","background-attachment":"scroll","background-type":"","background-media":"","overlay-type":"","overlay-color":"","overlay-opacity":"","overlay-gradient":""},"tablet":{"background-color":"var(--ast-global-color-4)","background-image":"","background-repeat":"repeat","background-position":"center center","background-size":"auto","background-attachment":"scroll","background-type":"","background-media":"","overlay-type":"","overlay-color":"","overlay-opacity":"","overlay-gradient":""},"mobile":{"background-color":"var(--ast-global-color-4)","background-image":"","background-repeat":"repeat","background-position":"center center","background-size":"auto","background-attachment":"scroll","background-type":"","background-media":"","overlay-type":"","overlay-color":"","overlay-opacity":"","overlay-gradient":""}},"iawp_total_views":14},"product_brand":[],"product_cat":[15],"product_tag":[],"class_list":{"0":"post-2454","1":"product","2":"type-product","3":"status-publish","4":"has-post-thumbnail","6":"product_cat-products","7":"desktop-align-center","8":"tablet-align-center","9":"mobile-align-center","10":"ast-product-gallery-layout-horizontal-slider","11":"ast-product-gallery-with-no-image","12":"ast-magnify-disabled","13":"ast-product-tabs-layout-horizontal","15":"first","16":"instock","17":"shipping-taxable","18":"product-type-simple"},"uagb_featured_image_src":{"full":["https:\/\/www.szhzykc.com\/wp-content\/uploads\/2025\/09\/D05.webp",800,800,false],"thumbnail":["https:\/\/www.szhzykc.com\/wp-content\/uploads\/2025\/09\/D05-150x150.webp",150,150,true],"medium":["https:\/\/www.szhzykc.com\/wp-content\/uploads\/2025\/09\/D05-300x300.webp",300,300,true],"medium_large":["https:\/\/www.szhzykc.com\/wp-content\/uploads\/2025\/09\/D05-768x768.webp",768,768,true],"large":["https:\/\/www.szhzykc.com\/wp-content\/uploads\/2025\/09\/D05.webp",800,800,false],"1536x1536":["https:\/\/www.szhzykc.com\/wp-content\/uploads\/2025\/09\/D05.webp",800,800,false],"2048x2048":["https:\/\/www.szhzykc.com\/wp-content\/uploads\/2025\/09\/D05.webp",800,800,false],"trp-custom-language-flag":["https:\/\/www.szhzykc.com\/wp-content\/uploads\/2025\/09\/D05.webp",12,12,false],"woocommerce_thumbnail":["https:\/\/www.szhzykc.com\/wp-content\/uploads\/2025\/09\/D05-600x600.webp",600,600,true],"woocommerce_single":["https:\/\/www.szhzykc.com\/wp-content\/uploads\/2025\/09\/D05-600x600.webp",600,600,true],"woocommerce_gallery_thumbnail":["https:\/\/www.szhzykc.com\/wp-content\/uploads\/2025\/09\/D05-100x100.webp",100,100,true]},"uagb_author_info":{"display_name":"contact@qunbiz.com","author_link":"https:\/\/www.szhzykc.com\/de\/author\/"},"uagb_comment_info":0,"uagb_excerpt":"\u4e00\u6b3e\u96c6\u5929\u7ebf\u548c\u8bfb\u5199\u5668\u4e3a\u4e00\u4f53\u7684\u9ad8\u6027\u80fd\u684c\u9762\u5f0f\u8bfb\u5199\u8bbe\u5907\u3002\u5168\u9762\u652f\u6301\u7b26\u5408ISO-18000-6C(EPCG2)\u534f\u8bae\uff0cUSB&hellip;","_links":{"self":[{"href":"https:\/\/www.szhzykc.com\/de\/wp-json\/wp\/v2\/product\/2454","targetHints":{"allow":["GET"]}}],"collection":[{"href":"https:\/\/www.szhzykc.com\/de\/wp-json\/wp\/v2\/product"}],"about":[{"href":"https:\/\/www.szhzykc.com\/de\/wp-json\/wp\/v2\/types\/product"}],"wp:featuredmedia":[{"embeddable":true,"href":"https:\/\/www.szhzykc.com\/de\/wp-json\/wp\/v2\/media\/2499"}],"wp:attachment":[{"href":"https:\/\/www.szhzykc.com\/de\/wp-json\/wp\/v2\/media?parent=2454"}],"wp:term":[{"taxonomy":"product_brand","embeddable":true,"href":"https:\/\/www.szhzykc.com\/de\/wp-json\/wp\/v2\/product_brand?post=2454"},{"taxonomy":"product_cat","embeddable":true,"href":"https:\/\/www.szhzykc.com\/de\/wp-json\/wp\/v2\/product_cat?post=2454"},{"taxonomy":"product_tag","embeddable":true,"href":"https:\/\/www.szhzykc.com\/de\/wp-json\/wp\/v2\/product_tag?post=2454"}],"curies":[{"name":"wp","href":"https:\/\/api.w.org\/{rel}","templated":true}]}}