{"id":2462,"date":"2025-09-05T06:06:19","date_gmt":"2025-09-05T06:06:19","guid":{"rendered":"https:\/\/szhzykc.com\/?post_type=product&#038;p=2462"},"modified":"2025-09-06T04:02:15","modified_gmt":"2025-09-06T04:02:15","slug":"rfid-rou-xing-ke-da-yin-kang-jin-shu-dian-zi-biao-qian","status":"publish","type":"product","link":"https:\/\/www.szhzykc.com\/de\/product\/rfid-rou-xing-ke-da-yin-kang-jin-shu-dian-zi-biao-qian\/","title":{"rendered":"Flexible, bedruckbare, metallbest\u00e4ndige RFID-Etiketten"},"content":{"rendered":"<h4 class=\"pub_title\">Basisparameter<\/h4>\n<table>\n<tbody>\n<tr>\n<td>Gr\u00f6\u00dfe des Produkts<\/td>\n<td>30*15*1,23mm<\/p>\n<p>60*25*1,23mm<\/p>\n<p>65*35*1,23mm<\/p>\n<p>70*30*1,23mm<\/p>\n<p>80*40*1,23mm<\/p>\n<p>100*30*1,23mm<\/td>\n<\/tr>\n<tr>\n<td>Luftprotokoll:<\/td>\n<td>EPC Klasse1 Gen2, ISO 18000-6C<\/td>\n<\/tr>\n<tr>\n<td>\u00a0Betriebsfrequenz:<\/td>\n<td>\u00a0902-928 MHz, oder 865-868 MHz<\/td>\n<\/tr>\n<tr>\n<td>\u00a0Chip-Typ:<\/td>\n<td>\u00a0Impinj M730, U8, U9<\/td>\n<\/tr>\n<tr>\n<td>\u00a0Lagerung von Chips:<\/td>\n<td>\u00a0EPC 128-bit, Benutzer O-bit<\/td>\n<\/tr>\n<tr>\n<td>\u00a0Lese- und Schreibleistung:<\/td>\n<td>\u00a0Lesbar und beschreibbar (der Kunde kann den Chip wiederholt beschreiben)<\/td>\n<\/tr>\n<tr>\n<td>\u00a0Aufbewahrung von Daten:<\/td>\n<td>\u00a020 Jahre<\/td>\n<\/tr>\n<\/tbody>\n<\/table>","protected":false},"excerpt":{"rendered":"<p>RF-Leistung ist besser als der Markt der gleichen oder \u00e4hnlichen Gr\u00f6\u00dfe flexible druckbare metallbest\u00e4ndige elektronische Tags, die auf Metalloberfl\u00e4chen, Kunststoffoberfl\u00e4chen, Glasoberfl\u00e4chen, Keramikoberfl\u00e4chen, Holzoberfl\u00e4chen und Kartonagenoberfl\u00e4chen verwendet werden kann, das Produkt 100% durch die europ\u00e4ische VoyanticTagsurance Label Konsistenz Testsystem Tests. Dieses Produkt ist weit verbreitet in Indoor-Asset-Management, Lagerverwaltung, die Produktoberfl\u00e4che gedruckt werden kann, stabile und zuverl\u00e4ssige Leistung.<\/p>","protected":false},"featured_media":2504,"template":"","meta":{"_seopress_robots_primary_cat":"none","_seopress_titles_title":"","_seopress_titles_desc":"","_seopress_robots_index":"","_uag_custom_page_level_css":"","site-sidebar-layout":"default","site-content-layout":"","ast-site-content-layout":"default","site-content-style":"default","site-sidebar-style":"default","ast-global-header-display":"","ast-banner-title-visibility":"","ast-main-header-display":"","ast-hfb-above-header-display":"","ast-hfb-below-header-display":"","ast-hfb-mobile-header-display":"","site-post-title":"","ast-breadcrumbs-content":"","ast-featured-img":"","footer-sml-layout":"","ast-disable-related-posts":"","theme-transparent-header-meta":"default","adv-header-id-meta":"","stick-header-meta":"default","header-above-stick-meta":"","header-main-stick-meta":"","header-below-stick-meta":"","astra-migrate-meta-layouts":"set","ast-page-background-enabled":"default","ast-page-background-meta":{"desktop":{"background-color":"var(--ast-global-color-5)","background-image":"","background-repeat":"repeat","background-position":"center center","background-size":"auto","background-attachment":"scroll","background-type":"","background-media":"","overlay-type":"","overlay-color":"","overlay-opacity":"","overlay-gradient":""},"tablet":{"background-color":"","background-image":"","background-repeat":"repeat","background-position":"center center","background-size":"auto","background-attachment":"scroll","background-type":"","background-media":"","overlay-type":"","overlay-color":"","overlay-opacity":"","overlay-gradient":""},"mobile":{"background-color":"","background-image":"","background-repeat":"repeat","background-position":"center center","background-size":"auto","background-attachment":"scroll","background-type":"","background-media":"","overlay-type":"","overlay-color":"","overlay-opacity":"","overlay-gradient":""}},"ast-content-background-meta":{"desktop":{"background-color":"var(--ast-global-color-4)","background-image":"","background-repeat":"repeat","background-position":"center center","background-size":"auto","background-attachment":"scroll","background-type":"","background-media":"","overlay-type":"","overlay-color":"","overlay-opacity":"","overlay-gradient":""},"tablet":{"background-color":"var(--ast-global-color-4)","background-image":"","background-repeat":"repeat","background-position":"center center","background-size":"auto","background-attachment":"scroll","background-type":"","background-media":"","overlay-type":"","overlay-color":"","overlay-opacity":"","overlay-gradient":""},"mobile":{"background-color":"var(--ast-global-color-4)","background-image":"","background-repeat":"repeat","background-position":"center center","background-size":"auto","background-attachment":"scroll","background-type":"","background-media":"","overlay-type":"","overlay-color":"","overlay-opacity":"","overlay-gradient":""}},"iawp_total_views":13},"product_brand":[],"product_cat":[15],"product_tag":[],"class_list":{"0":"post-2462","1":"product","2":"type-product","3":"status-publish","4":"has-post-thumbnail","6":"product_cat-products","7":"desktop-align-center","8":"tablet-align-center","9":"mobile-align-center","10":"ast-product-gallery-layout-horizontal-slider","11":"ast-product-gallery-with-no-image","12":"ast-magnify-disabled","13":"ast-product-tabs-layout-horizontal","15":"first","16":"instock","17":"shipping-taxable","18":"product-type-simple"},"uagb_featured_image_src":{"full":["https:\/\/www.szhzykc.com\/wp-content\/uploads\/2025\/09\/rouxing.webp",800,800,false],"thumbnail":["https:\/\/www.szhzykc.com\/wp-content\/uploads\/2025\/09\/rouxing-150x150.webp",150,150,true],"medium":["https:\/\/www.szhzykc.com\/wp-content\/uploads\/2025\/09\/rouxing-300x300.webp",300,300,true],"medium_large":["https:\/\/www.szhzykc.com\/wp-content\/uploads\/2025\/09\/rouxing-768x768.webp",768,768,true],"large":["https:\/\/www.szhzykc.com\/wp-content\/uploads\/2025\/09\/rouxing.webp",800,800,false],"1536x1536":["https:\/\/www.szhzykc.com\/wp-content\/uploads\/2025\/09\/rouxing.webp",800,800,false],"2048x2048":["https:\/\/www.szhzykc.com\/wp-content\/uploads\/2025\/09\/rouxing.webp",800,800,false],"trp-custom-language-flag":["https:\/\/www.szhzykc.com\/wp-content\/uploads\/2025\/09\/rouxing.webp",12,12,false],"woocommerce_thumbnail":["https:\/\/www.szhzykc.com\/wp-content\/uploads\/2025\/09\/rouxing-600x600.webp",600,600,true],"woocommerce_single":["https:\/\/www.szhzykc.com\/wp-content\/uploads\/2025\/09\/rouxing-600x600.webp",600,600,true],"woocommerce_gallery_thumbnail":["https:\/\/www.szhzykc.com\/wp-content\/uploads\/2025\/09\/rouxing-100x100.webp",100,100,true]},"uagb_author_info":{"display_name":"contact@qunbiz.com","author_link":"https:\/\/www.szhzykc.com\/de\/author\/"},"uagb_comment_info":0,"uagb_excerpt":"\u5c04\u9891\u6027\u80fd\u4f18\u4e8e\u5e02\u573a\u4e0a\u7684\u76f8\u540c\u6216\u8fd1\u4f3c\u5c3a\u5bf8\u7684\u67d4\u6027\u53ef\u6253\u5370\u6297\u91d1\u5c5e\u7535\u5b50\u6807\u7b7e,\u5176\u53ef\u7528\u4e8e\u91d1\u5c5e\u8868\u9762\u3001\u5851\u6599\u8868\u9762\u3001\u73bb\u7483\u8868\u9762\u3001\u9676\u74f7\u8868\u9762\u3001&hellip;","_links":{"self":[{"href":"https:\/\/www.szhzykc.com\/de\/wp-json\/wp\/v2\/product\/2462","targetHints":{"allow":["GET"]}}],"collection":[{"href":"https:\/\/www.szhzykc.com\/de\/wp-json\/wp\/v2\/product"}],"about":[{"href":"https:\/\/www.szhzykc.com\/de\/wp-json\/wp\/v2\/types\/product"}],"wp:featuredmedia":[{"embeddable":true,"href":"https:\/\/www.szhzykc.com\/de\/wp-json\/wp\/v2\/media\/2504"}],"wp:attachment":[{"href":"https:\/\/www.szhzykc.com\/de\/wp-json\/wp\/v2\/media?parent=2462"}],"wp:term":[{"taxonomy":"product_brand","embeddable":true,"href":"https:\/\/www.szhzykc.com\/de\/wp-json\/wp\/v2\/product_brand?post=2462"},{"taxonomy":"product_cat","embeddable":true,"href":"https:\/\/www.szhzykc.com\/de\/wp-json\/wp\/v2\/product_cat?post=2462"},{"taxonomy":"product_tag","embeddable":true,"href":"https:\/\/www.szhzykc.com\/de\/wp-json\/wp\/v2\/product_tag?post=2462"}],"curies":[{"name":"wp","href":"https:\/\/api.w.org\/{rel}","templated":true}]}}