{"id":3392,"date":"2025-09-19T09:04:20","date_gmt":"2025-09-19T09:04:20","guid":{"rendered":"https:\/\/szhzykc.com\/?post_type=product&#038;p=3392"},"modified":"2025-09-19T09:56:25","modified_gmt":"2025-09-19T09:56:25","slug":"xun-lian-wu-ren-ji","status":"publish","type":"product","link":"https:\/\/www.szhzykc.com\/de\/product\/xun-lian-wu-ren-ji\/","title":{"rendered":"Ausbildungsdrohnen"},"content":{"rendered":"<h4>I. Aufbau und Struktur<\/h4>\n<div>1. robuster und langlebiger Rumpf: Durch die Verwendung von hochfesten Kohlefasern und Luftfahrtaluminium ist er leicht, aber extrem robust und kann ein gewisses Ma\u00df an Kollisionen aushalten, was das Risiko von Sch\u00e4den aufgrund von Betriebsfehlern erheblich reduziert und die Ausbildungskosten senkt. Gleichzeitig hat es eine gute Windbest\u00e4ndigkeit, kann in komplexen Umgebungen stabil fliegen und sch\u00fctzt die Ausbildung vor schlechtem Wetter.<\/div>\n<div>2. bequemes Faltdesign: die Arme und das Fahrwerk k\u00f6nnen schnell gefaltet werden, einfach zu lagern und zu tragen, ob es t\u00e4gliches Training ist, um die Website zu \u00fcbertragen, oder gehen Sie zur Teilnahme an Trainingsaktivit\u00e4ten, kann leicht behandelt werden, stark verbessert die Bequemlichkeit der Nutzung.<\/div>\n<h4>II. die Flugleistung<\/h4>\n<div>1. lange Ausdauer: Ausgestattet mit einer intelligenten Batterie mit hoher Kapazit\u00e4t kann die Ausdauerzeit bis zu [X] Minuten betragen, was ausreicht, um einen kompletten Trainingskurs zu absolvieren, ohne dass der h\u00e4ufige Austausch von Batterien den Unterrichtsrhythmus unterbricht, so dass sich die Sch\u00fcler auf das Flugbetriebstraining konzentrieren k\u00f6nnen.<\/div>\n<div>2. pr\u00e4ziser und stabiler Flug: Ausgestattet mit einem hochpr\u00e4zisen Flugsteuerungssystem, das mit fortschrittlichen Lageerkennungs- und Steuerungsalgorithmen integriert ist, kann es einen pr\u00e4zisen Schwebeflug und einen gleichm\u00e4\u00dfigen Flug erreichen und eine stabile Lage selbst in komplexen Luftstr\u00f6mungsumgebungen beibehalten, was den Sch\u00fclern eine zuverl\u00e4ssige Grundlage f\u00fcr den Flug bietet und ihnen hilft, die Flugf\u00e4higkeiten schnell zu erlernen.<\/div>\n<div>3) Horizont\u00fcbergreifende Flugfunktion: Das eingebaute digitale Hochleistungs\u00fcbertragungsmodul unterst\u00fctzt zusammen mit der professionellen Bodenstationssoftware den horizont\u00fcbergreifenden Flugbetrieb, erf\u00fcllt die Ausbildungsanforderungen der relevanten F\u00e4cher in der UAV-Lizenzpr\u00fcfung und simuliert gleichzeitig die tats\u00e4chlichen Anwendungsszenarien, so dass sich die Auszubildenden bereits im Vorfeld auf die reale Betriebsumgebung einstellen k\u00f6nnen.<\/div>\n<h4>III. Sicherheit und Schutz<\/h4>\n<div>1. multi-intelligenter Schutzmechanismus: Er ist mit Funktionen wie automatischer R\u00fcckkehr zum Flug, Alarm bei niedrigem Akkustand und Durchlaufschutz ausgestattet. Wenn die Drohne in eine unerwartete Situation ger\u00e4t, z. B. bei niedrigem Batteriestand, Signalverlust usw., kann sie automatisch die entsprechenden Schutzma\u00dfnahmen ausl\u00f6sen, um sicherzustellen, dass die Drohne zum Startpunkt zur\u00fcckkehrt oder im Schwebeflug auf die Verarbeitung wartet, wodurch Flugunf\u00e4lle effektiv vermieden werden.<\/div>\n<div>(2) Dual-Control-Sicherheitssystem: mit dem Design des Trainers Linie und Dual-Fernbedienung, kann der Lehrer den Flugstatus in Echtzeit zu \u00fcberwachen, und wenn der Sch\u00fcler in einer gef\u00e4hrlichen Situation arbeitet, kann der Lehrer sofort die Kontrolle \u00fcber die Drohne mit einer Taste, um die Flugsicherheit zu gew\u00e4hrleisten und machen den Lehrprozess mehr zu erleichtern.<\/div>\n<h4>IV. unterst\u00fctzende Funktionen f\u00fcr den Unterricht<\/h4>\n<div>(1) Flugsimulationssoftware: bieten Computer-Flug-Simulationssoftware, hoch reproduzierbaren realen Flugszenen, k\u00f6nnen die Sch\u00fcler grundlegende Flugbetrieb in der virtuellen Umgebung zu \u00fcben, vertraut mit der Verwendung der Fernbedienung und Flug Prinzipien, effektiv zu reduzieren das Risiko der realen Flugzeug Ausbildung, Verbesserung der Effizienz der Ausbildung.<\/div>\n<div>2) Datenaufzeichnung und -analyse: Alle Daten w\u00e4hrend des Fluges, wie Flugbahn, Fluglage, Stromverbrauch usw. werden in Echtzeit aufgezeichnet. Mit Hilfe der unterst\u00fctzenden Datenverarbeitungssoftware kann der Fluglehrer die Daten analysieren, die Flugleistung des Sch\u00fclers genau bewerten, Probleme erkennen und rechtzeitig gezielte Anweisungen geben.<\/div>\n<div>3. individueller Lehrmodus: Er unterst\u00fctzt die Einstellung von personalisierten Flugparametern und Trainingsaufgaben entsprechend den verschiedenen Trainingskursen und Trainingsstufen, um die unterschiedlichen Trainingsbed\u00fcrfnisse von Anf\u00e4ngern bis hin zu Fortgeschrittenen zu erf\u00fcllen und so einen ma\u00dfgeschneiderten Unterricht zu realisieren und die Qualit\u00e4t des Unterrichts zu verbessern.<\/div>\n<h4 class=\"pub_title\">Technische Parameter der Drohne<\/h4>\n<table class=\"pro_table\" width=\"100%\">\n<tbody>\n<tr class=\"trbj\">\n<td colspan=\"2\">Spezifikation der Gr\u00f6\u00dfe<\/td>\n<\/tr>\n<tr>\n<td>symmetrischer Radstand<\/td>\n<td>1657mm<\/td>\n<\/tr>\n<tr>\n<td>Ungefaltetes Format<\/td>\n<td>1525\u00d71747\u00d7655mm<\/td>\n<\/tr>\n<tr>\n<td>Gesamtabmessungen<\/td>\n<td>Ohne Paddel: L 1525mm, B 1747mm, H 655mm<br \/>\nMit Paddel: L 2435mm, B 2435mm, H 655mm<\/td>\n<\/tr>\n<tr class=\"trbj\">\n<td colspan=\"2\">Gewichtsparameter<\/td>\n<\/tr>\n<tr>\n<td>Leergewicht<\/td>\n<td>13,9 kg (ohne Batterie)<\/td>\n<\/tr>\n<tr>\n<td>Maximales Abfluggewicht<\/td>\n<td>26,5 kg<\/td>\n<\/tr>\n<tr>\n<td>Maximale Belastung<\/td>\n<td>Doppelte Batterie: 15kg<br \/>\nEinzelne Batterie: 20kg<\/td>\n<\/tr>\n<tr class=\"trbj\">\n<td colspan=\"2\">Leistungsparameter<\/td>\n<\/tr>\n<tr>\n<td>Maximale Fluggeschwindigkeit<\/td>\n<td>Normaler Modus: 5m\/s<br \/>\nFluglage-Modus: 15m\/s<\/td>\n<\/tr>\n<tr>\n<td>Maximale Steiggeschwindigkeit<\/td>\n<td>5 m\/s<\/td>\n<\/tr>\n<tr>\n<td>Maximale Abstiegsgeschwindigkeit<\/td>\n<td>3m\/s<\/td>\n<\/tr>\n<tr>\n<td>Maximale Kommunikationsentfernung<\/td>\n<td>5 km (ungehindert und ungest\u00f6rt)<\/td>\n<\/tr>\n<tr class=\"trbj\">\n<td colspan=\"2\">Batterie &amp; Reichweite<\/td>\n<\/tr>\n<tr>\n<td>Anzahl der Batterien an Bord<\/td>\n<td>2<\/td>\n<\/tr>\n<tr>\n<td>Maximale Ausdauer (unbelastet)<\/td>\n<td>57 min<\/td>\n<\/tr>\n<tr>\n<td>Maximale Schwebezeit<\/td>\n<td>Doppelte Ladung bei Nulllast: 57 min<br \/>\nEinzelladung bei Nulllast: 39 Minuten<br \/>\nVolle Last 15kg: 15~20 min<\/td>\n<\/tr>\n<tr class=\"trbj\">\n<td colspan=\"2\">Flugdistanz<\/td>\n<\/tr>\n<tr>\n<td>Maximale Flugstrecke (unbelastet)<\/td>\n<td>5 km (offen und ungehindert, keine elektromagnetischen St\u00f6rungen)<\/td>\n<\/tr>\n<tr>\n<td>Maximale Flugstrecke (voll beladen)<\/td>\n<td>2 km (offen und ungehindert, keine elektromagnetischen St\u00f6rungen)<\/td>\n<\/tr>\n<\/tbody>\n<\/table>\n<h4 class=\"pub_title\">Drohne Produktabmessungen<\/h4>\n<p><img alt=\"\" loading=\"lazy\" decoding=\"async\" class=\"alignnone size-full wp-image-3401\" src=\"https:\/\/www.szhzykc.com\/wp-content\/uploads\/2025\/09\/xlwrj-1.webp\" width=\"1200\" height=\"579\" srcset=\"https:\/\/www.szhzykc.com\/wp-content\/uploads\/2025\/09\/xlwrj-1.webp 1200w, https:\/\/www.szhzykc.com\/wp-content\/uploads\/2025\/09\/xlwrj-1-300x145.webp 300w, https:\/\/www.szhzykc.com\/wp-content\/uploads\/2025\/09\/xlwrj-1-1024x494.webp 1024w, https:\/\/www.szhzykc.com\/wp-content\/uploads\/2025\/09\/xlwrj-1-768x371.webp 768w, https:\/\/www.szhzykc.com\/wp-content\/uploads\/2025\/09\/xlwrj-1-600x290.webp 600w\" sizes=\"auto, (max-width: 1200px) 100vw, 1200px\" \/><\/p>","protected":false},"excerpt":{"rendered":"<p>Im Bereich der Drohnenschulung ist eine Schulungsdrohne mit hervorragender Leistung, Sicherheit, Zuverl\u00e4ssigkeit, Qualit\u00e4t und Erschwinglichkeit unerl\u00e4sslich. Unsere Schulungsdrohnen sind auf die Bed\u00fcrfnisse der Drohnenschulung abgestimmt und bieten eine professionelle, effiziente und sichere Schulungserfahrung.<\/p>","protected":false},"featured_media":3398,"template":"","meta":{"_seopress_robots_primary_cat":"none","_seopress_titles_title":"","_seopress_titles_desc":"","_seopress_robots_index":"","_uag_custom_page_level_css":"","site-sidebar-layout":"default","site-content-layout":"","ast-site-content-layout":"default","site-content-style":"default","site-sidebar-style":"default","ast-global-header-display":"","ast-banner-title-visibility":"","ast-main-header-display":"","ast-hfb-above-header-display":"","ast-hfb-below-header-display":"","ast-hfb-mobile-header-display":"","site-post-title":"","ast-breadcrumbs-content":"","ast-featured-img":"","footer-sml-layout":"","ast-disable-related-posts":"","theme-transparent-header-meta":"default","adv-header-id-meta":"","stick-header-meta":"default","header-above-stick-meta":"","header-main-stick-meta":"","header-below-stick-meta":"","astra-migrate-meta-layouts":"set","ast-page-background-enabled":"default","ast-page-background-meta":{"desktop":{"background-color":"var(--ast-global-color-5)","background-image":"","background-repeat":"repeat","background-position":"center center","background-size":"auto","background-attachment":"scroll","background-type":"","background-media":"","overlay-type":"","overlay-color":"","overlay-opacity":"","overlay-gradient":""},"tablet":{"background-color":"","background-image":"","background-repeat":"repeat","background-position":"center center","background-size":"auto","background-attachment":"scroll","background-type":"","background-media":"","overlay-type":"","overlay-color":"","overlay-opacity":"","overlay-gradient":""},"mobile":{"background-color":"","background-image":"","background-repeat":"repeat","background-position":"center center","background-size":"auto","background-attachment":"scroll","background-type":"","background-media":"","overlay-type":"","overlay-color":"","overlay-opacity":"","overlay-gradient":""}},"ast-content-background-meta":{"desktop":{"background-color":"var(--ast-global-color-4)","background-image":"","background-repeat":"repeat","background-position":"center center","background-size":"auto","background-attachment":"scroll","background-type":"","background-media":"","overlay-type":"","overlay-color":"","overlay-opacity":"","overlay-gradient":""},"tablet":{"background-color":"var(--ast-global-color-4)","background-image":"","background-repeat":"repeat","background-position":"center center","background-size":"auto","background-attachment":"scroll","background-type":"","background-media":"","overlay-type":"","overlay-color":"","overlay-opacity":"","overlay-gradient":""},"mobile":{"background-color":"var(--ast-global-color-4)","background-image":"","background-repeat":"repeat","background-position":"center center","background-size":"auto","background-attachment":"scroll","background-type":"","background-media":"","overlay-type":"","overlay-color":"","overlay-opacity":"","overlay-gradient":""}},"iawp_total_views":92},"product_brand":[],"product_cat":[15],"product_tag":[],"class_list":{"0":"post-3392","1":"product","2":"type-product","3":"status-publish","4":"has-post-thumbnail","6":"product_cat-products","7":"desktop-align-center","8":"tablet-align-center","9":"mobile-align-center","10":"ast-product-gallery-layout-horizontal-slider","11":"ast-product-gallery-with-no-image","12":"ast-magnify-disabled","13":"ast-product-tabs-layout-horizontal","15":"first","16":"instock","17":"featured","18":"shipping-taxable","19":"product-type-simple"},"uagb_featured_image_src":{"full":["https:\/\/www.szhzykc.com\/wp-content\/uploads\/2025\/09\/xlwrj.webp",800,800,false],"thumbnail":["https:\/\/www.szhzykc.com\/wp-content\/uploads\/2025\/09\/xlwrj-150x150.webp",150,150,true],"medium":["https:\/\/www.szhzykc.com\/wp-content\/uploads\/2025\/09\/xlwrj-300x300.webp",300,300,true],"medium_large":["https:\/\/www.szhzykc.com\/wp-content\/uploads\/2025\/09\/xlwrj-768x768.webp",768,768,true],"large":["https:\/\/www.szhzykc.com\/wp-content\/uploads\/2025\/09\/xlwrj.webp",800,800,false],"1536x1536":["https:\/\/www.szhzykc.com\/wp-content\/uploads\/2025\/09\/xlwrj.webp",800,800,false],"2048x2048":["https:\/\/www.szhzykc.com\/wp-content\/uploads\/2025\/09\/xlwrj.webp",800,800,false],"trp-custom-language-flag":["https:\/\/www.szhzykc.com\/wp-content\/uploads\/2025\/09\/xlwrj.webp",12,12,false],"woocommerce_thumbnail":["https:\/\/www.szhzykc.com\/wp-content\/uploads\/2025\/09\/xlwrj-600x600.webp",600,600,true],"woocommerce_single":["https:\/\/www.szhzykc.com\/wp-content\/uploads\/2025\/09\/xlwrj-600x600.webp",600,600,true],"woocommerce_gallery_thumbnail":["https:\/\/www.szhzykc.com\/wp-content\/uploads\/2025\/09\/xlwrj-100x100.webp",100,100,true]},"uagb_author_info":{"display_name":"contact@qunbiz.com","author_link":"https:\/\/www.szhzykc.com\/de\/author\/"},"uagb_comment_info":0,"uagb_excerpt":"\u5728\u65e0\u4eba\u673a\u57f9\u8bad\u9886\u57df\uff0c\u62e5\u6709\u4e00\u6b3e\u6027\u80fd\u5353\u8d8a\u3001\u5b89\u5168\u53ef\u9760\u3001\u8d28\u4f18\u4ef7\u5ec9\u7684\u8bad\u7ec3\u7528\u65e0\u4eba\u673a\u81f3\u5173\u91cd\u8981\u3002\u6211\u4eec\u7684\u8bad\u7ec3\u7528\u65e0\u4eba\u673a\uff0c\u4e13\u4e3a\u6ee1\u8db3\u65e0\u4eba&hellip;","_links":{"self":[{"href":"https:\/\/www.szhzykc.com\/de\/wp-json\/wp\/v2\/product\/3392","targetHints":{"allow":["GET"]}}],"collection":[{"href":"https:\/\/www.szhzykc.com\/de\/wp-json\/wp\/v2\/product"}],"about":[{"href":"https:\/\/www.szhzykc.com\/de\/wp-json\/wp\/v2\/types\/product"}],"wp:featuredmedia":[{"embeddable":true,"href":"https:\/\/www.szhzykc.com\/de\/wp-json\/wp\/v2\/media\/3398"}],"wp:attachment":[{"href":"https:\/\/www.szhzykc.com\/de\/wp-json\/wp\/v2\/media?parent=3392"}],"wp:term":[{"taxonomy":"product_brand","embeddable":true,"href":"https:\/\/www.szhzykc.com\/de\/wp-json\/wp\/v2\/product_brand?post=3392"},{"taxonomy":"product_cat","embeddable":true,"href":"https:\/\/www.szhzykc.com\/de\/wp-json\/wp\/v2\/product_cat?post=3392"},{"taxonomy":"product_tag","embeddable":true,"href":"https:\/\/www.szhzykc.com\/de\/wp-json\/wp\/v2\/product_tag?post=3392"}],"curies":[{"name":"wp","href":"https:\/\/api.w.org\/{rel}","templated":true}]}}