{"id":3271,"date":"2025-09-19T06:58:28","date_gmt":"2025-09-19T06:58:28","guid":{"rendered":"https:\/\/szhzykc.com\/?page_id=3271"},"modified":"2026-01-07T06:40:43","modified_gmt":"2026-01-07T06:40:43","slug":"formacion-sobre-aplicaciones-industriales","status":"publish","type":"page","link":"https:\/\/www.szhzykc.com\/es\/formacion-sobre-aplicaciones-industriales\/","title":{"rendered":"Formaci\u00f3n en aplicaciones industriales"},"content":{"rendered":"<div class=\"wp-block-uagb-container uagb-block-bd9f6584 alignfull uagb-is-root-container\"><div class=\"uagb-container-inner-blocks-wrap\">\n<div class=\"wp-block-uagb-container uagb-block-81ebec73\">\n<div class=\"wp-block-uagb-info-box uagb-block-e21d5f2d uagb-infobox__content-wrap  uagb-infobox-icon-above-title uagb-infobox-image-valign-top bwenzi\"><div class=\"uagb-ifb-content\"><div class=\"uagb-ifb-title-wrap\"><h1 class=\"uagb-ifb-title\">Formaci\u00f3n en aplicaciones industriales<\/h1><\/div><p class=\"uagb-ifb-desc\">Manejo y formaci\u00f3n profesional de drones - Homologaci\u00f3n oficial y garant\u00eda de licencia<\/p><\/div><\/div>\n<\/div>\n<\/div><\/div>\n\n\n\n<div class=\"wp-block-uagb-container uagb-block-61c4c46f alignfull uagb-is-root-container\"><div class=\"uagb-container-inner-blocks-wrap\">\n<div class=\"wp-block-uagb-container uagb-block-6c502141\">\n<div class=\"wp-block-uagb-info-box uagb-block-67aef9fb uagb-infobox__content-wrap  uagb-infobox-icon-above-title uagb-infobox-image-valign-top wp-block-uagb-info-box--has-margin\"><div class=\"uagb-infobox-margin-wrapper\"><div class=\"uagb-ifb-content\"><div class=\"uagb-ifb-title-wrap\"><h3 class=\"uagb-ifb-title\">Formaci\u00f3n en aplicaciones industriales<\/h3><\/div><p class=\"uagb-ifb-desc\">La formaci\u00f3n para la aplicaci\u00f3n de la industria de los UAV tiene como objetivo afrontar todo tipo de escenarios industriales, mejorar sistem\u00e1ticamente la planificaci\u00f3n de misiones y la capacidad pr\u00e1ctica de los estudiantes, mediante la combinaci\u00f3n de cursos profesionales y casos reales, para que los estudiantes puedan aplicar de forma flexible la tecnolog\u00eda de los UAV en \u00e1reas clave como la topograf\u00eda y la cartograf\u00eda, la energ\u00eda el\u00e9ctrica, la respuesta a emergencias, la seguridad, la agricultura y otras \u00e1reas clave, para mejorar de forma integral el valor de la industria en la pr\u00e1ctica.<\/p><\/div><\/div><\/div>\n<\/div>\n\n\n\n\t\t\t<div class=\"wp-block-uagb-post-grid uagb-post-grid  uagb-post__image-position-top uagb-post__image-enabled uagb-block-e996c598     uagb-post__items uagb-post__columns-3 is-grid uagb-post__columns-tablet-2 uagb-post__columns-mobile-1 uagb-post__equal-height\" data-total=\"2\" style=\"\">\n\n\t\t\t\t\t\t\t\t\t\t\t\t<article class=\"uagb-post__inner-wrap\">\t\t\t\t\t\t\t\t<div class='uagb-post__image'>\n\t\t\t\t\t\t\t\t\t<a href=\"https:\/\/www.szhzykc.com\/es\/bian-fang-xun-zha\/\" target=\"_self\" rel=\"bookmark noopener noreferrer\" class='uagb-image-ratio-inherit'><img loading=\"lazy\" decoding=\"async\" width=\"800\" height=\"600\" src=\"https:\/\/www.szhzykc.com\/wp-content\/uploads\/2025\/09\/bfxj-1.webp\" class=\"attachment-large size-large\" alt=\"\" srcset=\"https:\/\/www.szhzykc.com\/wp-content\/uploads\/2025\/09\/bfxj-1.webp 800w, https:\/\/www.szhzykc.com\/wp-content\/uploads\/2025\/09\/bfxj-1-300x225.webp 300w, https:\/\/www.szhzykc.com\/wp-content\/uploads\/2025\/09\/bfxj-1-768x576.webp 768w, https:\/\/www.szhzykc.com\/wp-content\/uploads\/2025\/09\/bfxj-1-600x450.webp 600w\" sizes=\"auto, (max-width: 800px) 100vw, 800px\" \/>\t\t\t\t\t<\/a>\n\t\t\t\t\t\t\t<\/div>\n\t\t\t\t\t\t<h4 class=\"uagb-post__title uagb-post__text\">\n\t\t\t\t<a href=\"https:\/\/www.szhzykc.com\/es\/bian-fang-xun-zha\/\" target=\"_self\" rel=\"bookmark noopener noreferrer\">patrulla fronteriza<\/a>\n\t\t\t<\/h4>\n\t\t\t\t\t\t<div class='uagb-post__text uagb-post-grid-byline'>\n\t\t\t\t\t\t\t\t<time datetime=\"2025-09-28T09:38:59+00:00\" class=\"uagb-post__date\">\n\t\t\t\t<span class=\"dashicons-calendar dashicons\"><\/span>\t\t\t\t\t2025-09-28\t\t\t\t<\/time>\n\t\t\t\t\t\t<\/div>\n\t\t\t\t\t\t\t<div class='uagb-post__text uagb-post__excerpt'>\n\t\t\t\t\t<p>China tiene un total de unos 22.000 kil\u00f3metros de fronteras terrestres, respectivamente, con 14 pa\u00edses, de los cuales 2\/3 de la l\u00ednea fronteriza son las altas monta\u00f1as y desiertos, en respuesta al alto flujo de personas que entran y salen de las fronteras de China, el contrabando y el contrabando y otras actividades delictivas graves, objetivamente requiere que los guardias fronterizos para llevar a cabo la tarea de la larga distancia, la velocidad de respuesta. ...<\/p>\n\t\t\t\t<\/div>\n\t\t\t\n\t\t\t\t\t\t\t\t\t<\/article>\n\t\t\t\t\t\t\t\t\t\t\t\t\t\t\t\t<article class=\"uagb-post__inner-wrap\">\t\t\t\t\t\t\t\t<div class='uagb-post__image'>\n\t\t\t\t\t\t\t\t\t<a href=\"https:\/\/www.szhzykc.com\/es\/nong-lin-jian-ce\/\" target=\"_self\" rel=\"bookmark noopener noreferrer\" class='uagb-image-ratio-inherit'><img loading=\"lazy\" decoding=\"async\" width=\"800\" height=\"600\" src=\"https:\/\/www.szhzykc.com\/wp-content\/uploads\/2025\/09\/nljc.webp\" class=\"attachment-large size-large\" alt=\"\" srcset=\"https:\/\/www.szhzykc.com\/wp-content\/uploads\/2025\/09\/nljc.webp 800w, https:\/\/www.szhzykc.com\/wp-content\/uploads\/2025\/09\/nljc-300x225.webp 300w, https:\/\/www.szhzykc.com\/wp-content\/uploads\/2025\/09\/nljc-768x576.webp 768w, https:\/\/www.szhzykc.com\/wp-content\/uploads\/2025\/09\/nljc-600x450.webp 600w\" sizes=\"auto, (max-width: 800px) 100vw, 800px\" \/>\t\t\t\t\t<\/a>\n\t\t\t\t\t\t\t<\/div>\n\t\t\t\t\t\t<h4 class=\"uagb-post__title uagb-post__text\">\n\t\t\t\t<a href=\"https:\/\/www.szhzykc.com\/es\/nong-lin-jian-ce\/\" target=\"_self\" rel=\"bookmark noopener noreferrer\">Seguimiento agroforestal<\/a>\n\t\t\t<\/h4>\n\t\t\t\t\t\t<div class='uagb-post__text uagb-post-grid-byline'>\n\t\t\t\t\t\t\t\t<time datetime=\"2025-09-18T08:01:25+00:00\" class=\"uagb-post__date\">\n\t\t\t\t<span class=\"dashicons-calendar dashicons\"><\/span>\t\t\t\t\t2025-09-18\t\t\t\t<\/time>\n\t\t\t\t\t\t<\/div>\n\t\t\t\t\t\t\t<div class='uagb-post__text uagb-post__excerpt'>\n\t\t\t\t\t<p>El uso de c\u00e1maras multiespectrales montadas en UAV para vigilar el estado nutricional o la c\u00e1mara de enfermedades de la vegetaci\u00f3n (incluidos cultivos, pastos y bosques, etc.) tiene sus ventajas. La construcci\u00f3n de un sistema completo de c\u00e1maras multiespectrales montadas en UAV y de procesamiento de datos puede contribuir a la informatizaci\u00f3n y modernizaci\u00f3n de la protecci\u00f3n fitosanitaria agr\u00edcola. En particular, proporcionando datos...<\/p>\n\t\t\t\t<\/div>\n\t\t\t\n\t\t\t\t\t\t\t\t\t<\/article>\n\t\t\t\t\t\t\t\t\t\t\t\t\t\t\t\t<article class=\"uagb-post__inner-wrap\">\t\t\t\t\t\t\t\t<div class='uagb-post__image'>\n\t\t\t\t\t\t\t\t\t<a href=\"https:\/\/www.szhzykc.com\/es\/wu-ren-ji-hang-ce\/\" target=\"_self\" rel=\"bookmark noopener noreferrer\" class='uagb-image-ratio-inherit'><img loading=\"lazy\" decoding=\"async\" width=\"800\" height=\"600\" src=\"https:\/\/www.szhzykc.com\/wp-content\/uploads\/2025\/09\/wrjhc.webp\" class=\"attachment-large size-large\" alt=\"\" srcset=\"https:\/\/www.szhzykc.com\/wp-content\/uploads\/2025\/09\/wrjhc.webp 800w, https:\/\/www.szhzykc.com\/wp-content\/uploads\/2025\/09\/wrjhc-300x225.webp 300w, https:\/\/www.szhzykc.com\/wp-content\/uploads\/2025\/09\/wrjhc-768x576.webp 768w, https:\/\/www.szhzykc.com\/wp-content\/uploads\/2025\/09\/wrjhc-600x450.webp 600w\" sizes=\"auto, (max-width: 800px) 100vw, 800px\" \/>\t\t\t\t\t<\/a>\n\t\t\t\t\t\t\t<\/div>\n\t\t\t\t\t\t<h4 class=\"uagb-post__title uagb-post__text\">\n\t\t\t\t<a href=\"https:\/\/www.szhzykc.com\/es\/wu-ren-ji-hang-ce\/\" target=\"_self\" rel=\"bookmark noopener noreferrer\">Reconocimiento a\u00e9reo con UAV<\/a>\n\t\t\t<\/h4>\n\t\t\t\t\t\t<div class='uagb-post__text uagb-post-grid-byline'>\n\t\t\t\t\t\t\t\t<time datetime=\"2025-09-18T06:14:27+00:00\" class=\"uagb-post__date\">\n\t\t\t\t<span class=\"dashicons-calendar dashicons\"><\/span>\t\t\t\t\t2025-09-18\t\t\t\t<\/time>\n\t\t\t\t\t\t<\/div>\n\t\t\t\t\t\t\t<div class='uagb-post__text uagb-post__excerpt'>\n\t\t\t\t\t<p>Centr\u00e1ndose en los campos de la supervisi\u00f3n de proyectos de conservaci\u00f3n del agua, la protecci\u00f3n medioambiental y la ayuda de emergencia en caso de cat\u00e1strofe, obtiene datos de im\u00e1genes en tiempo real mediante fotograf\u00eda a\u00e9rea de alta precisi\u00f3n para proporcionar apoyo a la toma de decisiones para la gesti\u00f3n de los recursos h\u00eddricos y la evaluaci\u00f3n de cat\u00e1strofes. En combinaci\u00f3n con la tecnolog\u00eda de procesamiento de datos de la plataforma en la nube, se automatiza todo el proceso, desde la adquisici\u00f3n de datos hasta el an\u00e1lisis, lo que mejora significativamente la eficiencia y la precisi\u00f3n de la supervisi\u00f3n. La...<\/p>\n\t\t\t\t<\/div>\n\t\t\t\n\t\t\t\t\t\t\t\t\t<\/article>\n\t\t\t\t\t\t\t\t\t\t\t\t\t\t\t\t<article class=\"uagb-post__inner-wrap\">\t\t\t\t\t\t\t\t<div class='uagb-post__image'>\n\t\t\t\t\t\t\t\t\t<a href=\"https:\/\/www.szhzykc.com\/es\/xiao-fang-ying-ji\/\" target=\"_self\" rel=\"bookmark noopener noreferrer\" class='uagb-image-ratio-inherit'><img loading=\"lazy\" decoding=\"async\" width=\"800\" height=\"600\" src=\"https:\/\/www.szhzykc.com\/wp-content\/uploads\/2025\/09\/xfyj.webp\" class=\"attachment-large size-large\" alt=\"\" srcset=\"https:\/\/www.szhzykc.com\/wp-content\/uploads\/2025\/09\/xfyj.webp 800w, https:\/\/www.szhzykc.com\/wp-content\/uploads\/2025\/09\/xfyj-300x225.webp 300w, https:\/\/www.szhzykc.com\/wp-content\/uploads\/2025\/09\/xfyj-768x576.webp 768w, https:\/\/www.szhzykc.com\/wp-content\/uploads\/2025\/09\/xfyj-600x450.webp 600w\" sizes=\"auto, (max-width: 800px) 100vw, 800px\" \/>\t\t\t\t\t<\/a>\n\t\t\t\t\t\t\t<\/div>\n\t\t\t\t\t\t<h4 class=\"uagb-post__title uagb-post__text\">\n\t\t\t\t<a href=\"https:\/\/www.szhzykc.com\/es\/xiao-fang-ying-ji\/\" target=\"_self\" rel=\"bookmark noopener noreferrer\">emergencia contra incendios<\/a>\n\t\t\t<\/h4>\n\t\t\t\t\t\t<div class='uagb-post__text uagb-post-grid-byline'>\n\t\t\t\t\t\t\t\t<time datetime=\"2025-09-18T06:13:31+00:00\" class=\"uagb-post__date\">\n\t\t\t\t<span class=\"dashicons-calendar dashicons\"><\/span>\t\t\t\t\t2025-09-18\t\t\t\t<\/time>\n\t\t\t\t\t\t<\/div>\n\t\t\t\t\t\t\t<div class='uagb-post__text uagb-post__excerpt'>\n\t\t\t\t\t<p>Bas\u00e1ndose en las ventajas existentes de la aviaci\u00f3n, las comunicaciones y la tecnolog\u00eda de la informaci\u00f3n, un conjunto de sistemas a\u00e9reos de vigilancia de emergencias que integre el reconocimiento de incendios en tiempo real, la vigilancia de puntos calientes y la evaluaci\u00f3n de cat\u00e1strofes puede proporcionar informaci\u00f3n precisa sobre incendios y an\u00e1lisis din\u00e1micos en el lugar de los hechos, proporcionando una base fiable para el mando y la toma de decisiones.<\/p>\n\t\t\t\t<\/div>\n\t\t\t\n\t\t\t\t\t\t\t\t\t<\/article>\n\t\t\t\t\t\t\t\t\t\t\t\t\t\t\t\t<article class=\"uagb-post__inner-wrap\">\t\t\t\t\t\t\t\t<div class='uagb-post__image'>\n\t\t\t\t\t\t\t\t\t<a href=\"https:\/\/www.szhzykc.com\/es\/cheng-shi-san-wei-jian-mo\/\" target=\"_self\" rel=\"bookmark noopener noreferrer\" class='uagb-image-ratio-inherit'><img loading=\"lazy\" decoding=\"async\" width=\"800\" height=\"600\" src=\"https:\/\/www.szhzykc.com\/wp-content\/uploads\/2025\/09\/csswjm.webp\" class=\"attachment-large size-large\" alt=\"\" srcset=\"https:\/\/www.szhzykc.com\/wp-content\/uploads\/2025\/09\/csswjm.webp 800w, https:\/\/www.szhzykc.com\/wp-content\/uploads\/2025\/09\/csswjm-300x225.webp 300w, https:\/\/www.szhzykc.com\/wp-content\/uploads\/2025\/09\/csswjm-768x576.webp 768w, https:\/\/www.szhzykc.com\/wp-content\/uploads\/2025\/09\/csswjm-600x450.webp 600w\" sizes=\"auto, (max-width: 800px) 100vw, 800px\" \/>\t\t\t\t\t<\/a>\n\t\t\t\t\t\t\t<\/div>\n\t\t\t\t\t\t<h4 class=\"uagb-post__title uagb-post__text\">\n\t\t\t\t<a href=\"https:\/\/www.szhzykc.com\/es\/cheng-shi-san-wei-jian-mo\/\" target=\"_self\" rel=\"bookmark noopener noreferrer\">Modelado urbano 3D<\/a>\n\t\t\t<\/h4>\n\t\t\t\t\t\t<div class='uagb-post__text uagb-post-grid-byline'>\n\t\t\t\t\t\t\t\t<time datetime=\"2025-09-18T06:11:49+00:00\" class=\"uagb-post__date\">\n\t\t\t\t<span class=\"dashicons-calendar dashicons\"><\/span>\t\t\t\t\t2025-09-18\t\t\t\t<\/time>\n\t\t\t\t\t\t<\/div>\n\t\t\t\t\t\t\t<div class='uagb-post__text uagb-post__excerpt'>\n\t\t\t\t\t<p>Utilizar la plataforma UAV para transportar c\u00e1maras de alta precisi\u00f3n con el fin de obtener datos de im\u00e1genes del mundo real de la ciudad, y generar modelos gemelos digitales de la ciudad de alta precisi\u00f3n y gran realismo mediante el procesamiento profesional de software de modelado 3D, proporcionando un apoyo visual intuitivo a la toma de decisiones para la planificaci\u00f3n de ciudades inteligentes, la gesti\u00f3n de emergencias y la gobernanza urbana.<\/p>\n\t\t\t\t<\/div>\n\t\t\t\n\t\t\t\t\t\t\t\t\t<\/article>\n\t\t\t\t\t\t\t\t\t\t\t\t\t\t\t\t<article class=\"uagb-post__inner-wrap\">\t\t\t\t\t\t\t\t<div class='uagb-post__image'>\n\t\t\t\t\t\t\t\t\t<a href=\"https:\/\/www.szhzykc.com\/es\/hang-kong-she-ying\/\" target=\"_self\" rel=\"bookmark noopener noreferrer\" class='uagb-image-ratio-inherit'><img loading=\"lazy\" decoding=\"async\" width=\"800\" height=\"600\" src=\"https:\/\/www.szhzykc.com\/wp-content\/uploads\/2025\/09\/hksy.webp\" class=\"attachment-large size-large\" alt=\"\" srcset=\"https:\/\/www.szhzykc.com\/wp-content\/uploads\/2025\/09\/hksy.webp 800w, https:\/\/www.szhzykc.com\/wp-content\/uploads\/2025\/09\/hksy-300x225.webp 300w, https:\/\/www.szhzykc.com\/wp-content\/uploads\/2025\/09\/hksy-768x576.webp 768w, https:\/\/www.szhzykc.com\/wp-content\/uploads\/2025\/09\/hksy-600x450.webp 600w\" sizes=\"auto, (max-width: 800px) 100vw, 800px\" \/>\t\t\t\t\t<\/a>\n\t\t\t\t\t\t\t<\/div>\n\t\t\t\t\t\t<h4 class=\"uagb-post__title uagb-post__text\">\n\t\t\t\t<a href=\"https:\/\/www.szhzykc.com\/es\/hang-kong-she-ying\/\" target=\"_self\" rel=\"bookmark noopener noreferrer\">fotograf\u00eda a\u00e9rea<\/a>\n\t\t\t<\/h4>\n\t\t\t\t\t\t<div class='uagb-post__text uagb-post-grid-byline'>\n\t\t\t\t\t\t\t\t<time datetime=\"2025-09-18T03:44:12+00:00\" class=\"uagb-post__date\">\n\t\t\t\t<span class=\"dashicons-calendar dashicons\"><\/span>\t\t\t\t\t2025-09-18\t\t\t\t<\/time>\n\t\t\t\t\t\t<\/div>\n\t\t\t\t\t\t\t<div class='uagb-post__text uagb-post__excerpt'>\n\t\t\t\t\t<p>Combinando equipos de imagen de alta precisi\u00f3n con un sistema de vuelo inteligente, proporciona im\u00e1genes de alta definici\u00f3n en tiempo real para la supervisi\u00f3n de proyectos de conservaci\u00f3n del agua, la planificaci\u00f3n urbana y la evaluaci\u00f3n de cat\u00e1strofes. La soluci\u00f3n puede desplegarse r\u00e1pidamente en terrenos complejos y zonas peligrosas para lograr la adquisici\u00f3n y el an\u00e1lisis de datos a gran escala y bajo coste. A trav\u00e9s de una plataforma integrada de procesamiento de datos, los usuarios...<\/p>\n\t\t\t\t<\/div>\n\t\t\t\n\t\t\t\t\t\t\t\t\t<\/article>\n\t\t\t\t\t\t\t\t\t\t\t\t\t<div class=\"uagb-post-pagination-wrap\">\n\t\t\t\t\t\t<span aria-current=\"page\" class=\"page-numbers current\">1<\/span>\n<a class=\"page-numbers\" href=\"https:\/\/www.szhzykc.com\/wp-json\/wp\/v2\/pages\/3271\/page\/2\/\">2<\/a>\n<a class=\"next page-numbers\" href=\"https:\/\/www.szhzykc.com\/wp-json\/wp\/v2\/pages\/3271\/page\/2\/\">Siguiente \"<\/a>\t\t\t\t\t<\/div>\n\t\t\t\t\t\t\t\t<\/div>\n\t\t\t<\/div><\/div>","protected":false},"excerpt":{"rendered":"","protected":false},"author":1,"featured_media":0,"parent":0,"menu_order":0,"comment_status":"closed","ping_status":"closed","template":"","meta":{"_seopress_robots_primary_cat":"","_seopress_titles_title":"","_seopress_titles_desc":"","_seopress_robots_index":"","_uag_custom_page_level_css":"","site-sidebar-layout":"no-sidebar","site-content-layout":"","ast-site-content-layout":"full-width-container","site-content-style":"unboxed","site-sidebar-style":"unboxed","ast-global-header-display":"","ast-banner-title-visibility":"","ast-main-header-display":"","ast-hfb-above-header-display":"","ast-hfb-below-header-display":"","ast-hfb-mobile-header-display":"","site-post-title":"disabled","ast-breadcrumbs-content":"","ast-featured-img":"","footer-sml-layout":"","ast-disable-related-posts":"","theme-transparent-header-meta":"","adv-header-id-meta":"","stick-header-meta":"","header-above-stick-meta":"","header-main-stick-meta":"","header-below-stick-meta":"","astra-migrate-meta-layouts":"default","ast-page-background-enabled":"default","ast-page-background-meta":{"desktop":{"background-color":"var(--ast-global-color-5)","background-image":"","background-repeat":"repeat","background-position":"center center","background-size":"auto","background-attachment":"scroll","background-type":"","background-media":"","overlay-type":"","overlay-color":"","overlay-opacity":"","overlay-gradient":""},"tablet":{"background-color":"","background-image":"","background-repeat":"repeat","background-position":"center center","background-size":"auto","background-attachment":"scroll","background-type":"","background-media":"","overlay-type":"","overlay-color":"","overlay-opacity":"","overlay-gradient":""},"mobile":{"background-color":"","background-image":"","background-repeat":"repeat","background-position":"center center","background-size":"auto","background-attachment":"scroll","background-type":"","background-media":"","overlay-type":"","overlay-color":"","overlay-opacity":"","overlay-gradient":""}},"ast-content-background-meta":{"desktop":{"background-color":"var(--ast-global-color-4)","background-image":"","background-repeat":"repeat","background-position":"center center","background-size":"auto","background-attachment":"scroll","background-type":"","background-media":"","overlay-type":"","overlay-color":"","overlay-opacity":"","overlay-gradient":""},"tablet":{"background-color":"var(--ast-global-color-4)","background-image":"","background-repeat":"repeat","background-position":"center center","background-size":"auto","background-attachment":"scroll","background-type":"","background-media":"","overlay-type":"","overlay-color":"","overlay-opacity":"","overlay-gradient":""},"mobile":{"background-color":"var(--ast-global-color-4)","background-image":"","background-repeat":"repeat","background-position":"center center","background-size":"auto","background-attachment":"scroll","background-type":"","background-media":"","overlay-type":"","overlay-color":"","overlay-opacity":"","overlay-gradient":""}},"iawp_total_views":53,"footnotes":""},"class_list":["post-3271","page","type-page","status-publish","hentry"],"uagb_featured_image_src":{"full":false,"thumbnail":false,"medium":false,"medium_large":false,"large":false,"1536x1536":false,"2048x2048":false,"trp-custom-language-flag":false,"woocommerce_thumbnail":false,"woocommerce_single":false,"woocommerce_gallery_thumbnail":false},"uagb_author_info":{"display_name":"contact@qunbiz.com","author_link":"https:\/\/www.szhzykc.com\/es\/author\/contactqunbiz-com\/"},"uagb_comment_info":0,"uagb_excerpt":null,"_links":{"self":[{"href":"https:\/\/www.szhzykc.com\/es\/wp-json\/wp\/v2\/pages\/3271","targetHints":{"allow":["GET"]}}],"collection":[{"href":"https:\/\/www.szhzykc.com\/es\/wp-json\/wp\/v2\/pages"}],"about":[{"href":"https:\/\/www.szhzykc.com\/es\/wp-json\/wp\/v2\/types\/page"}],"author":[{"embeddable":true,"href":"https:\/\/www.szhzykc.com\/es\/wp-json\/wp\/v2\/users\/1"}],"replies":[{"embeddable":true,"href":"https:\/\/www.szhzykc.com\/es\/wp-json\/wp\/v2\/comments?post=3271"}],"version-history":[{"count":6,"href":"https:\/\/www.szhzykc.com\/es\/wp-json\/wp\/v2\/pages\/3271\/revisions"}],"predecessor-version":[{"id":5119,"href":"https:\/\/www.szhzykc.com\/es\/wp-json\/wp\/v2\/pages\/3271\/revisions\/5119"}],"wp:attachment":[{"href":"https:\/\/www.szhzykc.com\/es\/wp-json\/wp\/v2\/media?parent=3271"}],"curies":[{"name":"wp","href":"https:\/\/api.w.org\/{rel}","templated":true}]}}