{"id":3412,"date":"2025-09-19T10:14:19","date_gmt":"2025-09-19T10:14:19","guid":{"rendered":"https:\/\/szhzykc.com\/?page_id=3412"},"modified":"2026-01-07T06:43:59","modified_gmt":"2026-01-07T06:43:59","slug":"formacion-de-jovenes","status":"publish","type":"page","link":"https:\/\/www.szhzykc.com\/es\/formacion-de-jovenes\/","title":{"rendered":"Formaci\u00f3n para j\u00f3venes"},"content":{"rendered":"<div class=\"wp-block-uagb-container uagb-block-bd9f6584 alignfull uagb-is-root-container\"><div class=\"uagb-container-inner-blocks-wrap\">\n<div class=\"wp-block-uagb-container uagb-block-81ebec73\">\n<div class=\"wp-block-uagb-info-box uagb-block-e21d5f2d uagb-infobox__content-wrap  uagb-infobox-icon-above-title uagb-infobox-image-valign-top bwenzi\"><div class=\"uagb-ifb-content\"><div class=\"uagb-ifb-title-wrap\"><h1 class=\"uagb-ifb-title\">Formaci\u00f3n para j\u00f3venes<\/h1><\/div><p class=\"uagb-ifb-desc\">Manejo y formaci\u00f3n profesional de drones - Homologaci\u00f3n oficial y garant\u00eda de licencia<\/p><\/div><\/div>\n<\/div>\n<\/div><\/div>\n\n\n\n<div class=\"wp-block-uagb-container uagb-block-61c4c46f alignfull uagb-is-root-container\"><div class=\"uagb-container-inner-blocks-wrap\">\n<div class=\"wp-block-uagb-container uagb-block-6c502141\">\n<div class=\"wp-block-uagb-info-box uagb-block-67aef9fb uagb-infobox__content-wrap  uagb-infobox-icon-above-title uagb-infobox-image-valign-top wp-block-uagb-info-box--has-margin\"><div class=\"uagb-infobox-margin-wrapper\"><div class=\"uagb-ifb-content\"><div class=\"uagb-ifb-title-wrap\"><h3 class=\"uagb-ifb-title\">Formaci\u00f3n para j\u00f3venes<\/h3><\/div><p class=\"uagb-ifb-desc\">La formaci\u00f3n en drones para j\u00f3venes se basa en el n\u00facleo de la ilustraci\u00f3n de intereses y la pr\u00e1ctica cient\u00edfica y tecnol\u00f3gica, combinando la operaci\u00f3n pr\u00e1ctica, la experiencia virtual y las competiciones divertidas, para que los estudiantes puedan dominar los conocimientos b\u00e1sicos de vuelo y las habilidades de programaci\u00f3n de una manera divertida y entretenida, estimular la creatividad y el trabajo en equipo, y cultivar talentos cient\u00edficos y tecnol\u00f3gicos innovadores en el futuro.<\/p><\/div><\/div><\/div>\n<\/div>\n\n\n\n\t\t\t<div class=\"wp-block-uagb-post-grid uagb-post-grid  uagb-post__image-position-top uagb-post__image-enabled uagb-block-e996c598     uagb-post__items uagb-post__columns-3 is-grid uagb-post__columns-tablet-2 uagb-post__columns-mobile-1 uagb-post__equal-height\" data-total=\"2\" style=\"\">\n\n\t\t\t\t\t\t\t\t\t\t\t\t<article class=\"uagb-post__inner-wrap\">\t\t\t\t\t\t\t\t<div class='uagb-post__image'>\n\t\t\t\t\t\t\t\t\t<a href=\"https:\/\/www.szhzykc.com\/es\/qing-shao-nian-wu-ren-ji-xing-qu-ban\/\" target=\"_self\" rel=\"bookmark noopener noreferrer\" class='uagb-image-ratio-inherit'><img loading=\"lazy\" decoding=\"async\" width=\"800\" height=\"600\" src=\"https:\/\/www.szhzykc.com\/wp-content\/uploads\/2025\/09\/px6.webp\" class=\"attachment-large size-large\" alt=\"\" srcset=\"https:\/\/www.szhzykc.com\/wp-content\/uploads\/2025\/09\/px6.webp 800w, https:\/\/www.szhzykc.com\/wp-content\/uploads\/2025\/09\/px6-600x450.webp 600w, https:\/\/www.szhzykc.com\/wp-content\/uploads\/2025\/09\/px6-300x225.webp 300w, https:\/\/www.szhzykc.com\/wp-content\/uploads\/2025\/09\/px6-768x576.webp 768w\" sizes=\"auto, (max-width: 800px) 100vw, 800px\" \/>\t\t\t\t\t<\/a>\n\t\t\t\t\t\t\t<\/div>\n\t\t\t\t\t\t<h4 class=\"uagb-post__title uagb-post__text\">\n\t\t\t\t<a href=\"https:\/\/www.szhzykc.com\/es\/qing-shao-nian-wu-ren-ji-xing-qu-ban\/\" target=\"_self\" rel=\"bookmark noopener noreferrer\">Clases sobre drones para j\u00f3venes<\/a>\n\t\t\t<\/h4>\n\t\t\t\t\t\t<div class='uagb-post__text uagb-post-grid-byline'>\n\t\t\t\t\t\t\t\t<time datetime=\"2025-09-20T06:56:00+00:00\" class=\"uagb-post__date\">\n\t\t\t\t<span class=\"dashicons-calendar dashicons\"><\/span>\t\t\t\t\t2025-09-20\t\t\t\t<\/time>\n\t\t\t\t\t\t<\/div>\n\t\t\t\t\t\t\t<div class='uagb-post__text uagb-post__excerpt'>\n\t\t\t\t\t<p>Adecuado para: j\u00f3venes de 8~16 a\u00f1os interesados en drones Contenido del curso: Ciencia de los drones y principios de vuelo: Introducci\u00f3n en profundidad a la historia del desarrollo de los drones y escenarios de aplicaci\u00f3n, analizando la estructura y los principios de vuelo, y permitiendo a los estudiantes comprender los misterios cient\u00edficos que se esconden tras el vuelo a trav\u00e9s de interesantes experimentos aerodin\u00e1micos. Simulador ...<\/p>\n\t\t\t\t<\/div>\n\t\t\t\n\t\t\t\t\t\t\t\t\t<\/article>\n\t\t\t\t\t\t\t\t\t\t\t\t\t\t\t\t<article class=\"uagb-post__inner-wrap\">\t\t\t\t\t\t\t\t<div class='uagb-post__image'>\n\t\t\t\t\t\t\t\t\t<a href=\"https:\/\/www.szhzykc.com\/es\/wu-ren-ji-bian-dui-yu-deng-guang-xiu-ji-chu-pei-xun\/\" target=\"_self\" rel=\"bookmark noopener noreferrer\" class='uagb-image-ratio-inherit'><img loading=\"lazy\" decoding=\"async\" width=\"800\" height=\"600\" src=\"https:\/\/www.szhzykc.com\/wp-content\/uploads\/2025\/09\/qsnpx-2.webp\" class=\"attachment-large size-large\" alt=\"\" srcset=\"https:\/\/www.szhzykc.com\/wp-content\/uploads\/2025\/09\/qsnpx-2.webp 800w, https:\/\/www.szhzykc.com\/wp-content\/uploads\/2025\/09\/qsnpx-2-300x225.webp 300w, https:\/\/www.szhzykc.com\/wp-content\/uploads\/2025\/09\/qsnpx-2-768x576.webp 768w, https:\/\/www.szhzykc.com\/wp-content\/uploads\/2025\/09\/qsnpx-2-600x450.webp 600w\" sizes=\"auto, (max-width: 800px) 100vw, 800px\" \/>\t\t\t\t\t<\/a>\n\t\t\t\t\t\t\t<\/div>\n\t\t\t\t\t\t<h4 class=\"uagb-post__title uagb-post__text\">\n\t\t\t\t<a href=\"https:\/\/www.szhzykc.com\/es\/wu-ren-ji-bian-dui-yu-deng-guang-xiu-ji-chu-pei-xun\/\" target=\"_self\" rel=\"bookmark noopener noreferrer\">Formaci\u00f3n b\u00e1sica de drones y espect\u00e1culo de luces<\/a>\n\t\t\t<\/h4>\n\t\t\t\t\t\t<div class='uagb-post__text uagb-post-grid-byline'>\n\t\t\t\t\t\t\t\t<time datetime=\"2025-09-20T06:52:03+00:00\" class=\"uagb-post__date\">\n\t\t\t\t<span class=\"dashicons-calendar dashicons\"><\/span>\t\t\t\t\t2025-09-20\t\t\t\t<\/time>\n\t\t\t\t\t\t<\/div>\n\t\t\t\t\t\t\t<div class='uagb-post__text uagb-post__excerpt'>\n\t\t\t\t\t<p>Adecuado para: 12~18 a\u00f1os de edad, con un cierto grado de juventud b\u00e1sica de vuelo UAV Contenido del curso: An\u00e1lisis del principio de vuelo en formaci\u00f3n: aprender el mecanismo de comunicaci\u00f3n de vuelo cooperativo de varias aeronaves y la tecnolog\u00eda de mantenimiento de la posici\u00f3n, dominar la teor\u00eda fundamental del vuelo en formaci\u00f3n. Programaci\u00f3n de espect\u00e1culos de luces: Utilizar herramientas de programaci\u00f3n gr\u00e1fica para crear...<\/p>\n\t\t\t\t<\/div>\n\t\t\t\n\t\t\t\t\t\t\t\t\t<\/article>\n\t\t\t\t\t\t\t\t\t\t\t\t\t\t\t\t<article class=\"uagb-post__inner-wrap\">\t\t\t\t\t\t\t\t<div class='uagb-post__image'>\n\t\t\t\t\t\t\t\t\t<a href=\"https:\/\/www.szhzykc.com\/es\/mo-ni-fei-xing-qi-cao-zuo-ti-yan-ke\/\" target=\"_self\" rel=\"bookmark noopener noreferrer\" class='uagb-image-ratio-inherit'><img loading=\"lazy\" decoding=\"async\" width=\"800\" height=\"600\" src=\"https:\/\/www.szhzykc.com\/wp-content\/uploads\/2025\/09\/qsnpx-3.webp\" class=\"attachment-large size-large\" alt=\"\" srcset=\"https:\/\/www.szhzykc.com\/wp-content\/uploads\/2025\/09\/qsnpx-3.webp 800w, https:\/\/www.szhzykc.com\/wp-content\/uploads\/2025\/09\/qsnpx-3-300x225.webp 300w, https:\/\/www.szhzykc.com\/wp-content\/uploads\/2025\/09\/qsnpx-3-768x576.webp 768w, https:\/\/www.szhzykc.com\/wp-content\/uploads\/2025\/09\/qsnpx-3-600x450.webp 600w\" sizes=\"auto, (max-width: 800px) 100vw, 800px\" \/>\t\t\t\t\t<\/a>\n\t\t\t\t\t\t\t<\/div>\n\t\t\t\t\t\t<h4 class=\"uagb-post__title uagb-post__text\">\n\t\t\t\t<a href=\"https:\/\/www.szhzykc.com\/es\/mo-ni-fei-xing-qi-cao-zuo-ti-yan-ke\/\" target=\"_self\" rel=\"bookmark noopener noreferrer\">Curso de Experiencia de Operaci\u00f3n de Simulador de Vuelo<\/a>\n\t\t\t<\/h4>\n\t\t\t\t\t\t<div class='uagb-post__text uagb-post-grid-byline'>\n\t\t\t\t\t\t\t\t<time datetime=\"2025-09-20T06:40:35+00:00\" class=\"uagb-post__date\">\n\t\t\t\t<span class=\"dashicons-calendar dashicons\"><\/span>\t\t\t\t\t2025-09-20\t\t\t\t<\/time>\n\t\t\t\t\t\t<\/div>\n\t\t\t\t\t\t\t<div class='uagb-post__text uagb-post__excerpt'>\n\t\t\t\t\t<p>Adecuado para: adolescentes de 8~18 a\u00f1os que no tengan conocimientos b\u00e1sicos o quieran mejorar sus habilidades de vuelo Contenido del curso: Introducci\u00f3n al software de simulaci\u00f3n de vuelo: explicar sistem\u00e1ticamente las funciones del software y los tipos de escenarios para estimular el inter\u00e9s por la exploraci\u00f3n. Ense\u00f1anza del funcionamiento paso a paso: desde el despegue y el aterrizaje, el vuelo estacionario hasta el aterrizaje suave, por etapas para que cada alumno se familiarice con el funcionamiento del mando...<\/p>\n\t\t\t\t<\/div>\n\t\t\t\n\t\t\t\t\t\t\t\t\t<\/article>\n\t\t\t\t\t\t\t\t\t\t\t\t\t\t\t\t<article class=\"uagb-post__inner-wrap\">\t\t\t\t\t\t\t\t<div class='uagb-post__image'>\n\t\t\t\t\t\t\t\t\t<a href=\"https:\/\/www.szhzykc.com\/es\/wu-ren-ji-xiao-ke-tang\/\" target=\"_self\" rel=\"bookmark noopener noreferrer\" class='uagb-image-ratio-inherit'><img loading=\"lazy\" decoding=\"async\" width=\"800\" height=\"600\" src=\"https:\/\/www.szhzykc.com\/wp-content\/uploads\/2025\/09\/qsnpx4.webp\" class=\"attachment-large size-large\" alt=\"\" srcset=\"https:\/\/www.szhzykc.com\/wp-content\/uploads\/2025\/09\/qsnpx4.webp 800w, https:\/\/www.szhzykc.com\/wp-content\/uploads\/2025\/09\/qsnpx4-300x225.webp 300w, https:\/\/www.szhzykc.com\/wp-content\/uploads\/2025\/09\/qsnpx4-768x576.webp 768w, https:\/\/www.szhzykc.com\/wp-content\/uploads\/2025\/09\/qsnpx4-600x450.webp 600w\" sizes=\"auto, (max-width: 800px) 100vw, 800px\" \/>\t\t\t\t\t<\/a>\n\t\t\t\t\t\t\t<\/div>\n\t\t\t\t\t\t<h4 class=\"uagb-post__title uagb-post__text\">\n\t\t\t\t<a href=\"https:\/\/www.szhzykc.com\/es\/wu-ren-ji-xiao-ke-tang\/\" target=\"_self\" rel=\"bookmark noopener noreferrer\">Miniaula de drones<\/a>\n\t\t\t<\/h4>\n\t\t\t\t\t\t<div class='uagb-post__text uagb-post-grid-byline'>\n\t\t\t\t\t\t\t\t<time datetime=\"2025-09-20T06:36:42+00:00\" class=\"uagb-post__date\">\n\t\t\t\t<span class=\"dashicons-calendar dashicons\"><\/span>\t\t\t\t\t2025-09-20\t\t\t\t<\/time>\n\t\t\t\t\t\t<\/div>\n\t\t\t\t\t\t\t<div class='uagb-post__text uagb-post__excerpt'>\n\t\t\t\t\t<p>Adecuado para: ni\u00f1os de 8~12 a\u00f1os que no conocen los drones y tienen curiosidad Contenido del curso: Explicaci\u00f3n cient\u00edfica divertida: A trav\u00e9s de historias, animaciones e im\u00e1genes, los estudiantes pueden comprender f\u00e1cilmente el origen y la aplicaci\u00f3n de los drones. Demostraci\u00f3n interactiva de los principios estructurales: Demostraci\u00f3n de la estructura del dron, complementada con peque\u00f1os experimentos para ayudar a profundizar la comprensi\u00f3n. Sencillo...<\/p>\n\t\t\t\t<\/div>\n\t\t\t\n\t\t\t\t\t\t\t\t\t<\/article>\n\t\t\t\t\t\t\t\t\t\t\t\t\t\t\t\t<article class=\"uagb-post__inner-wrap\">\t\t\t\t\t\t\t\t<div class='uagb-post__image'>\n\t\t\t\t\t\t\t\t\t<a href=\"https:\/\/www.szhzykc.com\/es\/vr-fei-xing-ti-yan-ke\/\" target=\"_self\" rel=\"bookmark noopener noreferrer\" class='uagb-image-ratio-inherit'><img loading=\"lazy\" decoding=\"async\" width=\"800\" height=\"600\" src=\"https:\/\/www.szhzykc.com\/wp-content\/uploads\/2025\/09\/qsnpx-5.webp\" class=\"attachment-large size-large\" alt=\"\" srcset=\"https:\/\/www.szhzykc.com\/wp-content\/uploads\/2025\/09\/qsnpx-5.webp 800w, https:\/\/www.szhzykc.com\/wp-content\/uploads\/2025\/09\/qsnpx-5-300x225.webp 300w, https:\/\/www.szhzykc.com\/wp-content\/uploads\/2025\/09\/qsnpx-5-768x576.webp 768w, https:\/\/www.szhzykc.com\/wp-content\/uploads\/2025\/09\/qsnpx-5-600x450.webp 600w\" sizes=\"auto, (max-width: 800px) 100vw, 800px\" \/>\t\t\t\t\t<\/a>\n\t\t\t\t\t\t\t<\/div>\n\t\t\t\t\t\t<h4 class=\"uagb-post__title uagb-post__text\">\n\t\t\t\t<a href=\"https:\/\/www.szhzykc.com\/es\/vr-fei-xing-ti-yan-ke\/\" target=\"_self\" rel=\"bookmark noopener noreferrer\">Curso VR Flight Experience<\/a>\n\t\t\t<\/h4>\n\t\t\t\t\t\t<div class='uagb-post__text uagb-post-grid-byline'>\n\t\t\t\t\t\t\t\t<time datetime=\"2025-09-20T06:34:58+00:00\" class=\"uagb-post__date\">\n\t\t\t\t<span class=\"dashicons-calendar dashicons\"><\/span>\t\t\t\t\t2025-09-20\t\t\t\t<\/time>\n\t\t\t\t\t\t<\/div>\n\t\t\t\t\t\t\t<div class='uagb-post__text uagb-post__excerpt'>\n\t\t\t\t\t<p>Adecuado para: entusiastas de los drones de 10~18 a\u00f1os que persiguen una experiencia inmersiva Contenido del curso: Introducci\u00f3n a los equipos y sistemas de RV: aprender a utilizar los equipos de RV y comprender la experiencia \u00fanica del vuelo inmersivo. Exploraci\u00f3n de escenas de vuelo virtual: completar tareas b\u00e1sicas de vuelo en la ciudad, bosque, monta\u00f1a y otras escenas para ganar cuerpo....<\/p>\n\t\t\t\t<\/div>\n\t\t\t\n\t\t\t\t\t\t\t\t\t<\/article>\n\t\t\t\t\t\t\t\t\t\t\t\t\t\t\t\t<article class=\"uagb-post__inner-wrap\">\t\t\t\t\t\t\t\t<div class='uagb-post__image'>\n\t\t\t\t\t\t\t\t\t<a href=\"https:\/\/www.szhzykc.com\/es\/wu-ren-ji-zhang-ai-sai-pei-xun\/\" target=\"_self\" rel=\"bookmark noopener noreferrer\" class='uagb-image-ratio-inherit'><img loading=\"lazy\" decoding=\"async\" width=\"800\" height=\"600\" src=\"https:\/\/www.szhzykc.com\/wp-content\/uploads\/2025\/09\/qsnpx6.webp\" class=\"attachment-large size-large\" alt=\"\" srcset=\"https:\/\/www.szhzykc.com\/wp-content\/uploads\/2025\/09\/qsnpx6.webp 800w, https:\/\/www.szhzykc.com\/wp-content\/uploads\/2025\/09\/qsnpx6-300x225.webp 300w, https:\/\/www.szhzykc.com\/wp-content\/uploads\/2025\/09\/qsnpx6-768x576.webp 768w, https:\/\/www.szhzykc.com\/wp-content\/uploads\/2025\/09\/qsnpx6-600x450.webp 600w\" sizes=\"auto, (max-width: 800px) 100vw, 800px\" \/>\t\t\t\t\t<\/a>\n\t\t\t\t\t\t\t<\/div>\n\t\t\t\t\t\t<h4 class=\"uagb-post__title uagb-post__text\">\n\t\t\t\t<a href=\"https:\/\/www.szhzykc.com\/es\/wu-ren-ji-zhang-ai-sai-pei-xun\/\" target=\"_self\" rel=\"bookmark noopener noreferrer\">Entrenamiento en carreras de obst\u00e1culos con drones<\/a>\n\t\t\t<\/h4>\n\t\t\t\t\t\t<div class='uagb-post__text uagb-post-grid-byline'>\n\t\t\t\t\t\t\t\t<time datetime=\"2025-09-20T06:33:28+00:00\" class=\"uagb-post__date\">\n\t\t\t\t<span class=\"dashicons-calendar dashicons\"><\/span>\t\t\t\t\t2025-09-20\t\t\t\t<\/time>\n\t\t\t\t\t\t<\/div>\n\t\t\t\t\t\t\t<div class='uagb-post__text uagb-post__excerpt'>\n\t\t\t\t\t<p>Adecuado para: 12~18 a\u00f1os con una cierta base, la b\u00fasqueda de retos emocionantes de los j\u00f3venes Contenido del curso: reglas de la pista y an\u00e1lisis de habilidades: explicaci\u00f3n detallada de las reglas de la pista de obst\u00e1culos, normas de puntuaci\u00f3n y habilidades de desplazamiento r\u00e1pido. Ejercicio pr\u00e1ctico de carrera de obst\u00e1culos: Practicar varias veces obst\u00e1culos de diferente dificultad en el campo para mejorar la velocidad de reacci\u00f3n y las habilidades de manipulaci\u00f3n...<\/p>\n\t\t\t\t<\/div>\n\t\t\t\n\t\t\t\t\t\t\t\t\t<\/article>\n\t\t\t\t\t\t\t\t\t\t\t\t\t<div class=\"uagb-post-pagination-wrap\">\n\t\t\t\t\t\t<span aria-current=\"page\" class=\"page-numbers current\">1<\/span>\n<a class=\"page-numbers\" href=\"https:\/\/www.szhzykc.com\/wp-json\/wp\/v2\/pages\/3412\/page\/2\/\">2<\/a>\n<a class=\"next page-numbers\" href=\"https:\/\/www.szhzykc.com\/wp-json\/wp\/v2\/pages\/3412\/page\/2\/\">Siguiente \"<\/a>\t\t\t\t\t<\/div>\n\t\t\t\t\t\t\t\t<\/div>\n\t\t\t<\/div><\/div>","protected":false},"excerpt":{"rendered":"","protected":false},"author":1,"featured_media":0,"parent":0,"menu_order":0,"comment_status":"closed","ping_status":"closed","template":"","meta":{"_seopress_robots_primary_cat":"","_seopress_titles_title":"","_seopress_titles_desc":"","_seopress_robots_index":"","_uag_custom_page_level_css":"","site-sidebar-layout":"no-sidebar","site-content-layout":"","ast-site-content-layout":"full-width-container","site-content-style":"unboxed","site-sidebar-style":"unboxed","ast-global-header-display":"","ast-banner-title-visibility":"","ast-main-header-display":"","ast-hfb-above-header-display":"","ast-hfb-below-header-display":"","ast-hfb-mobile-header-display":"","site-post-title":"disabled","ast-breadcrumbs-content":"","ast-featured-img":"","footer-sml-layout":"","ast-disable-related-posts":"","theme-transparent-header-meta":"","adv-header-id-meta":"","stick-header-meta":"","header-above-stick-meta":"","header-main-stick-meta":"","header-below-stick-meta":"","astra-migrate-meta-layouts":"default","ast-page-background-enabled":"default","ast-page-background-meta":{"desktop":{"background-color":"var(--ast-global-color-5)","background-image":"","background-repeat":"repeat","background-position":"center center","background-size":"auto","background-attachment":"scroll","background-type":"","background-media":"","overlay-type":"","overlay-color":"","overlay-opacity":"","overlay-gradient":""},"tablet":{"background-color":"","background-image":"","background-repeat":"repeat","background-position":"center center","background-size":"auto","background-attachment":"scroll","background-type":"","background-media":"","overlay-type":"","overlay-color":"","overlay-opacity":"","overlay-gradient":""},"mobile":{"background-color":"","background-image":"","background-repeat":"repeat","background-position":"center center","background-size":"auto","background-attachment":"scroll","background-type":"","background-media":"","overlay-type":"","overlay-color":"","overlay-opacity":"","overlay-gradient":""}},"ast-content-background-meta":{"desktop":{"background-color":"var(--ast-global-color-4)","background-image":"","background-repeat":"repeat","background-position":"center center","background-size":"auto","background-attachment":"scroll","background-type":"","background-media":"","overlay-type":"","overlay-color":"","overlay-opacity":"","overlay-gradient":""},"tablet":{"background-color":"var(--ast-global-color-4)","background-image":"","background-repeat":"repeat","background-position":"center center","background-size":"auto","background-attachment":"scroll","background-type":"","background-media":"","overlay-type":"","overlay-color":"","overlay-opacity":"","overlay-gradient":""},"mobile":{"background-color":"var(--ast-global-color-4)","background-image":"","background-repeat":"repeat","background-position":"center center","background-size":"auto","background-attachment":"scroll","background-type":"","background-media":"","overlay-type":"","overlay-color":"","overlay-opacity":"","overlay-gradient":""}},"iawp_total_views":135,"footnotes":""},"class_list":["post-3412","page","type-page","status-publish","hentry"],"uagb_featured_image_src":{"full":false,"thumbnail":false,"medium":false,"medium_large":false,"large":false,"1536x1536":false,"2048x2048":false,"trp-custom-language-flag":false,"woocommerce_thumbnail":false,"woocommerce_single":false,"woocommerce_gallery_thumbnail":false},"uagb_author_info":{"display_name":"contact@qunbiz.com","author_link":"https:\/\/www.szhzykc.com\/es\/author\/contactqunbiz-com\/"},"uagb_comment_info":0,"uagb_excerpt":null,"_links":{"self":[{"href":"https:\/\/www.szhzykc.com\/es\/wp-json\/wp\/v2\/pages\/3412","targetHints":{"allow":["GET"]}}],"collection":[{"href":"https:\/\/www.szhzykc.com\/es\/wp-json\/wp\/v2\/pages"}],"about":[{"href":"https:\/\/www.szhzykc.com\/es\/wp-json\/wp\/v2\/types\/page"}],"author":[{"embeddable":true,"href":"https:\/\/www.szhzykc.com\/es\/wp-json\/wp\/v2\/users\/1"}],"replies":[{"embeddable":true,"href":"https:\/\/www.szhzykc.com\/es\/wp-json\/wp\/v2\/comments?post=3412"}],"version-history":[{"count":6,"href":"https:\/\/www.szhzykc.com\/es\/wp-json\/wp\/v2\/pages\/3412\/revisions"}],"predecessor-version":[{"id":5123,"href":"https:\/\/www.szhzykc.com\/es\/wp-json\/wp\/v2\/pages\/3412\/revisions\/5123"}],"wp:attachment":[{"href":"https:\/\/www.szhzykc.com\/es\/wp-json\/wp\/v2\/media?parent=3412"}],"curies":[{"name":"wp","href":"https:\/\/api.w.org\/{rel}","templated":true}]}}