{"id":3415,"date":"2025-09-19T10:20:59","date_gmt":"2025-09-19T10:20:59","guid":{"rendered":"https:\/\/szhzykc.com\/?page_id=3415"},"modified":"2026-01-07T06:41:42","modified_gmt":"2026-01-07T06:41:42","slug":"formacion-en-instalacion","status":"publish","type":"page","link":"https:\/\/www.szhzykc.com\/es\/formacion-en-instalacion\/","title":{"rendered":"Formaci\u00f3n de trabajadores de instalaci\u00f3n y revisi\u00f3n"},"content":{"rendered":"<div class=\"wp-block-uagb-container uagb-block-bd9f6584 alignfull uagb-is-root-container\"><div class=\"uagb-container-inner-blocks-wrap\">\n<div class=\"wp-block-uagb-container uagb-block-34a9c235\">\n<div class=\"wp-block-uagb-info-box uagb-block-e21d5f2d uagb-infobox__content-wrap  uagb-infobox-icon-above-title uagb-infobox-image-valign-top bwenzi\"><div class=\"uagb-ifb-content\"><div class=\"uagb-ifb-title-wrap\"><h1 class=\"uagb-ifb-title\">Formaci\u00f3n de trabajadores de instalaci\u00f3n y revisi\u00f3n<\/h1><\/div><p class=\"uagb-ifb-desc\">Manejo y formaci\u00f3n profesional de drones - Homologaci\u00f3n oficial y garant\u00eda de licencia<\/p><\/div><\/div>\n<\/div>\n<\/div><\/div>\n\n\n\n<div class=\"wp-block-uagb-container uagb-block-61c4c46f alignfull uagb-is-root-container\"><div class=\"uagb-container-inner-blocks-wrap\">\n<div class=\"wp-block-uagb-container uagb-block-6c502141\">\n<div class=\"wp-block-uagb-info-box uagb-block-67aef9fb uagb-infobox__content-wrap  uagb-infobox-icon-above-title uagb-infobox-image-valign-top wp-block-uagb-info-box--has-margin\"><div class=\"uagb-infobox-margin-wrapper\"><div class=\"uagb-ifb-content\"><div class=\"uagb-ifb-title-wrap\"><h3 class=\"uagb-ifb-title\">Formaci\u00f3n de trabajadores de instalaci\u00f3n y revisi\u00f3n<\/h3><\/div><p class=\"uagb-ifb-desc\">El curso abarca el desmontaje de la estructura del UAV, el montaje y ajuste de los componentes principales (motores, bater\u00edas, control de vuelo), as\u00ed como el diagn\u00f3stico de aver\u00edas comunes (anomal\u00eda de la se\u00f1al, falta de potencia, etc.) y la pr\u00e1ctica de mantenimiento. Desde la normativa te\u00f3rica hasta el uso de herramientas, pasando por ejercicios reales de desmontaje y revisi\u00f3n de aeronaves, todo el proceso de ense\u00f1anza. Instructores profesionales le guiar\u00e1n mano a mano con el an\u00e1lisis de casos reales de aver\u00eda, y usted ser\u00e1 capaz de completar de forma independiente el mantenimiento diario, la soluci\u00f3n de problemas y la reparaci\u00f3n del dron al finalizar el curso. Tanto si desea entrar en la industria como mejorar sus habilidades de gesti\u00f3n de equipos, podr\u00e1 dominar las habilidades pr\u00e1cticas de forma eficiente.<\/p><\/div><\/div><\/div>\n<\/div>\n\n\n\n\t\t\t<div class=\"wp-block-uagb-post-grid uagb-post-grid  uagb-post__image-position-top uagb-post__image-enabled uagb-block-e996c598     uagb-post__items uagb-post__columns-3 is-grid uagb-post__columns-tablet-2 uagb-post__columns-mobile-1 uagb-post__equal-height\" data-total=\"1\" style=\"\">\n\n\t\t\t\t\t\t\t\t\t\t\t\t<article class=\"uagb-post__inner-wrap\">\t\t\t\t\t\t\t\t<div class='uagb-post__image'>\n\t\t\t\t\t\t\t\t\t<a href=\"https:\/\/www.szhzykc.com\/es\/wu-ren-ji-wei-xiu-shi-zhan-ban\/\" target=\"_self\" rel=\"bookmark noopener noreferrer\" class='uagb-image-ratio-inherit'><img loading=\"lazy\" decoding=\"async\" width=\"800\" height=\"600\" src=\"https:\/\/www.szhzykc.com\/wp-content\/uploads\/2025\/09\/ztjxg-3.webp\" class=\"attachment-large size-large\" alt=\"\" srcset=\"https:\/\/www.szhzykc.com\/wp-content\/uploads\/2025\/09\/ztjxg-3.webp 800w, https:\/\/www.szhzykc.com\/wp-content\/uploads\/2025\/09\/ztjxg-3-300x225.webp 300w, https:\/\/www.szhzykc.com\/wp-content\/uploads\/2025\/09\/ztjxg-3-768x576.webp 768w, https:\/\/www.szhzykc.com\/wp-content\/uploads\/2025\/09\/ztjxg-3-600x450.webp 600w\" sizes=\"auto, (max-width: 800px) 100vw, 800px\" \/>\t\t\t\t\t<\/a>\n\t\t\t\t\t\t\t<\/div>\n\t\t\t\t\t\t<h4 class=\"uagb-post__title uagb-post__text\">\n\t\t\t\t<a href=\"https:\/\/www.szhzykc.com\/es\/wu-ren-ji-wei-xiu-shi-zhan-ban\/\" target=\"_self\" rel=\"bookmark noopener noreferrer\">Curso pr\u00e1ctico de mantenimiento de drones<\/a>\n\t\t\t<\/h4>\n\t\t\t\t\t\t<div class='uagb-post__text uagb-post-grid-byline'>\n\t\t\t\t\t\t\t\t<time datetime=\"2025-09-26T08:18:42+00:00\" class=\"uagb-post__date\">\n\t\t\t\t<span class=\"dashicons-calendar dashicons\"><\/span>\t\t\t\t\t2025-09-26\t\t\t\t<\/time>\n\t\t\t\t\t\t<\/div>\n\t\t\t\t\t\t\t<div class='uagb-post__text uagb-post__excerpt'>\n\t\t\t\t\t<p>Adecuado para personas que dominan los conocimientos b\u00e1sicos y necesitan experiencia pr\u00e1ctica en t\u00e9cnicos de mantenimiento de drones Contenido del curso: An\u00e1lisis de casos pr\u00e1cticos: a trav\u00e9s de un gran n\u00famero de casos reales de mantenimiento para aprender la idea de an\u00e1lisis de fallos y soluciones, y acumular experiencia pr\u00e1ctica. Habilidades de resoluci\u00f3n de aver\u00edas dif\u00edciles: aprender el diagn\u00f3stico de aver\u00edas intermitentes y compuestas...<\/p>\n\t\t\t\t<\/div>\n\t\t\t\n\t\t\t\t\t\t\t\t\t<\/article>\n\t\t\t\t\t\t\t\t\t\t\t\t\t\t\t\t<article class=\"uagb-post__inner-wrap\">\t\t\t\t\t\t\t\t<div class='uagb-post__image'>\n\t\t\t\t\t\t\t\t\t<a href=\"https:\/\/www.szhzykc.com\/es\/wu-ren-ji-zhuang-diao-jian-xiu-gong-jin-jie-pei-xun\/\" target=\"_self\" rel=\"bookmark noopener noreferrer\" class='uagb-image-ratio-inherit'><img loading=\"lazy\" decoding=\"async\" width=\"800\" height=\"600\" src=\"https:\/\/www.szhzykc.com\/wp-content\/uploads\/2025\/09\/ztjxg-2.webp\" class=\"attachment-large size-large\" alt=\"\" srcset=\"https:\/\/www.szhzykc.com\/wp-content\/uploads\/2025\/09\/ztjxg-2.webp 800w, https:\/\/www.szhzykc.com\/wp-content\/uploads\/2025\/09\/ztjxg-2-300x225.webp 300w, https:\/\/www.szhzykc.com\/wp-content\/uploads\/2025\/09\/ztjxg-2-768x576.webp 768w, https:\/\/www.szhzykc.com\/wp-content\/uploads\/2025\/09\/ztjxg-2-600x450.webp 600w\" sizes=\"auto, (max-width: 800px) 100vw, 800px\" \/>\t\t\t\t\t<\/a>\n\t\t\t\t\t\t\t<\/div>\n\t\t\t\t\t\t<h4 class=\"uagb-post__title uagb-post__text\">\n\t\t\t\t<a href=\"https:\/\/www.szhzykc.com\/es\/wu-ren-ji-zhuang-diao-jian-xiu-gong-jin-jie-pei-xun\/\" target=\"_self\" rel=\"bookmark noopener noreferrer\">Formaci\u00f3n avanzada para instaladores y revisores de drones<\/a>\n\t\t\t<\/h4>\n\t\t\t\t\t\t<div class='uagb-post__text uagb-post-grid-byline'>\n\t\t\t\t\t\t\t\t<time datetime=\"2025-09-26T08:18:15+00:00\" class=\"uagb-post__date\">\n\t\t\t\t<span class=\"dashicons-calendar dashicons\"><\/span>\t\t\t\t\t2025-09-26\t\t\t\t<\/time>\n\t\t\t\t\t\t<\/div>\n\t\t\t\t\t\t\t<div class='uagb-post__text uagb-post__excerpt'>\n\t\t\t\t\t<p>Adecuado para personas con conocimientos b\u00e1sicos de mantenimiento de drones, esperan mejorar las habilidades profesionales de los practicantes Contenido del curso: Reparaci\u00f3n de fallos en placas de circuito PCB: aprendizaje de la tecnolog\u00eda de sustituci\u00f3n de componentes de placas de circuito, dominio de la desoldadura de chips BGA, reparaci\u00f3n de componentes SMD y m\u00e9todos de reparaci\u00f3n de da\u00f1os en placas de circuito. Actualizaci\u00f3n de firmware y ajuste de par\u00e1metros...<\/p>\n\t\t\t\t<\/div>\n\t\t\t\n\t\t\t\t\t\t\t\t\t<\/article>\n\t\t\t\t\t\t\t\t\t\t\t\t\t\t\t\t<article class=\"uagb-post__inner-wrap\">\t\t\t\t\t\t\t\t<div class='uagb-post__image'>\n\t\t\t\t\t\t\t\t\t<a href=\"https:\/\/www.szhzykc.com\/es\/wu-ren-ji-zhuang-diao-jian-xiu-gong-pei-xun\/\" target=\"_self\" rel=\"bookmark noopener noreferrer\" class='uagb-image-ratio-inherit'><img loading=\"lazy\" decoding=\"async\" width=\"800\" height=\"600\" src=\"https:\/\/www.szhzykc.com\/wp-content\/uploads\/2025\/09\/ztjxg-1.webp\" class=\"attachment-large size-large\" alt=\"\" srcset=\"https:\/\/www.szhzykc.com\/wp-content\/uploads\/2025\/09\/ztjxg-1.webp 800w, https:\/\/www.szhzykc.com\/wp-content\/uploads\/2025\/09\/ztjxg-1-300x225.webp 300w, https:\/\/www.szhzykc.com\/wp-content\/uploads\/2025\/09\/ztjxg-1-768x576.webp 768w, https:\/\/www.szhzykc.com\/wp-content\/uploads\/2025\/09\/ztjxg-1-600x450.webp 600w\" sizes=\"auto, (max-width: 800px) 100vw, 800px\" \/>\t\t\t\t\t<\/a>\n\t\t\t\t\t\t\t<\/div>\n\t\t\t\t\t\t<h4 class=\"uagb-post__title uagb-post__text\">\n\t\t\t\t<a href=\"https:\/\/www.szhzykc.com\/es\/wu-ren-ji-zhuang-diao-jian-xiu-gong-pei-xun\/\" target=\"_self\" rel=\"bookmark noopener noreferrer\">Instalaci\u00f3n de drones y formaci\u00f3n de trabajadores de mantenimiento<\/a>\n\t\t\t<\/h4>\n\t\t\t\t\t\t<div class='uagb-post__text uagb-post-grid-byline'>\n\t\t\t\t\t\t\t\t<time datetime=\"2025-09-26T08:16:34+00:00\" class=\"uagb-post__date\">\n\t\t\t\t<span class=\"dashicons-calendar dashicons\"><\/span>\t\t\t\t\t2025-09-26\t\t\t\t<\/time>\n\t\t\t\t\t\t<\/div>\n\t\t\t\t\t\t\t<div class='uagb-post__text uagb-post__excerpt'>\n\t\t\t\t\t<p>Adecuado para: 18 a\u00f1os de edad o m\u00e1s, interesado en el mantenimiento de veh\u00edculos a\u00e9reos no tripulados y el trabajo de reparaci\u00f3n Contenido del curso: Principio de la estructura de veh\u00edculos a\u00e9reos no tripulados y la composici\u00f3n del sistema: Explicaci\u00f3n detallada de la composici\u00f3n estructural de varios tipos de veh\u00edculos a\u00e9reos no tripulados, el principio de funcionamiento, el sistema de energ\u00eda, el sistema de control electr\u00f3nico, el sistema de comunicaci\u00f3n y el sistema de avi\u00f3nica de los conceptos b\u00e1sicos y funciones. Electr\u00f3nica ...<\/p>\n\t\t\t\t<\/div>\n\t\t\t\n\t\t\t\t\t\t\t\t\t<\/article>\n\t\t\t\t\t\t\t\t\t\t\t\t\t<div class=\"uagb-post-pagination-wrap\">\n\t\t\t\t\t\t\t\t\t\t\t<\/div>\n\t\t\t\t\t\t\t\t<\/div>\n\t\t\t<\/div><\/div>","protected":false},"excerpt":{"rendered":"","protected":false},"author":1,"featured_media":0,"parent":0,"menu_order":0,"comment_status":"closed","ping_status":"closed","template":"","meta":{"_seopress_robots_primary_cat":"","_seopress_titles_title":"","_seopress_titles_desc":"","_seopress_robots_index":"","_uag_custom_page_level_css":"","site-sidebar-layout":"no-sidebar","site-content-layout":"","ast-site-content-layout":"full-width-container","site-content-style":"unboxed","site-sidebar-style":"unboxed","ast-global-header-display":"","ast-banner-title-visibility":"","ast-main-header-display":"","ast-hfb-above-header-display":"","ast-hfb-below-header-display":"","ast-hfb-mobile-header-display":"","site-post-title":"disabled","ast-breadcrumbs-content":"","ast-featured-img":"","footer-sml-layout":"","ast-disable-related-posts":"","theme-transparent-header-meta":"","adv-header-id-meta":"","stick-header-meta":"","header-above-stick-meta":"","header-main-stick-meta":"","header-below-stick-meta":"","astra-migrate-meta-layouts":"default","ast-page-background-enabled":"default","ast-page-background-meta":{"desktop":{"background-color":"var(--ast-global-color-5)","background-image":"","background-repeat":"repeat","background-position":"center center","background-size":"auto","background-attachment":"scroll","background-type":"","background-media":"","overlay-type":"","overlay-color":"","overlay-opacity":"","overlay-gradient":""},"tablet":{"background-color":"","background-image":"","background-repeat":"repeat","background-position":"center center","background-size":"auto","background-attachment":"scroll","background-type":"","background-media":"","overlay-type":"","overlay-color":"","overlay-opacity":"","overlay-gradient":""},"mobile":{"background-color":"","background-image":"","background-repeat":"repeat","background-position":"center center","background-size":"auto","background-attachment":"scroll","background-type":"","background-media":"","overlay-type":"","overlay-color":"","overlay-opacity":"","overlay-gradient":""}},"ast-content-background-meta":{"desktop":{"background-color":"var(--ast-global-color-4)","background-image":"","background-repeat":"repeat","background-position":"center center","background-size":"auto","background-attachment":"scroll","background-type":"","background-media":"","overlay-type":"","overlay-color":"","overlay-opacity":"","overlay-gradient":""},"tablet":{"background-color":"var(--ast-global-color-4)","background-image":"","background-repeat":"repeat","background-position":"center center","background-size":"auto","background-attachment":"scroll","background-type":"","background-media":"","overlay-type":"","overlay-color":"","overlay-opacity":"","overlay-gradient":""},"mobile":{"background-color":"var(--ast-global-color-4)","background-image":"","background-repeat":"repeat","background-position":"center center","background-size":"auto","background-attachment":"scroll","background-type":"","background-media":"","overlay-type":"","overlay-color":"","overlay-opacity":"","overlay-gradient":""}},"iawp_total_views":151,"footnotes":""},"class_list":["post-3415","page","type-page","status-publish","hentry"],"uagb_featured_image_src":{"full":false,"thumbnail":false,"medium":false,"medium_large":false,"large":false,"1536x1536":false,"2048x2048":false,"trp-custom-language-flag":false,"woocommerce_thumbnail":false,"woocommerce_single":false,"woocommerce_gallery_thumbnail":false},"uagb_author_info":{"display_name":"contact@qunbiz.com","author_link":"https:\/\/www.szhzykc.com\/es\/author\/contactqunbiz-com\/"},"uagb_comment_info":0,"uagb_excerpt":null,"_links":{"self":[{"href":"https:\/\/www.szhzykc.com\/es\/wp-json\/wp\/v2\/pages\/3415","targetHints":{"allow":["GET"]}}],"collection":[{"href":"https:\/\/www.szhzykc.com\/es\/wp-json\/wp\/v2\/pages"}],"about":[{"href":"https:\/\/www.szhzykc.com\/es\/wp-json\/wp\/v2\/types\/page"}],"author":[{"embeddable":true,"href":"https:\/\/www.szhzykc.com\/es\/wp-json\/wp\/v2\/users\/1"}],"replies":[{"embeddable":true,"href":"https:\/\/www.szhzykc.com\/es\/wp-json\/wp\/v2\/comments?post=3415"}],"version-history":[{"count":5,"href":"https:\/\/www.szhzykc.com\/es\/wp-json\/wp\/v2\/pages\/3415\/revisions"}],"predecessor-version":[{"id":5120,"href":"https:\/\/www.szhzykc.com\/es\/wp-json\/wp\/v2\/pages\/3415\/revisions\/5120"}],"wp:attachment":[{"href":"https:\/\/www.szhzykc.com\/es\/wp-json\/wp\/v2\/media?parent=3415"}],"curies":[{"name":"wp","href":"https:\/\/api.w.org\/{rel}","templated":true}]}}