{"id":4227,"date":"2025-10-20T07:11:55","date_gmt":"2025-10-20T07:11:55","guid":{"rendered":"https:\/\/www.szhzykc.com\/?page_id=4227"},"modified":"2026-01-07T06:39:07","modified_gmt":"2026-01-07T06:39:07","slug":"dong-shi-zhang-jian-jie","status":"publish","type":"page","link":"https:\/\/www.szhzykc.com\/es\/dong-shi-zhang-jian-jie\/","title":{"rendered":"Perfil del Presidente"},"content":{"rendered":"<div class=\"wp-block-uagb-container uagb-block-bd9f6584 alignfull uagb-is-root-container\"><div class=\"uagb-container-inner-blocks-wrap\">\n<div class=\"wp-block-uagb-container uagb-block-b618dc1a\">\n<div class=\"wp-block-uagb-info-box uagb-block-e21d5f2d uagb-infobox__content-wrap  uagb-infobox-icon-above-title uagb-infobox-image-valign-top bwenzi\"><div class=\"uagb-ifb-content\"><div class=\"uagb-ifb-title-wrap\"><h1 class=\"uagb-ifb-title\">Perfil del Presidente<\/h1><\/div><\/div><\/div>\n<\/div>\n<\/div><\/div>\n\n\n\n<div class=\"wp-block-uagb-container uagb-block-871435c9 alignfull uagb-is-root-container\"><div class=\"uagb-container-inner-blocks-wrap\">\n<div class=\"wp-block-uagb-container uagb-block-7a1d2ade\">\n<div class=\"wp-block-uagb-container uagb-block-d8765948\">\n<figure class=\"wp-block-image size-full\"><img alt=\"\" loading=\"lazy\" decoding=\"async\" width=\"1672\" height=\"1860\" src=\"https:\/\/www.szhzykc.com\/wp-content\/uploads\/2025\/10\/lzs-e1760947412140.webp\" class=\"wp-image-4244\" srcset=\"https:\/\/www.szhzykc.com\/wp-content\/uploads\/2025\/10\/lzs-e1760947412140.webp 1672w, https:\/\/www.szhzykc.com\/wp-content\/uploads\/2025\/10\/lzs-e1760947412140-270x300.webp 270w, https:\/\/www.szhzykc.com\/wp-content\/uploads\/2025\/10\/lzs-e1760947412140-920x1024.webp 920w, https:\/\/www.szhzykc.com\/wp-content\/uploads\/2025\/10\/lzs-e1760947412140-768x854.webp 768w, https:\/\/www.szhzykc.com\/wp-content\/uploads\/2025\/10\/lzs-e1760947412140-1381x1536.webp 1381w, https:\/\/www.szhzykc.com\/wp-content\/uploads\/2025\/10\/lzs-e1760947412140-11x12.webp 11w, https:\/\/www.szhzykc.com\/wp-content\/uploads\/2025\/10\/lzs-e1760947412140-600x667.webp 600w\" sizes=\"auto, (max-width: 1672px) 100vw, 1672px\" \/><\/figure>\n<\/div>\n\n\n\n<div class=\"wp-block-uagb-container uagb-block-5f4d12ac\">\n<div class=\"wp-block-uagb-info-box uagb-block-eaeb61e8 uagb-infobox__content-wrap  uagb-infobox-icon-above-title uagb-infobox-image-valign-top\"><div class=\"uagb-ifb-content\"><div class=\"uagb-ifb-title-wrap\"><h2 class=\"uagb-ifb-title-prefix\">LAM CHI SHUN<\/h2><h3 class=\"uagb-ifb-title\">presidente del consejo de administraci\u00f3n<\/h3><\/div><p class=\"uagb-ifb-desc\">Diputado de la XII Asamblea Popular Provincial de Guangdong<br><br>Diputado del V Congreso Popular de Shenzhen<br><br>Comit\u00e9 Permanente de la Cuarta Conferencia Consultiva Pol\u00edtica del Pueblo Chino del Distrito de Longgang, Shenzhen, China<br><br>Miembro de la Primera y Segunda Conferencia Consultiva Pol\u00edtica del Pueblo Chino, Distrito de Longgang, Shenzhen, China<br><br>Vicepresidente de la Di\u00f3cesis Cat\u00f3lica de la Provincia de Guangdong<br><br>Vicepresidente de la Asociaci\u00f3n Patri\u00f3tica Cat\u00f3lica de Shenzhen<br><br>Presidente de la Asociaci\u00f3n Patri\u00f3tica Cat\u00f3lica del Distrito de Longgang, Shenzhen<br><br>Director Adjunto del Comit\u00e9 Laico de \"Un Consejo, Una Misi\u00f3n\" de la Iglesia Cat\u00f3lica de China<\/p><\/div><\/div>\n\n\n\n<div class=\"wp-block-uagb-advanced-heading uagb-block-3d7656fc\"><h4 class=\"uagb-heading-text\">Mensaje del Presidente: \u00a1La cooperaci\u00f3n forja el \u00e9xito!<\/h4><\/div>\n<\/div>\n<\/div>\n<\/div><\/div>","protected":false},"excerpt":{"rendered":"<p>Mensaje del Presidente: \u00a1La cooperaci\u00f3n forja el \u00e9xito!<\/p>","protected":false},"author":1,"featured_media":0,"parent":0,"menu_order":0,"comment_status":"closed","ping_status":"closed","template":"","meta":{"_seopress_robots_primary_cat":"","_seopress_titles_title":"","_seopress_titles_desc":"","_seopress_robots_index":"","_uag_custom_page_level_css":"","site-sidebar-layout":"no-sidebar","site-content-layout":"","ast-site-content-layout":"full-width-container","site-content-style":"unboxed","site-sidebar-style":"unboxed","ast-global-header-display":"","ast-banner-title-visibility":"","ast-main-header-display":"","ast-hfb-above-header-display":"","ast-hfb-below-header-display":"","ast-hfb-mobile-header-display":"","site-post-title":"disabled","ast-breadcrumbs-content":"","ast-featured-img":"","footer-sml-layout":"","ast-disable-related-posts":"","theme-transparent-header-meta":"","adv-header-id-meta":"","stick-header-meta":"","header-above-stick-meta":"","header-main-stick-meta":"","header-below-stick-meta":"","astra-migrate-meta-layouts":"default","ast-page-background-enabled":"default","ast-page-background-meta":{"desktop":{"background-color":"var(--ast-global-color-5)","background-image":"","background-repeat":"repeat","background-position":"center center","background-size":"auto","background-attachment":"scroll","background-type":"","background-media":"","overlay-type":"","overlay-color":"","overlay-opacity":"","overlay-gradient":""},"tablet":{"background-color":"","background-image":"","background-repeat":"repeat","background-position":"center center","background-size":"auto","background-attachment":"scroll","background-type":"","background-media":"","overlay-type":"","overlay-color":"","overlay-opacity":"","overlay-gradient":""},"mobile":{"background-color":"","background-image":"","background-repeat":"repeat","background-position":"center center","background-size":"auto","background-attachment":"scroll","background-type":"","background-media":"","overlay-type":"","overlay-color":"","overlay-opacity":"","overlay-gradient":""}},"ast-content-background-meta":{"desktop":{"background-color":"var(--ast-global-color-4)","background-image":"","background-repeat":"repeat","background-position":"center center","background-size":"auto","background-attachment":"scroll","background-type":"","background-media":"","overlay-type":"","overlay-color":"","overlay-opacity":"","overlay-gradient":""},"tablet":{"background-color":"var(--ast-global-color-4)","background-image":"","background-repeat":"repeat","background-position":"center center","background-size":"auto","background-attachment":"scroll","background-type":"","background-media":"","overlay-type":"","overlay-color":"","overlay-opacity":"","overlay-gradient":""},"mobile":{"background-color":"var(--ast-global-color-4)","background-image":"","background-repeat":"repeat","background-position":"center center","background-size":"auto","background-attachment":"scroll","background-type":"","background-media":"","overlay-type":"","overlay-color":"","overlay-opacity":"","overlay-gradient":""}},"iawp_total_views":82,"footnotes":""},"class_list":["post-4227","page","type-page","status-publish","hentry"],"uagb_featured_image_src":{"full":false,"thumbnail":false,"medium":false,"medium_large":false,"large":false,"1536x1536":false,"2048x2048":false,"trp-custom-language-flag":false,"woocommerce_thumbnail":false,"woocommerce_single":false,"woocommerce_gallery_thumbnail":false},"uagb_author_info":{"display_name":"contact@qunbiz.com","author_link":"https:\/\/www.szhzykc.com\/es\/author\/contactqunbiz-com\/"},"uagb_comment_info":0,"uagb_excerpt":"\u8463\u4e8b\u957f\u5bc4\u8bed\uff1a\u5408\u4f5c\u94f8\u5c31\u6210\u529f\uff01","_links":{"self":[{"href":"https:\/\/www.szhzykc.com\/es\/wp-json\/wp\/v2\/pages\/4227","targetHints":{"allow":["GET"]}}],"collection":[{"href":"https:\/\/www.szhzykc.com\/es\/wp-json\/wp\/v2\/pages"}],"about":[{"href":"https:\/\/www.szhzykc.com\/es\/wp-json\/wp\/v2\/types\/page"}],"author":[{"embeddable":true,"href":"https:\/\/www.szhzykc.com\/es\/wp-json\/wp\/v2\/users\/1"}],"replies":[{"embeddable":true,"href":"https:\/\/www.szhzykc.com\/es\/wp-json\/wp\/v2\/comments?post=4227"}],"version-history":[{"count":6,"href":"https:\/\/www.szhzykc.com\/es\/wp-json\/wp\/v2\/pages\/4227\/revisions"}],"predecessor-version":[{"id":5118,"href":"https:\/\/www.szhzykc.com\/es\/wp-json\/wp\/v2\/pages\/4227\/revisions\/5118"}],"wp:attachment":[{"href":"https:\/\/www.szhzykc.com\/es\/wp-json\/wp\/v2\/media?parent=4227"}],"curies":[{"name":"wp","href":"https:\/\/api.w.org\/{rel}","templated":true}]}}