{"id":5243,"date":"2026-03-13T02:23:43","date_gmt":"2026-03-13T02:23:43","guid":{"rendered":"https:\/\/www.szhzykc.com\/?page_id=5243"},"modified":"2026-04-05T03:37:43","modified_gmt":"2026-04-05T03:37:43","slug":"huan-zi-yuan-pai-dan-jie-dan-xi-tong-ping-tai","status":"publish","type":"page","link":"https:\/\/www.szhzykc.com\/es\/huan-zi-yuan-pai-dan-jie-dan-xi-tong-ping-tai\/","title":{"rendered":"Plataforma del sistema de toma de pedidos Ring Resource Dispatch"},"content":{"rendered":"<div class=\"wp-block-uagb-container uagb-block-bd9f6584 alignfull uagb-is-root-container\"><div class=\"uagb-container-inner-blocks-wrap\">\n<div class=\"wp-block-uagb-info-box uagb-block-e21d5f2d uagb-infobox__content-wrap  uagb-infobox-icon-above-title uagb-infobox-image-valign-top bwenzi uag-hide-desktop uag-hide-tab uag-hide-mob\"><div class=\"uagb-ifb-content\"><div class=\"uagb-ifb-title-wrap\"><h1 class=\"uagb-ifb-title\">Plataforma<\/h1><\/div><p class=\"uagb-ifb-desc\">Manejo y formaci\u00f3n profesional de drones - Homologaci\u00f3n oficial y garant\u00eda de licencia<\/p><\/div><\/div>\n<\/div><\/div>\n\n\n\n<div class=\"wp-block-uagb-container uagb-block-d2a51045 alignfull uagb-is-root-container\"><div class=\"uagb-container-inner-blocks-wrap\">\n<div class=\"wp-block-uagb-container uagb-block-d49e11ff\">\t\t\t\t\t<div\n\t\t\t\t\t\tclass=\"wp-block-uagb-image-gallery uagb-block-0e25b943\"\n\t\t\t\t\t\tstyle=\"\"\n\t\t\t\t\t>\n\t\t\t\t\t\t\t\t\t\t\t<div class=\"spectra-image-gallery spectra-image-gallery__layout--masonry spectra-image-gallery__layout--masonry-col-5 spectra-image-gallery__layout--masonry-col-tab-3 spectra-image-gallery__layout--masonry-col-mob-2\">\n\t\t\t\t\t\t\t\t\t\t\t<div class='spectra-image-gallery__media-wrapper--isotope'>\n\t\t\t\t\t\t\t<div class='spectra-image-gallery__media-wrapper' data-spectra-gallery-image-id='5247' tabindex=\"0\">\n\t\t\t\t\t\t\t<div class=\"spectra-image-gallery__media spectra-image-gallery__media--masonry\">\n\t\t\t\t<picture>\n\t\t\t\t\t<source media=\"(min-width: 1024px)\" srcset=\"https:\/\/www.szhzykc.com\/wp-content\/uploads\/2026\/03\/hzy-1.webp\">\n\t\t\t\t\t<source media=\"(min-width: 768px)\" srcset=\"https:\/\/www.szhzykc.com\/wp-content\/uploads\/2026\/03\/hzy-1-484x1024.webp\">\n\t\t\t\t\t<img decoding=\"async\" class=\"spectra-image-gallery__media-thumbnail spectra-image-gallery__media-thumbnail--masonry\" src=\"https:\/\/www.szhzykc.com\/wp-content\/uploads\/2026\/03\/hzy-1-142x300.webp\" alt=\"\" loading=\"lazy\" \/>\n\t\t\t\t<\/picture>\n\t\t\t\t<div class=\"spectra-image-gallery__media-thumbnail-blurrer\"><\/div>\n\t\t\t\t\t\t\t\t\t\t\t<div class=\"spectra-image-gallery__media-thumbnail-caption-wrapper spectra-image-gallery__media-thumbnail-caption-wrapper--overlay\"><\/div>\n\t\t\t\t\t\t\t\t<\/div>\n\t\t\t\t\t\t<\/div>\n\t\t\t\t\t\t<\/div>\n\t\t\t\t\t\t<div class='spectra-image-gallery__media-wrapper--isotope'>\n\t\t\t\t\t\t\t<div class='spectra-image-gallery__media-wrapper' data-spectra-gallery-image-id='5248' tabindex=\"0\">\n\t\t\t\t\t\t\t<div class=\"spectra-image-gallery__media spectra-image-gallery__media--masonry\">\n\t\t\t\t<picture>\n\t\t\t\t\t<source media=\"(min-width: 1024px)\" srcset=\"https:\/\/www.szhzykc.com\/wp-content\/uploads\/2026\/03\/hzy-2.webp\">\n\t\t\t\t\t<source media=\"(min-width: 768px)\" srcset=\"https:\/\/www.szhzykc.com\/wp-content\/uploads\/2026\/03\/hzy-2-484x1024.webp\">\n\t\t\t\t\t<img decoding=\"async\" class=\"spectra-image-gallery__media-thumbnail spectra-image-gallery__media-thumbnail--masonry\" src=\"https:\/\/www.szhzykc.com\/wp-content\/uploads\/2026\/03\/hzy-2-142x300.webp\" alt=\"\" loading=\"lazy\" \/>\n\t\t\t\t<\/picture>\n\t\t\t\t<div class=\"spectra-image-gallery__media-thumbnail-blurrer\"><\/div>\n\t\t\t\t\t\t\t\t\t\t\t<div class=\"spectra-image-gallery__media-thumbnail-caption-wrapper spectra-image-gallery__media-thumbnail-caption-wrapper--overlay\"><\/div>\n\t\t\t\t\t\t\t\t<\/div>\n\t\t\t\t\t\t<\/div>\n\t\t\t\t\t\t<\/div>\n\t\t\t\t\t\t<div class='spectra-image-gallery__media-wrapper--isotope'>\n\t\t\t\t\t\t\t<div class='spectra-image-gallery__media-wrapper' data-spectra-gallery-image-id='5249' tabindex=\"0\">\n\t\t\t\t\t\t\t<div class=\"spectra-image-gallery__media spectra-image-gallery__media--masonry\">\n\t\t\t\t<picture>\n\t\t\t\t\t<source media=\"(min-width: 1024px)\" srcset=\"https:\/\/www.szhzykc.com\/wp-content\/uploads\/2026\/03\/hzy-3.webp\">\n\t\t\t\t\t<source media=\"(min-width: 768px)\" srcset=\"https:\/\/www.szhzykc.com\/wp-content\/uploads\/2026\/03\/hzy-3-484x1024.webp\">\n\t\t\t\t\t<img decoding=\"async\" class=\"spectra-image-gallery__media-thumbnail spectra-image-gallery__media-thumbnail--masonry\" src=\"https:\/\/www.szhzykc.com\/wp-content\/uploads\/2026\/03\/hzy-3-142x300.webp\" alt=\"\" loading=\"lazy\" \/>\n\t\t\t\t<\/picture>\n\t\t\t\t<div class=\"spectra-image-gallery__media-thumbnail-blurrer\"><\/div>\n\t\t\t\t\t\t\t\t\t\t\t<div class=\"spectra-image-gallery__media-thumbnail-caption-wrapper spectra-image-gallery__media-thumbnail-caption-wrapper--overlay\"><\/div>\n\t\t\t\t\t\t\t\t<\/div>\n\t\t\t\t\t\t<\/div>\n\t\t\t\t\t\t<\/div>\n\t\t\t\t\t\t<div class='spectra-image-gallery__media-wrapper--isotope'>\n\t\t\t\t\t\t\t<div class='spectra-image-gallery__media-wrapper' data-spectra-gallery-image-id='5250' tabindex=\"0\">\n\t\t\t\t\t\t\t<div class=\"spectra-image-gallery__media spectra-image-gallery__media--masonry\">\n\t\t\t\t<picture>\n\t\t\t\t\t<source media=\"(min-width: 1024px)\" srcset=\"https:\/\/www.szhzykc.com\/wp-content\/uploads\/2026\/03\/hzy-4.webp\">\n\t\t\t\t\t<source media=\"(min-width: 768px)\" srcset=\"https:\/\/www.szhzykc.com\/wp-content\/uploads\/2026\/03\/hzy-4-484x1024.webp\">\n\t\t\t\t\t<img decoding=\"async\" class=\"spectra-image-gallery__media-thumbnail spectra-image-gallery__media-thumbnail--masonry\" src=\"https:\/\/www.szhzykc.com\/wp-content\/uploads\/2026\/03\/hzy-4-142x300.webp\" alt=\"\" loading=\"lazy\" \/>\n\t\t\t\t<\/picture>\n\t\t\t\t<div class=\"spectra-image-gallery__media-thumbnail-blurrer\"><\/div>\n\t\t\t\t\t\t\t\t\t\t\t<div class=\"spectra-image-gallery__media-thumbnail-caption-wrapper spectra-image-gallery__media-thumbnail-caption-wrapper--overlay\"><\/div>\n\t\t\t\t\t\t\t\t<\/div>\n\t\t\t\t\t\t<\/div>\n\t\t\t\t\t\t<\/div>\n\t\t\t\t\t\t<div class='spectra-image-gallery__media-wrapper--isotope'>\n\t\t\t\t\t\t\t<div class='spectra-image-gallery__media-wrapper' data-spectra-gallery-image-id='5251' tabindex=\"0\">\n\t\t\t\t\t\t\t<div class=\"spectra-image-gallery__media spectra-image-gallery__media--masonry\">\n\t\t\t\t<picture>\n\t\t\t\t\t<source media=\"(min-width: 1024px)\" srcset=\"https:\/\/www.szhzykc.com\/wp-content\/uploads\/2026\/03\/hzy-5.webp\">\n\t\t\t\t\t<source media=\"(min-width: 768px)\" srcset=\"https:\/\/www.szhzykc.com\/wp-content\/uploads\/2026\/03\/hzy-5-484x1024.webp\">\n\t\t\t\t\t<img decoding=\"async\" class=\"spectra-image-gallery__media-thumbnail spectra-image-gallery__media-thumbnail--masonry\" src=\"https:\/\/www.szhzykc.com\/wp-content\/uploads\/2026\/03\/hzy-5-142x300.webp\" alt=\"\" loading=\"lazy\" \/>\n\t\t\t\t<\/picture>\n\t\t\t\t<div class=\"spectra-image-gallery__media-thumbnail-blurrer\"><\/div>\n\t\t\t\t\t\t\t\t\t\t\t<div class=\"spectra-image-gallery__media-thumbnail-caption-wrapper spectra-image-gallery__media-thumbnail-caption-wrapper--overlay\"><\/div>\n\t\t\t\t\t\t\t\t<\/div>\n\t\t\t\t\t\t<\/div>\n\t\t\t\t\t\t<\/div>\n\t\t\t\t\t\t\t\t\t\t<\/div>\n\t\t\t\t\t\t\t\t\t\t\t\t\t\t\t\t\t\t<\/div>\n\t\t\t\t\t\t\t\t\t\n\n\n<p>En la era digital, todo tipo de empresas y organizaciones en la colaboraci\u00f3n de tareas, la liberaci\u00f3n de la demanda de la Parte A y la eficiencia de acoplamiento de la empresa de servicios de la Parte B, la especificaci\u00f3n del proceso, la protecci\u00f3n de los derechos e intereses y otras cuestiones, se convierten en el punto de dolor central que restringe la cooperaci\u00f3n eficiente entre las dos partes. El sistema de recursos en anillo es un conjunto de sistemas de gesti\u00f3n digital que se centra en todo el proceso de env\u00edo de pedidos de la Parte A, recepci\u00f3n de pedidos de la Parte B, verificaci\u00f3n de credenciales y liquidaci\u00f3n de comisiones. \u201cConectar la oferta y la demanda, estandarizar el proceso, proteger los derechos e intereses y mejorar la eficiencia\u201d es la misi\u00f3n principal de la oferta y la demanda para construir un puente de colaboraci\u00f3n seguro, transparente y eficiente que ayude a ambas partes a optimizar la asignaci\u00f3n de recursos y reducir el coste de la cooperaci\u00f3n. Ayuda a ambas partes a optimizar la asignaci\u00f3n de recursos y reducir el coste de la cooperaci\u00f3n.<\/p>\n\n\n\n<p>El sistema de recursos en anillo se ajusta profundamente a la l\u00f3gica empresarial central de \u201cla Parte A env\u00eda pedidos, la Parte B recibe pedidos, se cargan los vales y se ganan comisiones\u201d, abarcando todo el ciclo de vida, desde la liberaci\u00f3n de la demanda hasta la comisi\u00f3n y la cuenta, y toda la gesti\u00f3n de circuito cerrado en l\u00ednea, sin necesidad de engorrosas comunicaciones fuera de l\u00ednea, de modo que cada cooperaci\u00f3n es claramente controlable y trazable, y puede satisfacer integralmente las necesidades centrales de la Parte A y la Parte B. necesidades de ambas partes.<\/p>\n\n\n\n<p>Para los usuarios de la Parte A, el sistema crea un sistema de gesti\u00f3n de asignaciones c\u00f3modo y eficaz: la Parte A puede crear una tarea con un solo clic, rellenar los requisitos de la tarea, las normas de ejecuci\u00f3n, el plazo de finalizaci\u00f3n y el importe de la comisi\u00f3n, y definir con precisi\u00f3n los l\u00edmites del servicio; una vez liberada la tarea, el sistema empareja r\u00e1pidamente los recursos apropiados de la Parte B, y la Parte A puede seleccionar el objeto de cooperaci\u00f3n de acuerdo con la cualificaci\u00f3n de la Parte B y el historial de rendimiento. Durante el proceso de ejecuci\u00f3n, la Parte A puede ver el progreso en tiempo real, comunicar y ajustar los requisitos, verificar los comprobantes en l\u00ednea tras la finalizaci\u00f3n de la tarea y activar la liquidaci\u00f3n de la comisi\u00f3n con un solo clic, lo que mejora significativamente la colaboraci\u00f3n y la eficiencia financiera.<\/p>\n\n\n\n<p>Para los usuarios de la parte B, el sistema proporciona unos canales de pedidos e ingresos justos y transparentes: tras el registro y la autenticaci\u00f3n de la parte B, puede examinar y examinar de forma independiente las tareas seg\u00fan sus propias capacidades, sin necesidad de ampliar activamente los clientes, reduciendo el coste de adquisici\u00f3n de clientes. Despu\u00e9s de recibir el pedido, puede ver claramente los requisitos de la tarea, la sincronizaci\u00f3n en l\u00ednea del progreso de la ejecuci\u00f3n, para evitar sesgos de informaci\u00f3n que conducen a la reelaboraci\u00f3n; despu\u00e9s de la finalizaci\u00f3n de la tarea, cargar los resultados del bono para esperar la verificaci\u00f3n de la Parte A, la verificaci\u00f3n a trav\u00e9s de la comisi\u00f3n autom\u00e1ticamente a la cuenta, para resolver completamente el problema de la morosidad de la comisi\u00f3n, y para lograr \u201cm\u00e1s trabajo, m\u00e1s paga\u201d.<\/p>\n\n\n\n<p>El sistema establece un mecanismo de control perfecto: todo el proceso de control de la autenticidad de las tareas de la Parte A y el pago completo de la comisi\u00f3n, el control estricto de las calificaciones de la Parte B y la calidad del rendimiento, para eliminar las \u00f3rdenes falsas, credenciales falsas y otros comportamientos; al mismo tiempo para construir un proceso estandarizado de gesti\u00f3n de conflictos, las dos partes pueden ser divergentes a trav\u00e9s del sistema para quejarse, la plataforma es justa y coordinada, para reducir el riesgo de la cooperaci\u00f3n.<\/p>\n\n\n\n<p>El funcionamiento del sistema es sencillo y f\u00e1cil de entender, sin necesidad de conocimientos profesionales para empezar r\u00e1pidamente, mientras que el uso de la tecnolog\u00eda de encriptaci\u00f3n para proteger la informaci\u00f3n del usuario, los datos de la tarea y la seguridad de liquidaci\u00f3n de fondos. Adem\u00e1s, la funci\u00f3n de an\u00e1lisis de datos b\u00e1sicos puede proporcionar apoyo a la toma de decisiones para ambas partes y ayudar a optimizar las estrategias de cooperaci\u00f3n. El anillo de recursos se adapta a todo tipo de escenarios de oferta y demanda, ayudando a ambas partes a romper las barreras de comunicaci\u00f3n, mejorar la eficiencia y lograr el beneficio mutuo y la situaci\u00f3n de ganar-ganar, para que cada demanda pueda ser aterrizada con precisi\u00f3n, y cada pago pueda ser recompensado razonablemente.<\/p>\n<\/div>\n<\/div><\/div>","protected":false},"excerpt":{"rendered":"<p>En la era digital, todo tipo de empresas y organizaciones en la colaboraci\u00f3n de tareas, la Parte A la liberaci\u00f3n de la demanda y la Parte B la prestaci\u00f3n de servicios de la pareja [...].<\/p>","protected":false},"author":1,"featured_media":0,"parent":0,"menu_order":0,"comment_status":"closed","ping_status":"closed","template":"","meta":{"_seopress_robots_primary_cat":"","_seopress_titles_title":"","_seopress_titles_desc":"","_seopress_robots_index":"","_uag_custom_page_level_css":"","site-sidebar-layout":"no-sidebar","site-content-layout":"","ast-site-content-layout":"full-width-container","site-content-style":"unboxed","site-sidebar-style":"unboxed","ast-global-header-display":"","ast-banner-title-visibility":"","ast-main-header-display":"","ast-hfb-above-header-display":"","ast-hfb-below-header-display":"","ast-hfb-mobile-header-display":"","site-post-title":"disabled","ast-breadcrumbs-content":"","ast-featured-img":"","footer-sml-layout":"","ast-disable-related-posts":"","theme-transparent-header-meta":"","adv-header-id-meta":"","stick-header-meta":"","header-above-stick-meta":"","header-main-stick-meta":"","header-below-stick-meta":"","astra-migrate-meta-layouts":"default","ast-page-background-enabled":"default","ast-page-background-meta":{"desktop":{"background-color":"var(--ast-global-color-5)","background-image":"","background-repeat":"repeat","background-position":"center center","background-size":"auto","background-attachment":"scroll","background-type":"","background-media":"","overlay-type":"","overlay-color":"","overlay-opacity":"","overlay-gradient":""},"tablet":{"background-color":"","background-image":"","background-repeat":"repeat","background-position":"center center","background-size":"auto","background-attachment":"scroll","background-type":"","background-media":"","overlay-type":"","overlay-color":"","overlay-opacity":"","overlay-gradient":""},"mobile":{"background-color":"","background-image":"","background-repeat":"repeat","background-position":"center center","background-size":"auto","background-attachment":"scroll","background-type":"","background-media":"","overlay-type":"","overlay-color":"","overlay-opacity":"","overlay-gradient":""}},"ast-content-background-meta":{"desktop":{"background-color":"var(--ast-global-color-4)","background-image":"","background-repeat":"repeat","background-position":"center center","background-size":"auto","background-attachment":"scroll","background-type":"","background-media":"","overlay-type":"","overlay-color":"","overlay-opacity":"","overlay-gradient":""},"tablet":{"background-color":"var(--ast-global-color-4)","background-image":"","background-repeat":"repeat","background-position":"center center","background-size":"auto","background-attachment":"scroll","background-type":"","background-media":"","overlay-type":"","overlay-color":"","overlay-opacity":"","overlay-gradient":""},"mobile":{"background-color":"var(--ast-global-color-4)","background-image":"","background-repeat":"repeat","background-position":"center center","background-size":"auto","background-attachment":"scroll","background-type":"","background-media":"","overlay-type":"","overlay-color":"","overlay-opacity":"","overlay-gradient":""}},"iawp_total_views":18,"footnotes":""},"class_list":["post-5243","page","type-page","status-publish","hentry"],"uagb_featured_image_src":{"full":false,"thumbnail":false,"medium":false,"medium_large":false,"large":false,"1536x1536":false,"2048x2048":false,"trp-custom-language-flag":false,"woocommerce_thumbnail":false,"woocommerce_single":false,"woocommerce_gallery_thumbnail":false},"uagb_author_info":{"display_name":"contact@qunbiz.com","author_link":"https:\/\/www.szhzykc.com\/es\/author\/contactqunbiz-com\/"},"uagb_comment_info":0,"uagb_excerpt":"\u6570\u5b57\u5316\u65f6\u4ee3\uff0c\u5404\u7c7b\u4f01\u4e1a\u53ca\u673a\u6784\u7684\u4efb\u52a1\u534f\u4f5c\u4e2d\uff0c\u7532\u65b9\u9700\u6c42\u53d1\u5e03\u4e0e\u4e59\u65b9\u670d\u52a1\u627f\u63a5\u7684\u5bf9 [&hellip;]","_links":{"self":[{"href":"https:\/\/www.szhzykc.com\/es\/wp-json\/wp\/v2\/pages\/5243","targetHints":{"allow":["GET"]}}],"collection":[{"href":"https:\/\/www.szhzykc.com\/es\/wp-json\/wp\/v2\/pages"}],"about":[{"href":"https:\/\/www.szhzykc.com\/es\/wp-json\/wp\/v2\/types\/page"}],"author":[{"embeddable":true,"href":"https:\/\/www.szhzykc.com\/es\/wp-json\/wp\/v2\/users\/1"}],"replies":[{"embeddable":true,"href":"https:\/\/www.szhzykc.com\/es\/wp-json\/wp\/v2\/comments?post=5243"}],"version-history":[{"count":7,"href":"https:\/\/www.szhzykc.com\/es\/wp-json\/wp\/v2\/pages\/5243\/revisions"}],"predecessor-version":[{"id":5292,"href":"https:\/\/www.szhzykc.com\/es\/wp-json\/wp\/v2\/pages\/5243\/revisions\/5292"}],"wp:attachment":[{"href":"https:\/\/www.szhzykc.com\/es\/wp-json\/wp\/v2\/media?parent=5243"}],"curies":[{"name":"wp","href":"https:\/\/api.w.org\/{rel}","templated":true}]}}