{"id":2401,"date":"2025-09-03T07:24:02","date_gmt":"2025-09-03T07:24:02","guid":{"rendered":"https:\/\/szhzykc.com\/?post_type=product&#038;p=2401"},"modified":"2025-09-19T03:46:49","modified_gmt":"2025-09-19T03:46:49","slug":"h9300","status":"publish","type":"product","link":"https:\/\/www.szhzykc.com\/es\/product\/h9300\/","title":{"rendered":"H9300 Terminal port\u00e1til UHF"},"content":{"rendered":"<p><img alt=\"\" loading=\"lazy\" decoding=\"async\" class=\"alignnone size-full wp-image-2404\" src=\"https:\/\/www.szhzykc.com\/wp-content\/uploads\/2025\/09\/H9300-xq1.webp\" width=\"1922\" height=\"310\" srcset=\"https:\/\/www.szhzykc.com\/wp-content\/uploads\/2025\/09\/H9300-xq1.webp 1922w, https:\/\/www.szhzykc.com\/wp-content\/uploads\/2025\/09\/H9300-xq1-600x97.webp 600w, https:\/\/www.szhzykc.com\/wp-content\/uploads\/2025\/09\/H9300-xq1-300x48.webp 300w, https:\/\/www.szhzykc.com\/wp-content\/uploads\/2025\/09\/H9300-xq1-1024x165.webp 1024w, https:\/\/www.szhzykc.com\/wp-content\/uploads\/2025\/09\/H9300-xq1-768x124.webp 768w, https:\/\/www.szhzykc.com\/wp-content\/uploads\/2025\/09\/H9300-xq1-1536x248.webp 1536w\" sizes=\"auto, (max-width: 1922px) 100vw, 1922px\" \/><\/p>\n<h4 class=\"pub_title\">Par\u00e1metros del producto<\/h4>\n<table class=\"pro_table\" width=\"100%\">\n<tbody>\n<tr class=\"trbj\">\n<td colspan=\"2\">par\u00e1metro f\u00edsico<\/td>\n<\/tr>\n<tr>\n<td>tallas<\/td>\n<td>178mm*83mm*24mm<\/td>\n<\/tr>\n<tr>\n<td>pesos<\/td>\n<td>M\u00e1quina completa 690 g (bater\u00eda incluida, el peso var\u00eda con las distintas configuraciones)<\/td>\n<\/tr>\n<tr>\n<td>pantalla de visualizaci\u00f3n<\/td>\n<td>Pantalla en color de 6 pulgadas con resoluci\u00f3n 720*1440 (hasta 1080*2160)<\/td>\n<\/tr>\n<tr>\n<td>pantallas t\u00e1ctiles<\/td>\n<td>Corning Gorilla, soporte multit\u00e1ctil; la pantalla puede manejarse con agua o guantes<\/td>\n<\/tr>\n<tr>\n<td>hacer algo de espaldas a la luz<\/td>\n<td>Retroiluminaci\u00f3n LED, visible a la luz del sol<\/td>\n<\/tr>\n<tr>\n<td>pilas<\/td>\n<td>Bater\u00eda de pol\u00edmero de iones de litio extra\u00edble, capacidad: 11700 mAh; 3,7 V uso normal<br \/>\nTiempo de uso: &gt;8 horas, tiempo en espera: 300 horas<\/td>\n<\/tr>\n<tr>\n<td>ranura<\/td>\n<td>Tarjeta micro SIM x 1, tarjeta TF x 1<\/td>\n<\/tr>\n<tr>\n<td>interfaz de comunicaci\u00f3n<\/td>\n<td>USB tipo C x 1, compatible con la funci\u00f3n OTG<\/td>\n<\/tr>\n<tr>\n<td>conexi\u00f3n de red<\/td>\n<td>4G\/3G\/2G, Wi-Fi<\/td>\n<\/tr>\n<tr>\n<td>Modo de notificaci\u00f3n<\/td>\n<td>Pitido, indicador bicolor, vibraci\u00f3n<\/td>\n<\/tr>\n<tr>\n<td>frecuencia sonora<\/td>\n<td>Micr\u00f3fono, altavoz, auricular<\/td>\n<\/tr>\n<tr>\n<td>pulsaciones de teclas<\/td>\n<td>Bot\u00f3n de encendido, bot\u00f3n Volume +\/-, bot\u00f3n Scan*2, bot\u00f3n Grip*1<\/td>\n<\/tr>\n<tr>\n<td>adaptador de corriente<\/td>\n<td>Tiempo de carga de 4 a 5 horas con adaptador de corriente est\u00e1ndar y cable de soporte<br \/>\nCarga r\u00e1pida opcional, 3 horas de carga r\u00e1pida<\/td>\n<\/tr>\n<tr>\n<td>transductores<\/td>\n<td>Sensor de gravedad, sensor de luz, sensor de distancia, motor de vibraci\u00f3n<\/td>\n<\/tr>\n<tr>\n<td>Seguridad PSAM<\/td>\n<td>Compatible con la norma ISO7816, tarjeta PSAM*1<\/td>\n<\/tr>\n<tr class=\"trbj\">\n<td colspan=\"2\">Par\u00e1metros de rendimiento<\/td>\n<\/tr>\n<tr>\n<td>CPU<\/td>\n<td>Octa-core 2.0GHz<\/td>\n<\/tr>\n<tr>\n<td>sistema operativo<\/td>\n<td>Android 12.0<\/td>\n<\/tr>\n<tr>\n<td>memoria de acceso aleatorio (RAM)<\/td>\n<td>4GB RAM + 64GB ROM<\/td>\n<\/tr>\n<tr>\n<td>memoria de acceso aleatorio (RAM)<\/td>\n<td>6GB\/8GB RAM + 128GB ROM<\/td>\n<\/tr>\n<tr>\n<td>memoria de acceso aleatorio (RAM)<\/td>\n<td>Micro SD(TF) 128G Ampliable hasta 1TB<\/td>\n<\/tr>\n<tr class=\"trbj\">\n<td colspan=\"2\">comunicaciones inal\u00e1mbricas<\/td>\n<\/tr>\n<tr>\n<td rowspan=\"3\">WWAN<\/td>\n<td>2G: G850\/900\/1800\/1900<\/td>\n<\/tr>\n<tr>\n<td>3G: W1\/2\/5\/80<\/td>\n<\/tr>\n<tr>\n<td>4g: b1\/3\/4\/5\/7\/8\/12\/20\/38\/39\/40\/41<\/td>\n<\/tr>\n<tr>\n<td>WIFI<\/td>\n<td>Frecuencia WIFI: 2,4 GHz y 5 GHz WIFI de doble banda Soporta roaming<br \/>\nProtocolo: protocolos 802.11 a\/b\/g\/n\/ac<\/td>\n<\/tr>\n<tr>\n<td>GPS<\/td>\n<td>Beidou, Glonass, GPS, Galileo<\/td>\n<\/tr>\n<tr>\n<td rowspan=\"2\">bluetooth<\/td>\n<td>Compatible con Bluetooth 2.1+EDR\/3.0+HS\/4.1+HS+5.0<\/td>\n<\/tr>\n<tr>\n<td>Distancia de transmisi\u00f3n 5-10 metros<\/td>\n<\/tr>\n<tr class=\"trbj\">\n<td colspan=\"2\">adquisici\u00f3n de datos<\/td>\n<\/tr>\n<tr>\n<td>motor de escaneado<\/td>\n<td>Admite motor de escaneado 1D\/2D (opcional)<\/td>\n<\/tr>\n<tr>\n<td rowspan=\"4\">Compatibilidad con tipos de c\u00f3digos de barras 1D<\/td>\n<td>UPC\/EAN,Bookland EAN,C\u00f3digo de cup\u00f3n UCC,ISSN EAN, C\u00f3digo<br \/>\n128, gs1-128, isbt 128.<\/td>\n<\/tr>\n<tr>\n<td>C\u00f3digo 39, C\u00f3digo 39 tri\u00f3ptico, C\u00f3digo 32, C\u00f3digo 93.<\/td>\n<\/tr>\n<tr>\n<td>C\u00f3digo 11, Intercalado 2 de 5,Discreto 2 de<\/td>\n<\/tr>\n<tr>\n<td>5, Codabar, MSI, Chino 2 de 5, Coreano 3 de 5, Matriz 2<br \/>\nde 5, 1D Inverso, GS1 DataBar, C\u00f3digos Com- posite, etc.<\/td>\n<\/tr>\n<tr>\n<td>Admite el tipo de c\u00f3digo QR<\/td>\n<td>PDF417, MicroPDF417, Matriz de datos, Matriz de datos<br \/>\nInverso, Maxicode, C\u00f3digo QR,MicroQR,QR<br \/>\ninverse,Aztec,Aztec Inverse, C\u00f3digos Postales: US<br \/>\nPostnet, US Planet,UK Postal, Australian Postal.<br \/>\nCorreo de Jap\u00f3n, C\u00f3digo KIX de los Pa\u00edses Bajos,USPS<br \/>\n4CB\/One\/Intelligent Mail, UPS FICS Pstal, etc.<\/td>\n<\/tr>\n<tr>\n<td rowspan=\"2\">c\u00e1mara de vigilancia<\/td>\n<td>C\u00e1mara frontal (opcional): 5 megap\u00edxeles<br \/>\nC\u00e1mara directa: 13 megap\u00edxeles<\/td>\n<\/tr>\n<tr>\n<td>Compatible con autofoco y flash<\/td>\n<\/tr>\n<tr class=\"trbj\">\n<td colspan=\"2\">Captura RFID<\/td>\n<\/tr>\n<tr>\n<td rowspan=\"3\">Norma militar nacional (opcional)<\/td>\n<td>Acuerdo sobre normas nacionales: acuerdo GB29768-2013<\/td>\n<\/tr>\n<tr>\n<td>Acuerdo est\u00e1ndar militar: GJB7377.1A-2011\/2018 Acuerdo<\/td>\n<\/tr>\n<tr>\n<td>Distancia de lectura: 0-20 metros metros<\/td>\n<\/tr>\n<tr>\n<td rowspan=\"6\">RFID UHF<\/td>\n<td>China Frecuencia: 920-925Mhz<\/td>\n<\/tr>\n<tr>\n<td>EE.UU. Frecuencia: 902-928Mhz<\/td>\n<\/tr>\n<tr>\n<td>Frecuencia europea: 865-868 Mhz<\/td>\n<\/tr>\n<tr>\n<td>Normas de protocolo: EPC C1 GEN2; IEC\/ISO18000-6C<\/td>\n<\/tr>\n<tr>\n<td>Par\u00e1metros de la antena: antena cer\u00e1mica (3dbi)<\/td>\n<\/tr>\n<tr>\n<td>Distancia de lectura: seg\u00fan las diferentes etiquetas distancia efectiva 2-25 m<\/td>\n<\/tr>\n<tr class=\"trbj\">\n<td colspan=\"2\">protecci\u00f3n de seguridad<\/td>\n<\/tr>\n<tr>\n<td>temperatura de funcionamiento<\/td>\n<td>-20\u00b0C a 60\u00b0C<\/td>\n<\/tr>\n<tr>\n<td>Temperatura de almacenamiento<\/td>\n<td>-40\u00b0C a 70\u00b0C<\/td>\n<\/tr>\n<tr>\n<td>nivel de humedad<\/td>\n<td>5% a 95% (sin condensaci\u00f3n)<\/td>\n<\/tr>\n<tr>\n<td>Especificaci\u00f3n de ca\u00edda<\/td>\n<td>Dentro del rango de temperatura de funcionamiento, los 6 lados pueden soportar 30 ca\u00eddas desde una altura de 1,2 metros hasta una altura de 1,5 metros.<\/p>\n<p>Impacto en suelos de hormig\u00f3n<\/td>\n<\/tr>\n<tr>\n<td>Especificaciones de rodadura<\/td>\n<td>Laminado continuo de 1000 rondas de 0,5 m, 6 superficies de contacto frontales laminadas y funcionamiento a\u00fan estable<\/p>\n<p>clasificador de objetos en filas, como palabras<\/td>\n<\/tr>\n<tr>\n<td>vibratorio<\/td>\n<td>Aleatorio (10 Hz a 30 KHz); 60 min por eje, 3 ejes<\/td>\n<\/tr>\n<tr>\n<td>protecci\u00f3n electrost\u00e1tica<\/td>\n<td>+\/- 10kv descarga en aire; +\/-6kv tensi\u00f3n de contacto<\/td>\n<\/tr>\n<tr>\n<td>clase de protecci\u00f3n<\/td>\n<td>IP67 seg\u00fan normas de estanqueidad IEC<\/td>\n<\/tr>\n<tr class=\"trbj\">\n<td colspan=\"2\">entorno de desarrollo (ordenador)<\/td>\n<\/tr>\n<tr>\n<td>sistema operativo<\/td>\n<td>Android 12.0 admite la autenticaci\u00f3n GMS<\/td>\n<\/tr>\n<tr>\n<td>SDK<\/td>\n<td>Kit de desarrollo de software para terminales port\u00e1tiles<\/td>\n<\/tr>\n<tr>\n<td>lenguaje de desarrollo<\/td>\n<td>Java<\/td>\n<\/tr>\n<tr>\n<td>herramienta de desarrollo<\/td>\n<td>Eclipse\/Android Studio<\/td>\n<\/tr>\n<tr class=\"trbj\">\n<td colspan=\"2\">el resto<\/td>\n<\/tr>\n<tr>\n<td>acreditaci\u00f3n<\/td>\n<td>ccc\/ip-67\/gms\/ce\/rohs\/iso9001<\/td>\n<\/tr>\n<tr>\n<td>Accesorios est\u00e1ndar<\/td>\n<td>Adaptador, cable, pel\u00edcula protectora, asa<\/td>\n<\/tr>\n<\/tbody>\n<\/table>\n<h4 class=\"pub_title\">escenario de aplicaci\u00f3n<\/h4>\n<p><img alt=\"\" loading=\"lazy\" decoding=\"async\" class=\"alignnone size-full wp-image-2406\" src=\"https:\/\/www.szhzykc.com\/wp-content\/uploads\/2025\/09\/h9300-xq2.webp\" width=\"1882\" height=\"386\" srcset=\"https:\/\/www.szhzykc.com\/wp-content\/uploads\/2025\/09\/h9300-xq2.webp 1882w, https:\/\/www.szhzykc.com\/wp-content\/uploads\/2025\/09\/h9300-xq2-600x123.webp 600w, https:\/\/www.szhzykc.com\/wp-content\/uploads\/2025\/09\/h9300-xq2-300x62.webp 300w, https:\/\/www.szhzykc.com\/wp-content\/uploads\/2025\/09\/h9300-xq2-1024x210.webp 1024w, https:\/\/www.szhzykc.com\/wp-content\/uploads\/2025\/09\/h9300-xq2-768x158.webp 768w, https:\/\/www.szhzykc.com\/wp-content\/uploads\/2025\/09\/h9300-xq2-1536x315.webp 1536w\" sizes=\"auto, (max-width: 1882px) 100vw, 1882px\" \/><\/p>","protected":false},"excerpt":{"rendered":"<p><strong>Configurado para un alto rendimiento y potencia:<\/strong>Procesador de 8 n\u00facleos a 2,0 GHz, almacenamiento de 4+64 G, compatibilidad con la funci\u00f3n de escaneado de c\u00f3digos de barras\/QR, c\u00e1maras frontal y trasera duales, compatibilidad con el m\u00f3dulo RFID est\u00e1ndar militar nacional para a\u00f1adir, compatibilidad con la red nacional RFID y otras etiquetas especiales para leer y escribir.<\/p>\n<p><strong>Nos desenvolvemos con soltura en todo tipo de entornos:<\/strong>IP67 alta clase de protecci\u00f3n a prueba de polvo y resistente al agua, protecci\u00f3n integral y m\u00e1s duradero puede adaptarse a -20 \u2103 -60 \u2103 temperatura de trabajo, las condiciones duras sin miedo.<\/p>\n<p><strong>C\u00f3modo agarre F\u00e1cil de leer y escribir:<\/strong>Empu\u00f1adura de dise\u00f1o ergon\u00f3mico, se adapta a la palma de la mano, agarre c\u00f3modo, el uso a largo plazo no es f\u00e1cil a la fatiga; gran \u00e1rea RFID m\u00f3dulo de identificaci\u00f3n RFID, leer y escribir un \u00e1ngulo m\u00e1s grande, la distancia, la precisi\u00f3n de identificaci\u00f3n es mayor.<\/p>\n<p><strong>Carga r\u00e1pida flash Duraci\u00f3n de la bater\u00eda durante todo el d\u00eda sin preocupaciones:<\/strong>11700mAh bater\u00eda de gran capacidad, de larga duraci\u00f3n, todo el d\u00eda sin preocupaciones apoyo a la carga r\u00e1pida opcional, 3 horas se puede llenar.<\/p>","protected":false},"featured_media":2345,"template":"","meta":{"_seopress_robots_primary_cat":"none","_seopress_titles_title":"","_seopress_titles_desc":"","_seopress_robots_index":"","_uag_custom_page_level_css":"","site-sidebar-layout":"default","site-content-layout":"","ast-site-content-layout":"default","site-content-style":"default","site-sidebar-style":"default","ast-global-header-display":"","ast-banner-title-visibility":"","ast-main-header-display":"","ast-hfb-above-header-display":"","ast-hfb-below-header-display":"","ast-hfb-mobile-header-display":"","site-post-title":"","ast-breadcrumbs-content":"","ast-featured-img":"","footer-sml-layout":"","ast-disable-related-posts":"","theme-transparent-header-meta":"default","adv-header-id-meta":"","stick-header-meta":"default","header-above-stick-meta":"","header-main-stick-meta":"","header-below-stick-meta":"","astra-migrate-meta-layouts":"set","ast-page-background-enabled":"default","ast-page-background-meta":{"desktop":{"background-color":"var(--ast-global-color-5)","background-image":"","background-repeat":"repeat","background-position":"center center","background-size":"auto","background-attachment":"scroll","background-type":"","background-media":"","overlay-type":"","overlay-color":"","overlay-opacity":"","overlay-gradient":""},"tablet":{"background-color":"","background-image":"","background-repeat":"repeat","background-position":"center center","background-size":"auto","background-attachment":"scroll","background-type":"","background-media":"","overlay-type":"","overlay-color":"","overlay-opacity":"","overlay-gradient":""},"mobile":{"background-color":"","background-image":"","background-repeat":"repeat","background-position":"center center","background-size":"auto","background-attachment":"scroll","background-type":"","background-media":"","overlay-type":"","overlay-color":"","overlay-opacity":"","overlay-gradient":""}},"ast-content-background-meta":{"desktop":{"background-color":"var(--ast-global-color-4)","background-image":"","background-repeat":"repeat","background-position":"center center","background-size":"auto","background-attachment":"scroll","background-type":"","background-media":"","overlay-type":"","overlay-color":"","overlay-opacity":"","overlay-gradient":""},"tablet":{"background-color":"var(--ast-global-color-4)","background-image":"","background-repeat":"repeat","background-position":"center center","background-size":"auto","background-attachment":"scroll","background-type":"","background-media":"","overlay-type":"","overlay-color":"","overlay-opacity":"","overlay-gradient":""},"mobile":{"background-color":"var(--ast-global-color-4)","background-image":"","background-repeat":"repeat","background-position":"center center","background-size":"auto","background-attachment":"scroll","background-type":"","background-media":"","overlay-type":"","overlay-color":"","overlay-opacity":"","overlay-gradient":""}},"iawp_total_views":39},"product_brand":[],"product_cat":[15],"product_tag":[],"class_list":{"0":"post-2401","1":"product","2":"type-product","3":"status-publish","4":"has-post-thumbnail","6":"product_cat-products","7":"desktop-align-center","8":"tablet-align-center","9":"mobile-align-center","10":"ast-product-gallery-layout-horizontal-slider","11":"ast-product-gallery-with-no-image","12":"ast-magnify-disabled","13":"ast-product-tabs-layout-horizontal","15":"first","16":"instock","17":"shipping-taxable","18":"product-type-simple"},"uagb_featured_image_src":{"full":["https:\/\/www.szhzykc.com\/wp-content\/uploads\/2025\/09\/H9300.webp",800,800,false],"thumbnail":["https:\/\/www.szhzykc.com\/wp-content\/uploads\/2025\/09\/H9300-150x150.webp",150,150,true],"medium":["https:\/\/www.szhzykc.com\/wp-content\/uploads\/2025\/09\/H9300-300x300.webp",300,300,true],"medium_large":["https:\/\/www.szhzykc.com\/wp-content\/uploads\/2025\/09\/H9300-768x768.webp",768,768,true],"large":["https:\/\/www.szhzykc.com\/wp-content\/uploads\/2025\/09\/H9300.webp",800,800,false],"1536x1536":["https:\/\/www.szhzykc.com\/wp-content\/uploads\/2025\/09\/H9300.webp",800,800,false],"2048x2048":["https:\/\/www.szhzykc.com\/wp-content\/uploads\/2025\/09\/H9300.webp",800,800,false],"trp-custom-language-flag":["https:\/\/www.szhzykc.com\/wp-content\/uploads\/2025\/09\/H9300.webp",12,12,false],"woocommerce_thumbnail":["https:\/\/www.szhzykc.com\/wp-content\/uploads\/2025\/09\/H9300-600x600.webp",600,600,true],"woocommerce_single":["https:\/\/www.szhzykc.com\/wp-content\/uploads\/2025\/09\/H9300-600x600.webp",600,600,true],"woocommerce_gallery_thumbnail":["https:\/\/www.szhzykc.com\/wp-content\/uploads\/2025\/09\/H9300-100x100.webp",100,100,true]},"uagb_author_info":{"display_name":"contact@qunbiz.com","author_link":"https:\/\/www.szhzykc.com\/es\/author\/"},"uagb_comment_info":0,"uagb_excerpt":"\u914d\u7f6e\u9ad8\u6027\u80fd\u5f3a\u52b2\uff1a8 \u6838 2.0GHz \u5904\u7406\u5668\uff0c4+64G \u5b58\u50a8\uff0c\u652f\u6301\u6761\u7801\/\u4e8c\u7ef4\u7801\u626b\u63cf\u529f\u80fd\uff0c\u524d\u540e\u53cc\u6444\uff0c\u652f\u6301\u56fd\u519b\u6807&hellip;","_links":{"self":[{"href":"https:\/\/www.szhzykc.com\/es\/wp-json\/wp\/v2\/product\/2401","targetHints":{"allow":["GET"]}}],"collection":[{"href":"https:\/\/www.szhzykc.com\/es\/wp-json\/wp\/v2\/product"}],"about":[{"href":"https:\/\/www.szhzykc.com\/es\/wp-json\/wp\/v2\/types\/product"}],"wp:featuredmedia":[{"embeddable":true,"href":"https:\/\/www.szhzykc.com\/es\/wp-json\/wp\/v2\/media\/2345"}],"wp:attachment":[{"href":"https:\/\/www.szhzykc.com\/es\/wp-json\/wp\/v2\/media?parent=2401"}],"wp:term":[{"taxonomy":"product_brand","embeddable":true,"href":"https:\/\/www.szhzykc.com\/es\/wp-json\/wp\/v2\/product_brand?post=2401"},{"taxonomy":"product_cat","embeddable":true,"href":"https:\/\/www.szhzykc.com\/es\/wp-json\/wp\/v2\/product_cat?post=2401"},{"taxonomy":"product_tag","embeddable":true,"href":"https:\/\/www.szhzykc.com\/es\/wp-json\/wp\/v2\/product_tag?post=2401"}],"curies":[{"name":"wp","href":"https:\/\/api.w.org\/{rel}","templated":true}]}}