{"id":2407,"date":"2025-09-18T08:38:27","date_gmt":"2025-09-18T08:38:27","guid":{"rendered":"https:\/\/szhzykc.com\/?post_type=product&#038;p=2407"},"modified":"2025-09-19T03:42:16","modified_gmt":"2025-09-19T03:42:16","slug":"hui-shou-gui","status":"publish","type":"product","link":"https:\/\/www.szhzykc.com\/es\/product\/hui-shou-gui\/","title":{"rendered":"armario de reciclaje"},"content":{"rendered":"<p><img alt=\"\" loading=\"lazy\" decoding=\"async\" width=\"1200\" height=\"300\" class=\"alignnone size-full wp-image-2673\" src=\"https:\/\/www.szhzykc.com\/wp-content\/uploads\/2025\/09\/hsg.webp\" srcset=\"https:\/\/www.szhzykc.com\/wp-content\/uploads\/2025\/09\/hsg.webp 1200w, https:\/\/www.szhzykc.com\/wp-content\/uploads\/2025\/09\/hsg-300x75.webp 300w, https:\/\/www.szhzykc.com\/wp-content\/uploads\/2025\/09\/hsg-1024x256.webp 1024w, https:\/\/www.szhzykc.com\/wp-content\/uploads\/2025\/09\/hsg-768x192.webp 768w, https:\/\/www.szhzykc.com\/wp-content\/uploads\/2025\/09\/hsg-600x150.webp 600w\" sizes=\"auto, (max-width: 1200px) 100vw, 1200px\" \/><br \/>\n<!--\n\n\n\n<p style=\"text-align: center;\">\n<img alt=\"\" loading=\"lazy\" decoding=\"async\" width=\"1920\" height=\"1057\" class=\"alignnone size-full wp-image-2412\" src=\"https:\/\/www.szhzykc.com\/wp-content\/uploads\/2025\/09\/huishouxiang-xq1.webp\" alt=\"\" srcset=\"https:\/\/www.szhzykc.com\/wp-content\/uploads\/2025\/09\/huishouxiang-xq1.webp 1920w, https:\/\/www.szhzykc.com\/wp-content\/uploads\/2025\/09\/huishouxiang-xq1-600x330.webp 600w, https:\/\/www.szhzykc.com\/wp-content\/uploads\/2025\/09\/huishouxiang-xq1-300x165.webp 300w, https:\/\/www.szhzykc.com\/wp-content\/uploads\/2025\/09\/huishouxiang-xq1-1024x564.webp 1024w, https:\/\/www.szhzykc.com\/wp-content\/uploads\/2025\/09\/huishouxiang-xq1-768x423.webp 768w, https:\/\/www.szhzykc.com\/wp-content\/uploads\/2025\/09\/huishouxiang-xq1-1536x846.webp 1536w\" sizes=\"auto, (max-width: 1920px) 100vw, 1920px\" \/>\n\u5783\u573e\u56de\u6536\u667a\u80fd\u67dc\n<img alt=\"\" loading=\"lazy\" decoding=\"async\" width=\"1910\" height=\"925\" class=\"alignnone size-full wp-image-2413\" src=\"https:\/\/www.szhzykc.com\/wp-content\/uploads\/2025\/09\/huishouxiang-xq4.webp\" alt=\"\" srcset=\"https:\/\/www.szhzykc.com\/wp-content\/uploads\/2025\/09\/huishouxiang-xq4.webp 1910w, https:\/\/www.szhzykc.com\/wp-content\/uploads\/2025\/09\/huishouxiang-xq4-600x291.webp 600w, https:\/\/www.szhzykc.com\/wp-content\/uploads\/2025\/09\/huishouxiang-xq4-300x145.webp 300w, https:\/\/www.szhzykc.com\/wp-content\/uploads\/2025\/09\/huishouxiang-xq4-1024x496.webp 1024w, https:\/\/www.szhzykc.com\/wp-content\/uploads\/2025\/09\/huishouxiang-xq4-768x372.webp 768w, https:\/\/www.szhzykc.com\/wp-content\/uploads\/2025\/09\/huishouxiang-xq4-1536x744.webp 1536w\" sizes=\"auto, (max-width: 1910px) 100vw, 1910px\" \/>\n\u5783\u573e\u5206\u7c7b\u7ba1\u7406\u7cfb\u7edf\n<img alt=\"\" loading=\"lazy\" decoding=\"async\" width=\"1920\" height=\"1430\" class=\"alignnone size-full wp-image-2410\" src=\"https:\/\/www.szhzykc.com\/wp-content\/uploads\/2025\/09\/huishouxiang-xq3.webp\" alt=\"\" srcset=\"https:\/\/www.szhzykc.com\/wp-content\/uploads\/2025\/09\/huishouxiang-xq3.webp 1920w, https:\/\/www.szhzykc.com\/wp-content\/uploads\/2025\/09\/huishouxiang-xq3-600x447.webp 600w, https:\/\/www.szhzykc.com\/wp-content\/uploads\/2025\/09\/huishouxiang-xq3-300x223.webp 300w, https:\/\/www.szhzykc.com\/wp-content\/uploads\/2025\/09\/huishouxiang-xq3-1024x763.webp 1024w, https:\/\/www.szhzykc.com\/wp-content\/uploads\/2025\/09\/huishouxiang-xq3-768x572.webp 768w, https:\/\/www.szhzykc.com\/wp-content\/uploads\/2025\/09\/huishouxiang-xq3-1536x1144.webp 1536w\" sizes=\"auto, (max-width: 1920px) 100vw, 1920px\" \/>\n\u5783\u573e\u5206\u7c7b\u5206\u62e3\u7cfb\u7edf\n\n--><\/p>","protected":false},"excerpt":{"rendered":"<p>El sistema digital de gesti\u00f3n de clasificaci\u00f3n de residuos potencia la operaci\u00f3n de refinamiento del negocio con funciones omnidimensionales. El tablero Kanban de la p\u00e1gina de inicio presenta visualmente el estado de las tarjetas de flujo, los indicadores principales (volumen medio de entrega diario, cuota de categor\u00edas de reciclaje, etc.), el peso del reciclaje, los ingresos y los gastos, analiza el crecimiento de usuarios mediante el \"gr\u00e1fico de tendencias de nuevas personas\" y ofrece informaci\u00f3n sobre fallos mediante la \"alerta temprana de equipos an\u00f3malos\", lo que ayuda a controlar la situaci\u00f3n general. La gesti\u00f3n empresarial abarca todo el proceso: la gesti\u00f3n de equipos proporciona configuraci\u00f3n de par\u00e1metros, registros de fallos y seguimiento de autorizaciones para contenedores de reciclaje y balanzas inteligentes con el fin de garantizar la estabilidad del hardware; la gesti\u00f3n de pedidos y usuarios registra los datos de entrega, la informaci\u00f3n de usuario asociada y las transacciones para abrir el circuito cerrado \"entrega - reciclaje - liquidaci\u00f3n\"; el almac\u00e9n y los puntos de venta gestionan el \"gr\u00e1fico de tendencias de nuevas personas\" para analizar el crecimiento de usuarios, y la \"alerta temprana de equipos an\u00f3malos\" para ayudar a controlar toda la situaci\u00f3n. \" La gesti\u00f3n de almacenes y redes controla el inventario, optimiza la log\u00edstica y reduce los costes de tr\u00e1nsito.<\/p>\n<p>La configuraci\u00f3n del sistema incluye ajustes b\u00e1sicos como la divisi\u00f3n de jurisdicci\u00f3n y la vinculaci\u00f3n del \u00e1rea administrativa, as\u00ed como la rotaci\u00f3n de anuncios y la funci\u00f3n de empuje de la actividad de operaci\u00f3n; la gesti\u00f3n de permisos asigna permisos de acuerdo con \"posici\u00f3n - rol\" para garantizar la seguridad de los datos. Interacci\u00f3n, navegaci\u00f3n plegable para simplificar la operaci\u00f3n, las p\u00e1ginas clave soportan el cribado multidimensional y la consulta en tiempo real, gr\u00e1ficos para mostrar la tendencia de negocio, trazabilidad de procesos, para ayudar a los roles de colaboraci\u00f3n eficiente, y promover la protecci\u00f3n del medio ambiente, la reducci\u00f3n de costes y la eficiencia.<\/p>\n<p>La caja de reciclaje inteligente se centra en \"la medici\u00f3n precisa, el control inteligente y la supervisi\u00f3n de la seguridad\". La medici\u00f3n admite consulta de peso, calibraci\u00f3n de tara y linealidad, carga activa de datos; el control de interruptor y puerta admite desbloqueo remoto\/local, consulta de estado, puerta de actuador el\u00e9ctrico con sensores de cuerpo humano para abrir la puerta y funci\u00f3n antipinzamiento; supervisi\u00f3n de estado para informar del desbordamiento, alarma de humo y otra informaci\u00f3n; control de iluminaci\u00f3n y alarma con apertura autom\u00e1tica de la luz del lanzador, luz indicadora de desbordamiento y alarma sonora y luminosa; tambi\u00e9n se pueden personalizar los par\u00e1metros, adapt\u00e1ndolos a diferentes escenarios.<\/p>","protected":false},"featured_media":2346,"template":"","meta":{"_seopress_robots_primary_cat":"none","_seopress_titles_title":"","_seopress_titles_desc":"","_seopress_robots_index":"","_uag_custom_page_level_css":"","site-sidebar-layout":"default","site-content-layout":"","ast-site-content-layout":"default","site-content-style":"default","site-sidebar-style":"default","ast-global-header-display":"","ast-banner-title-visibility":"","ast-main-header-display":"","ast-hfb-above-header-display":"","ast-hfb-below-header-display":"","ast-hfb-mobile-header-display":"","site-post-title":"","ast-breadcrumbs-content":"","ast-featured-img":"","footer-sml-layout":"","ast-disable-related-posts":"","theme-transparent-header-meta":"default","adv-header-id-meta":"","stick-header-meta":"default","header-above-stick-meta":"","header-main-stick-meta":"","header-below-stick-meta":"","astra-migrate-meta-layouts":"set","ast-page-background-enabled":"default","ast-page-background-meta":{"desktop":{"background-color":"var(--ast-global-color-5)","background-image":"","background-repeat":"repeat","background-position":"center center","background-size":"auto","background-attachment":"scroll","background-type":"","background-media":"","overlay-type":"","overlay-color":"","overlay-opacity":"","overlay-gradient":""},"tablet":{"background-color":"","background-image":"","background-repeat":"repeat","background-position":"center center","background-size":"auto","background-attachment":"scroll","background-type":"","background-media":"","overlay-type":"","overlay-color":"","overlay-opacity":"","overlay-gradient":""},"mobile":{"background-color":"","background-image":"","background-repeat":"repeat","background-position":"center center","background-size":"auto","background-attachment":"scroll","background-type":"","background-media":"","overlay-type":"","overlay-color":"","overlay-opacity":"","overlay-gradient":""}},"ast-content-background-meta":{"desktop":{"background-color":"var(--ast-global-color-4)","background-image":"","background-repeat":"repeat","background-position":"center center","background-size":"auto","background-attachment":"scroll","background-type":"","background-media":"","overlay-type":"","overlay-color":"","overlay-opacity":"","overlay-gradient":""},"tablet":{"background-color":"var(--ast-global-color-4)","background-image":"","background-repeat":"repeat","background-position":"center center","background-size":"auto","background-attachment":"scroll","background-type":"","background-media":"","overlay-type":"","overlay-color":"","overlay-opacity":"","overlay-gradient":""},"mobile":{"background-color":"var(--ast-global-color-4)","background-image":"","background-repeat":"repeat","background-position":"center center","background-size":"auto","background-attachment":"scroll","background-type":"","background-media":"","overlay-type":"","overlay-color":"","overlay-opacity":"","overlay-gradient":""}},"iawp_total_views":59},"product_brand":[],"product_cat":[15],"product_tag":[],"class_list":{"0":"post-2407","1":"product","2":"type-product","3":"status-publish","4":"has-post-thumbnail","6":"product_cat-products","7":"desktop-align-center","8":"tablet-align-center","9":"mobile-align-center","10":"ast-product-gallery-layout-horizontal-slider","11":"ast-product-gallery-with-no-image","12":"ast-magnify-disabled","13":"ast-product-tabs-layout-horizontal","15":"first","16":"instock","17":"featured","18":"shipping-taxable","19":"product-type-simple"},"uagb_featured_image_src":{"full":["https:\/\/www.szhzykc.com\/wp-content\/uploads\/2025\/09\/huishougui.webp",800,800,false],"thumbnail":["https:\/\/www.szhzykc.com\/wp-content\/uploads\/2025\/09\/huishougui-150x150.webp",150,150,true],"medium":["https:\/\/www.szhzykc.com\/wp-content\/uploads\/2025\/09\/huishougui-300x300.webp",300,300,true],"medium_large":["https:\/\/www.szhzykc.com\/wp-content\/uploads\/2025\/09\/huishougui-768x768.webp",768,768,true],"large":["https:\/\/www.szhzykc.com\/wp-content\/uploads\/2025\/09\/huishougui.webp",800,800,false],"1536x1536":["https:\/\/www.szhzykc.com\/wp-content\/uploads\/2025\/09\/huishougui.webp",800,800,false],"2048x2048":["https:\/\/www.szhzykc.com\/wp-content\/uploads\/2025\/09\/huishougui.webp",800,800,false],"trp-custom-language-flag":["https:\/\/www.szhzykc.com\/wp-content\/uploads\/2025\/09\/huishougui.webp",12,12,false],"woocommerce_thumbnail":["https:\/\/www.szhzykc.com\/wp-content\/uploads\/2025\/09\/huishougui-600x600.webp",600,600,true],"woocommerce_single":["https:\/\/www.szhzykc.com\/wp-content\/uploads\/2025\/09\/huishougui-600x600.webp",600,600,true],"woocommerce_gallery_thumbnail":["https:\/\/www.szhzykc.com\/wp-content\/uploads\/2025\/09\/huishougui-100x100.webp",100,100,true]},"uagb_author_info":{"display_name":"contact@qunbiz.com","author_link":"https:\/\/www.szhzykc.com\/es\/author\/"},"uagb_comment_info":0,"uagb_excerpt":"\u5783\u573e\u5206\u7c7b\u6570\u5b57\u5316\u7ba1\u7406\u7cfb\u7edf\u4ee5\u5168\u7ef4\u5ea6\u529f\u80fd\u8d4b\u80fd\u4e1a\u52a1\u7cbe\u7ec6\u5316\u8fd0\u8425\u3002\u9996\u9875\u770b\u677f\u76f4\u89c2\u5448\u73b0\u6d41\u91cf\u5361\u72b6\u6001\u3001\u6838\u5fc3\u6307\u6807\uff08 \u65e5\u5747\u6295\u9012\u91cf\u3001\u56de\u6536&hellip;","_links":{"self":[{"href":"https:\/\/www.szhzykc.com\/es\/wp-json\/wp\/v2\/product\/2407","targetHints":{"allow":["GET"]}}],"collection":[{"href":"https:\/\/www.szhzykc.com\/es\/wp-json\/wp\/v2\/product"}],"about":[{"href":"https:\/\/www.szhzykc.com\/es\/wp-json\/wp\/v2\/types\/product"}],"wp:featuredmedia":[{"embeddable":true,"href":"https:\/\/www.szhzykc.com\/es\/wp-json\/wp\/v2\/media\/2346"}],"wp:attachment":[{"href":"https:\/\/www.szhzykc.com\/es\/wp-json\/wp\/v2\/media?parent=2407"}],"wp:term":[{"taxonomy":"product_brand","embeddable":true,"href":"https:\/\/www.szhzykc.com\/es\/wp-json\/wp\/v2\/product_brand?post=2407"},{"taxonomy":"product_cat","embeddable":true,"href":"https:\/\/www.szhzykc.com\/es\/wp-json\/wp\/v2\/product_cat?post=2407"},{"taxonomy":"product_tag","embeddable":true,"href":"https:\/\/www.szhzykc.com\/es\/wp-json\/wp\/v2\/product_tag?post=2407"}],"curies":[{"name":"wp","href":"https:\/\/api.w.org\/{rel}","templated":true}]}}