{"id":2450,"date":"2025-09-05T03:08:36","date_gmt":"2025-09-05T03:08:36","guid":{"rendered":"https:\/\/szhzykc.com\/?post_type=product&#038;p=2450"},"modified":"2025-09-06T02:59:03","modified_gmt":"2025-09-06T02:59:03","slug":"gs01","status":"publish","type":"product","link":"https:\/\/www.szhzykc.com\/es\/product\/gs01\/","title":{"rendered":"Lector vertical de acceso inteligente RFID GS01"},"content":{"rendered":"<h4 class=\"pub_title\">par\u00e1metro b\u00e1sico<\/h4>\n<div>Tama\u00f1o total 1500*365*150mm<\/div>\n<div>Interfaz de comunicaci\u00f3n 1 puerto serie RS-232, 1 puerto de red RJ45, 3 USB2.0 Tipo A, soporte para paso de red 4G \/ posicionamiento GNSS \/ Bluetooth \/ WIFI una variedad de<\/div>\n<div>Doble alarma por infrarrojos, ac\u00fastica y visual, pantalla t\u00e1ctil opcional de 10,1\", personalizable<\/div>\n<div>* El cat\u00e1logo s\u00f3lo hace parte de los par\u00e1metros, diferentes modelos par\u00e1metros detallados en las especificaciones<\/div>","protected":false},"excerpt":{"rendered":"<p>La serie de lectura-escritura, basado en Impinj E710\/R2000 o chip de radiofrecuencia dom\u00e9stica; puede ser incorporado en las estad\u00edsticas de algoritmo de infrarrojos de flujo humano y la etiqueta dentro y fuera de la ayuda de alarmas de sonido y luz, filtrado y de-\u00e9nfasis, puntos de interrupci\u00f3n, listas blancas y negras, etc; Construido en el sistema de middleware para aliviar la complejidad del mantenimiento del sistema, e incluso puede lograr el desarrollo cero de la integraci\u00f3n del sistema RFID;<\/p>\n<p>El dispositivo integra interfaz de ordenador industrial convencional, soporta HTTP\/MQTT\/TCP\/UDP y otros protocolos de comunicaci\u00f3n; se puede emparejar con una variedad de antena de especificaciones, rendimiento estable y resistente, adecuado para almacenamiento y log\u00edstica, gesti\u00f3n de veh\u00edculos, gesti\u00f3n de l\u00ednea de producci\u00f3n y otras aplicaciones.<\/p>","protected":false},"featured_media":2485,"template":"","meta":{"_seopress_robots_primary_cat":"none","_seopress_titles_title":"","_seopress_titles_desc":"","_seopress_robots_index":"","_uag_custom_page_level_css":"","site-sidebar-layout":"default","site-content-layout":"","ast-site-content-layout":"default","site-content-style":"default","site-sidebar-style":"default","ast-global-header-display":"","ast-banner-title-visibility":"","ast-main-header-display":"","ast-hfb-above-header-display":"","ast-hfb-below-header-display":"","ast-hfb-mobile-header-display":"","site-post-title":"","ast-breadcrumbs-content":"","ast-featured-img":"","footer-sml-layout":"","ast-disable-related-posts":"","theme-transparent-header-meta":"default","adv-header-id-meta":"","stick-header-meta":"default","header-above-stick-meta":"","header-main-stick-meta":"","header-below-stick-meta":"","astra-migrate-meta-layouts":"set","ast-page-background-enabled":"default","ast-page-background-meta":{"desktop":{"background-color":"var(--ast-global-color-5)","background-image":"","background-repeat":"repeat","background-position":"center center","background-size":"auto","background-attachment":"scroll","background-type":"","background-media":"","overlay-type":"","overlay-color":"","overlay-opacity":"","overlay-gradient":""},"tablet":{"background-color":"","background-image":"","background-repeat":"repeat","background-position":"center center","background-size":"auto","background-attachment":"scroll","background-type":"","background-media":"","overlay-type":"","overlay-color":"","overlay-opacity":"","overlay-gradient":""},"mobile":{"background-color":"","background-image":"","background-repeat":"repeat","background-position":"center center","background-size":"auto","background-attachment":"scroll","background-type":"","background-media":"","overlay-type":"","overlay-color":"","overlay-opacity":"","overlay-gradient":""}},"ast-content-background-meta":{"desktop":{"background-color":"var(--ast-global-color-4)","background-image":"","background-repeat":"repeat","background-position":"center center","background-size":"auto","background-attachment":"scroll","background-type":"","background-media":"","overlay-type":"","overlay-color":"","overlay-opacity":"","overlay-gradient":""},"tablet":{"background-color":"var(--ast-global-color-4)","background-image":"","background-repeat":"repeat","background-position":"center center","background-size":"auto","background-attachment":"scroll","background-type":"","background-media":"","overlay-type":"","overlay-color":"","overlay-opacity":"","overlay-gradient":""},"mobile":{"background-color":"var(--ast-global-color-4)","background-image":"","background-repeat":"repeat","background-position":"center center","background-size":"auto","background-attachment":"scroll","background-type":"","background-media":"","overlay-type":"","overlay-color":"","overlay-opacity":"","overlay-gradient":""}},"iawp_total_views":16},"product_brand":[],"product_cat":[15],"product_tag":[],"class_list":{"0":"post-2450","1":"product","2":"type-product","3":"status-publish","4":"has-post-thumbnail","6":"product_cat-products","7":"desktop-align-center","8":"tablet-align-center","9":"mobile-align-center","10":"ast-product-gallery-layout-horizontal-slider","11":"ast-product-gallery-with-no-image","12":"ast-magnify-disabled","13":"ast-product-tabs-layout-horizontal","15":"first","16":"instock","17":"shipping-taxable","18":"product-type-simple"},"uagb_featured_image_src":{"full":["https:\/\/www.szhzykc.com\/wp-content\/uploads\/2025\/09\/GS01.webp",800,800,false],"thumbnail":["https:\/\/www.szhzykc.com\/wp-content\/uploads\/2025\/09\/GS01-150x150.webp",150,150,true],"medium":["https:\/\/www.szhzykc.com\/wp-content\/uploads\/2025\/09\/GS01-300x300.webp",300,300,true],"medium_large":["https:\/\/www.szhzykc.com\/wp-content\/uploads\/2025\/09\/GS01-768x768.webp",768,768,true],"large":["https:\/\/www.szhzykc.com\/wp-content\/uploads\/2025\/09\/GS01.webp",800,800,false],"1536x1536":["https:\/\/www.szhzykc.com\/wp-content\/uploads\/2025\/09\/GS01.webp",800,800,false],"2048x2048":["https:\/\/www.szhzykc.com\/wp-content\/uploads\/2025\/09\/GS01.webp",800,800,false],"trp-custom-language-flag":["https:\/\/www.szhzykc.com\/wp-content\/uploads\/2025\/09\/GS01.webp",12,12,false],"woocommerce_thumbnail":["https:\/\/www.szhzykc.com\/wp-content\/uploads\/2025\/09\/GS01-600x600.webp",600,600,true],"woocommerce_single":["https:\/\/www.szhzykc.com\/wp-content\/uploads\/2025\/09\/GS01-600x600.webp",600,600,true],"woocommerce_gallery_thumbnail":["https:\/\/www.szhzykc.com\/wp-content\/uploads\/2025\/09\/GS01-100x100.webp",100,100,true]},"uagb_author_info":{"display_name":"contact@qunbiz.com","author_link":"https:\/\/www.szhzykc.com\/es\/author\/"},"uagb_comment_info":0,"uagb_excerpt":"\u8be5\u7cfb\u5217\u8bfb\u5199\u5668\uff0c\u91c7\u7528\u57fa\u4e8eImpinj E710\/R2000\u6216\u56fd\u4ea7\u7684\u5c04\u9891\u82af\u7247\uff1b\u53ef\u5185\u7f6e\u7ea2\u5916\u7b97\u6cd5\u7edf\u8ba1\u4eba\u6d41\u91cf\u548c\u6807\u7b7e\u8fdb\u51fa\uff0c&hellip;","_links":{"self":[{"href":"https:\/\/www.szhzykc.com\/es\/wp-json\/wp\/v2\/product\/2450","targetHints":{"allow":["GET"]}}],"collection":[{"href":"https:\/\/www.szhzykc.com\/es\/wp-json\/wp\/v2\/product"}],"about":[{"href":"https:\/\/www.szhzykc.com\/es\/wp-json\/wp\/v2\/types\/product"}],"wp:featuredmedia":[{"embeddable":true,"href":"https:\/\/www.szhzykc.com\/es\/wp-json\/wp\/v2\/media\/2485"}],"wp:attachment":[{"href":"https:\/\/www.szhzykc.com\/es\/wp-json\/wp\/v2\/media?parent=2450"}],"wp:term":[{"taxonomy":"product_brand","embeddable":true,"href":"https:\/\/www.szhzykc.com\/es\/wp-json\/wp\/v2\/product_brand?post=2450"},{"taxonomy":"product_cat","embeddable":true,"href":"https:\/\/www.szhzykc.com\/es\/wp-json\/wp\/v2\/product_cat?post=2450"},{"taxonomy":"product_tag","embeddable":true,"href":"https:\/\/www.szhzykc.com\/es\/wp-json\/wp\/v2\/product_tag?post=2450"}],"curies":[{"name":"wp","href":"https:\/\/api.w.org\/{rel}","templated":true}]}}