{"id":2459,"date":"2025-09-05T06:03:28","date_gmt":"2025-09-05T06:03:28","guid":{"rendered":"https:\/\/szhzykc.com\/?post_type=product&#038;p=2459"},"modified":"2025-09-06T03:57:28","modified_gmt":"2025-09-06T03:57:28","slug":"pcb","status":"publish","type":"product","link":"https:\/\/www.szhzykc.com\/es\/product\/pcb\/","title":{"rendered":"Etiqueta electr\u00f3nica RFID resistente al metal Serie PCB"},"content":{"rendered":"<h4 class=\"pub_title\">par\u00e1metro b\u00e1sico<\/h4>\n<p>Protocolo a\u00e9reo: EPC Clase1 Gen2,ISO18000-6C<br \/>\nFrecuencia de funcionamiento: 902-928MHz, u 865-868MHz.<br \/>\nConservaci\u00f3n de datos: 50 a\u00f1os<br \/>\nDimensiones del producto:<br \/>\n95mm*25mm*3mm;90mm*11mm*3mm.<br \/>\n95mm*22mm*3mm;90mm*05mm*3mm.<br \/>\n80mm*20mm*3mm;70mm*20mm*3mm.<br \/>\n53mm*13mm*3mm;52mm*13mm*3mm.<br \/>\n50mm*10mm*3mm; 60mm*25mm*3.4mm.<br \/>\n66 mm*04 mm*3,4 mm (opcional)<\/p>","protected":false},"excerpt":{"rendered":"<p>Instalado en la superficie met\u00e1lica tiene un buen rendimiento de RF, 100% a trav\u00e9s de las importaciones europeas de la etiqueta de la prueba del sistema de prueba de consistencia, los materiales y el dise\u00f1o han sido probados para la fiabilidad, hay clientes nacionales e internacionales de renombre ampliamente verificado y utilizado. Se utiliza para la aplicaci\u00f3n m\u00e1s com\u00fan de etiquetas electr\u00f3nicas en superficies met\u00e1licas.<\/p>","protected":false},"featured_media":2502,"template":"","meta":{"_seopress_robots_primary_cat":"none","_seopress_titles_title":"","_seopress_titles_desc":"","_seopress_robots_index":"","_uag_custom_page_level_css":"","site-sidebar-layout":"default","site-content-layout":"","ast-site-content-layout":"default","site-content-style":"default","site-sidebar-style":"default","ast-global-header-display":"","ast-banner-title-visibility":"","ast-main-header-display":"","ast-hfb-above-header-display":"","ast-hfb-below-header-display":"","ast-hfb-mobile-header-display":"","site-post-title":"","ast-breadcrumbs-content":"","ast-featured-img":"","footer-sml-layout":"","ast-disable-related-posts":"","theme-transparent-header-meta":"default","adv-header-id-meta":"","stick-header-meta":"default","header-above-stick-meta":"","header-main-stick-meta":"","header-below-stick-meta":"","astra-migrate-meta-layouts":"set","ast-page-background-enabled":"default","ast-page-background-meta":{"desktop":{"background-color":"var(--ast-global-color-5)","background-image":"","background-repeat":"repeat","background-position":"center center","background-size":"auto","background-attachment":"scroll","background-type":"","background-media":"","overlay-type":"","overlay-color":"","overlay-opacity":"","overlay-gradient":""},"tablet":{"background-color":"","background-image":"","background-repeat":"repeat","background-position":"center center","background-size":"auto","background-attachment":"scroll","background-type":"","background-media":"","overlay-type":"","overlay-color":"","overlay-opacity":"","overlay-gradient":""},"mobile":{"background-color":"","background-image":"","background-repeat":"repeat","background-position":"center center","background-size":"auto","background-attachment":"scroll","background-type":"","background-media":"","overlay-type":"","overlay-color":"","overlay-opacity":"","overlay-gradient":""}},"ast-content-background-meta":{"desktop":{"background-color":"var(--ast-global-color-4)","background-image":"","background-repeat":"repeat","background-position":"center center","background-size":"auto","background-attachment":"scroll","background-type":"","background-media":"","overlay-type":"","overlay-color":"","overlay-opacity":"","overlay-gradient":""},"tablet":{"background-color":"var(--ast-global-color-4)","background-image":"","background-repeat":"repeat","background-position":"center center","background-size":"auto","background-attachment":"scroll","background-type":"","background-media":"","overlay-type":"","overlay-color":"","overlay-opacity":"","overlay-gradient":""},"mobile":{"background-color":"var(--ast-global-color-4)","background-image":"","background-repeat":"repeat","background-position":"center center","background-size":"auto","background-attachment":"scroll","background-type":"","background-media":"","overlay-type":"","overlay-color":"","overlay-opacity":"","overlay-gradient":""}},"iawp_total_views":17},"product_brand":[],"product_cat":[15],"product_tag":[],"class_list":{"0":"post-2459","1":"product","2":"type-product","3":"status-publish","4":"has-post-thumbnail","6":"product_cat-products","7":"desktop-align-center","8":"tablet-align-center","9":"mobile-align-center","10":"ast-product-gallery-layout-horizontal-slider","11":"ast-product-gallery-with-no-image","12":"ast-magnify-disabled","13":"ast-product-tabs-layout-horizontal","15":"first","16":"instock","17":"shipping-taxable","18":"product-type-simple"},"uagb_featured_image_src":{"full":["https:\/\/www.szhzykc.com\/wp-content\/uploads\/2025\/09\/PCB.webp",800,800,false],"thumbnail":["https:\/\/www.szhzykc.com\/wp-content\/uploads\/2025\/09\/PCB-150x150.webp",150,150,true],"medium":["https:\/\/www.szhzykc.com\/wp-content\/uploads\/2025\/09\/PCB-300x300.webp",300,300,true],"medium_large":["https:\/\/www.szhzykc.com\/wp-content\/uploads\/2025\/09\/PCB-768x768.webp",768,768,true],"large":["https:\/\/www.szhzykc.com\/wp-content\/uploads\/2025\/09\/PCB.webp",800,800,false],"1536x1536":["https:\/\/www.szhzykc.com\/wp-content\/uploads\/2025\/09\/PCB.webp",800,800,false],"2048x2048":["https:\/\/www.szhzykc.com\/wp-content\/uploads\/2025\/09\/PCB.webp",800,800,false],"trp-custom-language-flag":["https:\/\/www.szhzykc.com\/wp-content\/uploads\/2025\/09\/PCB.webp",12,12,false],"woocommerce_thumbnail":["https:\/\/www.szhzykc.com\/wp-content\/uploads\/2025\/09\/PCB-600x600.webp",600,600,true],"woocommerce_single":["https:\/\/www.szhzykc.com\/wp-content\/uploads\/2025\/09\/PCB-600x600.webp",600,600,true],"woocommerce_gallery_thumbnail":["https:\/\/www.szhzykc.com\/wp-content\/uploads\/2025\/09\/PCB-100x100.webp",100,100,true]},"uagb_author_info":{"display_name":"contact@qunbiz.com","author_link":"https:\/\/www.szhzykc.com\/es\/author\/"},"uagb_comment_info":0,"uagb_excerpt":"\u5b89\u88c5\u5728\u91d1\u5c5e\u8868\u9762\u6709\u826f\u597d\u7684\u5c04\u9891\u6027\u80fd\uff0c100%\u7ecf\u8fc7\u6b27\u6d32\u8fdb\u53e3\u7684\u6807\u7b7e\u4e00\u81f4\u6027\u6d4b\u8bd5\u7cfb\u7edf\u68c0\u6d4b\uff0c\u6750\u8d28\u548c\u8bbe\u8ba1\u5747\u7ecf\u8fc7\u53ef\u9760\u6027\u6d4b\u8bd5\uff0c\u6709\u56fd&hellip;","_links":{"self":[{"href":"https:\/\/www.szhzykc.com\/es\/wp-json\/wp\/v2\/product\/2459","targetHints":{"allow":["GET"]}}],"collection":[{"href":"https:\/\/www.szhzykc.com\/es\/wp-json\/wp\/v2\/product"}],"about":[{"href":"https:\/\/www.szhzykc.com\/es\/wp-json\/wp\/v2\/types\/product"}],"wp:featuredmedia":[{"embeddable":true,"href":"https:\/\/www.szhzykc.com\/es\/wp-json\/wp\/v2\/media\/2502"}],"wp:attachment":[{"href":"https:\/\/www.szhzykc.com\/es\/wp-json\/wp\/v2\/media?parent=2459"}],"wp:term":[{"taxonomy":"product_brand","embeddable":true,"href":"https:\/\/www.szhzykc.com\/es\/wp-json\/wp\/v2\/product_brand?post=2459"},{"taxonomy":"product_cat","embeddable":true,"href":"https:\/\/www.szhzykc.com\/es\/wp-json\/wp\/v2\/product_cat?post=2459"},{"taxonomy":"product_tag","embeddable":true,"href":"https:\/\/www.szhzykc.com\/es\/wp-json\/wp\/v2\/product_tag?post=2459"}],"curies":[{"name":"wp","href":"https:\/\/api.w.org\/{rel}","templated":true}]}}