{"id":2463,"date":"2025-09-05T06:08:58","date_gmt":"2025-09-05T06:08:58","guid":{"rendered":"https:\/\/szhzykc.com\/?post_type=product&#038;p=2463"},"modified":"2025-09-06T04:03:21","modified_gmt":"2025-09-06T04:03:21","slug":"rfid-xi-di-biao-qian","status":"publish","type":"product","link":"https:\/\/www.szhzykc.com\/es\/product\/rfid-xi-di-biao-qian\/","title":{"rendered":"Etiquetas de lavado RFID"},"content":{"rendered":"<h4 class=\"pub_title\">par\u00e1metro b\u00e1sico<\/h4>\n<table>\n<tbody>\n<tr>\n<td>&nbsp;<\/p>\n<p>Tama\u00f1o del producto<\/td>\n<td>70mmx15mmx1.5mm(Ucode9)<\/p>\n<p>75mmx15mmx1,5mm (Ucode9)<\/p>\n<p>58mmx15mmx1,5mm (Ucode9)<\/p>\n<p>35mmx15mmx1,5mm (Ucode9)<\/p>\n<p>75mmx12mmx1,5mm (Ucode9)<\/p>\n<p>70mmx10mmx1,5mm (Ucode9)<\/p>\n<p>u otros tama\u00f1os disponibles tambi\u00e9n tama\u00f1os personalizados est\u00e1n disponibles<\/td>\n<\/tr>\n<tr>\n<td>protocolo a\u00e9reo<\/td>\n<td>EPC Clase1 Gen2;ISO18000-6C<\/td>\n<\/tr>\n<tr>\n<td>frecuencia de funcionamiento<\/td>\n<td>865-940MHz (Global)<\/td>\n<\/tr>\n<tr>\n<td>Rendimiento de lectura\/escritura<\/td>\n<td>Legible y grabable (el cliente puede escribir repetidamente en el chip)<\/td>\n<\/tr>\n<tr>\n<td>Tipo de chip<\/td>\n<td>NXP Ucode9<\/td>\n<\/tr>\n<tr>\n<td>Almacenamiento de chips<\/td>\n<td>Ucode9:EPC 96<\/td>\n<\/tr>\n<tr>\n<td>Conservaci\u00f3n de datos:<\/td>\n<td>20 a\u00f1os<\/td>\n<\/tr>\n<\/tbody>\n<\/table>","protected":false},"excerpt":{"rendered":"<p>Realmente cumple y supera la vida \u00fatil de lavado industrial de m\u00e1s de 200 lavados. Los materiales y el dise\u00f1o est\u00e1n probados para garantizar su fiabilidad;<\/p>\n<p>Aplicaciones: gesti\u00f3n de lavander\u00edas industriales, gesti\u00f3n de alquiler de tejidos, gesti\u00f3n de uniformes y lavander\u00edas, gesti\u00f3n de alquiler de uniformes y lavander\u00edas, gesti\u00f3n de tejidos y lavander\u00edas hospitalarias, gesti\u00f3n de ropa y acolchados militares, gesti\u00f3n de tejidos y lavander\u00edas ferroviarias, gesti\u00f3n de prendas de vestir, gesti\u00f3n de personal, gesti\u00f3n de materiales suaves y antirrobo, y otras aplicaciones que requieran productos suaves y resistentes a la presi\u00f3n.<\/p>","protected":false},"featured_media":2505,"template":"","meta":{"_seopress_robots_primary_cat":"none","_seopress_titles_title":"","_seopress_titles_desc":"","_seopress_robots_index":"","_uag_custom_page_level_css":"","site-sidebar-layout":"default","site-content-layout":"","ast-site-content-layout":"default","site-content-style":"default","site-sidebar-style":"default","ast-global-header-display":"","ast-banner-title-visibility":"","ast-main-header-display":"","ast-hfb-above-header-display":"","ast-hfb-below-header-display":"","ast-hfb-mobile-header-display":"","site-post-title":"","ast-breadcrumbs-content":"","ast-featured-img":"","footer-sml-layout":"","ast-disable-related-posts":"","theme-transparent-header-meta":"default","adv-header-id-meta":"","stick-header-meta":"default","header-above-stick-meta":"","header-main-stick-meta":"","header-below-stick-meta":"","astra-migrate-meta-layouts":"set","ast-page-background-enabled":"default","ast-page-background-meta":{"desktop":{"background-color":"var(--ast-global-color-5)","background-image":"","background-repeat":"repeat","background-position":"center center","background-size":"auto","background-attachment":"scroll","background-type":"","background-media":"","overlay-type":"","overlay-color":"","overlay-opacity":"","overlay-gradient":""},"tablet":{"background-color":"","background-image":"","background-repeat":"repeat","background-position":"center center","background-size":"auto","background-attachment":"scroll","background-type":"","background-media":"","overlay-type":"","overlay-color":"","overlay-opacity":"","overlay-gradient":""},"mobile":{"background-color":"","background-image":"","background-repeat":"repeat","background-position":"center center","background-size":"auto","background-attachment":"scroll","background-type":"","background-media":"","overlay-type":"","overlay-color":"","overlay-opacity":"","overlay-gradient":""}},"ast-content-background-meta":{"desktop":{"background-color":"var(--ast-global-color-4)","background-image":"","background-repeat":"repeat","background-position":"center center","background-size":"auto","background-attachment":"scroll","background-type":"","background-media":"","overlay-type":"","overlay-color":"","overlay-opacity":"","overlay-gradient":""},"tablet":{"background-color":"var(--ast-global-color-4)","background-image":"","background-repeat":"repeat","background-position":"center center","background-size":"auto","background-attachment":"scroll","background-type":"","background-media":"","overlay-type":"","overlay-color":"","overlay-opacity":"","overlay-gradient":""},"mobile":{"background-color":"var(--ast-global-color-4)","background-image":"","background-repeat":"repeat","background-position":"center center","background-size":"auto","background-attachment":"scroll","background-type":"","background-media":"","overlay-type":"","overlay-color":"","overlay-opacity":"","overlay-gradient":""}},"iawp_total_views":15},"product_brand":[],"product_cat":[15],"product_tag":[],"class_list":{"0":"post-2463","1":"product","2":"type-product","3":"status-publish","4":"has-post-thumbnail","6":"product_cat-products","7":"desktop-align-center","8":"tablet-align-center","9":"mobile-align-center","10":"ast-product-gallery-layout-horizontal-slider","11":"ast-product-gallery-with-no-image","12":"ast-magnify-disabled","13":"ast-product-tabs-layout-horizontal","15":"first","16":"instock","17":"shipping-taxable","18":"product-type-simple"},"uagb_featured_image_src":{"full":["https:\/\/www.szhzykc.com\/wp-content\/uploads\/2025\/09\/washing.webp",800,800,false],"thumbnail":["https:\/\/www.szhzykc.com\/wp-content\/uploads\/2025\/09\/washing-150x150.webp",150,150,true],"medium":["https:\/\/www.szhzykc.com\/wp-content\/uploads\/2025\/09\/washing-300x300.webp",300,300,true],"medium_large":["https:\/\/www.szhzykc.com\/wp-content\/uploads\/2025\/09\/washing-768x768.webp",768,768,true],"large":["https:\/\/www.szhzykc.com\/wp-content\/uploads\/2025\/09\/washing.webp",800,800,false],"1536x1536":["https:\/\/www.szhzykc.com\/wp-content\/uploads\/2025\/09\/washing.webp",800,800,false],"2048x2048":["https:\/\/www.szhzykc.com\/wp-content\/uploads\/2025\/09\/washing.webp",800,800,false],"trp-custom-language-flag":["https:\/\/www.szhzykc.com\/wp-content\/uploads\/2025\/09\/washing.webp",12,12,false],"woocommerce_thumbnail":["https:\/\/www.szhzykc.com\/wp-content\/uploads\/2025\/09\/washing-600x600.webp",600,600,true],"woocommerce_single":["https:\/\/www.szhzykc.com\/wp-content\/uploads\/2025\/09\/washing-600x600.webp",600,600,true],"woocommerce_gallery_thumbnail":["https:\/\/www.szhzykc.com\/wp-content\/uploads\/2025\/09\/washing-100x100.webp",100,100,true]},"uagb_author_info":{"display_name":"contact@qunbiz.com","author_link":"https:\/\/www.szhzykc.com\/es\/author\/"},"uagb_comment_info":0,"uagb_excerpt":"\u771f\u6b63\u8fbe\u5230\u548c\u8d85\u8d8a200\u6b21\u4ee5\u4e0a\u7684\u5de5\u4e1a\u6d17\u6da4\u5bff\u547d\uff1b \u6750\u8d28\u548c\u8bbe\u8ba1\u5747\u7ecf\u8fc7\u53ef\u9760\u6027\u6d4b\u8bd5\uff1b \u5e94\u7528\uff1a\u5de5\u4e1a\u6d17\u6da4\u7ba1\u7406\u3001\u5e03\u8349\u79df\u8d41\u7ba1\u7406\u3001\u5236&hellip;","_links":{"self":[{"href":"https:\/\/www.szhzykc.com\/es\/wp-json\/wp\/v2\/product\/2463","targetHints":{"allow":["GET"]}}],"collection":[{"href":"https:\/\/www.szhzykc.com\/es\/wp-json\/wp\/v2\/product"}],"about":[{"href":"https:\/\/www.szhzykc.com\/es\/wp-json\/wp\/v2\/types\/product"}],"wp:featuredmedia":[{"embeddable":true,"href":"https:\/\/www.szhzykc.com\/es\/wp-json\/wp\/v2\/media\/2505"}],"wp:attachment":[{"href":"https:\/\/www.szhzykc.com\/es\/wp-json\/wp\/v2\/media?parent=2463"}],"wp:term":[{"taxonomy":"product_brand","embeddable":true,"href":"https:\/\/www.szhzykc.com\/es\/wp-json\/wp\/v2\/product_brand?post=2463"},{"taxonomy":"product_cat","embeddable":true,"href":"https:\/\/www.szhzykc.com\/es\/wp-json\/wp\/v2\/product_cat?post=2463"},{"taxonomy":"product_tag","embeddable":true,"href":"https:\/\/www.szhzykc.com\/es\/wp-json\/wp\/v2\/product_tag?post=2463"}],"curies":[{"name":"wp","href":"https:\/\/api.w.org\/{rel}","templated":true}]}}