{"id":3260,"date":"2025-09-19T04:12:41","date_gmt":"2025-09-19T04:12:41","guid":{"rendered":"https:\/\/szhzykc.com\/?post_type=product&#038;p=3260"},"modified":"2026-01-21T03:42:50","modified_gmt":"2026-01-21T03:42:50","slug":"gong-xiang-wu-ren-ji","status":"publish","type":"product","link":"https:\/\/www.szhzykc.com\/es\/product\/gong-xiang-wu-ren-ji\/","title":{"rendered":"dron compartido"},"content":{"rendered":"<h4 class=\"pub_title\">Caracter\u00edsticas del producto<\/h4>\n<div><strong>Carga r\u00e1pida:<\/strong>Equipado con tecnolog\u00eda de carga de alta eficiencia, reduce significativamente el tiempo de carga, proporcionando a los usuarios una experiencia m\u00e1s r\u00e1pida y c\u00f3moda;<\/div>\n<div><strong>T\u00e9cnicas de reconocimiento:<\/strong>Adopta la tecnolog\u00eda RFID UHF para lograr una identificaci\u00f3n por lotes r\u00e1pida y precisa de m\u00faltiples etiquetas, y puede realizar las funciones de alquiler y venta al mismo tiempo;<\/div>\n<div><strong>Alcance ultralargo:<\/strong>La primera configuraci\u00f3n de triple bater\u00eda y mayor autonom\u00eda;<\/div>\n<div><strong>Alquiler sin cr\u00e9dito:<\/strong>Apoyar la evaluaci\u00f3n crediticia (550 puntos o m\u00e1s) el alquiler sin dep\u00f3sito, rebajar el umbral de uso, mejorar la experiencia del usuario y facilitar el proceso de alquiler;<\/div>\n<div><strong>Supervisi\u00f3n remota de dispositivos:<\/strong>Con perfectas funciones de mantenimiento y gesti\u00f3n remota de equipos, admite la actualizaci\u00f3n en l\u00ednea, la supervisi\u00f3n de equipos en l\u00ednea ascendente y descendente, la visualizaci\u00f3n del estado en tiempo real y la configuraci\u00f3n de par\u00e1metros, etc., lo que reduce significativamente el coste de mantenimiento y mejora la eficiencia del funcionamiento.<\/div>\n<div><strong>Pr\u00e9stamo y devoluci\u00f3n fuera del sitio:<\/strong>Permite el pr\u00e9stamo y la devoluci\u00f3n flexibles a trav\u00e9s de puntos de venta regionales sin necesidad de volver al lugar de alquiler original, lo que cubre las necesidades de uso en m\u00faltiples escenarios y mejora enormemente la comodidad del alquiler y la flexibilidad de los desplazamientos de los usuarios;<\/div>\n<div><strong>Mensajes de voz inteligentes:<\/strong>Sistema de interacci\u00f3n de voz inteligente incorporado, que proporciona gu\u00eda de operaci\u00f3n, advertencia de fallas, confirmaci\u00f3n de pr\u00e9stamo y devoluci\u00f3n y otras transmisiones de voz de proceso completo, la operaci\u00f3n es m\u00e1s intuitiva y conveniente, reduciendo el umbral del usuario;<\/div>\n<div><strong>Comunicado de prensa:<\/strong>Adopta una pantalla grande de 32 pulgadas (pantalla exterior LCD de alto brillo), admite la funci\u00f3n de publicaci\u00f3n remota de anuncios, y puede impulsar la promoci\u00f3n de la marca y actividades preferentes basadas en el posicionamiento regional y los escenarios de usuario (por ejemplo, tiempo de arrendamiento\/tipo de equipo), lo que tiene tanto valor de difusi\u00f3n de informaci\u00f3n como de realizaci\u00f3n comercial, y ampl\u00eda los canales de beneficios para el operador;<\/div>\n<div><strong>Applet de alquiler sin conexi\u00f3n:<\/strong>Admite el modo de arrendamiento flexible desvinculado de la cabina, y para las \u00e9pocas especiales en las que se dispara la demanda de drones, como las vacaciones y las temporadas altas en lugares pintorescos, todo el proceso de realizaci\u00f3n de un pedido de arrendamiento offline, verificaci\u00f3n de identidad, entrega de equipos y confirmaci\u00f3n de devoluci\u00f3n puede completarse a trav\u00e9s del applet, rompiendo las limitaciones del inventario de la cabina y aliviando la tensi\u00f3n entre oferta y demanda, y al mismo tiempo agilizando el proceso de registro manual y teniendo en cuenta la comodidad del arrendamiento para los usuarios y la capacidad de adaptaci\u00f3n al escenario del operador.<\/div>\n<div><strong>Luces fr\u00edas:<\/strong>El brillo de la luz puede personalizarse en funci\u00f3n de la escena, lo que aumenta la sensaci\u00f3n de tecnolog\u00eda e interacci\u00f3n con el usuario.<\/div>\n<h4 class=\"pub_title\">Par\u00e1metros del producto<\/h4>\n<table class=\"pro_table\" width=\"100%\">\n<tbody>\n<tr>\n<td>Dimensiones de toda la m\u00e1quina<\/td>\n<td>GS:4000(L) x 800(An) x 1950(Al) mm<\/td>\n<\/tr>\n<tr>\n<td>Peso<\/td>\n<td>GS: 150 kg<\/td>\n<\/tr>\n<tr>\n<td>Material del fuselaje<\/td>\n<td>chapa met\u00e1lica<\/td>\n<\/tr>\n<tr>\n<td>M\u00e9todo de conexi\u00f3n en red<\/td>\n<td>Comunicaci\u00f3n inal\u00e1mbrica: soporta red 4G, WIFI<\/p>\n<p>Puerto de red: 1 puerto de red RJ45, Ethernet 100\/10Mbps<\/td>\n<\/tr>\n<tr>\n<td>visualizaci\u00f3n en pantalla<\/td>\n<td>Tama\u00f1o: 32 pulgadas<\/p>\n<p>Resoluci\u00f3n: 1920*1080<\/p>\n<p>Direcci\u00f3n de visualizaci\u00f3n: Horizontal<\/td>\n<\/tr>\n<tr>\n<td>iluminaci\u00f3n ambiental<\/td>\n<td>Blanco por defecto, personalizable en otros colores<\/td>\n<\/tr>\n<tr>\n<td>M\u00e9todo de alimentaci\u00f3n<\/td>\n<td>220V<\/td>\n<\/tr>\n<tr>\n<td>temperatura de funcionamiento<\/td>\n<td>-25 \u00b0C - +65 \u00b0C<\/td>\n<\/tr>\n<tr>\n<td>Humedad de funcionamiento<\/td>\n<td>10% &#8211; 95%<\/td>\n<\/tr>\n<tr>\n<td>Sistema operativo del dispositivo<\/td>\n<td>Android 11<\/td>\n<\/tr>\n<tr>\n<td>N\u00famero de rejillas<\/td>\n<td>8 compartimentos est\u00e1ndar para al menos 8 drones y 16 bater\u00edas de repuesto (personalizables)<\/td>\n<\/tr>\n<tr>\n<td>m\u00e9todo de pago<\/td>\n<td>WeChat\/Alipay<\/td>\n<\/tr>\n<\/tbody>\n<\/table>\n<h4 class=\"pub_title\">Aspectos destacados de la tecnolog\u00eda de armarios para drones compartidos<\/h4>\n<div>1. DJI neo (compatibilidad con modelos personalizados)<\/div>\n<div>2. Primera configuraci\u00f3n de triple bater\u00eda para aumentar su duraci\u00f3n<\/div>\n<div>3. Pantalla termorresistente de 23,8 pulgadas (t\u00e1ctil personalizada)<\/div>\n<div>4. La primera tecnolog\u00eda RFID de detecci\u00f3n UHF y detecci\u00f3n dual corriente-voltaje<\/div>\n<div>5. Internet de las cosas inal\u00e1mbrico integrado<\/div>\n<div>6. Apoyo a las devoluciones de mostrador fuera de las instalaciones<\/div>\n<div>7. Sustituci\u00f3n remota de v\u00eddeos en l\u00ednea, colocaci\u00f3n de anuncios<\/div>\n<div>8. Nivel de impermeabilidad, antipolvo y anticorrosi\u00f3n en exteriores<\/div>\n<div>9. Descarga la aplicaci\u00f3n DJI Fiy para descargar la pel\u00edcula con un solo clic.<\/div>\n<div>10. Sistema de refrigeraci\u00f3n con control activo de la temperatura<\/div>\n<h4 class=\"pub_title\">Descripci\u00f3n de los par\u00e1metros de la versi\u00f3n de gama alta<\/h4>\n<table class=\"pro_table\" width=\"100%\">\n<tbody>\n<tr class=\"trbj\">\n<td colspan=\"2\">punto brillante<\/td>\n<\/tr>\n<tr>\n<td colspan=\"2\">Pantalla de termostato sobredimensionada de 23,8\" con funciones t\u00e1ctiles personalizables.<\/td>\n<\/tr>\n<tr>\n<td colspan=\"2\">Resistente a temperaturas altas y bajas que oscilan entre -50\u00b0 y 80\u00b0 sobre cero, apto para todo tipo de entornos extremos.<\/td>\n<\/tr>\n<tr>\n<td colspan=\"2\">Detecci\u00f3n RFID UHF y tecnolog\u00eda de detecci\u00f3n dual corriente-voltaje, doble garant\u00eda de seguridad de funcionamiento.<\/td>\n<\/tr>\n<tr>\n<td colspan=\"2\">Configuraci\u00f3n de triple bater\u00eda para satisfacer las necesidades de larga autonom\u00eda de los clientes.<\/td>\n<\/tr>\n<tr>\n<td colspan=\"2\">Tecnolog\u00eda IPX4 impermeable, antipolvo y anticorrosi\u00f3n.<\/td>\n<\/tr>\n<tr class=\"trbj\">\n<td colspan=\"2\">par\u00e1metros<\/td>\n<\/tr>\n<tr>\n<td>Dimensiones generales<\/td>\n<td>Altura: 1950 mm<\/p>\n<p>Anchura: 500 mm<br \/>\nEspesor: 350 mm<\/td>\n<\/tr>\n<tr>\n<td>pantalla (TV, ordenador o pel\u00edcula)<\/td>\n<td>Pantalla publicitaria de 23,8 pulgadas (resistente a altas temperaturas)<\/td>\n<\/tr>\n<tr>\n<td>tensi\u00f3n nominal<\/td>\n<td>Tensi\u00f3n 220V: Corriente 30A<br \/>\nSe recomienda utilizar una l\u00ednea de m\u00e1s de 2500 W<\/td>\n<\/tr>\n<tr>\n<td>m\u00e9todo de pago<\/td>\n<td>Alipay (Sesame Credit Score Sin Dep\u00f3sito)<br \/>\nPosibilidad de dividir la factura entre varios usuarios<\/td>\n<\/tr>\n<tr>\n<td>Caracter\u00edsticas opcionales<\/td>\n<td>Otros modelos DJI disponibles<br \/>\nSoporte para armarios con formas personalizadas<br \/>\nAdmite configuraciones de bater\u00eda personalizadas<\/td>\n<\/tr>\n<\/tbody>\n<\/table>\n<h4 class=\"pub_title\">Descripci\u00f3n de los par\u00e1metros de la versi\u00f3n de gama baja<\/h4>\n<table class=\"pro_table\" width=\"100%\">\n<tbody>\n<tr class=\"trbj\">\n<td colspan=\"2\">punto brillante<\/td>\n<\/tr>\n<tr>\n<td colspan=\"2\">Gran pantalla publicitaria de 23,8\" con funciones t\u00e1ctiles personalizables.<\/td>\n<\/tr>\n<tr>\n<td colspan=\"2\">Resistente a temperaturas altas y bajas de -20\u00b0 a 40\u00b0 sobre cero para entornos normales.<\/td>\n<\/tr>\n<tr>\n<td colspan=\"2\">Detecci\u00f3n RFID UHF y tecnolog\u00eda de detecci\u00f3n dual corriente-voltaje, doble garant\u00eda de seguridad de funcionamiento.<\/td>\n<\/tr>\n<tr>\n<td colspan=\"2\">Configuraci\u00f3n de una sola bater\u00eda para las necesidades generales de resistencia del cliente.<\/td>\n<\/tr>\n<tr>\n<td colspan=\"2\">Tecnolog\u00eda IPX4 impermeable, antipolvo y anticorrosi\u00f3n.<\/td>\n<\/tr>\n<tr class=\"trbj\">\n<td colspan=\"2\">par\u00e1metros<\/td>\n<\/tr>\n<tr>\n<td>Dimensiones generales<\/td>\n<td>Altura: 1950 mm<br \/>\nAnchura: 500 mm<br \/>\nEspesor: 350 mm<\/td>\n<\/tr>\n<tr>\n<td>pantalla (TV, ordenador o pel\u00edcula)<\/td>\n<td>Pantalla publicitaria de 23,8 pulgadas (resistente a altas temperaturas)<\/td>\n<\/tr>\n<tr>\n<td>tensi\u00f3n nominal<\/td>\n<td>Tensi\u00f3n 220V: Corriente 30A<br \/>\nSe recomienda utilizar una l\u00ednea de m\u00e1s de 2500 W<\/td>\n<\/tr>\n<tr>\n<td>m\u00e9todo de pago<\/td>\n<td>Alipay (Sesame Credit Score Sin Dep\u00f3sito)<br \/>\nPosibilidad de dividir la factura entre varios usuarios<\/td>\n<\/tr>\n<tr>\n<td>Caracter\u00edsticas opcionales<\/td>\n<td>Otros modelos DJI disponibles<br \/>\nSoporte para armarios con formas personalizadas<br \/>\nAdmite configuraciones de bater\u00eda personalizadas<\/td>\n<\/tr>\n<\/tbody>\n<\/table>\n<h4 class=\"pub_title\">Plan de Desarrollo del Gabinete de Drones Compartido<\/h4>\n<div>Zhongxinhang 2025 primer lote invertido 3 millones de yuanes para ampliar el proyecto de aviones no tripulados compartida, en el dise\u00f1o, investigaci\u00f3n y desarrollo, pruebas, producci\u00f3n y otros enlaces para llegar a un desarrollo integrado .<\/div>\n<h4>marca<\/h4>\n<div>Convi\u00e9rtase en l\u00edder y creador de normas para armarios inteligentes compartidos para drones, infraestructuras<\/div>\n<div>Centrarse en la innovaci\u00f3n tecnol\u00f3gica, el liderazgo industrial y el desarrollo de normas<\/div>\n<h4>lit. mil ciudades y un mill\u00f3n de puntos<\/h4>\n<div>La cobertura a gran escala y la mayor comodidad para el usuario aumentan la penetraci\u00f3n del servicio<\/div>\n<div>1.000 ciudades y m\u00e1s de 10.000 puntos de venta en 2025<\/div>\n<div>Alcanzar unas ventas anuales de m\u00e1s de 60 millones de d\u00f3lares<\/div>\n<h4>desarrollo continuo<\/h4>\n<div>Apoy\u00e1ndose en el Proyecto de Gabinete Compartido de Drones de Econom\u00eda de Baja Altitud, el desarrollo de la formaci\u00f3n en inversi\u00f3n en drones, log\u00edstica, inspecci\u00f3n, respuesta a emergencias, etc.<\/div>\n<h4>construir una plataforma<\/h4>\n<div>No se limita a la autoayuda, sino que se compromete a construir una plataforma abierta, atraer a operadores de drones, empresas de turismo cultural y desarrolladores de aplicaciones, y potenciar toda la cadena de la industria en sentido ascendente y descendente.<\/div>\n<h4 class=\"pub_title\">Lugar de instalaci\u00f3n del armario de drones compartido<\/h4>\n<div>\n<div style=\"width: 540px;\" class=\"wp-video\"><video class=\"wp-video-shortcode\" id=\"video-3260-1\" width=\"540\" height=\"960\" preload=\"metadata\" controls=\"controls\"><source type=\"video\/mp4\" src=\"https:\/\/www.szhzykc.com\/wp-content\/uploads\/2026\/01\/gxwrj.mp4?_=1\" \/><a href=\"https:\/\/www.szhzykc.com\/wp-content\/uploads\/2026\/01\/gxwrj.mp4\">https:\/\/www.szhzykc.com\/wp-content\/uploads\/2026\/01\/gxwrj.mp4<\/a><\/video><\/div>\n<\/div>\n<h4 class=\"pub_title\">Interfaz de plataforma de alquiler de c\u00f3digos de escaneado de armarios de drones compartidos<\/h4>\n<div><img alt=\"\" decoding=\"async\" class=\"alignnone size-large wp-image-5021\" src=\"https:\/\/www.szhzykc.com\/wp-content\/uploads\/2026\/01\/gxwrj-3.webp\" width=\"540\" \/><\/div>","protected":false},"excerpt":{"rendered":"<p>HG-201 Shared Drone Cabinet es nuestro equipo inteligente de desarrollo propio que integra almacenamiento, carga, alquiler y gesti\u00f3n de drones, con una serie de funciones b\u00e1sicas, que pueden satisfacer plenamente las necesidades de los lugares esc\u00e9nicos y los turistas.<\/p>\n<p>El armario puede incorporar m\u00faltiples drones de alto rendimiento para satisfacer las necesidades de fotograf\u00eda a\u00e9rea de los diferentes escenarios de la zona esc\u00e9nica, ya se trate de un vasto paisaje natural o de una exquisita arquitectura de humanidades, todos pueden producir im\u00e1genes de alta calidad. Cada dron est\u00e1 equipado con m\u00faltiples bater\u00edas de repuesto, y el armario est\u00e1 equipado con una funci\u00f3n de carga inteligente que puede cargar las bater\u00edas en tiempo real, asegurando que las bater\u00edas est\u00e1n suficientemente cargadas cuando los turistas lo alquilan, y evitando el uso del dron debido a problemas de duraci\u00f3n de la bater\u00eda.<\/p>\n<p>Gracias a la funci\u00f3n de alquiler con esc\u00e1ner de c\u00f3digo, los visitantes pueden alquilar r\u00e1pidamente un dron simplemente escaneando el c\u00f3digo QR del armario con sus tel\u00e9fonos m\u00f3viles y completando la autenticaci\u00f3n del nombre real y una sencilla formaci\u00f3n sobre el funcionamiento. Al devolver el dron, col\u00f3quelo de nuevo en la ubicaci\u00f3n designada del armario, el sistema detecta autom\u00e1ticamente el estado del equipo y liquida la tarifa, todo el proceso es c\u00f3modo y eficiente, sin intervenci\u00f3n humana.<\/p>\n<p>Zhongxinhang 2025 primer lote invertido 3 millones de yuanes para ampliar el proyecto de aviones no tripulados compartida, en el dise\u00f1o, investigaci\u00f3n y desarrollo, pruebas, producci\u00f3n y otros enlaces para llegar a un desarrollo integrado .<\/p>\n<p>El armario realiza el inventario en tiempo real de los art\u00edculos que contiene, registra la informaci\u00f3n de la persona que abre la puerta y la carga en tiempo real. Ahorra tiempo de recuento manual y procedimiento de registro de inventario, y mejora eficazmente la eficiencia del control. Nuestra empresa proporciona SDK gratuito para el desarrollo secundario.<\/p>","protected":false},"featured_media":5020,"template":"","meta":{"_seopress_robots_primary_cat":"none","_seopress_titles_title":"","_seopress_titles_desc":"","_seopress_robots_index":"","_uag_custom_page_level_css":"","site-sidebar-layout":"default","site-content-layout":"","ast-site-content-layout":"default","site-content-style":"default","site-sidebar-style":"default","ast-global-header-display":"","ast-banner-title-visibility":"","ast-main-header-display":"","ast-hfb-above-header-display":"","ast-hfb-below-header-display":"","ast-hfb-mobile-header-display":"","site-post-title":"","ast-breadcrumbs-content":"","ast-featured-img":"","footer-sml-layout":"","ast-disable-related-posts":"","theme-transparent-header-meta":"default","adv-header-id-meta":"","stick-header-meta":"default","header-above-stick-meta":"","header-main-stick-meta":"","header-below-stick-meta":"","astra-migrate-meta-layouts":"set","ast-page-background-enabled":"default","ast-page-background-meta":{"desktop":{"background-color":"var(--ast-global-color-5)","background-image":"","background-repeat":"repeat","background-position":"center center","background-size":"auto","background-attachment":"scroll","background-type":"","background-media":"","overlay-type":"","overlay-color":"","overlay-opacity":"","overlay-gradient":""},"tablet":{"background-color":"","background-image":"","background-repeat":"repeat","background-position":"center center","background-size":"auto","background-attachment":"scroll","background-type":"","background-media":"","overlay-type":"","overlay-color":"","overlay-opacity":"","overlay-gradient":""},"mobile":{"background-color":"","background-image":"","background-repeat":"repeat","background-position":"center center","background-size":"auto","background-attachment":"scroll","background-type":"","background-media":"","overlay-type":"","overlay-color":"","overlay-opacity":"","overlay-gradient":""}},"ast-content-background-meta":{"desktop":{"background-color":"var(--ast-global-color-4)","background-image":"","background-repeat":"repeat","background-position":"center center","background-size":"auto","background-attachment":"scroll","background-type":"","background-media":"","overlay-type":"","overlay-color":"","overlay-opacity":"","overlay-gradient":""},"tablet":{"background-color":"var(--ast-global-color-4)","background-image":"","background-repeat":"repeat","background-position":"center center","background-size":"auto","background-attachment":"scroll","background-type":"","background-media":"","overlay-type":"","overlay-color":"","overlay-opacity":"","overlay-gradient":""},"mobile":{"background-color":"var(--ast-global-color-4)","background-image":"","background-repeat":"repeat","background-position":"center center","background-size":"auto","background-attachment":"scroll","background-type":"","background-media":"","overlay-type":"","overlay-color":"","overlay-opacity":"","overlay-gradient":""}},"iawp_total_views":246},"product_brand":[],"product_cat":[15],"product_tag":[],"class_list":{"0":"post-3260","1":"product","2":"type-product","3":"status-publish","4":"has-post-thumbnail","6":"product_cat-products","7":"desktop-align-center","8":"tablet-align-center","9":"mobile-align-center","10":"ast-product-gallery-layout-horizontal-slider","11":"ast-magnify-disabled","12":"ast-product-tabs-layout-horizontal","14":"first","15":"instock","16":"featured","17":"shipping-taxable","18":"product-type-simple"},"uagb_featured_image_src":{"full":["https:\/\/www.szhzykc.com\/wp-content\/uploads\/2026\/01\/gxwrj-2.webp",800,800,false],"thumbnail":["https:\/\/www.szhzykc.com\/wp-content\/uploads\/2026\/01\/gxwrj-2-150x150.webp",150,150,true],"medium":["https:\/\/www.szhzykc.com\/wp-content\/uploads\/2026\/01\/gxwrj-2-300x300.webp",300,300,true],"medium_large":["https:\/\/www.szhzykc.com\/wp-content\/uploads\/2026\/01\/gxwrj-2-768x768.webp",768,768,true],"large":["https:\/\/www.szhzykc.com\/wp-content\/uploads\/2026\/01\/gxwrj-2.webp",800,800,false],"1536x1536":["https:\/\/www.szhzykc.com\/wp-content\/uploads\/2026\/01\/gxwrj-2.webp",800,800,false],"2048x2048":["https:\/\/www.szhzykc.com\/wp-content\/uploads\/2026\/01\/gxwrj-2.webp",800,800,false],"trp-custom-language-flag":["https:\/\/www.szhzykc.com\/wp-content\/uploads\/2026\/01\/gxwrj-2-12x12.webp",12,12,true],"woocommerce_thumbnail":["https:\/\/www.szhzykc.com\/wp-content\/uploads\/2026\/01\/gxwrj-2-600x600.webp",600,600,true],"woocommerce_single":["https:\/\/www.szhzykc.com\/wp-content\/uploads\/2026\/01\/gxwrj-2-600x600.webp",600,600,true],"woocommerce_gallery_thumbnail":["https:\/\/www.szhzykc.com\/wp-content\/uploads\/2026\/01\/gxwrj-2-100x100.webp",100,100,true]},"uagb_author_info":{"display_name":"contact@qunbiz.com","author_link":"https:\/\/www.szhzykc.com\/es\/author\/"},"uagb_comment_info":0,"uagb_excerpt":"HG-201\u5171\u4eab\u65e0\u4eba\u673a\u67dc\u662f\u6211\u53f8\u81ea\u4e3b\u7814\u53d1\u7684\u96c6\u65e0\u4eba\u673a\u5b58\u653e\u3001\u5145\u7535\u3001\u79df\u501f\u3001\u7ba1\u7406\u4e8e\u4e00\u4f53\u7684\u667a\u80fd\u8bbe\u5907\uff0c\u5177\u5907\u591a\u9879\u6838\u5fc3\u529f\u80fd\uff0c\u80fd\u5145&hellip;","_links":{"self":[{"href":"https:\/\/www.szhzykc.com\/es\/wp-json\/wp\/v2\/product\/3260","targetHints":{"allow":["GET"]}}],"collection":[{"href":"https:\/\/www.szhzykc.com\/es\/wp-json\/wp\/v2\/product"}],"about":[{"href":"https:\/\/www.szhzykc.com\/es\/wp-json\/wp\/v2\/types\/product"}],"wp:featuredmedia":[{"embeddable":true,"href":"https:\/\/www.szhzykc.com\/es\/wp-json\/wp\/v2\/media\/5020"}],"wp:attachment":[{"href":"https:\/\/www.szhzykc.com\/es\/wp-json\/wp\/v2\/media?parent=3260"}],"wp:term":[{"taxonomy":"product_brand","embeddable":true,"href":"https:\/\/www.szhzykc.com\/es\/wp-json\/wp\/v2\/product_brand?post=3260"},{"taxonomy":"product_cat","embeddable":true,"href":"https:\/\/www.szhzykc.com\/es\/wp-json\/wp\/v2\/product_cat?post=3260"},{"taxonomy":"product_tag","embeddable":true,"href":"https:\/\/www.szhzykc.com\/es\/wp-json\/wp\/v2\/product_tag?post=3260"}],"curies":[{"name":"wp","href":"https:\/\/api.w.org\/{rel}","templated":true}]}}