{"id":3392,"date":"2025-09-19T09:04:20","date_gmt":"2025-09-19T09:04:20","guid":{"rendered":"https:\/\/szhzykc.com\/?post_type=product&#038;p=3392"},"modified":"2025-09-19T09:56:25","modified_gmt":"2025-09-19T09:56:25","slug":"xun-lian-wu-ren-ji","status":"publish","type":"product","link":"https:\/\/www.szhzykc.com\/es\/product\/xun-lian-wu-ren-ji\/","title":{"rendered":"Drones de entrenamiento"},"content":{"rendered":"<h4>I. Dise\u00f1o y estructura<\/h4>\n<div>1. Fuselaje robusto y duradero: al adoptar fibra de carbono de alta resistencia y aluminio de aviaci\u00f3n, es ligero pero extremadamente robusto, y puede soportar cierto grado de colisi\u00f3n, lo que reduce en gran medida el riesgo de da\u00f1os debidos a errores operativos y disminuye los costes de formaci\u00f3n. Al mismo tiempo, tiene una buena resistencia al viento, puede volar de forma estable en entornos complejos y protege el entrenamiento de las inclemencias meteorol\u00f3gicas.<\/div>\n<div>2. Conveniente dise\u00f1o plegable: los brazos y el tren de aterrizaje se pueden plegar r\u00e1pidamente, f\u00e1cil de almacenar y transportar, si se trata de la formaci\u00f3n diaria para transferir el sitio, o salir a participar en actividades de formaci\u00f3n, se puede tratar f\u00e1cilmente, mejorando en gran medida la comodidad de uso.<\/div>\n<h4>II. Rendimiento de vuelo<\/h4>\n<div>1. Resistencia de larga duraci\u00f3n: Equipado con una bater\u00eda inteligente de alta capacidad, la resistencia puede llegar a [X] minutos, suficiente para cumplir con un curso de formaci\u00f3n completo, evitando la sustituci\u00f3n frecuente de las bater\u00edas para interrumpir el ritmo de la ense\u00f1anza, para que los estudiantes puedan centrarse en la formaci\u00f3n de operaciones de vuelo.<\/div>\n<div>2. Vuelo preciso y estable: Equipado con un sistema de control de vuelo de alta precisi\u00f3n, integrado con algoritmos avanzados de detecci\u00f3n y control de actitud, puede lograr un vuelo estacionario preciso, un vuelo suave y mantener una actitud estable incluso en entornos de flujo de aire complejos, lo que proporciona a los estudiantes una base fiable para el vuelo y les ayuda a dominar r\u00e1pidamente las habilidades de vuelo.<\/div>\n<div>3. Funci\u00f3n de vuelo sobre el horizonte: El m\u00f3dulo de transmisi\u00f3n digital de alto rendimiento incorporado, junto con el software profesional de la estaci\u00f3n de tierra, soporta la operaci\u00f3n de vuelo sobre el horizonte, satisface las necesidades de formaci\u00f3n de los temas relevantes en el examen de licencia de UAV, y al mismo tiempo simula los escenarios de aplicaci\u00f3n reales, para que los alumnos puedan adaptarse al entorno operativo real de antemano.<\/div>\n<h4>III. Seguridad<\/h4>\n<div>1. Mecanismo de protecci\u00f3n multi-inteligente: est\u00e1 equipado con funciones tales como retorno autom\u00e1tico al vuelo, alarma de bater\u00eda baja y protecci\u00f3n contra embalamiento. Cuando el dron se encuentra con una situaci\u00f3n inesperada, como bater\u00eda baja, p\u00e9rdida de se\u00f1al, etc., puede activar autom\u00e1ticamente las medidas de protecci\u00f3n correspondientes para garantizar que el dron vuelva al punto de despegue o se quede suspendido a la espera de ser procesado, lo que evita eficazmente los accidentes de vuelo.<\/div>\n<div>2. Sistema de seguridad de doble control: con el dise\u00f1o de la l\u00ednea de entrenador y doble control remoto, el instructor puede supervisar el estado de vuelo en tiempo real, y una vez que el estudiante opera en una situaci\u00f3n peligrosa, el instructor puede tomar inmediatamente el control del avi\u00f3n no tripulado con una sola tecla para garantizar la seguridad de vuelo y hacer que el proceso de ense\u00f1anza m\u00e1s a gusto.<\/div>\n<h4>IV. Funciones de apoyo a la ense\u00f1anza<\/h4>\n<div>1. Software de simulaci\u00f3n de vuelo: proporcionar software de simulaci\u00f3n de vuelo por ordenador, escenas de vuelo reales altamente reproducibles, los estudiantes pueden practicar las operaciones b\u00e1sicas de vuelo en el entorno virtual, familiarizarse con el uso del mando a distancia y los principios de vuelo, reducir eficazmente el riesgo de la formaci\u00f3n de aviones reales, mejorar la eficiencia de la formaci\u00f3n.<\/div>\n<div>2. Registro y an\u00e1lisis de datos: Todos los datos durante el vuelo, como la trayectoria de vuelo, la actitud, el consumo de energ\u00eda, etc. se registrar\u00e1n en tiempo real. A trav\u00e9s del software de procesamiento de datos de apoyo, el instructor puede analizar los datos, evaluar con precisi\u00f3n el rendimiento de vuelo del estudiante, identificar problemas y proporcionar orientaci\u00f3n oportuna y espec\u00edfica.<\/div>\n<div>3. Modo de ense\u00f1anza personalizada: Permite establecer par\u00e1metros de vuelo y tareas de formaci\u00f3n personalizados en funci\u00f3n de los diferentes cursos de formaci\u00f3n y niveles de los alumnos para satisfacer las diversas necesidades de formaci\u00f3n de los alumnos, desde principiantes hasta avanzados, con el fin de realizar una ense\u00f1anza a medida y mejorar la calidad de la ense\u00f1anza.<\/div>\n<h4 class=\"pub_title\">Par\u00e1metros t\u00e9cnicos del dron<\/h4>\n<table class=\"pro_table\" width=\"100%\">\n<tbody>\n<tr class=\"trbj\">\n<td colspan=\"2\">Especificaciones de tama\u00f1o<\/td>\n<\/tr>\n<tr>\n<td>distancia entre ejes sim\u00e9trica<\/td>\n<td>1657 mm<\/td>\n<\/tr>\n<tr>\n<td>Tama\u00f1o sin plegar<\/td>\n<td>1525\u00d71747\u00d7655mm<\/td>\n<\/tr>\n<tr>\n<td>Dimensiones generales<\/td>\n<td>Sin pala: L 1525 mm, A 1747 mm, A 655 mm<br \/>\nCon pala: Largo 2435 mm, Ancho 2435 mm, Alto 655 mm<\/td>\n<\/tr>\n<tr class=\"trbj\">\n<td colspan=\"2\">Par\u00e1metros de peso<\/td>\n<\/tr>\n<tr>\n<td>peso en vac\u00edo<\/td>\n<td>13,9 kg (sin bater\u00eda)<\/td>\n<\/tr>\n<tr>\n<td>Peso m\u00e1ximo al despegue<\/td>\n<td>26,5 kg<\/td>\n<\/tr>\n<tr>\n<td>Carga m\u00e1xima<\/td>\n<td>Bater\u00eda doble: 15 kg<br \/>\nBater\u00eda individual: 20 kg<\/td>\n<\/tr>\n<tr class=\"trbj\">\n<td colspan=\"2\">Par\u00e1metros de rendimiento<\/td>\n<\/tr>\n<tr>\n<td>Velocidad m\u00e1xima de vuelo<\/td>\n<td>Modo normal: 5 m\/s<br \/>\nModo de actitud: 15 m\/s<\/td>\n<\/tr>\n<tr>\n<td>Velocidad m\u00e1xima de subida<\/td>\n<td>5m\/s<\/td>\n<\/tr>\n<tr>\n<td>Velocidad m\u00e1xima de descenso<\/td>\n<td>3m\/s<\/td>\n<\/tr>\n<tr>\n<td>Distancia m\u00e1xima de comunicaci\u00f3n<\/td>\n<td>5 km (sin obst\u00e1culos ni molestias)<\/td>\n<\/tr>\n<tr class=\"trbj\">\n<td colspan=\"2\">Bater\u00eda y autonom\u00eda<\/td>\n<\/tr>\n<tr>\n<td>N\u00famero de bater\u00edas a bordo<\/td>\n<td>2<\/td>\n<\/tr>\n<tr>\n<td>Resistencia m\u00e1xima (sin carga)<\/td>\n<td>57 min<\/td>\n<\/tr>\n<tr>\n<td>Tiempo m\u00e1ximo de vuelo estacionario<\/td>\n<td>Doble carga en vac\u00edo: 57 min<br \/>\nCarga \u00fanica en vac\u00edo: 39 min<br \/>\nCarga completa 15kg: 15~20 min<\/td>\n<\/tr>\n<tr class=\"trbj\">\n<td colspan=\"2\">distancia de vuelo<\/td>\n<\/tr>\n<tr>\n<td>Distancia m\u00e1xima de vuelo (sin carga)<\/td>\n<td>5 km (abierto y sin obst\u00e1culos, sin interferencias electromagn\u00e9ticas)<\/td>\n<\/tr>\n<tr>\n<td>Distancia m\u00e1xima de vuelo (a plena carga)<\/td>\n<td>2 km (abierto y sin obst\u00e1culos, sin interferencias electromagn\u00e9ticas)<\/td>\n<\/tr>\n<\/tbody>\n<\/table>\n<h4 class=\"pub_title\">Dimensiones del dron<\/h4>\n<p><img alt=\"\" loading=\"lazy\" decoding=\"async\" class=\"alignnone size-full wp-image-3401\" src=\"https:\/\/www.szhzykc.com\/wp-content\/uploads\/2025\/09\/xlwrj-1.webp\" width=\"1200\" height=\"579\" srcset=\"https:\/\/www.szhzykc.com\/wp-content\/uploads\/2025\/09\/xlwrj-1.webp 1200w, https:\/\/www.szhzykc.com\/wp-content\/uploads\/2025\/09\/xlwrj-1-300x145.webp 300w, https:\/\/www.szhzykc.com\/wp-content\/uploads\/2025\/09\/xlwrj-1-1024x494.webp 1024w, https:\/\/www.szhzykc.com\/wp-content\/uploads\/2025\/09\/xlwrj-1-768x371.webp 768w, https:\/\/www.szhzykc.com\/wp-content\/uploads\/2025\/09\/xlwrj-1-600x290.webp 600w\" sizes=\"auto, (max-width: 1200px) 100vw, 1200px\" \/><\/p>","protected":false},"excerpt":{"rendered":"<p>En el campo de la formaci\u00f3n con drones, es vital disponer de un dron de formaci\u00f3n con un rendimiento, seguridad, fiabilidad, calidad y asequibilidad excelentes. Nuestros drones de entrenamiento est\u00e1n dise\u00f1ados para satisfacer las necesidades del entrenamiento con drones, proporcionando una experiencia de entrenamiento profesional, eficiente y segura.<\/p>","protected":false},"featured_media":3398,"template":"","meta":{"_seopress_robots_primary_cat":"none","_seopress_titles_title":"","_seopress_titles_desc":"","_seopress_robots_index":"","_uag_custom_page_level_css":"","site-sidebar-layout":"default","site-content-layout":"","ast-site-content-layout":"default","site-content-style":"default","site-sidebar-style":"default","ast-global-header-display":"","ast-banner-title-visibility":"","ast-main-header-display":"","ast-hfb-above-header-display":"","ast-hfb-below-header-display":"","ast-hfb-mobile-header-display":"","site-post-title":"","ast-breadcrumbs-content":"","ast-featured-img":"","footer-sml-layout":"","ast-disable-related-posts":"","theme-transparent-header-meta":"default","adv-header-id-meta":"","stick-header-meta":"default","header-above-stick-meta":"","header-main-stick-meta":"","header-below-stick-meta":"","astra-migrate-meta-layouts":"set","ast-page-background-enabled":"default","ast-page-background-meta":{"desktop":{"background-color":"var(--ast-global-color-5)","background-image":"","background-repeat":"repeat","background-position":"center center","background-size":"auto","background-attachment":"scroll","background-type":"","background-media":"","overlay-type":"","overlay-color":"","overlay-opacity":"","overlay-gradient":""},"tablet":{"background-color":"","background-image":"","background-repeat":"repeat","background-position":"center center","background-size":"auto","background-attachment":"scroll","background-type":"","background-media":"","overlay-type":"","overlay-color":"","overlay-opacity":"","overlay-gradient":""},"mobile":{"background-color":"","background-image":"","background-repeat":"repeat","background-position":"center center","background-size":"auto","background-attachment":"scroll","background-type":"","background-media":"","overlay-type":"","overlay-color":"","overlay-opacity":"","overlay-gradient":""}},"ast-content-background-meta":{"desktop":{"background-color":"var(--ast-global-color-4)","background-image":"","background-repeat":"repeat","background-position":"center center","background-size":"auto","background-attachment":"scroll","background-type":"","background-media":"","overlay-type":"","overlay-color":"","overlay-opacity":"","overlay-gradient":""},"tablet":{"background-color":"var(--ast-global-color-4)","background-image":"","background-repeat":"repeat","background-position":"center center","background-size":"auto","background-attachment":"scroll","background-type":"","background-media":"","overlay-type":"","overlay-color":"","overlay-opacity":"","overlay-gradient":""},"mobile":{"background-color":"var(--ast-global-color-4)","background-image":"","background-repeat":"repeat","background-position":"center center","background-size":"auto","background-attachment":"scroll","background-type":"","background-media":"","overlay-type":"","overlay-color":"","overlay-opacity":"","overlay-gradient":""}},"iawp_total_views":92},"product_brand":[],"product_cat":[15],"product_tag":[],"class_list":{"0":"post-3392","1":"product","2":"type-product","3":"status-publish","4":"has-post-thumbnail","6":"product_cat-products","7":"desktop-align-center","8":"tablet-align-center","9":"mobile-align-center","10":"ast-product-gallery-layout-horizontal-slider","11":"ast-product-gallery-with-no-image","12":"ast-magnify-disabled","13":"ast-product-tabs-layout-horizontal","15":"first","16":"instock","17":"featured","18":"shipping-taxable","19":"product-type-simple"},"uagb_featured_image_src":{"full":["https:\/\/www.szhzykc.com\/wp-content\/uploads\/2025\/09\/xlwrj.webp",800,800,false],"thumbnail":["https:\/\/www.szhzykc.com\/wp-content\/uploads\/2025\/09\/xlwrj-150x150.webp",150,150,true],"medium":["https:\/\/www.szhzykc.com\/wp-content\/uploads\/2025\/09\/xlwrj-300x300.webp",300,300,true],"medium_large":["https:\/\/www.szhzykc.com\/wp-content\/uploads\/2025\/09\/xlwrj-768x768.webp",768,768,true],"large":["https:\/\/www.szhzykc.com\/wp-content\/uploads\/2025\/09\/xlwrj.webp",800,800,false],"1536x1536":["https:\/\/www.szhzykc.com\/wp-content\/uploads\/2025\/09\/xlwrj.webp",800,800,false],"2048x2048":["https:\/\/www.szhzykc.com\/wp-content\/uploads\/2025\/09\/xlwrj.webp",800,800,false],"trp-custom-language-flag":["https:\/\/www.szhzykc.com\/wp-content\/uploads\/2025\/09\/xlwrj.webp",12,12,false],"woocommerce_thumbnail":["https:\/\/www.szhzykc.com\/wp-content\/uploads\/2025\/09\/xlwrj-600x600.webp",600,600,true],"woocommerce_single":["https:\/\/www.szhzykc.com\/wp-content\/uploads\/2025\/09\/xlwrj-600x600.webp",600,600,true],"woocommerce_gallery_thumbnail":["https:\/\/www.szhzykc.com\/wp-content\/uploads\/2025\/09\/xlwrj-100x100.webp",100,100,true]},"uagb_author_info":{"display_name":"contact@qunbiz.com","author_link":"https:\/\/www.szhzykc.com\/es\/author\/"},"uagb_comment_info":0,"uagb_excerpt":"\u5728\u65e0\u4eba\u673a\u57f9\u8bad\u9886\u57df\uff0c\u62e5\u6709\u4e00\u6b3e\u6027\u80fd\u5353\u8d8a\u3001\u5b89\u5168\u53ef\u9760\u3001\u8d28\u4f18\u4ef7\u5ec9\u7684\u8bad\u7ec3\u7528\u65e0\u4eba\u673a\u81f3\u5173\u91cd\u8981\u3002\u6211\u4eec\u7684\u8bad\u7ec3\u7528\u65e0\u4eba\u673a\uff0c\u4e13\u4e3a\u6ee1\u8db3\u65e0\u4eba&hellip;","_links":{"self":[{"href":"https:\/\/www.szhzykc.com\/es\/wp-json\/wp\/v2\/product\/3392","targetHints":{"allow":["GET"]}}],"collection":[{"href":"https:\/\/www.szhzykc.com\/es\/wp-json\/wp\/v2\/product"}],"about":[{"href":"https:\/\/www.szhzykc.com\/es\/wp-json\/wp\/v2\/types\/product"}],"wp:featuredmedia":[{"embeddable":true,"href":"https:\/\/www.szhzykc.com\/es\/wp-json\/wp\/v2\/media\/3398"}],"wp:attachment":[{"href":"https:\/\/www.szhzykc.com\/es\/wp-json\/wp\/v2\/media?parent=3392"}],"wp:term":[{"taxonomy":"product_brand","embeddable":true,"href":"https:\/\/www.szhzykc.com\/es\/wp-json\/wp\/v2\/product_brand?post=3392"},{"taxonomy":"product_cat","embeddable":true,"href":"https:\/\/www.szhzykc.com\/es\/wp-json\/wp\/v2\/product_cat?post=3392"},{"taxonomy":"product_tag","embeddable":true,"href":"https:\/\/www.szhzykc.com\/es\/wp-json\/wp\/v2\/product_tag?post=3392"}],"curies":[{"name":"wp","href":"https:\/\/api.w.org\/{rel}","templated":true}]}}