{"id":3271,"date":"2025-09-19T06:58:28","date_gmt":"2025-09-19T06:58:28","guid":{"rendered":"https:\/\/szhzykc.com\/?page_id=3271"},"modified":"2026-01-07T06:40:43","modified_gmt":"2026-01-07T06:40:43","slug":"formation-aux-applications-industrielles","status":"publish","type":"page","link":"https:\/\/www.szhzykc.com\/fr\/formation-aux-applications-industrielles\/","title":{"rendered":"Formation aux applications industrielles"},"content":{"rendered":"<div class=\"wp-block-uagb-container uagb-block-bd9f6584 alignfull uagb-is-root-container\"><div class=\"uagb-container-inner-blocks-wrap\">\n<div class=\"wp-block-uagb-container uagb-block-81ebec73\">\n<div class=\"wp-block-uagb-info-box uagb-block-e21d5f2d uagb-infobox__content-wrap  uagb-infobox-icon-above-title uagb-infobox-image-valign-top bwenzi\"><div class=\"uagb-ifb-content\"><div class=\"uagb-ifb-title-wrap\"><h1 class=\"uagb-ifb-title\">Formation aux applications industrielles<\/h1><\/div><p class=\"uagb-ifb-desc\">Formation professionnelle \u00e0 l'utilisation d'un drone - Approbation officielle et garantie d'autorisation<\/p><\/div><\/div>\n<\/div>\n<\/div><\/div>\n\n\n\n<div class=\"wp-block-uagb-container uagb-block-61c4c46f alignfull uagb-is-root-container\"><div class=\"uagb-container-inner-blocks-wrap\">\n<div class=\"wp-block-uagb-container uagb-block-6c502141\">\n<div class=\"wp-block-uagb-info-box uagb-block-67aef9fb uagb-infobox__content-wrap  uagb-infobox-icon-above-title uagb-infobox-image-valign-top wp-block-uagb-info-box--has-margin\"><div class=\"uagb-infobox-margin-wrapper\"><div class=\"uagb-ifb-content\"><div class=\"uagb-ifb-title-wrap\"><h3 class=\"uagb-ifb-title\">Formation aux applications industrielles<\/h3><\/div><p class=\"uagb-ifb-desc\">La formation \u00e0 l'application industrielle des drones vise \u00e0 faire face \u00e0 toutes sortes de sc\u00e9narios industriels, \u00e0 am\u00e9liorer syst\u00e9matiquement la planification des missions et la capacit\u00e9 pratique des \u00e9tudiants, gr\u00e2ce \u00e0 la combinaison de cours professionnels et de cas r\u00e9els, afin que les \u00e9tudiants puissent appliquer de mani\u00e8re flexible la technologie des drones dans des domaines cl\u00e9s tels que l'arpentage et la cartographie, l'\u00e9nergie \u00e9lectrique, les interventions d'urgence, la s\u00e9curit\u00e9, l'agriculture et d'autres domaines cl\u00e9s, afin d'am\u00e9liorer globalement la valeur de l'industrie dans la pratique.<\/p><\/div><\/div><\/div>\n<\/div>\n\n\n\n\t\t\t<div class=\"wp-block-uagb-post-grid uagb-post-grid  uagb-post__image-position-top uagb-post__image-enabled uagb-block-e996c598     uagb-post__items uagb-post__columns-3 is-grid uagb-post__columns-tablet-2 uagb-post__columns-mobile-1 uagb-post__equal-height\" data-total=\"2\" style=\"\">\n\n\t\t\t\t\t\t\t\t\t\t\t\t<article class=\"uagb-post__inner-wrap\">\t\t\t\t\t\t\t\t<div class='uagb-post__image'>\n\t\t\t\t\t\t\t\t\t<a href=\"https:\/\/www.szhzykc.com\/fr\/bian-fang-xun-zha\/\" target=\"_self\" rel=\"bookmark noopener noreferrer\" class='uagb-image-ratio-inherit'><img loading=\"lazy\" decoding=\"async\" width=\"800\" height=\"600\" src=\"https:\/\/www.szhzykc.com\/wp-content\/uploads\/2025\/09\/bfxj-1.webp\" class=\"attachment-large size-large\" alt=\"\" srcset=\"https:\/\/www.szhzykc.com\/wp-content\/uploads\/2025\/09\/bfxj-1.webp 800w, https:\/\/www.szhzykc.com\/wp-content\/uploads\/2025\/09\/bfxj-1-300x225.webp 300w, https:\/\/www.szhzykc.com\/wp-content\/uploads\/2025\/09\/bfxj-1-768x576.webp 768w, https:\/\/www.szhzykc.com\/wp-content\/uploads\/2025\/09\/bfxj-1-600x450.webp 600w\" sizes=\"auto, (max-width: 800px) 100vw, 800px\" \/>\t\t\t\t\t<\/a>\n\t\t\t\t\t\t\t<\/div>\n\t\t\t\t\t\t<h4 class=\"uagb-post__title uagb-post__text\">\n\t\t\t\t<a href=\"https:\/\/www.szhzykc.com\/fr\/bian-fang-xun-zha\/\" target=\"_self\" rel=\"bookmark noopener noreferrer\">patrouille frontali\u00e8re<\/a>\n\t\t\t<\/h4>\n\t\t\t\t\t\t<div class='uagb-post__text uagb-post-grid-byline'>\n\t\t\t\t\t\t\t\t<time datetime=\"2025-09-28T09:38:59+00:00\" class=\"uagb-post__date\">\n\t\t\t\t<span class=\"dashicons-calendar dashicons\"><\/span>\t\t\t\t\t2025-09-28\t\t\t\t<\/time>\n\t\t\t\t\t\t<\/div>\n\t\t\t\t\t\t\t<div class='uagb-post__text uagb-post__excerpt'>\n\t\t\t\t\t<p>La Chine a un total d'environ 22 000 kilom\u00e8tres de fronti\u00e8res terrestres, respectivement avec 14 pays, dont 2\/3 de la ligne frontali\u00e8re est constitu\u00e9e de hautes montagnes et de d\u00e9serts. En r\u00e9ponse au flux important de personnes entrant et sortant des fronti\u00e8res de la Chine, \u00e0 la contrebande et \u00e0 d'autres activit\u00e9s criminelles graves, il est objectivement n\u00e9cessaire que les gardes-fronti\u00e8res accomplissent la t\u00e2che de la longue distance, de la rapidit\u00e9 de r\u00e9ponse. ...<\/p>\n\t\t\t\t<\/div>\n\t\t\t\n\t\t\t\t\t\t\t\t\t<\/article>\n\t\t\t\t\t\t\t\t\t\t\t\t\t\t\t\t<article class=\"uagb-post__inner-wrap\">\t\t\t\t\t\t\t\t<div class='uagb-post__image'>\n\t\t\t\t\t\t\t\t\t<a href=\"https:\/\/www.szhzykc.com\/fr\/nong-lin-jian-ce\/\" target=\"_self\" rel=\"bookmark noopener noreferrer\" class='uagb-image-ratio-inherit'><img loading=\"lazy\" decoding=\"async\" width=\"800\" height=\"600\" src=\"https:\/\/www.szhzykc.com\/wp-content\/uploads\/2025\/09\/nljc.webp\" class=\"attachment-large size-large\" alt=\"\" srcset=\"https:\/\/www.szhzykc.com\/wp-content\/uploads\/2025\/09\/nljc.webp 800w, https:\/\/www.szhzykc.com\/wp-content\/uploads\/2025\/09\/nljc-300x225.webp 300w, https:\/\/www.szhzykc.com\/wp-content\/uploads\/2025\/09\/nljc-768x576.webp 768w, https:\/\/www.szhzykc.com\/wp-content\/uploads\/2025\/09\/nljc-600x450.webp 600w\" sizes=\"auto, (max-width: 800px) 100vw, 800px\" \/>\t\t\t\t\t<\/a>\n\t\t\t\t\t\t\t<\/div>\n\t\t\t\t\t\t<h4 class=\"uagb-post__title uagb-post__text\">\n\t\t\t\t<a href=\"https:\/\/www.szhzykc.com\/fr\/nong-lin-jian-ce\/\" target=\"_self\" rel=\"bookmark noopener noreferrer\">Suivi de l'agroforesterie<\/a>\n\t\t\t<\/h4>\n\t\t\t\t\t\t<div class='uagb-post__text uagb-post-grid-byline'>\n\t\t\t\t\t\t\t\t<time datetime=\"2025-09-18T08:01:25+00:00\" class=\"uagb-post__date\">\n\t\t\t\t<span class=\"dashicons-calendar dashicons\"><\/span>\t\t\t\t\t2025-09-18\t\t\t\t<\/time>\n\t\t\t\t\t\t<\/div>\n\t\t\t\t\t\t\t<div class='uagb-post__text uagb-post__excerpt'>\n\t\t\t\t\t<p>L'utilisation de cam\u00e9ras multispectrales mont\u00e9es sur des drones pour surveiller l'\u00e9tat nutritionnel ou les maladies de la v\u00e9g\u00e9tation (y compris les cultures, les p\u00e2turages, les for\u00eats, etc.) pr\u00e9sente des avantages. La construction d'une cam\u00e9ra multispectrale mont\u00e9e sur drone et d'un syst\u00e8me de traitement des donn\u00e9es peut contribuer \u00e0 l'informatisation et \u00e0 la modernisation de la protection des plantes agricoles. En particulier, la fourniture de donn\u00e9es pr\u00e9cises et opportunes...<\/p>\n\t\t\t\t<\/div>\n\t\t\t\n\t\t\t\t\t\t\t\t\t<\/article>\n\t\t\t\t\t\t\t\t\t\t\t\t\t\t\t\t<article class=\"uagb-post__inner-wrap\">\t\t\t\t\t\t\t\t<div class='uagb-post__image'>\n\t\t\t\t\t\t\t\t\t<a href=\"https:\/\/www.szhzykc.com\/fr\/wu-ren-ji-hang-ce\/\" target=\"_self\" rel=\"bookmark noopener noreferrer\" class='uagb-image-ratio-inherit'><img loading=\"lazy\" decoding=\"async\" width=\"800\" height=\"600\" src=\"https:\/\/www.szhzykc.com\/wp-content\/uploads\/2025\/09\/wrjhc.webp\" class=\"attachment-large size-large\" alt=\"\" srcset=\"https:\/\/www.szhzykc.com\/wp-content\/uploads\/2025\/09\/wrjhc.webp 800w, https:\/\/www.szhzykc.com\/wp-content\/uploads\/2025\/09\/wrjhc-300x225.webp 300w, https:\/\/www.szhzykc.com\/wp-content\/uploads\/2025\/09\/wrjhc-768x576.webp 768w, https:\/\/www.szhzykc.com\/wp-content\/uploads\/2025\/09\/wrjhc-600x450.webp 600w\" sizes=\"auto, (max-width: 800px) 100vw, 800px\" \/>\t\t\t\t\t<\/a>\n\t\t\t\t\t\t\t<\/div>\n\t\t\t\t\t\t<h4 class=\"uagb-post__title uagb-post__text\">\n\t\t\t\t<a href=\"https:\/\/www.szhzykc.com\/fr\/wu-ren-ji-hang-ce\/\" target=\"_self\" rel=\"bookmark noopener noreferrer\">Enqu\u00eate a\u00e9rienne par drone<\/a>\n\t\t\t<\/h4>\n\t\t\t\t\t\t<div class='uagb-post__text uagb-post-grid-byline'>\n\t\t\t\t\t\t\t\t<time datetime=\"2025-09-18T06:14:27+00:00\" class=\"uagb-post__date\">\n\t\t\t\t<span class=\"dashicons-calendar dashicons\"><\/span>\t\t\t\t\t2025-09-18\t\t\t\t<\/time>\n\t\t\t\t\t\t<\/div>\n\t\t\t\t\t\t\t<div class='uagb-post__text uagb-post__excerpt'>\n\t\t\t\t\t<p>Se concentrant sur les domaines de la surveillance des projets de conservation de l'eau, de la protection de l'environnement et des secours d'urgence en cas de catastrophe, il obtient des donn\u00e9es d'image en temps r\u00e9el gr\u00e2ce \u00e0 la photographie a\u00e9rienne de haute pr\u00e9cision afin de fournir une aide \u00e0 la d\u00e9cision pour la gestion des ressources en eau et l'\u00e9valuation des catastrophes. Associ\u00e9 \u00e0 la technologie de traitement des donn\u00e9es de la plateforme cloud, l'ensemble du processus, de l'acquisition des donn\u00e9es \u00e0 l'analyse, est automatis\u00e9, ce qui am\u00e9liore consid\u00e9rablement l'efficacit\u00e9 et la pr\u00e9cision de la surveillance. Le...<\/p>\n\t\t\t\t<\/div>\n\t\t\t\n\t\t\t\t\t\t\t\t\t<\/article>\n\t\t\t\t\t\t\t\t\t\t\t\t\t\t\t\t<article class=\"uagb-post__inner-wrap\">\t\t\t\t\t\t\t\t<div class='uagb-post__image'>\n\t\t\t\t\t\t\t\t\t<a href=\"https:\/\/www.szhzykc.com\/fr\/xiao-fang-ying-ji\/\" target=\"_self\" rel=\"bookmark noopener noreferrer\" class='uagb-image-ratio-inherit'><img loading=\"lazy\" decoding=\"async\" width=\"800\" height=\"600\" src=\"https:\/\/www.szhzykc.com\/wp-content\/uploads\/2025\/09\/xfyj.webp\" class=\"attachment-large size-large\" alt=\"\" srcset=\"https:\/\/www.szhzykc.com\/wp-content\/uploads\/2025\/09\/xfyj.webp 800w, https:\/\/www.szhzykc.com\/wp-content\/uploads\/2025\/09\/xfyj-300x225.webp 300w, https:\/\/www.szhzykc.com\/wp-content\/uploads\/2025\/09\/xfyj-768x576.webp 768w, https:\/\/www.szhzykc.com\/wp-content\/uploads\/2025\/09\/xfyj-600x450.webp 600w\" sizes=\"auto, (max-width: 800px) 100vw, 800px\" \/>\t\t\t\t\t<\/a>\n\t\t\t\t\t\t\t<\/div>\n\t\t\t\t\t\t<h4 class=\"uagb-post__title uagb-post__text\">\n\t\t\t\t<a href=\"https:\/\/www.szhzykc.com\/fr\/xiao-fang-ying-ji\/\" target=\"_self\" rel=\"bookmark noopener noreferrer\">lutte contre l'incendie<\/a>\n\t\t\t<\/h4>\n\t\t\t\t\t\t<div class='uagb-post__text uagb-post-grid-byline'>\n\t\t\t\t\t\t\t\t<time datetime=\"2025-09-18T06:13:31+00:00\" class=\"uagb-post__date\">\n\t\t\t\t<span class=\"dashicons-calendar dashicons\"><\/span>\t\t\t\t\t2025-09-18\t\t\t\t<\/time>\n\t\t\t\t\t\t<\/div>\n\t\t\t\t\t\t\t<div class='uagb-post__text uagb-post__excerpt'>\n\t\t\t\t\t<p>En s'appuyant sur les avantages actuels de l'aviation, des communications et des technologies de l'information, un ensemble de syst\u00e8mes a\u00e9riens de surveillance des urgences int\u00e9grant la reconnaissance des incendies en temps r\u00e9el, la surveillance des points chauds et l'\u00e9valuation des catastrophes peut fournir des informations pr\u00e9cises sur les incendies et une analyse dynamique sur le lieu de l'incendie, constituant ainsi une base fiable pour le commandement et la prise de d\u00e9cision.<\/p>\n\t\t\t\t<\/div>\n\t\t\t\n\t\t\t\t\t\t\t\t\t<\/article>\n\t\t\t\t\t\t\t\t\t\t\t\t\t\t\t\t<article class=\"uagb-post__inner-wrap\">\t\t\t\t\t\t\t\t<div class='uagb-post__image'>\n\t\t\t\t\t\t\t\t\t<a href=\"https:\/\/www.szhzykc.com\/fr\/cheng-shi-san-wei-jian-mo\/\" target=\"_self\" rel=\"bookmark noopener noreferrer\" class='uagb-image-ratio-inherit'><img loading=\"lazy\" decoding=\"async\" width=\"800\" height=\"600\" src=\"https:\/\/www.szhzykc.com\/wp-content\/uploads\/2025\/09\/csswjm.webp\" class=\"attachment-large size-large\" alt=\"\" srcset=\"https:\/\/www.szhzykc.com\/wp-content\/uploads\/2025\/09\/csswjm.webp 800w, https:\/\/www.szhzykc.com\/wp-content\/uploads\/2025\/09\/csswjm-300x225.webp 300w, https:\/\/www.szhzykc.com\/wp-content\/uploads\/2025\/09\/csswjm-768x576.webp 768w, https:\/\/www.szhzykc.com\/wp-content\/uploads\/2025\/09\/csswjm-600x450.webp 600w\" sizes=\"auto, (max-width: 800px) 100vw, 800px\" \/>\t\t\t\t\t<\/a>\n\t\t\t\t\t\t\t<\/div>\n\t\t\t\t\t\t<h4 class=\"uagb-post__title uagb-post__text\">\n\t\t\t\t<a href=\"https:\/\/www.szhzykc.com\/fr\/cheng-shi-san-wei-jian-mo\/\" target=\"_self\" rel=\"bookmark noopener noreferrer\">Mod\u00e9lisation urbaine en 3D<\/a>\n\t\t\t<\/h4>\n\t\t\t\t\t\t<div class='uagb-post__text uagb-post-grid-byline'>\n\t\t\t\t\t\t\t\t<time datetime=\"2025-09-18T06:11:49+00:00\" class=\"uagb-post__date\">\n\t\t\t\t<span class=\"dashicons-calendar dashicons\"><\/span>\t\t\t\t\t2025-09-18\t\t\t\t<\/time>\n\t\t\t\t\t\t<\/div>\n\t\t\t\t\t\t\t<div class='uagb-post__text uagb-post__excerpt'>\n\t\t\t\t\t<p>L'utilisation d'une plateforme de drone pour transporter des cam\u00e9ras de haute pr\u00e9cision afin d'obtenir des donn\u00e9es d'image du monde r\u00e9el de la ville, et la g\u00e9n\u00e9ration de mod\u00e8les de jumeaux num\u00e9riques de la ville de haute pr\u00e9cision et d'un grand r\u00e9alisme gr\u00e2ce \u00e0 un logiciel professionnel de mod\u00e9lisation 3D, fournissant une aide visuelle intuitive \u00e0 la prise de d\u00e9cision pour la planification des villes intelligentes, la gestion des situations d'urgence et la gouvernance urbaine.<\/p>\n\t\t\t\t<\/div>\n\t\t\t\n\t\t\t\t\t\t\t\t\t<\/article>\n\t\t\t\t\t\t\t\t\t\t\t\t\t\t\t\t<article class=\"uagb-post__inner-wrap\">\t\t\t\t\t\t\t\t<div class='uagb-post__image'>\n\t\t\t\t\t\t\t\t\t<a href=\"https:\/\/www.szhzykc.com\/fr\/hang-kong-she-ying\/\" target=\"_self\" rel=\"bookmark noopener noreferrer\" class='uagb-image-ratio-inherit'><img loading=\"lazy\" decoding=\"async\" width=\"800\" height=\"600\" src=\"https:\/\/www.szhzykc.com\/wp-content\/uploads\/2025\/09\/hksy.webp\" class=\"attachment-large size-large\" alt=\"\" srcset=\"https:\/\/www.szhzykc.com\/wp-content\/uploads\/2025\/09\/hksy.webp 800w, https:\/\/www.szhzykc.com\/wp-content\/uploads\/2025\/09\/hksy-300x225.webp 300w, https:\/\/www.szhzykc.com\/wp-content\/uploads\/2025\/09\/hksy-768x576.webp 768w, https:\/\/www.szhzykc.com\/wp-content\/uploads\/2025\/09\/hksy-600x450.webp 600w\" sizes=\"auto, (max-width: 800px) 100vw, 800px\" \/>\t\t\t\t\t<\/a>\n\t\t\t\t\t\t\t<\/div>\n\t\t\t\t\t\t<h4 class=\"uagb-post__title uagb-post__text\">\n\t\t\t\t<a href=\"https:\/\/www.szhzykc.com\/fr\/hang-kong-she-ying\/\" target=\"_self\" rel=\"bookmark noopener noreferrer\">photographie a\u00e9rienne<\/a>\n\t\t\t<\/h4>\n\t\t\t\t\t\t<div class='uagb-post__text uagb-post-grid-byline'>\n\t\t\t\t\t\t\t\t<time datetime=\"2025-09-18T03:44:12+00:00\" class=\"uagb-post__date\">\n\t\t\t\t<span class=\"dashicons-calendar dashicons\"><\/span>\t\t\t\t\t2025-09-18\t\t\t\t<\/time>\n\t\t\t\t\t\t<\/div>\n\t\t\t\t\t\t\t<div class='uagb-post__text uagb-post__excerpt'>\n\t\t\t\t\t<p>Combinant un \u00e9quipement d'imagerie de haute pr\u00e9cision et un syst\u00e8me de vol intelligent, il fournit des images haute d\u00e9finition en temps r\u00e9el pour la surveillance des projets de conservation de l'eau, la planification urbaine et l'\u00e9valuation des catastrophes. La solution peut \u00eatre d\u00e9ploy\u00e9e rapidement sur des terrains complexes et dans des zones dangereuses afin d'acqu\u00e9rir et d'analyser des donn\u00e9es \u00e0 grande \u00e9chelle et \u00e0 faible co\u00fbt. Gr\u00e2ce \u00e0 une plateforme int\u00e9gr\u00e9e de traitement des donn\u00e9es, les utilisateurs peuvent acqu\u00e9rir des...<\/p>\n\t\t\t\t<\/div>\n\t\t\t\n\t\t\t\t\t\t\t\t\t<\/article>\n\t\t\t\t\t\t\t\t\t\t\t\t\t<div class=\"uagb-post-pagination-wrap\">\n\t\t\t\t\t\t<span aria-current=\"page\" class=\"page-numbers current\">1<\/span>\n<a class=\"page-numbers\" href=\"https:\/\/www.szhzykc.com\/wp-json\/wp\/v2\/pages\/3271\/page\/2\/\">2<\/a>\n<a class=\"next page-numbers\" href=\"https:\/\/www.szhzykc.com\/wp-json\/wp\/v2\/pages\/3271\/page\/2\/\">Suivant \"<\/a>\t\t\t\t\t<\/div>\n\t\t\t\t\t\t\t\t<\/div>\n\t\t\t<\/div><\/div>","protected":false},"excerpt":{"rendered":"","protected":false},"author":1,"featured_media":0,"parent":0,"menu_order":0,"comment_status":"closed","ping_status":"closed","template":"","meta":{"_seopress_robots_primary_cat":"","_seopress_titles_title":"","_seopress_titles_desc":"","_seopress_robots_index":"","_uag_custom_page_level_css":"","site-sidebar-layout":"no-sidebar","site-content-layout":"","ast-site-content-layout":"full-width-container","site-content-style":"unboxed","site-sidebar-style":"unboxed","ast-global-header-display":"","ast-banner-title-visibility":"","ast-main-header-display":"","ast-hfb-above-header-display":"","ast-hfb-below-header-display":"","ast-hfb-mobile-header-display":"","site-post-title":"disabled","ast-breadcrumbs-content":"","ast-featured-img":"","footer-sml-layout":"","ast-disable-related-posts":"","theme-transparent-header-meta":"","adv-header-id-meta":"","stick-header-meta":"","header-above-stick-meta":"","header-main-stick-meta":"","header-below-stick-meta":"","astra-migrate-meta-layouts":"default","ast-page-background-enabled":"default","ast-page-background-meta":{"desktop":{"background-color":"var(--ast-global-color-5)","background-image":"","background-repeat":"repeat","background-position":"center center","background-size":"auto","background-attachment":"scroll","background-type":"","background-media":"","overlay-type":"","overlay-color":"","overlay-opacity":"","overlay-gradient":""},"tablet":{"background-color":"","background-image":"","background-repeat":"repeat","background-position":"center center","background-size":"auto","background-attachment":"scroll","background-type":"","background-media":"","overlay-type":"","overlay-color":"","overlay-opacity":"","overlay-gradient":""},"mobile":{"background-color":"","background-image":"","background-repeat":"repeat","background-position":"center center","background-size":"auto","background-attachment":"scroll","background-type":"","background-media":"","overlay-type":"","overlay-color":"","overlay-opacity":"","overlay-gradient":""}},"ast-content-background-meta":{"desktop":{"background-color":"var(--ast-global-color-4)","background-image":"","background-repeat":"repeat","background-position":"center center","background-size":"auto","background-attachment":"scroll","background-type":"","background-media":"","overlay-type":"","overlay-color":"","overlay-opacity":"","overlay-gradient":""},"tablet":{"background-color":"var(--ast-global-color-4)","background-image":"","background-repeat":"repeat","background-position":"center center","background-size":"auto","background-attachment":"scroll","background-type":"","background-media":"","overlay-type":"","overlay-color":"","overlay-opacity":"","overlay-gradient":""},"mobile":{"background-color":"var(--ast-global-color-4)","background-image":"","background-repeat":"repeat","background-position":"center center","background-size":"auto","background-attachment":"scroll","background-type":"","background-media":"","overlay-type":"","overlay-color":"","overlay-opacity":"","overlay-gradient":""}},"iawp_total_views":53,"footnotes":""},"class_list":["post-3271","page","type-page","status-publish","hentry"],"uagb_featured_image_src":{"full":false,"thumbnail":false,"medium":false,"medium_large":false,"large":false,"1536x1536":false,"2048x2048":false,"trp-custom-language-flag":false,"woocommerce_thumbnail":false,"woocommerce_single":false,"woocommerce_gallery_thumbnail":false},"uagb_author_info":{"display_name":"contact@qunbiz.com","author_link":"https:\/\/www.szhzykc.com\/fr\/author\/contactqunbiz-com\/"},"uagb_comment_info":0,"uagb_excerpt":null,"_links":{"self":[{"href":"https:\/\/www.szhzykc.com\/fr\/wp-json\/wp\/v2\/pages\/3271","targetHints":{"allow":["GET"]}}],"collection":[{"href":"https:\/\/www.szhzykc.com\/fr\/wp-json\/wp\/v2\/pages"}],"about":[{"href":"https:\/\/www.szhzykc.com\/fr\/wp-json\/wp\/v2\/types\/page"}],"author":[{"embeddable":true,"href":"https:\/\/www.szhzykc.com\/fr\/wp-json\/wp\/v2\/users\/1"}],"replies":[{"embeddable":true,"href":"https:\/\/www.szhzykc.com\/fr\/wp-json\/wp\/v2\/comments?post=3271"}],"version-history":[{"count":6,"href":"https:\/\/www.szhzykc.com\/fr\/wp-json\/wp\/v2\/pages\/3271\/revisions"}],"predecessor-version":[{"id":5119,"href":"https:\/\/www.szhzykc.com\/fr\/wp-json\/wp\/v2\/pages\/3271\/revisions\/5119"}],"wp:attachment":[{"href":"https:\/\/www.szhzykc.com\/fr\/wp-json\/wp\/v2\/media?parent=3271"}],"curies":[{"name":"wp","href":"https:\/\/api.w.org\/{rel}","templated":true}]}}