{"id":5243,"date":"2026-03-13T02:23:43","date_gmt":"2026-03-13T02:23:43","guid":{"rendered":"https:\/\/www.szhzykc.com\/?page_id=5243"},"modified":"2026-04-05T03:37:43","modified_gmt":"2026-04-05T03:37:43","slug":"huan-zi-yuan-pai-dan-jie-dan-xi-tong-ping-tai","status":"publish","type":"page","link":"https:\/\/www.szhzykc.com\/fr\/huan-zi-yuan-pai-dan-jie-dan-xi-tong-ping-tai\/","title":{"rendered":"Plate-forme de syst\u00e8me de prise de commande de r\u00e9partition des ressources en anneau"},"content":{"rendered":"<div class=\"wp-block-uagb-container uagb-block-bd9f6584 alignfull uagb-is-root-container\"><div class=\"uagb-container-inner-blocks-wrap\">\n<div class=\"wp-block-uagb-info-box uagb-block-e21d5f2d uagb-infobox__content-wrap  uagb-infobox-icon-above-title uagb-infobox-image-valign-top bwenzi uag-hide-desktop uag-hide-tab uag-hide-mob\"><div class=\"uagb-ifb-content\"><div class=\"uagb-ifb-title-wrap\"><h1 class=\"uagb-ifb-title\">Plateforme<\/h1><\/div><p class=\"uagb-ifb-desc\">Formation professionnelle \u00e0 l'utilisation d'un drone - Approbation officielle et garantie d'autorisation<\/p><\/div><\/div>\n<\/div><\/div>\n\n\n\n<div class=\"wp-block-uagb-container uagb-block-d2a51045 alignfull uagb-is-root-container\"><div class=\"uagb-container-inner-blocks-wrap\">\n<div class=\"wp-block-uagb-container uagb-block-d49e11ff\">\t\t\t\t\t<div\n\t\t\t\t\t\tclass=\"wp-block-uagb-image-gallery uagb-block-0e25b943\"\n\t\t\t\t\t\tstyle=\"\"\n\t\t\t\t\t>\n\t\t\t\t\t\t\t\t\t\t\t<div class=\"spectra-image-gallery spectra-image-gallery__layout--masonry spectra-image-gallery__layout--masonry-col-5 spectra-image-gallery__layout--masonry-col-tab-3 spectra-image-gallery__layout--masonry-col-mob-2\">\n\t\t\t\t\t\t\t\t\t\t\t<div class='spectra-image-gallery__media-wrapper--isotope'>\n\t\t\t\t\t\t\t<div class='spectra-image-gallery__media-wrapper' data-spectra-gallery-image-id='5247' tabindex=\"0\">\n\t\t\t\t\t\t\t<div class=\"spectra-image-gallery__media spectra-image-gallery__media--masonry\">\n\t\t\t\t<picture>\n\t\t\t\t\t<source media=\"(min-width: 1024px)\" srcset=\"https:\/\/www.szhzykc.com\/wp-content\/uploads\/2026\/03\/hzy-1.webp\">\n\t\t\t\t\t<source media=\"(min-width: 768px)\" srcset=\"https:\/\/www.szhzykc.com\/wp-content\/uploads\/2026\/03\/hzy-1-484x1024.webp\">\n\t\t\t\t\t<img decoding=\"async\" class=\"spectra-image-gallery__media-thumbnail spectra-image-gallery__media-thumbnail--masonry\" src=\"https:\/\/www.szhzykc.com\/wp-content\/uploads\/2026\/03\/hzy-1-142x300.webp\" alt=\"\" loading=\"lazy\" \/>\n\t\t\t\t<\/picture>\n\t\t\t\t<div class=\"spectra-image-gallery__media-thumbnail-blurrer\"><\/div>\n\t\t\t\t\t\t\t\t\t\t\t<div class=\"spectra-image-gallery__media-thumbnail-caption-wrapper spectra-image-gallery__media-thumbnail-caption-wrapper--overlay\"><\/div>\n\t\t\t\t\t\t\t\t<\/div>\n\t\t\t\t\t\t<\/div>\n\t\t\t\t\t\t<\/div>\n\t\t\t\t\t\t<div class='spectra-image-gallery__media-wrapper--isotope'>\n\t\t\t\t\t\t\t<div class='spectra-image-gallery__media-wrapper' data-spectra-gallery-image-id='5248' tabindex=\"0\">\n\t\t\t\t\t\t\t<div class=\"spectra-image-gallery__media spectra-image-gallery__media--masonry\">\n\t\t\t\t<picture>\n\t\t\t\t\t<source media=\"(min-width: 1024px)\" srcset=\"https:\/\/www.szhzykc.com\/wp-content\/uploads\/2026\/03\/hzy-2.webp\">\n\t\t\t\t\t<source media=\"(min-width: 768px)\" srcset=\"https:\/\/www.szhzykc.com\/wp-content\/uploads\/2026\/03\/hzy-2-484x1024.webp\">\n\t\t\t\t\t<img decoding=\"async\" class=\"spectra-image-gallery__media-thumbnail spectra-image-gallery__media-thumbnail--masonry\" src=\"https:\/\/www.szhzykc.com\/wp-content\/uploads\/2026\/03\/hzy-2-142x300.webp\" alt=\"\" loading=\"lazy\" \/>\n\t\t\t\t<\/picture>\n\t\t\t\t<div class=\"spectra-image-gallery__media-thumbnail-blurrer\"><\/div>\n\t\t\t\t\t\t\t\t\t\t\t<div class=\"spectra-image-gallery__media-thumbnail-caption-wrapper spectra-image-gallery__media-thumbnail-caption-wrapper--overlay\"><\/div>\n\t\t\t\t\t\t\t\t<\/div>\n\t\t\t\t\t\t<\/div>\n\t\t\t\t\t\t<\/div>\n\t\t\t\t\t\t<div class='spectra-image-gallery__media-wrapper--isotope'>\n\t\t\t\t\t\t\t<div class='spectra-image-gallery__media-wrapper' data-spectra-gallery-image-id='5249' tabindex=\"0\">\n\t\t\t\t\t\t\t<div class=\"spectra-image-gallery__media spectra-image-gallery__media--masonry\">\n\t\t\t\t<picture>\n\t\t\t\t\t<source media=\"(min-width: 1024px)\" srcset=\"https:\/\/www.szhzykc.com\/wp-content\/uploads\/2026\/03\/hzy-3.webp\">\n\t\t\t\t\t<source media=\"(min-width: 768px)\" srcset=\"https:\/\/www.szhzykc.com\/wp-content\/uploads\/2026\/03\/hzy-3-484x1024.webp\">\n\t\t\t\t\t<img decoding=\"async\" class=\"spectra-image-gallery__media-thumbnail spectra-image-gallery__media-thumbnail--masonry\" src=\"https:\/\/www.szhzykc.com\/wp-content\/uploads\/2026\/03\/hzy-3-142x300.webp\" alt=\"\" loading=\"lazy\" \/>\n\t\t\t\t<\/picture>\n\t\t\t\t<div class=\"spectra-image-gallery__media-thumbnail-blurrer\"><\/div>\n\t\t\t\t\t\t\t\t\t\t\t<div class=\"spectra-image-gallery__media-thumbnail-caption-wrapper spectra-image-gallery__media-thumbnail-caption-wrapper--overlay\"><\/div>\n\t\t\t\t\t\t\t\t<\/div>\n\t\t\t\t\t\t<\/div>\n\t\t\t\t\t\t<\/div>\n\t\t\t\t\t\t<div class='spectra-image-gallery__media-wrapper--isotope'>\n\t\t\t\t\t\t\t<div class='spectra-image-gallery__media-wrapper' data-spectra-gallery-image-id='5250' tabindex=\"0\">\n\t\t\t\t\t\t\t<div class=\"spectra-image-gallery__media spectra-image-gallery__media--masonry\">\n\t\t\t\t<picture>\n\t\t\t\t\t<source media=\"(min-width: 1024px)\" srcset=\"https:\/\/www.szhzykc.com\/wp-content\/uploads\/2026\/03\/hzy-4.webp\">\n\t\t\t\t\t<source media=\"(min-width: 768px)\" srcset=\"https:\/\/www.szhzykc.com\/wp-content\/uploads\/2026\/03\/hzy-4-484x1024.webp\">\n\t\t\t\t\t<img decoding=\"async\" class=\"spectra-image-gallery__media-thumbnail spectra-image-gallery__media-thumbnail--masonry\" src=\"https:\/\/www.szhzykc.com\/wp-content\/uploads\/2026\/03\/hzy-4-142x300.webp\" alt=\"\" loading=\"lazy\" \/>\n\t\t\t\t<\/picture>\n\t\t\t\t<div class=\"spectra-image-gallery__media-thumbnail-blurrer\"><\/div>\n\t\t\t\t\t\t\t\t\t\t\t<div class=\"spectra-image-gallery__media-thumbnail-caption-wrapper spectra-image-gallery__media-thumbnail-caption-wrapper--overlay\"><\/div>\n\t\t\t\t\t\t\t\t<\/div>\n\t\t\t\t\t\t<\/div>\n\t\t\t\t\t\t<\/div>\n\t\t\t\t\t\t<div class='spectra-image-gallery__media-wrapper--isotope'>\n\t\t\t\t\t\t\t<div class='spectra-image-gallery__media-wrapper' data-spectra-gallery-image-id='5251' tabindex=\"0\">\n\t\t\t\t\t\t\t<div class=\"spectra-image-gallery__media spectra-image-gallery__media--masonry\">\n\t\t\t\t<picture>\n\t\t\t\t\t<source media=\"(min-width: 1024px)\" srcset=\"https:\/\/www.szhzykc.com\/wp-content\/uploads\/2026\/03\/hzy-5.webp\">\n\t\t\t\t\t<source media=\"(min-width: 768px)\" srcset=\"https:\/\/www.szhzykc.com\/wp-content\/uploads\/2026\/03\/hzy-5-484x1024.webp\">\n\t\t\t\t\t<img decoding=\"async\" class=\"spectra-image-gallery__media-thumbnail spectra-image-gallery__media-thumbnail--masonry\" src=\"https:\/\/www.szhzykc.com\/wp-content\/uploads\/2026\/03\/hzy-5-142x300.webp\" alt=\"\" loading=\"lazy\" \/>\n\t\t\t\t<\/picture>\n\t\t\t\t<div class=\"spectra-image-gallery__media-thumbnail-blurrer\"><\/div>\n\t\t\t\t\t\t\t\t\t\t\t<div class=\"spectra-image-gallery__media-thumbnail-caption-wrapper spectra-image-gallery__media-thumbnail-caption-wrapper--overlay\"><\/div>\n\t\t\t\t\t\t\t\t<\/div>\n\t\t\t\t\t\t<\/div>\n\t\t\t\t\t\t<\/div>\n\t\t\t\t\t\t\t\t\t\t<\/div>\n\t\t\t\t\t\t\t\t\t\t\t\t\t\t\t\t\t\t<\/div>\n\t\t\t\t\t\t\t\t\t\n\n\n<p>\u00c0 l'\u00e8re num\u00e9rique, toutes sortes d'entreprises et d'organisations collaborent aux t\u00e2ches, la demande de la partie A et le service de la partie B, l'efficacit\u00e9 de l'arrimage, la sp\u00e9cification du processus, la protection des droits et des int\u00e9r\u00eats et d'autres questions, devenant le principal point de douleur qui limite la coop\u00e9ration efficace entre les deux parties. Le syst\u00e8me de ressources en anneau a vu le jour ; il s'agit d'un ensemble de syst\u00e8mes de gestion num\u00e9rique ax\u00e9s sur l'ensemble du processus d'envoi de commandes par la partie A, de r\u00e9ception de commandes par la partie B, de v\u00e9rification des r\u00e9f\u00e9rences, de r\u00e8glement des commissions. \u201cConnecter l'offre et la demande, normaliser le processus, prot\u00e9ger les droits et les int\u00e9r\u00eats et am\u00e9liorer l'efficacit\u00e9\u201d est la mission principale des parties de l'offre et de la demande pour cr\u00e9er un pont de collaboration s\u00fbr, transparent et efficace afin d'aider les deux parties \u00e0 optimiser l'allocation des ressources et \u00e0 r\u00e9duire le co\u00fbt de la coop\u00e9ration. Il aide les deux parties \u00e0 optimiser l'allocation des ressources et \u00e0 r\u00e9duire le co\u00fbt de la coop\u00e9ration.<\/p>\n\n\n\n<p>Le syst\u00e8me de ressources en anneau correspond parfaitement \u00e0 la logique commerciale de base \u201cla partie A envoie des commandes, la partie B re\u00e7oit des commandes, les bons sont t\u00e9l\u00e9charg\u00e9s et les commissions sont gagn\u00e9es\u201d, couvrant l'ensemble du cycle de vie, de l'\u00e9mission de la demande \u00e0 la commission au compte, et l'ensemble de la gestion en ligne en boucle ferm\u00e9e, sans avoir besoin d'une communication hors ligne encombrante, de sorte que chaque coop\u00e9ration est clairement contr\u00f4lable et tra\u00e7able, et peut satisfaire pleinement les besoins fondamentaux de la partie A et de la partie B. Les deux parties peuvent ainsi r\u00e9pondre \u00e0 leurs besoins essentiels.<\/p>\n\n\n\n<p>Pour les utilisateurs de la partie A, le syst\u00e8me cr\u00e9e un syst\u00e8me de gestion des affectations pratique et efficace : la partie A peut cr\u00e9er une t\u00e2che en un clic, remplir les exigences de la t\u00e2che, les normes de mise en \u0153uvre, le d\u00e9lai d'ex\u00e9cution et le montant de la commission, et d\u00e9finir avec pr\u00e9cision les limites du service ; une fois la t\u00e2che lanc\u00e9e, le syst\u00e8me trouve rapidement les ressources appropri\u00e9es de la partie B, et la partie A peut s\u00e9lectionner l'objet de la coop\u00e9ration en fonction de la qualification de la partie B et de ses performances pass\u00e9es. Au cours du processus d'ex\u00e9cution, la partie A peut visualiser la progression en temps r\u00e9el, communiquer et ajuster les exigences, v\u00e9rifier les pi\u00e8ces justificatives en ligne apr\u00e8s l'ach\u00e8vement de la t\u00e2che et d\u00e9clencher le r\u00e8glement de la commission d'un simple clic, ce qui am\u00e9liore consid\u00e9rablement la collaboration et l'efficacit\u00e9 financi\u00e8re.<\/p>\n\n\n\n<p>Pour les utilisateurs de la partie B, le syst\u00e8me fournit des canaux de commande et de revenus \u00e9quitables et transparents : apr\u00e8s l'enregistrement et l'authentification de la partie B, elle peut ind\u00e9pendamment parcourir et s\u00e9lectionner les t\u00e2ches en fonction de ses propres capacit\u00e9s, sans avoir besoin d'\u00e9largir activement sa client\u00e8le, ce qui r\u00e9duit le co\u00fbt d'acquisition des clients. Apr\u00e8s avoir re\u00e7u la commande, vous pouvez clairement visualiser les exigences de la t\u00e2che, synchroniser en ligne la progression de la mise en \u0153uvre, afin d'\u00e9viter les biais d'information conduisant \u00e0 un remaniement ; apr\u00e8s l'ach\u00e8vement de la t\u00e2che, t\u00e9l\u00e9chargez les r\u00e9sultats du bon pour attendre la v\u00e9rification de la partie A, la v\u00e9rification par la commission automatiquement sur le compte, afin de r\u00e9soudre compl\u00e8tement le probl\u00e8me de l'impay\u00e9 de la commission, et de r\u00e9aliser \u201cplus de travail, plus de salaire\u201d.<\/p>\n\n\n\n<p>Le syst\u00e8me met en place un m\u00e9canisme de contr\u00f4le parfait : l'ensemble du processus de contr\u00f4le de l'authenticit\u00e9 des t\u00e2ches de la partie A et du paiement int\u00e9gral de la commission, le contr\u00f4le strict des qualifications de la partie B et de la qualit\u00e9 des performances, afin d'\u00e9liminer les fausses commandes, les fausses r\u00e9f\u00e9rences et autres comportements ; dans le m\u00eame temps, il met en place un processus normalis\u00e9 de traitement des litiges, les deux parties pouvant se plaindre de divergences par l'interm\u00e9diaire du syst\u00e8me, la plateforme \u00e9tant \u00e9quitable et coordonn\u00e9e, afin de r\u00e9duire les risques li\u00e9s \u00e0 la coop\u00e9ration.<\/p>\n\n\n\n<p>Le fonctionnement du syst\u00e8me est simple et facile \u00e0 comprendre, il n'est pas n\u00e9cessaire d'avoir des comp\u00e9tences professionnelles pour d\u00e9marrer rapidement, tandis que l'utilisation de la technologie de cryptage prot\u00e8ge les informations de l'utilisateur, les donn\u00e9es de la t\u00e2che et la s\u00e9curit\u00e9 du r\u00e8glement des fonds. En outre, la fonction d'analyse des donn\u00e9es de base peut fournir une aide \u00e0 la d\u00e9cision aux deux parties et contribuer \u00e0 optimiser les strat\u00e9gies de coop\u00e9ration. L'anneau de ressources s'adapte \u00e0 toutes sortes de sc\u00e9narios d'offre et de demande, aidant les deux parties \u00e0 \u00e9liminer les barri\u00e8res de communication, \u00e0 am\u00e9liorer l'efficacit\u00e9 et \u00e0 parvenir \u00e0 un b\u00e9n\u00e9fice mutuel et \u00e0 une situation gagnant-gagnant, de sorte que chaque demande puisse \u00eatre enregistr\u00e9e avec pr\u00e9cision et que chaque paiement puisse \u00eatre raisonnablement r\u00e9compens\u00e9.<\/p>\n<\/div>\n<\/div><\/div>","protected":false},"excerpt":{"rendered":"<p>\u00c0 l'\u00e8re num\u00e9rique, toutes sortes d'entreprises et d'organisations collaborent \u00e0 la r\u00e9alisation des t\u00e2ches, la partie A exigeant la lib\u00e9ration et la partie B s'engageant \u00e0 fournir des services dans le cadre de la paire [...]<\/p>","protected":false},"author":1,"featured_media":0,"parent":0,"menu_order":0,"comment_status":"closed","ping_status":"closed","template":"","meta":{"_seopress_robots_primary_cat":"","_seopress_titles_title":"","_seopress_titles_desc":"","_seopress_robots_index":"","_uag_custom_page_level_css":"","site-sidebar-layout":"no-sidebar","site-content-layout":"","ast-site-content-layout":"full-width-container","site-content-style":"unboxed","site-sidebar-style":"unboxed","ast-global-header-display":"","ast-banner-title-visibility":"","ast-main-header-display":"","ast-hfb-above-header-display":"","ast-hfb-below-header-display":"","ast-hfb-mobile-header-display":"","site-post-title":"disabled","ast-breadcrumbs-content":"","ast-featured-img":"","footer-sml-layout":"","ast-disable-related-posts":"","theme-transparent-header-meta":"","adv-header-id-meta":"","stick-header-meta":"","header-above-stick-meta":"","header-main-stick-meta":"","header-below-stick-meta":"","astra-migrate-meta-layouts":"default","ast-page-background-enabled":"default","ast-page-background-meta":{"desktop":{"background-color":"var(--ast-global-color-5)","background-image":"","background-repeat":"repeat","background-position":"center center","background-size":"auto","background-attachment":"scroll","background-type":"","background-media":"","overlay-type":"","overlay-color":"","overlay-opacity":"","overlay-gradient":""},"tablet":{"background-color":"","background-image":"","background-repeat":"repeat","background-position":"center center","background-size":"auto","background-attachment":"scroll","background-type":"","background-media":"","overlay-type":"","overlay-color":"","overlay-opacity":"","overlay-gradient":""},"mobile":{"background-color":"","background-image":"","background-repeat":"repeat","background-position":"center center","background-size":"auto","background-attachment":"scroll","background-type":"","background-media":"","overlay-type":"","overlay-color":"","overlay-opacity":"","overlay-gradient":""}},"ast-content-background-meta":{"desktop":{"background-color":"var(--ast-global-color-4)","background-image":"","background-repeat":"repeat","background-position":"center center","background-size":"auto","background-attachment":"scroll","background-type":"","background-media":"","overlay-type":"","overlay-color":"","overlay-opacity":"","overlay-gradient":""},"tablet":{"background-color":"var(--ast-global-color-4)","background-image":"","background-repeat":"repeat","background-position":"center center","background-size":"auto","background-attachment":"scroll","background-type":"","background-media":"","overlay-type":"","overlay-color":"","overlay-opacity":"","overlay-gradient":""},"mobile":{"background-color":"var(--ast-global-color-4)","background-image":"","background-repeat":"repeat","background-position":"center center","background-size":"auto","background-attachment":"scroll","background-type":"","background-media":"","overlay-type":"","overlay-color":"","overlay-opacity":"","overlay-gradient":""}},"iawp_total_views":18,"footnotes":""},"class_list":["post-5243","page","type-page","status-publish","hentry"],"uagb_featured_image_src":{"full":false,"thumbnail":false,"medium":false,"medium_large":false,"large":false,"1536x1536":false,"2048x2048":false,"trp-custom-language-flag":false,"woocommerce_thumbnail":false,"woocommerce_single":false,"woocommerce_gallery_thumbnail":false},"uagb_author_info":{"display_name":"contact@qunbiz.com","author_link":"https:\/\/www.szhzykc.com\/fr\/author\/contactqunbiz-com\/"},"uagb_comment_info":0,"uagb_excerpt":"\u6570\u5b57\u5316\u65f6\u4ee3\uff0c\u5404\u7c7b\u4f01\u4e1a\u53ca\u673a\u6784\u7684\u4efb\u52a1\u534f\u4f5c\u4e2d\uff0c\u7532\u65b9\u9700\u6c42\u53d1\u5e03\u4e0e\u4e59\u65b9\u670d\u52a1\u627f\u63a5\u7684\u5bf9 [&hellip;]","_links":{"self":[{"href":"https:\/\/www.szhzykc.com\/fr\/wp-json\/wp\/v2\/pages\/5243","targetHints":{"allow":["GET"]}}],"collection":[{"href":"https:\/\/www.szhzykc.com\/fr\/wp-json\/wp\/v2\/pages"}],"about":[{"href":"https:\/\/www.szhzykc.com\/fr\/wp-json\/wp\/v2\/types\/page"}],"author":[{"embeddable":true,"href":"https:\/\/www.szhzykc.com\/fr\/wp-json\/wp\/v2\/users\/1"}],"replies":[{"embeddable":true,"href":"https:\/\/www.szhzykc.com\/fr\/wp-json\/wp\/v2\/comments?post=5243"}],"version-history":[{"count":7,"href":"https:\/\/www.szhzykc.com\/fr\/wp-json\/wp\/v2\/pages\/5243\/revisions"}],"predecessor-version":[{"id":5292,"href":"https:\/\/www.szhzykc.com\/fr\/wp-json\/wp\/v2\/pages\/5243\/revisions\/5292"}],"wp:attachment":[{"href":"https:\/\/www.szhzykc.com\/fr\/wp-json\/wp\/v2\/media?parent=5243"}],"curies":[{"name":"wp","href":"https:\/\/api.w.org\/{rel}","templated":true}]}}