{"id":1411,"date":"2025-09-03T03:15:16","date_gmt":"2025-09-03T03:15:16","guid":{"rendered":"https:\/\/szhzykc.com\/?post_type=product&#038;p=1411"},"modified":"2025-09-19T03:39:49","modified_gmt":"2025-09-19T03:39:49","slug":"h9000","status":"publish","type":"product","link":"https:\/\/www.szhzykc.com\/fr\/product\/h9000\/","title":{"rendered":"Terminal portatif H9000 UHF"},"content":{"rendered":"<p><img alt=\"\" loading=\"lazy\" decoding=\"async\" class=\"alignnone wp-image-2348 size-full\" src=\"https:\/\/www.szhzykc.com\/wp-content\/uploads\/2025\/09\/H9000-1.webp\" width=\"790\" height=\"1207\" \/> <img alt=\"\" loading=\"lazy\" decoding=\"async\" class=\"alignnone wp-image-2356 size-full\" src=\"https:\/\/www.szhzykc.com\/wp-content\/uploads\/2025\/09\/H9000-2.webp\" width=\"790\" height=\"947\" \/> <img alt=\"\" loading=\"lazy\" decoding=\"async\" class=\"alignnone wp-image-2349 size-full\" src=\"https:\/\/www.szhzykc.com\/wp-content\/uploads\/2025\/09\/H9000-3.webp\" width=\"790\" height=\"790\" srcset=\"https:\/\/www.szhzykc.com\/wp-content\/uploads\/2025\/09\/H9000-3.webp 790w, https:\/\/www.szhzykc.com\/wp-content\/uploads\/2025\/09\/H9000-3-600x600.webp 600w, https:\/\/www.szhzykc.com\/wp-content\/uploads\/2025\/09\/H9000-3-100x100.webp 100w, https:\/\/www.szhzykc.com\/wp-content\/uploads\/2025\/09\/H9000-3-300x300.webp 300w, https:\/\/www.szhzykc.com\/wp-content\/uploads\/2025\/09\/H9000-3-150x150.webp 150w, https:\/\/www.szhzykc.com\/wp-content\/uploads\/2025\/09\/H9000-3-768x768.webp 768w\" sizes=\"auto, (max-width: 790px) 100vw, 790px\" \/> <img alt=\"\" loading=\"lazy\" decoding=\"async\" class=\"alignnone wp-image-2355 size-full\" src=\"https:\/\/www.szhzykc.com\/wp-content\/uploads\/2025\/09\/H9000-4.webp\" width=\"790\" height=\"776\" srcset=\"https:\/\/www.szhzykc.com\/wp-content\/uploads\/2025\/09\/H9000-4.webp 790w, https:\/\/www.szhzykc.com\/wp-content\/uploads\/2025\/09\/H9000-4-600x589.webp 600w, https:\/\/www.szhzykc.com\/wp-content\/uploads\/2025\/09\/H9000-4-300x295.webp 300w, https:\/\/www.szhzykc.com\/wp-content\/uploads\/2025\/09\/H9000-4-768x754.webp 768w\" sizes=\"auto, (max-width: 790px) 100vw, 790px\" \/> <img alt=\"\" loading=\"lazy\" decoding=\"async\" class=\"alignnone wp-image-2354 size-full\" src=\"https:\/\/www.szhzykc.com\/wp-content\/uploads\/2025\/09\/H9000-5.webp\" width=\"790\" height=\"823\" \/> <img alt=\"\" loading=\"lazy\" decoding=\"async\" class=\"alignnone wp-image-2353 size-full\" src=\"https:\/\/www.szhzykc.com\/wp-content\/uploads\/2025\/09\/H9000-6.webp\" width=\"790\" height=\"792\" \/> <img alt=\"\" loading=\"lazy\" decoding=\"async\" class=\"alignnone wp-image-2352 size-full\" src=\"https:\/\/www.szhzykc.com\/wp-content\/uploads\/2025\/09\/H9000-7.webp\" width=\"790\" height=\"791\" srcset=\"https:\/\/www.szhzykc.com\/wp-content\/uploads\/2025\/09\/H9000-7.webp 790w, https:\/\/www.szhzykc.com\/wp-content\/uploads\/2025\/09\/H9000-7-600x601.webp 600w, https:\/\/www.szhzykc.com\/wp-content\/uploads\/2025\/09\/H9000-7-100x100.webp 100w, https:\/\/www.szhzykc.com\/wp-content\/uploads\/2025\/09\/H9000-7-300x300.webp 300w, https:\/\/www.szhzykc.com\/wp-content\/uploads\/2025\/09\/H9000-7-150x150.webp 150w, https:\/\/www.szhzykc.com\/wp-content\/uploads\/2025\/09\/H9000-7-768x769.webp 768w\" sizes=\"auto, (max-width: 790px) 100vw, 790px\" \/> <img alt=\"\" loading=\"lazy\" decoding=\"async\" class=\"alignnone wp-image-2351 size-full\" src=\"https:\/\/www.szhzykc.com\/wp-content\/uploads\/2025\/09\/H9000-8.webp\" width=\"790\" height=\"1290\" srcset=\"https:\/\/www.szhzykc.com\/wp-content\/uploads\/2025\/09\/H9000-8.webp 790w, https:\/\/www.szhzykc.com\/wp-content\/uploads\/2025\/09\/H9000-8-600x980.webp 600w, https:\/\/www.szhzykc.com\/wp-content\/uploads\/2025\/09\/H9000-8-184x300.webp 184w, https:\/\/www.szhzykc.com\/wp-content\/uploads\/2025\/09\/H9000-8-627x1024.webp 627w, https:\/\/www.szhzykc.com\/wp-content\/uploads\/2025\/09\/H9000-8-768x1254.webp 768w\" sizes=\"auto, (max-width: 790px) 100vw, 790px\" \/><\/p>","protected":false},"excerpt":{"rendered":"<p>Le H9000 est un collecteur de donn\u00e9es RFID \u00e0 la pointe de l'industrie, dot\u00e9 de fonctions puissantes et de performances sup\u00e9rieures. Les composants de base de la plate-forme utilisent une puce de lecture RFID hautement performante et int\u00e9gr\u00e9e qui int\u00e8gre un frontal RF analogique avec un module de traitement du signal num\u00e9rique en bande de base et d'autres fonctions.<\/p>\n<p>Le produit poss\u00e8de d'excellentes performances de lecture\/\u00e9criture RFID et une capacit\u00e9 d'inventaire multi-\u00e9tiquettes, ce qui permet de lire et d'\u00e9crire rapidement et avec pr\u00e9cision des informations sur les \u00e9tiquettes RFID et de prendre en charge l'identification simultan\u00e9e de plusieurs \u00e9tiquettes, am\u00e9liorant ainsi de mani\u00e8re significative l'efficacit\u00e9 du travail. La nouvelle g\u00e9n\u00e9ration d'antenne haute performance d\u00e9velopp\u00e9e par l'entreprise am\u00e9liore encore la stabilit\u00e9 et la fiabilit\u00e9 de la lecture des \u00e9tiquettes et garantit la pr\u00e9cision de la collecte des donn\u00e9es.<\/p>\n<p>Le H9000 b\u00e9n\u00e9ficie d'une excellente protection et d'une grande fiabilit\u00e9 pour fonctionner dans des environnements difficiles. Sa batterie lithium-polym\u00e8re haute capacit\u00e9 de 4000mAh r\u00e9pond aux besoins d'un travail de longue dur\u00e9e. En outre, la conception ergonomique de la poign\u00e9e rend l'utilisation plus confortable et r\u00e9duit la fatigue de l'utilisateur.<\/p>","protected":false},"featured_media":2342,"template":"","meta":{"_seopress_robots_primary_cat":"none","_seopress_titles_title":"","_seopress_titles_desc":"","_seopress_robots_index":"","_uag_custom_page_level_css":"","site-sidebar-layout":"default","site-content-layout":"","ast-site-content-layout":"default","site-content-style":"default","site-sidebar-style":"default","ast-global-header-display":"","ast-banner-title-visibility":"","ast-main-header-display":"","ast-hfb-above-header-display":"","ast-hfb-below-header-display":"","ast-hfb-mobile-header-display":"","site-post-title":"","ast-breadcrumbs-content":"","ast-featured-img":"","footer-sml-layout":"","ast-disable-related-posts":"","theme-transparent-header-meta":"default","adv-header-id-meta":"","stick-header-meta":"default","header-above-stick-meta":"","header-main-stick-meta":"","header-below-stick-meta":"","astra-migrate-meta-layouts":"set","ast-page-background-enabled":"default","ast-page-background-meta":{"desktop":{"background-color":"var(--ast-global-color-5)","background-image":"","background-repeat":"repeat","background-position":"center center","background-size":"auto","background-attachment":"scroll","background-type":"","background-media":"","overlay-type":"","overlay-color":"","overlay-opacity":"","overlay-gradient":""},"tablet":{"background-color":"","background-image":"","background-repeat":"repeat","background-position":"center center","background-size":"auto","background-attachment":"scroll","background-type":"","background-media":"","overlay-type":"","overlay-color":"","overlay-opacity":"","overlay-gradient":""},"mobile":{"background-color":"","background-image":"","background-repeat":"repeat","background-position":"center center","background-size":"auto","background-attachment":"scroll","background-type":"","background-media":"","overlay-type":"","overlay-color":"","overlay-opacity":"","overlay-gradient":""}},"ast-content-background-meta":{"desktop":{"background-color":"var(--ast-global-color-4)","background-image":"","background-repeat":"repeat","background-position":"center center","background-size":"auto","background-attachment":"scroll","background-type":"","background-media":"","overlay-type":"","overlay-color":"","overlay-opacity":"","overlay-gradient":""},"tablet":{"background-color":"var(--ast-global-color-4)","background-image":"","background-repeat":"repeat","background-position":"center center","background-size":"auto","background-attachment":"scroll","background-type":"","background-media":"","overlay-type":"","overlay-color":"","overlay-opacity":"","overlay-gradient":""},"mobile":{"background-color":"var(--ast-global-color-4)","background-image":"","background-repeat":"repeat","background-position":"center center","background-size":"auto","background-attachment":"scroll","background-type":"","background-media":"","overlay-type":"","overlay-color":"","overlay-opacity":"","overlay-gradient":""}},"iawp_total_views":12},"product_brand":[],"product_cat":[15],"product_tag":[],"class_list":{"0":"post-1411","1":"product","2":"type-product","3":"status-publish","4":"has-post-thumbnail","6":"product_cat-products","7":"desktop-align-center","8":"tablet-align-center","9":"mobile-align-center","10":"ast-product-gallery-layout-horizontal-slider","11":"ast-magnify-disabled","12":"ast-product-tabs-layout-horizontal","14":"first","15":"instock","16":"shipping-taxable","17":"product-type-simple"},"uagb_featured_image_src":{"full":["https:\/\/www.szhzykc.com\/wp-content\/uploads\/2025\/09\/H9000.webp",800,800,false],"thumbnail":["https:\/\/www.szhzykc.com\/wp-content\/uploads\/2025\/09\/H9000-150x150.webp",150,150,true],"medium":["https:\/\/www.szhzykc.com\/wp-content\/uploads\/2025\/09\/H9000-300x300.webp",300,300,true],"medium_large":["https:\/\/www.szhzykc.com\/wp-content\/uploads\/2025\/09\/H9000-768x768.webp",768,768,true],"large":["https:\/\/www.szhzykc.com\/wp-content\/uploads\/2025\/09\/H9000.webp",800,800,false],"1536x1536":["https:\/\/www.szhzykc.com\/wp-content\/uploads\/2025\/09\/H9000.webp",800,800,false],"2048x2048":["https:\/\/www.szhzykc.com\/wp-content\/uploads\/2025\/09\/H9000.webp",800,800,false],"trp-custom-language-flag":["https:\/\/www.szhzykc.com\/wp-content\/uploads\/2025\/09\/H9000.webp",12,12,false],"woocommerce_thumbnail":["https:\/\/www.szhzykc.com\/wp-content\/uploads\/2025\/09\/H9000-600x600.webp",600,600,true],"woocommerce_single":["https:\/\/www.szhzykc.com\/wp-content\/uploads\/2025\/09\/H9000-600x600.webp",600,600,true],"woocommerce_gallery_thumbnail":["https:\/\/www.szhzykc.com\/wp-content\/uploads\/2025\/09\/H9000-100x100.webp",100,100,true]},"uagb_author_info":{"display_name":"contact@qunbiz.com","author_link":"https:\/\/www.szhzykc.com\/fr\/author\/"},"uagb_comment_info":0,"uagb_excerpt":"H9000\u662f\u4e00\u6b3e\u884c\u4e1a\u9886\u5148\u7684RFID\u6570\u636e\u91c7\u96c6\u5668\uff0c\u5177\u5907\u5f3a\u5927\u7684\u529f\u80fd\u548c\u4f18\u8d8a\u7684\u6027\u80fd\u3002\u6838\u5fc3\u5e73\u53f0\u90e8\u4ef6\u91c7\u7528\u9ad8\u6027\u80fd\u9ad8\u96c6\u6210\u5ea6\u7684RF\u2026","_links":{"self":[{"href":"https:\/\/www.szhzykc.com\/fr\/wp-json\/wp\/v2\/product\/1411","targetHints":{"allow":["GET"]}}],"collection":[{"href":"https:\/\/www.szhzykc.com\/fr\/wp-json\/wp\/v2\/product"}],"about":[{"href":"https:\/\/www.szhzykc.com\/fr\/wp-json\/wp\/v2\/types\/product"}],"wp:featuredmedia":[{"embeddable":true,"href":"https:\/\/www.szhzykc.com\/fr\/wp-json\/wp\/v2\/media\/2342"}],"wp:attachment":[{"href":"https:\/\/www.szhzykc.com\/fr\/wp-json\/wp\/v2\/media?parent=1411"}],"wp:term":[{"taxonomy":"product_brand","embeddable":true,"href":"https:\/\/www.szhzykc.com\/fr\/wp-json\/wp\/v2\/product_brand?post=1411"},{"taxonomy":"product_cat","embeddable":true,"href":"https:\/\/www.szhzykc.com\/fr\/wp-json\/wp\/v2\/product_cat?post=1411"},{"taxonomy":"product_tag","embeddable":true,"href":"https:\/\/www.szhzykc.com\/fr\/wp-json\/wp\/v2\/product_tag?post=1411"}],"curies":[{"name":"wp","href":"https:\/\/api.w.org\/{rel}","templated":true}]}}