{"id":2378,"date":"2025-09-03T06:18:07","date_gmt":"2025-09-03T06:18:07","guid":{"rendered":"https:\/\/szhzykc.com\/?post_type=product&#038;p=2378"},"modified":"2025-09-03T08:12:14","modified_gmt":"2025-09-03T08:12:14","slug":"h9100","status":"publish","type":"product","link":"https:\/\/www.szhzykc.com\/fr\/product\/h9100\/","title":{"rendered":"Terminal de donn\u00e9es portable hautement extensible H9100"},"content":{"rendered":"<p><img alt=\"\" loading=\"lazy\" decoding=\"async\" class=\"alignnone size-full wp-image-2382\" src=\"https:\/\/www.szhzykc.com\/wp-content\/uploads\/2025\/09\/9100-xq1.webp\" width=\"1200\" height=\"420\" srcset=\"https:\/\/www.szhzykc.com\/wp-content\/uploads\/2025\/09\/9100-xq1.webp 1200w, https:\/\/www.szhzykc.com\/wp-content\/uploads\/2025\/09\/9100-xq1-600x210.webp 600w, https:\/\/www.szhzykc.com\/wp-content\/uploads\/2025\/09\/9100-xq1-300x105.webp 300w, https:\/\/www.szhzykc.com\/wp-content\/uploads\/2025\/09\/9100-xq1-1024x358.webp 1024w, https:\/\/www.szhzykc.com\/wp-content\/uploads\/2025\/09\/9100-xq1-768x269.webp 768w\" sizes=\"auto, (max-width: 1200px) 100vw, 1200px\" \/><\/p>\n<h4 class=\"pub_title\">Applications industrielles<\/h4>\n<p><img alt=\"\" loading=\"lazy\" decoding=\"async\" class=\"alignnone size-full wp-image-2384\" src=\"https:\/\/www.szhzykc.com\/wp-content\/uploads\/2025\/09\/9100-xq2.webp\" width=\"1200\" height=\"220\" srcset=\"https:\/\/www.szhzykc.com\/wp-content\/uploads\/2025\/09\/9100-xq2.webp 1200w, https:\/\/www.szhzykc.com\/wp-content\/uploads\/2025\/09\/9100-xq2-600x110.webp 600w, https:\/\/www.szhzykc.com\/wp-content\/uploads\/2025\/09\/9100-xq2-300x55.webp 300w, https:\/\/www.szhzykc.com\/wp-content\/uploads\/2025\/09\/9100-xq2-1024x188.webp 1024w, https:\/\/www.szhzykc.com\/wp-content\/uploads\/2025\/09\/9100-xq2-768x141.webp 768w\" sizes=\"auto, (max-width: 1200px) 100vw, 1200px\" \/><\/p>\n<h4 class=\"pub_title\">Param\u00e8tres du produit<\/h4>\n<table class=\"pro_table\" width=\"100%\">\n<tbody>\n<tr class=\"trbj\">\n<td colspan=\"2\">param\u00e8tre de base<\/td>\n<\/tr>\n<tr>\n<td>Dimension de l'ensemble de la machine<\/td>\n<td>168\u00d776\u00d728\u00b12mm (hors bouclier et poign\u00e9e)<\/td>\n<\/tr>\n<tr>\n<td>Poids<\/td>\n<td>630 grammes<\/td>\n<\/tr>\n<tr>\n<td>\u00e9cran d'affichage<\/td>\n<td>\u00c9cran IPS HD de 5,5 pouces avec une r\u00e9solution de 720*1440<\/td>\n<\/tr>\n<tr>\n<td>\u00e9cran tactile<\/td>\n<td>\u00c9cran capacitif multipoint industriel<\/td>\n<\/tr>\n<tr>\n<td>emplacement d'extension<\/td>\n<td>2 emplacements pour carte SIM, 2 emplacements pour carte PSAM, 1 emplacement pour carte TF<\/td>\n<\/tr>\n<tr>\n<td>interface de communication<\/td>\n<td>Interface de donn\u00e9es de type C<\/td>\n<\/tr>\n<tr>\n<td>T\u00e9moin lumineux<\/td>\n<td>Indicateur de charge<\/td>\n<\/tr>\n<tr>\n<td>claviers<\/td>\n<td>Touches de num\u00e9risation, touches de fonction<\/td>\n<\/tr>\n<tr>\n<td>cam\u00e9ra de surveillance<\/td>\n<td>Appareil photo frontal de 5 m\u00e9gapixels et appareil photo arri\u00e8re de 13 m\u00e9gapixels avec flash et autofocus<\/td>\n<\/tr>\n<tr>\n<td>torche \u00e9lectrique \u00e0 main<\/td>\n<td>\u00c9clairage LED \u00e0 faible consommation d'\u00e9nergie pour une utilisation en cas d'urgence<\/td>\n<\/tr>\n<tr>\n<td>GPS<\/td>\n<td>Erreur du syst\u00e8me de navigation double GPS+Beidou \u00b15m<\/td>\n<\/tr>\n<tr class=\"trbj\">\n<td colspan=\"2\">Param\u00e8tres de performance<\/td>\n<\/tr>\n<tr>\n<td>UNIT\u00c9 CENTRALE<\/td>\n<td>Processeur octa-core 64-bit \u00e0 2.0GHz<\/td>\n<\/tr>\n<tr>\n<td>Capacit\u00e9 de m\u00e9moire<\/td>\n<td>RAM : 2GB ROM : 16GB<\/td>\n<\/tr>\n<tr>\n<td>M\u00e9moire \u00e9tendue<\/td>\n<td>Prise en charge de la carte Micro Sd de 256 Go<\/td>\n<\/tr>\n<tr>\n<td>syst\u00e8me d'exploitation<\/td>\n<td>Android 10.0<\/td>\n<\/tr>\n<tr>\n<td>communication de donn\u00e9es<\/td>\n<td>4G:TD-LTE Bande38\/39\/40\/41 FDD-LTE Bande 1,2,3,4,7,17,20<br \/>\n3G : WCDMA (850\/1900\/2100MHz).<br \/>\n2G:GSM\/GPRS\/Edge(850\/900\/1800\/1900MHz)<\/td>\n<\/tr>\n<tr>\n<td>WIFI<\/td>\n<td>2.4G\/5G double bande, compatible avec IEEE802.11a\/b\/g\/n\/ac<\/td>\n<\/tr>\n<tr>\n<td>Bluetooth<\/td>\n<td>Compatible avec Bluetooth 4.1<\/td>\n<\/tr>\n<tr class=\"trbj\">\n<td colspan=\"2\">environnement de travail<\/td>\n<\/tr>\n<tr>\n<td>temp\u00e9rature de fonctionnement<\/td>\n<td>-20\u2103\uff5e50\u2103<\/td>\n<\/tr>\n<tr>\n<td>Temp\u00e9rature de stockage<\/td>\n<td>-20\u2103\uff5e70\u2103<\/td>\n<\/tr>\n<tr>\n<td>humidit\u00e9 relative<\/td>\n<td>5% \u00e0 95% sans condensation<\/td>\n<\/tr>\n<tr>\n<td>classe de protection<\/td>\n<td>Unit\u00e9 centrale IP65<\/td>\n<\/tr>\n<tr>\n<td>capacit\u00e9 de la batterie<\/td>\n<td>Batterie lithium-polym\u00e8re de 7200mAh<\/td>\n<\/tr>\n<tr>\n<td>temps de veille<\/td>\n<td>360 heures d'autonomie en veille avec la communication sans fil d\u00e9sactiv\u00e9e.<\/td>\n<\/tr>\n<tr>\n<td>temps de charge<\/td>\n<td>Moins de 6 heures<\/td>\n<\/tr>\n<tr>\n<td>heures de travail<\/td>\n<td>Plus de 14 heures (une charge compl\u00e8te)<\/td>\n<\/tr>\n<tr class=\"trbj\">\n<td colspan=\"2\">Capture de codes-barres<\/td>\n<\/tr>\n<tr>\n<td>code-barres bidimensionnel<\/td>\n<td><\/td>\n<\/tr>\n<tr>\n<td>Moteur de num\u00e9risation 2D<\/td>\n<td>T\u00eate de lecture haute performance<\/td>\n<\/tr>\n<tr>\n<td>Prise en charge des types de codes-barres 2D<\/td>\n<td>PDF417, MicroPDF417, Composite, RSS, TLC-39, Datamatrix, QR code, Micro QR code, Aztec, MaxiCode, Codes postaux,US PostNet,US Planet, UK Postal, Australian Postal, Japan Postal, Dutch Postal, etc. Australian Postal, Japan Postal, Dutch Postal, etc.<\/td>\n<\/tr>\n<tr class=\"trbj\">\n<td colspan=\"2\">RFID<\/td>\n<\/tr>\n<tr>\n<td>ultra-haute fr\u00e9quence<\/td>\n<td><\/td>\n<\/tr>\n<tr>\n<td>Fr\u00e9quence de soutien<\/td>\n<td>915 MHz, 865 MHz (865-868 MHz ou 902-928 MHz)<\/td>\n<\/tr>\n<tr>\n<td>Protocoles pris en charge<\/td>\n<td>Pour les protocoles EPC C1 GEN2 ISO18000-6C<\/td>\n<\/tr>\n<tr>\n<td>plage de lecture<\/td>\n<td>Distance r\u00e9glable de 0 \u00e0 20 m\u00e8tres \/ en fonction de l'\u00e9tiquette et de l'environnement<\/td>\n<\/tr>\n<tr class=\"trbj\">\n<td colspan=\"2\">pi\u00e8ce jointe (email)<\/td>\n<\/tr>\n<tr>\n<td>\u00e9quipement standard<\/td>\n<td>Batterie Li-ion 1 pi\u00e8ce, adaptateur d'alimentation 1 pi\u00e8ce, c\u00e2ble de chargement de type C 1 pi\u00e8ce<\/td>\n<\/tr>\n<tr>\n<td>facultatif<\/td>\n<td>compartiment \u00e0 piles<\/td>\n<\/tr>\n<\/tbody>\n<\/table>","protected":false},"excerpt":{"rendered":"<p><strong>CPU octa-core \u00e0 la pointe de l'industrie, fonctionnant plus rapidement :<\/strong>Le processeur octa-core \u00e0 haute vitesse, bas\u00e9 sur le processus de pointe 12nm de TSMC, pr\u00e9sente des caract\u00e9ristiques de haut niveau et une exp\u00e9rience de performance exceptionnelle, permettant d'ex\u00e9cuter un large \u00e9ventail d'applications \u00e0 des vitesses fulgurantes.<\/p>\n<p><strong>Les meilleures performances de l'industrie en mati\u00e8re de lecture\/\u00e9criture RFID et une plus grande port\u00e9e de lecture :<\/strong>La port\u00e9e de lecture de la RFID \u00e0 l'int\u00e9rieur peut \u00eatre lue sans obstacles, la port\u00e9e de lecture \u00e0 l'ext\u00e9rieur dans un environnement ouvert est d'environ 20. En m\u00eame temps, l'appareil prend en charge la lecture d'\u00e9tiquettes multiples, avec un taux de lecture de 200 \u00e9tiquettes par seconde, 2000 \u00e9tiquettes pouvant \u00eatre lues en 10 secondes environ. Les performances de l'\u00e9quipement sont sup\u00e9rieures \u00e0 celles des concurrents pour am\u00e9liorer les performances de 30% ou plus.<\/p>\n<p><strong>Une nouvelle g\u00e9n\u00e9ration d'antenne h\u00e9lico\u00efdale \u00e0 quatre bras d\u00e9velopp\u00e9e par nos soins, plus performante :<\/strong>L'antenne pr\u00e9sente les caract\u00e9ristiques suivantes : l\u00e9g\u00e8ret\u00e9, petite taille, vitesse d'onde \u00e9troite, gain \u00e9lev\u00e9, ondes stationnaires faibles, bonne pr\u00e9cision de la carte directionnelle, excellente performance de lecture omnidirectionnelle et forte capacit\u00e9 anti-brouillage.<\/p>","protected":false},"featured_media":2343,"template":"","meta":{"_seopress_robots_primary_cat":"none","_seopress_titles_title":"","_seopress_titles_desc":"","_seopress_robots_index":"","_uag_custom_page_level_css":"","site-sidebar-layout":"default","site-content-layout":"","ast-site-content-layout":"default","site-content-style":"default","site-sidebar-style":"default","ast-global-header-display":"","ast-banner-title-visibility":"","ast-main-header-display":"","ast-hfb-above-header-display":"","ast-hfb-below-header-display":"","ast-hfb-mobile-header-display":"","site-post-title":"","ast-breadcrumbs-content":"","ast-featured-img":"","footer-sml-layout":"","ast-disable-related-posts":"","theme-transparent-header-meta":"default","adv-header-id-meta":"","stick-header-meta":"default","header-above-stick-meta":"","header-main-stick-meta":"","header-below-stick-meta":"","astra-migrate-meta-layouts":"set","ast-page-background-enabled":"default","ast-page-background-meta":{"desktop":{"background-color":"var(--ast-global-color-5)","background-image":"","background-repeat":"repeat","background-position":"center center","background-size":"auto","background-attachment":"scroll","background-type":"","background-media":"","overlay-type":"","overlay-color":"","overlay-opacity":"","overlay-gradient":""},"tablet":{"background-color":"","background-image":"","background-repeat":"repeat","background-position":"center center","background-size":"auto","background-attachment":"scroll","background-type":"","background-media":"","overlay-type":"","overlay-color":"","overlay-opacity":"","overlay-gradient":""},"mobile":{"background-color":"","background-image":"","background-repeat":"repeat","background-position":"center center","background-size":"auto","background-attachment":"scroll","background-type":"","background-media":"","overlay-type":"","overlay-color":"","overlay-opacity":"","overlay-gradient":""}},"ast-content-background-meta":{"desktop":{"background-color":"var(--ast-global-color-4)","background-image":"","background-repeat":"repeat","background-position":"center center","background-size":"auto","background-attachment":"scroll","background-type":"","background-media":"","overlay-type":"","overlay-color":"","overlay-opacity":"","overlay-gradient":""},"tablet":{"background-color":"var(--ast-global-color-4)","background-image":"","background-repeat":"repeat","background-position":"center center","background-size":"auto","background-attachment":"scroll","background-type":"","background-media":"","overlay-type":"","overlay-color":"","overlay-opacity":"","overlay-gradient":""},"mobile":{"background-color":"var(--ast-global-color-4)","background-image":"","background-repeat":"repeat","background-position":"center center","background-size":"auto","background-attachment":"scroll","background-type":"","background-media":"","overlay-type":"","overlay-color":"","overlay-opacity":"","overlay-gradient":""}},"iawp_total_views":15},"product_brand":[],"product_cat":[15],"product_tag":[],"class_list":{"0":"post-2378","1":"product","2":"type-product","3":"status-publish","4":"has-post-thumbnail","6":"product_cat-products","7":"desktop-align-center","8":"tablet-align-center","9":"mobile-align-center","10":"ast-product-gallery-layout-horizontal-slider","11":"ast-product-gallery-with-no-image","12":"ast-magnify-disabled","13":"ast-product-tabs-layout-horizontal","15":"first","16":"instock","17":"shipping-taxable","18":"product-type-simple"},"uagb_featured_image_src":{"full":["https:\/\/www.szhzykc.com\/wp-content\/uploads\/2025\/09\/H9100.webp",800,800,false],"thumbnail":["https:\/\/www.szhzykc.com\/wp-content\/uploads\/2025\/09\/H9100-150x150.webp",150,150,true],"medium":["https:\/\/www.szhzykc.com\/wp-content\/uploads\/2025\/09\/H9100-300x300.webp",300,300,true],"medium_large":["https:\/\/www.szhzykc.com\/wp-content\/uploads\/2025\/09\/H9100-768x768.webp",768,768,true],"large":["https:\/\/www.szhzykc.com\/wp-content\/uploads\/2025\/09\/H9100.webp",800,800,false],"1536x1536":["https:\/\/www.szhzykc.com\/wp-content\/uploads\/2025\/09\/H9100.webp",800,800,false],"2048x2048":["https:\/\/www.szhzykc.com\/wp-content\/uploads\/2025\/09\/H9100.webp",800,800,false],"trp-custom-language-flag":["https:\/\/www.szhzykc.com\/wp-content\/uploads\/2025\/09\/H9100.webp",12,12,false],"woocommerce_thumbnail":["https:\/\/www.szhzykc.com\/wp-content\/uploads\/2025\/09\/H9100-600x600.webp",600,600,true],"woocommerce_single":["https:\/\/www.szhzykc.com\/wp-content\/uploads\/2025\/09\/H9100-600x600.webp",600,600,true],"woocommerce_gallery_thumbnail":["https:\/\/www.szhzykc.com\/wp-content\/uploads\/2025\/09\/H9100-100x100.webp",100,100,true]},"uagb_author_info":{"display_name":"contact@qunbiz.com","author_link":"https:\/\/www.szhzykc.com\/fr\/author\/"},"uagb_comment_info":0,"uagb_excerpt":"\u884c\u4e1a\u9886\u5148\u7684\u9ad8\u901f\u516b\u6838CPU\u3001\u8fd0\u884c\u66f4\u5feb\uff1a\u9ad8\u901f\u516b\u6838CPU\uff0c\u57fa\u4e8e\u53f0\u79ef\u7535\u9886\u5148\u768412nm \u5236\u7a0b\u5de5\u827a\uff0c\u62e5\u6709\u9ad8\u9636\u529f\u80fd\u548c\u51fa\u8272\u7684\u6027\u2026","_links":{"self":[{"href":"https:\/\/www.szhzykc.com\/fr\/wp-json\/wp\/v2\/product\/2378","targetHints":{"allow":["GET"]}}],"collection":[{"href":"https:\/\/www.szhzykc.com\/fr\/wp-json\/wp\/v2\/product"}],"about":[{"href":"https:\/\/www.szhzykc.com\/fr\/wp-json\/wp\/v2\/types\/product"}],"wp:featuredmedia":[{"embeddable":true,"href":"https:\/\/www.szhzykc.com\/fr\/wp-json\/wp\/v2\/media\/2343"}],"wp:attachment":[{"href":"https:\/\/www.szhzykc.com\/fr\/wp-json\/wp\/v2\/media?parent=2378"}],"wp:term":[{"taxonomy":"product_brand","embeddable":true,"href":"https:\/\/www.szhzykc.com\/fr\/wp-json\/wp\/v2\/product_brand?post=2378"},{"taxonomy":"product_cat","embeddable":true,"href":"https:\/\/www.szhzykc.com\/fr\/wp-json\/wp\/v2\/product_cat?post=2378"},{"taxonomy":"product_tag","embeddable":true,"href":"https:\/\/www.szhzykc.com\/fr\/wp-json\/wp\/v2\/product_tag?post=2378"}],"curies":[{"name":"wp","href":"https:\/\/api.w.org\/{rel}","templated":true}]}}