{"id":2393,"date":"2025-09-03T07:19:16","date_gmt":"2025-09-03T07:19:16","guid":{"rendered":"https:\/\/szhzykc.com\/?post_type=product&#038;p=2393"},"modified":"2025-09-03T08:10:44","modified_gmt":"2025-09-03T08:10:44","slug":"h9200","status":"publish","type":"product","link":"https:\/\/www.szhzykc.com\/fr\/product\/h9200\/","title":{"rendered":"Terminal d'acquisition de donn\u00e9es portable H9200"},"content":{"rendered":"<h4 class=\"pub_title\">Caract\u00e9ristiques du produit<\/h4>\n<table class=\"pro_table\" width=\"100%\">\n<tbody>\n<tr>\n<td>c\u0153ur puissant<\/td>\n<td>Bas\u00e9 sur le processus 12nm de TSMC, les performances sont de 3 \u00e0 8 g\u00e9n\u00e9rations sup\u00e9rieures \u00e0 celles de la concurrence.<\/td>\n<\/tr>\n<tr>\n<td>Vision ultime<\/td>\n<td>Solution d'affichage IPS haute luminosit\u00e9 de 5,5 pouces, ratio d'\u00e9cran 18:9, pour une meilleure exp\u00e9rience visuelle.<\/td>\n<\/tr>\n<tr>\n<td>non seulement loin<\/td>\n<td>Lecture omnidirectionnelle de groupes d'\u00e9tiquettes. Distance de lecture en environnement ext\u00e9rieur ouvert \u2265 20 m\u00e8tres<\/td>\n<\/tr>\n<tr>\n<td>moteur de balayage<\/td>\n<td>Un moteur professionnel de num\u00e9risation de codes QR de haute pr\u00e9cision peut \u00eatre int\u00e9gr\u00e9 afin d'assurer une reconnaissance plus rapide.<\/td>\n<\/tr>\n<tr>\n<td>Toute sc\u00e8ne<\/td>\n<td>Largement utilis\u00e9s dans une vari\u00e9t\u00e9 de sc\u00e9narios d'application n\u00e9cessitant l'utilisation de la RFID, ils peuvent \u00eatre copi\u00e9s librement.<\/td>\n<\/tr>\n<\/tbody>\n<\/table>\n<p><img alt=\"\" loading=\"lazy\" decoding=\"async\" class=\"alignnone size-full wp-image-2398\" src=\"https:\/\/www.szhzykc.com\/wp-content\/uploads\/2025\/09\/H9200-xq1.webp\" width=\"1518\" height=\"1084\" srcset=\"https:\/\/www.szhzykc.com\/wp-content\/uploads\/2025\/09\/H9200-xq1.webp 1518w, https:\/\/www.szhzykc.com\/wp-content\/uploads\/2025\/09\/H9200-xq1-600x428.webp 600w, https:\/\/www.szhzykc.com\/wp-content\/uploads\/2025\/09\/H9200-xq1-300x214.webp 300w, https:\/\/www.szhzykc.com\/wp-content\/uploads\/2025\/09\/H9200-xq1-1024x731.webp 1024w, https:\/\/www.szhzykc.com\/wp-content\/uploads\/2025\/09\/H9200-xq1-768x548.webp 768w\" sizes=\"auto, (max-width: 1518px) 100vw, 1518px\" \/> <img alt=\"\" loading=\"lazy\" decoding=\"async\" class=\"alignnone size-full wp-image-2399\" src=\"https:\/\/www.szhzykc.com\/wp-content\/uploads\/2025\/09\/H9200-xq2.webp\" width=\"1518\" height=\"1080\" srcset=\"https:\/\/www.szhzykc.com\/wp-content\/uploads\/2025\/09\/H9200-xq2.webp 1518w, https:\/\/www.szhzykc.com\/wp-content\/uploads\/2025\/09\/H9200-xq2-600x427.webp 600w, https:\/\/www.szhzykc.com\/wp-content\/uploads\/2025\/09\/H9200-xq2-300x213.webp 300w, https:\/\/www.szhzykc.com\/wp-content\/uploads\/2025\/09\/H9200-xq2-1024x729.webp 1024w, https:\/\/www.szhzykc.com\/wp-content\/uploads\/2025\/09\/H9200-xq2-768x546.webp 768w\" sizes=\"auto, (max-width: 1518px) 100vw, 1518px\" \/> <img alt=\"\" loading=\"lazy\" decoding=\"async\" class=\"alignnone size-full wp-image-2397\" src=\"https:\/\/www.szhzykc.com\/wp-content\/uploads\/2025\/09\/H9200-xq3.webp\" width=\"1518\" height=\"1078\" srcset=\"https:\/\/www.szhzykc.com\/wp-content\/uploads\/2025\/09\/H9200-xq3.webp 1518w, https:\/\/www.szhzykc.com\/wp-content\/uploads\/2025\/09\/H9200-xq3-600x426.webp 600w, https:\/\/www.szhzykc.com\/wp-content\/uploads\/2025\/09\/H9200-xq3-300x213.webp 300w, https:\/\/www.szhzykc.com\/wp-content\/uploads\/2025\/09\/H9200-xq3-1024x727.webp 1024w, https:\/\/www.szhzykc.com\/wp-content\/uploads\/2025\/09\/H9200-xq3-768x545.webp 768w\" sizes=\"auto, (max-width: 1518px) 100vw, 1518px\" \/> <img alt=\"\" loading=\"lazy\" decoding=\"async\" class=\"alignnone size-full wp-image-2396\" src=\"https:\/\/www.szhzykc.com\/wp-content\/uploads\/2025\/09\/H9200-xq4.webp\" width=\"1518\" height=\"1080\" srcset=\"https:\/\/www.szhzykc.com\/wp-content\/uploads\/2025\/09\/H9200-xq4.webp 1518w, https:\/\/www.szhzykc.com\/wp-content\/uploads\/2025\/09\/H9200-xq4-600x427.webp 600w, https:\/\/www.szhzykc.com\/wp-content\/uploads\/2025\/09\/H9200-xq4-300x213.webp 300w, https:\/\/www.szhzykc.com\/wp-content\/uploads\/2025\/09\/H9200-xq4-1024x729.webp 1024w, https:\/\/www.szhzykc.com\/wp-content\/uploads\/2025\/09\/H9200-xq4-768x546.webp 768w\" sizes=\"auto, (max-width: 1518px) 100vw, 1518px\" \/><\/p>","protected":false},"excerpt":{"rendered":"<p>UAR-H9201 est un terminal d'acquisition de donn\u00e9es portable performant et rentable, bas\u00e9 sur le processus TSMC de 12 nm, avec des performances sup\u00e9rieures \u00e0 celles des concurrents de 3 \u00e0 8 g\u00e9n\u00e9rations, avec des caract\u00e9ristiques de haut niveau et un fonctionnement extr\u00eamement rapide d'une vari\u00e9t\u00e9 d'applications.<\/p>\n<p>Peut \u00eatre \u00e9quip\u00e9 des fonctions NFC et RFID, lecture omnidirectionnelle de groupes d'\u00e9tiquettes, distance de lecture en environnement ext\u00e9rieur ouvert &gt;= 20 m\u00e8tres, l'appareil s'appuie sur une forte port\u00e9e de lecture, avec une forte p\u00e9n\u00e9tration des fr\u00e9quences radio. Les travaux de collecte de donn\u00e9es difficiles peuvent \u00eatre facilement r\u00e9alis\u00e9s.<\/p>\n<p>Largement utilis\u00e9 dans la gestion des dossiers, l'inventaire des bijoux, la gestion des v\u00eatements, l'inventaire des tissus dans l'industrie de la blanchisserie, le r\u00e9seau national, l'arm\u00e9e, les pi\u00e8ces automobiles, la gestion des actifs, l'inventaire des rayonnages, les chemins de fer et d'autres industries.<\/p>","protected":false},"featured_media":2344,"template":"","meta":{"_seopress_robots_primary_cat":"none","_seopress_titles_title":"","_seopress_titles_desc":"","_seopress_robots_index":"","_uag_custom_page_level_css":"","site-sidebar-layout":"default","site-content-layout":"","ast-site-content-layout":"default","site-content-style":"default","site-sidebar-style":"default","ast-global-header-display":"","ast-banner-title-visibility":"","ast-main-header-display":"","ast-hfb-above-header-display":"","ast-hfb-below-header-display":"","ast-hfb-mobile-header-display":"","site-post-title":"","ast-breadcrumbs-content":"","ast-featured-img":"","footer-sml-layout":"","ast-disable-related-posts":"","theme-transparent-header-meta":"default","adv-header-id-meta":"","stick-header-meta":"default","header-above-stick-meta":"","header-main-stick-meta":"","header-below-stick-meta":"","astra-migrate-meta-layouts":"set","ast-page-background-enabled":"default","ast-page-background-meta":{"desktop":{"background-color":"var(--ast-global-color-5)","background-image":"","background-repeat":"repeat","background-position":"center center","background-size":"auto","background-attachment":"scroll","background-type":"","background-media":"","overlay-type":"","overlay-color":"","overlay-opacity":"","overlay-gradient":""},"tablet":{"background-color":"","background-image":"","background-repeat":"repeat","background-position":"center center","background-size":"auto","background-attachment":"scroll","background-type":"","background-media":"","overlay-type":"","overlay-color":"","overlay-opacity":"","overlay-gradient":""},"mobile":{"background-color":"","background-image":"","background-repeat":"repeat","background-position":"center center","background-size":"auto","background-attachment":"scroll","background-type":"","background-media":"","overlay-type":"","overlay-color":"","overlay-opacity":"","overlay-gradient":""}},"ast-content-background-meta":{"desktop":{"background-color":"var(--ast-global-color-4)","background-image":"","background-repeat":"repeat","background-position":"center center","background-size":"auto","background-attachment":"scroll","background-type":"","background-media":"","overlay-type":"","overlay-color":"","overlay-opacity":"","overlay-gradient":""},"tablet":{"background-color":"var(--ast-global-color-4)","background-image":"","background-repeat":"repeat","background-position":"center center","background-size":"auto","background-attachment":"scroll","background-type":"","background-media":"","overlay-type":"","overlay-color":"","overlay-opacity":"","overlay-gradient":""},"mobile":{"background-color":"var(--ast-global-color-4)","background-image":"","background-repeat":"repeat","background-position":"center center","background-size":"auto","background-attachment":"scroll","background-type":"","background-media":"","overlay-type":"","overlay-color":"","overlay-opacity":"","overlay-gradient":""}},"iawp_total_views":19},"product_brand":[],"product_cat":[15],"product_tag":[],"class_list":{"0":"post-2393","1":"product","2":"type-product","3":"status-publish","4":"has-post-thumbnail","6":"product_cat-products","7":"desktop-align-center","8":"tablet-align-center","9":"mobile-align-center","10":"ast-product-gallery-layout-horizontal-slider","11":"ast-product-gallery-with-no-image","12":"ast-magnify-disabled","13":"ast-product-tabs-layout-horizontal","15":"first","16":"instock","17":"shipping-taxable","18":"product-type-simple"},"uagb_featured_image_src":{"full":["https:\/\/www.szhzykc.com\/wp-content\/uploads\/2025\/09\/H9200.webp",800,800,false],"thumbnail":["https:\/\/www.szhzykc.com\/wp-content\/uploads\/2025\/09\/H9200-150x150.webp",150,150,true],"medium":["https:\/\/www.szhzykc.com\/wp-content\/uploads\/2025\/09\/H9200-300x300.webp",300,300,true],"medium_large":["https:\/\/www.szhzykc.com\/wp-content\/uploads\/2025\/09\/H9200-768x768.webp",768,768,true],"large":["https:\/\/www.szhzykc.com\/wp-content\/uploads\/2025\/09\/H9200.webp",800,800,false],"1536x1536":["https:\/\/www.szhzykc.com\/wp-content\/uploads\/2025\/09\/H9200.webp",800,800,false],"2048x2048":["https:\/\/www.szhzykc.com\/wp-content\/uploads\/2025\/09\/H9200.webp",800,800,false],"trp-custom-language-flag":["https:\/\/www.szhzykc.com\/wp-content\/uploads\/2025\/09\/H9200.webp",12,12,false],"woocommerce_thumbnail":["https:\/\/www.szhzykc.com\/wp-content\/uploads\/2025\/09\/H9200-600x600.webp",600,600,true],"woocommerce_single":["https:\/\/www.szhzykc.com\/wp-content\/uploads\/2025\/09\/H9200-600x600.webp",600,600,true],"woocommerce_gallery_thumbnail":["https:\/\/www.szhzykc.com\/wp-content\/uploads\/2025\/09\/H9200-100x100.webp",100,100,true]},"uagb_author_info":{"display_name":"contact@qunbiz.com","author_link":"https:\/\/www.szhzykc.com\/fr\/author\/"},"uagb_comment_info":0,"uagb_excerpt":"UAR-H9201\u662f\u4e00\u6b3e\u96c6\u9ad8\u6027\u80fd\u4e0e\u6027\u4ef7\u6bd4\u4e8e\u4e00\u8eab\u7684\u624b\u6301\u5f0f\u6570\u636e\u91c7\u96c6\u7ec8\u7aef\uff0c\u57fa\u4e8e\u53f0\u79ef\u7535\u66f4\u5f3a\u768412nm \u5236\u7a0b\u5de5\u827a\uff0c\u6027\u80fd\u4f18\u2026","_links":{"self":[{"href":"https:\/\/www.szhzykc.com\/fr\/wp-json\/wp\/v2\/product\/2393","targetHints":{"allow":["GET"]}}],"collection":[{"href":"https:\/\/www.szhzykc.com\/fr\/wp-json\/wp\/v2\/product"}],"about":[{"href":"https:\/\/www.szhzykc.com\/fr\/wp-json\/wp\/v2\/types\/product"}],"wp:featuredmedia":[{"embeddable":true,"href":"https:\/\/www.szhzykc.com\/fr\/wp-json\/wp\/v2\/media\/2344"}],"wp:attachment":[{"href":"https:\/\/www.szhzykc.com\/fr\/wp-json\/wp\/v2\/media?parent=2393"}],"wp:term":[{"taxonomy":"product_brand","embeddable":true,"href":"https:\/\/www.szhzykc.com\/fr\/wp-json\/wp\/v2\/product_brand?post=2393"},{"taxonomy":"product_cat","embeddable":true,"href":"https:\/\/www.szhzykc.com\/fr\/wp-json\/wp\/v2\/product_cat?post=2393"},{"taxonomy":"product_tag","embeddable":true,"href":"https:\/\/www.szhzykc.com\/fr\/wp-json\/wp\/v2\/product_tag?post=2393"}],"curies":[{"name":"wp","href":"https:\/\/api.w.org\/{rel}","templated":true}]}}