{"id":2407,"date":"2025-09-18T08:38:27","date_gmt":"2025-09-18T08:38:27","guid":{"rendered":"https:\/\/szhzykc.com\/?post_type=product&#038;p=2407"},"modified":"2025-09-19T03:42:16","modified_gmt":"2025-09-19T03:42:16","slug":"hui-shou-gui","status":"publish","type":"product","link":"https:\/\/www.szhzykc.com\/fr\/product\/hui-shou-gui\/","title":{"rendered":"armoire de recyclage"},"content":{"rendered":"<p><img alt=\"\" loading=\"lazy\" decoding=\"async\" width=\"1200\" height=\"300\" class=\"alignnone size-full wp-image-2673\" src=\"https:\/\/www.szhzykc.com\/wp-content\/uploads\/2025\/09\/hsg.webp\" srcset=\"https:\/\/www.szhzykc.com\/wp-content\/uploads\/2025\/09\/hsg.webp 1200w, https:\/\/www.szhzykc.com\/wp-content\/uploads\/2025\/09\/hsg-300x75.webp 300w, https:\/\/www.szhzykc.com\/wp-content\/uploads\/2025\/09\/hsg-1024x256.webp 1024w, https:\/\/www.szhzykc.com\/wp-content\/uploads\/2025\/09\/hsg-768x192.webp 768w, https:\/\/www.szhzykc.com\/wp-content\/uploads\/2025\/09\/hsg-600x150.webp 600w\" sizes=\"auto, (max-width: 1200px) 100vw, 1200px\" \/><br \/>\n<!--\n\n\n\n<p style=\"text-align: center;\">\n<img alt=\"\" loading=\"lazy\" decoding=\"async\" width=\"1920\" height=\"1057\" class=\"alignnone size-full wp-image-2412\" src=\"https:\/\/www.szhzykc.com\/wp-content\/uploads\/2025\/09\/huishouxiang-xq1.webp\" alt=\"\" srcset=\"https:\/\/www.szhzykc.com\/wp-content\/uploads\/2025\/09\/huishouxiang-xq1.webp 1920w, https:\/\/www.szhzykc.com\/wp-content\/uploads\/2025\/09\/huishouxiang-xq1-600x330.webp 600w, https:\/\/www.szhzykc.com\/wp-content\/uploads\/2025\/09\/huishouxiang-xq1-300x165.webp 300w, https:\/\/www.szhzykc.com\/wp-content\/uploads\/2025\/09\/huishouxiang-xq1-1024x564.webp 1024w, https:\/\/www.szhzykc.com\/wp-content\/uploads\/2025\/09\/huishouxiang-xq1-768x423.webp 768w, https:\/\/www.szhzykc.com\/wp-content\/uploads\/2025\/09\/huishouxiang-xq1-1536x846.webp 1536w\" sizes=\"auto, (max-width: 1920px) 100vw, 1920px\" \/>\n\u5783\u573e\u56de\u6536\u667a\u80fd\u67dc\n<img alt=\"\" loading=\"lazy\" decoding=\"async\" width=\"1910\" height=\"925\" class=\"alignnone size-full wp-image-2413\" src=\"https:\/\/www.szhzykc.com\/wp-content\/uploads\/2025\/09\/huishouxiang-xq4.webp\" alt=\"\" srcset=\"https:\/\/www.szhzykc.com\/wp-content\/uploads\/2025\/09\/huishouxiang-xq4.webp 1910w, https:\/\/www.szhzykc.com\/wp-content\/uploads\/2025\/09\/huishouxiang-xq4-600x291.webp 600w, https:\/\/www.szhzykc.com\/wp-content\/uploads\/2025\/09\/huishouxiang-xq4-300x145.webp 300w, https:\/\/www.szhzykc.com\/wp-content\/uploads\/2025\/09\/huishouxiang-xq4-1024x496.webp 1024w, https:\/\/www.szhzykc.com\/wp-content\/uploads\/2025\/09\/huishouxiang-xq4-768x372.webp 768w, https:\/\/www.szhzykc.com\/wp-content\/uploads\/2025\/09\/huishouxiang-xq4-1536x744.webp 1536w\" sizes=\"auto, (max-width: 1910px) 100vw, 1910px\" \/>\n\u5783\u573e\u5206\u7c7b\u7ba1\u7406\u7cfb\u7edf\n<img alt=\"\" loading=\"lazy\" decoding=\"async\" width=\"1920\" height=\"1430\" class=\"alignnone size-full wp-image-2410\" src=\"https:\/\/www.szhzykc.com\/wp-content\/uploads\/2025\/09\/huishouxiang-xq3.webp\" alt=\"\" srcset=\"https:\/\/www.szhzykc.com\/wp-content\/uploads\/2025\/09\/huishouxiang-xq3.webp 1920w, https:\/\/www.szhzykc.com\/wp-content\/uploads\/2025\/09\/huishouxiang-xq3-600x447.webp 600w, https:\/\/www.szhzykc.com\/wp-content\/uploads\/2025\/09\/huishouxiang-xq3-300x223.webp 300w, https:\/\/www.szhzykc.com\/wp-content\/uploads\/2025\/09\/huishouxiang-xq3-1024x763.webp 1024w, https:\/\/www.szhzykc.com\/wp-content\/uploads\/2025\/09\/huishouxiang-xq3-768x572.webp 768w, https:\/\/www.szhzykc.com\/wp-content\/uploads\/2025\/09\/huishouxiang-xq3-1536x1144.webp 1536w\" sizes=\"auto, (max-width: 1920px) 100vw, 1920px\" \/>\n\u5783\u573e\u5206\u7c7b\u5206\u62e3\u7cfb\u7edf\n\n--><\/p>","protected":false},"excerpt":{"rendered":"<p>Le syst\u00e8me num\u00e9rique de gestion de la classification des d\u00e9chets permet d'affiner les op\u00e9rations commerciales gr\u00e2ce \u00e0 des fonctions multidimensionnelles. Le tableau Kanban de la page d'accueil pr\u00e9sente visuellement l'\u00e9tat des cartes de flux, les indicateurs de base (volume de livraison quotidien moyen, part de la cat\u00e9gorie de recyclage, etc.), le poids du recyclage, les recettes et les d\u00e9penses, analyse la croissance des utilisateurs gr\u00e2ce au \"tableau des tendances des nouveaux ajouts\" et fournit des informations sur les d\u00e9faillances gr\u00e2ce \u00e0 l'\"alerte rapide en cas d'\u00e9quipement anormal\", ce qui permet de contr\u00f4ler la situation globale. La gestion de l'entreprise couvre l'ensemble du processus : la gestion de l'\u00e9quipement assure la configuration des param\u00e8tres, l'enregistrement des d\u00e9faillances et le suivi des autorisations pour les poubelles de recyclage et les balances intelligentes afin de garantir la stabilit\u00e9 du mat\u00e9riel ; la gestion des commandes et des utilisateurs enregistre les donn\u00e9es de livraison, les informations sur les utilisateurs associ\u00e9s et les transactions pour ouvrir la boucle ferm\u00e9e \"livraison - recyclage - r\u00e8glement\" ; l'entrep\u00f4t et les points de vente g\u00e8rent le \"graphique de tendance des nouvelles personnes\" pour analyser la croissance des utilisateurs, et \"l'alerte rapide en cas d'\u00e9quipement anormal\" pour aider \u00e0 contr\u00f4ler l'ensemble de la situation. \"La gestion des entrep\u00f4ts et des r\u00e9seaux permet de contr\u00f4ler les stocks, d'optimiser la logistique et de r\u00e9duire les co\u00fbts de transit.<\/p>\n<p>La configuration du syst\u00e8me comprend des param\u00e8tres de base tels que la division de la juridiction et la fixation de la zone administrative, ainsi que la rotation de la publicit\u00e9 et la fonction de pouss\u00e9e de l'activit\u00e9 op\u00e9rationnelle ; la gestion des autorisations attribue des autorisations en fonction de la \"position - r\u00f4le\" afin de garantir la s\u00e9curit\u00e9 des donn\u00e9es. L'interaction, la navigation pliante pour simplifier l'op\u00e9ration, les pages cl\u00e9s prennent en charge le filtrage multidimensionnel et l'interrogation en temps r\u00e9el, les graphiques pour montrer la tendance commerciale, la tra\u00e7abilit\u00e9 des processus, pour aider les r\u00f4les \u00e0 collaborer efficacement, et promouvoir la protection de l'environnement, la r\u00e9duction des co\u00fbts et l'efficacit\u00e9.<\/p>\n<p>La bo\u00eete de recyclage intelligente se concentre sur \"des mesures pr\u00e9cises, un contr\u00f4le intelligent et une surveillance de la s\u00e9curit\u00e9\". Les mesures prennent en charge l'interrogation du poids, l'\u00e9talonnage de la tare et de la lin\u00e9arit\u00e9, le t\u00e9l\u00e9chargement actif des donn\u00e9es ; le contr\u00f4le des interrupteurs et des portes prend en charge le d\u00e9verrouillage \u00e0 distance\/local, l'interrogation de l'\u00e9tat, l'actionnement \u00e9lectrique de la porte avec des capteurs du corps humain pour ouvrir la porte et la fonction anti-pincement ; la surveillance de l'\u00e9tat pour signaler le d\u00e9bordement, l'alarme de fum\u00e9e et d'autres informations ; le contr\u00f4le de l'\u00e9clairage et de l'alarme avec l'ouverture automatique de la lumi\u00e8re de la bouche, l'indicateur de d\u00e9bordement et l'alarme sonore et lumineuse ; les param\u00e8tres peuvent \u00e9galement \u00eatre personnalis\u00e9s, adapt\u00e9s \u00e0 diff\u00e9rents sc\u00e9narios.<\/p>","protected":false},"featured_media":2346,"template":"","meta":{"_seopress_robots_primary_cat":"none","_seopress_titles_title":"","_seopress_titles_desc":"","_seopress_robots_index":"","_uag_custom_page_level_css":"","site-sidebar-layout":"default","site-content-layout":"","ast-site-content-layout":"default","site-content-style":"default","site-sidebar-style":"default","ast-global-header-display":"","ast-banner-title-visibility":"","ast-main-header-display":"","ast-hfb-above-header-display":"","ast-hfb-below-header-display":"","ast-hfb-mobile-header-display":"","site-post-title":"","ast-breadcrumbs-content":"","ast-featured-img":"","footer-sml-layout":"","ast-disable-related-posts":"","theme-transparent-header-meta":"default","adv-header-id-meta":"","stick-header-meta":"default","header-above-stick-meta":"","header-main-stick-meta":"","header-below-stick-meta":"","astra-migrate-meta-layouts":"set","ast-page-background-enabled":"default","ast-page-background-meta":{"desktop":{"background-color":"var(--ast-global-color-5)","background-image":"","background-repeat":"repeat","background-position":"center center","background-size":"auto","background-attachment":"scroll","background-type":"","background-media":"","overlay-type":"","overlay-color":"","overlay-opacity":"","overlay-gradient":""},"tablet":{"background-color":"","background-image":"","background-repeat":"repeat","background-position":"center center","background-size":"auto","background-attachment":"scroll","background-type":"","background-media":"","overlay-type":"","overlay-color":"","overlay-opacity":"","overlay-gradient":""},"mobile":{"background-color":"","background-image":"","background-repeat":"repeat","background-position":"center center","background-size":"auto","background-attachment":"scroll","background-type":"","background-media":"","overlay-type":"","overlay-color":"","overlay-opacity":"","overlay-gradient":""}},"ast-content-background-meta":{"desktop":{"background-color":"var(--ast-global-color-4)","background-image":"","background-repeat":"repeat","background-position":"center center","background-size":"auto","background-attachment":"scroll","background-type":"","background-media":"","overlay-type":"","overlay-color":"","overlay-opacity":"","overlay-gradient":""},"tablet":{"background-color":"var(--ast-global-color-4)","background-image":"","background-repeat":"repeat","background-position":"center center","background-size":"auto","background-attachment":"scroll","background-type":"","background-media":"","overlay-type":"","overlay-color":"","overlay-opacity":"","overlay-gradient":""},"mobile":{"background-color":"var(--ast-global-color-4)","background-image":"","background-repeat":"repeat","background-position":"center center","background-size":"auto","background-attachment":"scroll","background-type":"","background-media":"","overlay-type":"","overlay-color":"","overlay-opacity":"","overlay-gradient":""}},"iawp_total_views":59},"product_brand":[],"product_cat":[15],"product_tag":[],"class_list":{"0":"post-2407","1":"product","2":"type-product","3":"status-publish","4":"has-post-thumbnail","6":"product_cat-products","7":"desktop-align-center","8":"tablet-align-center","9":"mobile-align-center","10":"ast-product-gallery-layout-horizontal-slider","11":"ast-product-gallery-with-no-image","12":"ast-magnify-disabled","13":"ast-product-tabs-layout-horizontal","15":"first","16":"instock","17":"featured","18":"shipping-taxable","19":"product-type-simple"},"uagb_featured_image_src":{"full":["https:\/\/www.szhzykc.com\/wp-content\/uploads\/2025\/09\/huishougui.webp",800,800,false],"thumbnail":["https:\/\/www.szhzykc.com\/wp-content\/uploads\/2025\/09\/huishougui-150x150.webp",150,150,true],"medium":["https:\/\/www.szhzykc.com\/wp-content\/uploads\/2025\/09\/huishougui-300x300.webp",300,300,true],"medium_large":["https:\/\/www.szhzykc.com\/wp-content\/uploads\/2025\/09\/huishougui-768x768.webp",768,768,true],"large":["https:\/\/www.szhzykc.com\/wp-content\/uploads\/2025\/09\/huishougui.webp",800,800,false],"1536x1536":["https:\/\/www.szhzykc.com\/wp-content\/uploads\/2025\/09\/huishougui.webp",800,800,false],"2048x2048":["https:\/\/www.szhzykc.com\/wp-content\/uploads\/2025\/09\/huishougui.webp",800,800,false],"trp-custom-language-flag":["https:\/\/www.szhzykc.com\/wp-content\/uploads\/2025\/09\/huishougui.webp",12,12,false],"woocommerce_thumbnail":["https:\/\/www.szhzykc.com\/wp-content\/uploads\/2025\/09\/huishougui-600x600.webp",600,600,true],"woocommerce_single":["https:\/\/www.szhzykc.com\/wp-content\/uploads\/2025\/09\/huishougui-600x600.webp",600,600,true],"woocommerce_gallery_thumbnail":["https:\/\/www.szhzykc.com\/wp-content\/uploads\/2025\/09\/huishougui-100x100.webp",100,100,true]},"uagb_author_info":{"display_name":"contact@qunbiz.com","author_link":"https:\/\/www.szhzykc.com\/fr\/author\/"},"uagb_comment_info":0,"uagb_excerpt":"\u5783\u573e\u5206\u7c7b\u6570\u5b57\u5316\u7ba1\u7406\u7cfb\u7edf\u4ee5\u5168\u7ef4\u5ea6\u529f\u80fd\u8d4b\u80fd\u4e1a\u52a1\u7cbe\u7ec6\u5316\u8fd0\u8425\u3002\u9996\u9875\u770b\u677f\u76f4\u89c2\u5448\u73b0\u6d41\u91cf\u5361\u72b6\u6001\u3001\u6838\u5fc3\u6307\u6807\uff08 \u65e5\u5747\u6295\u9012\u91cf\u3001\u56de\u6536\u2026","_links":{"self":[{"href":"https:\/\/www.szhzykc.com\/fr\/wp-json\/wp\/v2\/product\/2407","targetHints":{"allow":["GET"]}}],"collection":[{"href":"https:\/\/www.szhzykc.com\/fr\/wp-json\/wp\/v2\/product"}],"about":[{"href":"https:\/\/www.szhzykc.com\/fr\/wp-json\/wp\/v2\/types\/product"}],"wp:featuredmedia":[{"embeddable":true,"href":"https:\/\/www.szhzykc.com\/fr\/wp-json\/wp\/v2\/media\/2346"}],"wp:attachment":[{"href":"https:\/\/www.szhzykc.com\/fr\/wp-json\/wp\/v2\/media?parent=2407"}],"wp:term":[{"taxonomy":"product_brand","embeddable":true,"href":"https:\/\/www.szhzykc.com\/fr\/wp-json\/wp\/v2\/product_brand?post=2407"},{"taxonomy":"product_cat","embeddable":true,"href":"https:\/\/www.szhzykc.com\/fr\/wp-json\/wp\/v2\/product_cat?post=2407"},{"taxonomy":"product_tag","embeddable":true,"href":"https:\/\/www.szhzykc.com\/fr\/wp-json\/wp\/v2\/product_tag?post=2407"}],"curies":[{"name":"wp","href":"https:\/\/api.w.org\/{rel}","templated":true}]}}