{"id":2456,"date":"2025-09-05T05:56:30","date_gmt":"2025-09-05T05:56:30","guid":{"rendered":"https:\/\/szhzykc.com\/?post_type=product&#038;p=2456"},"modified":"2025-09-06T03:50:10","modified_gmt":"2025-09-06T03:50:10","slug":"i9304","status":"publish","type":"product","link":"https:\/\/www.szhzykc.com\/fr\/product\/i9304\/","title":{"rendered":"Lecteurs industriels RFID I9304"},"content":{"rendered":"<h4 class=\"pub_title\">param\u00e8tre de base<\/h4>\n<table>\n<tbody>\n<tr>\n<td>tailles<\/td>\n<td>90*95*35mm<\/td>\n<\/tr>\n<tr>\n<td>fr\u00e9quence de fonctionnement<\/td>\n<td>902~928MHZ865~868MHZ<\/td>\n<\/tr>\n<tr>\n<td>\u00a0Protocoles pris en charge<\/td>\n<td>\u00a0ISO 18000-6C (EPCC1GEN2)<\/td>\n<\/tr>\n<tr>\n<td>\u00a0interface de communication<\/td>\n<td>\u00a0RS232, RS485, port r\u00e9seau<\/td>\n<\/tr>\n<tr>\n<td>\u00a0les protocoles de communication<\/td>\n<td>\u00a0Modbus RTU, Modbus TCP<\/td>\n<\/tr>\n<tr>\n<td>\u00a0kit de d\u00e9veloppement<\/td>\n<td>\u00a0Documentation Modbus<\/td>\n<\/tr>\n<tr>\n<td>\u00a0Distance de lecture<\/td>\n<td>\u00a00~100cm r\u00e9glable (en fonction de l'\u00e9tiquette et de l'environnement)<\/td>\n<\/tr>\n<\/tbody>\n<\/table>","protected":false},"excerpt":{"rendered":"<p>Poste de travail industriel pour le comptage des pi\u00e8ces (lecteur de cartes), l'ensemble de la machine adopte une protection IP67 et un design de qualit\u00e9 industrielle, une distance de reconnaissance efficace de 0 \u00e0 1 m\u00e8tre, peut \u00eatre utilis\u00e9 dans un r\u00e9seau de communication d'automatisation industrielle bas\u00e9 sur le protocole Modbus, l'interaction des donn\u00e9es avec les PLC, les capteurs, les compteurs, etc., pour r\u00e9aliser la surveillance des \u00e9quipements et la collecte des donn\u00e9es.<\/p>","protected":false},"featured_media":2500,"template":"","meta":{"_seopress_robots_primary_cat":"none","_seopress_titles_title":"","_seopress_titles_desc":"","_seopress_robots_index":"","_uag_custom_page_level_css":"","site-sidebar-layout":"default","site-content-layout":"","ast-site-content-layout":"default","site-content-style":"default","site-sidebar-style":"default","ast-global-header-display":"","ast-banner-title-visibility":"","ast-main-header-display":"","ast-hfb-above-header-display":"","ast-hfb-below-header-display":"","ast-hfb-mobile-header-display":"","site-post-title":"","ast-breadcrumbs-content":"","ast-featured-img":"","footer-sml-layout":"","ast-disable-related-posts":"","theme-transparent-header-meta":"default","adv-header-id-meta":"","stick-header-meta":"default","header-above-stick-meta":"","header-main-stick-meta":"","header-below-stick-meta":"","astra-migrate-meta-layouts":"set","ast-page-background-enabled":"default","ast-page-background-meta":{"desktop":{"background-color":"var(--ast-global-color-5)","background-image":"","background-repeat":"repeat","background-position":"center center","background-size":"auto","background-attachment":"scroll","background-type":"","background-media":"","overlay-type":"","overlay-color":"","overlay-opacity":"","overlay-gradient":""},"tablet":{"background-color":"","background-image":"","background-repeat":"repeat","background-position":"center center","background-size":"auto","background-attachment":"scroll","background-type":"","background-media":"","overlay-type":"","overlay-color":"","overlay-opacity":"","overlay-gradient":""},"mobile":{"background-color":"","background-image":"","background-repeat":"repeat","background-position":"center center","background-size":"auto","background-attachment":"scroll","background-type":"","background-media":"","overlay-type":"","overlay-color":"","overlay-opacity":"","overlay-gradient":""}},"ast-content-background-meta":{"desktop":{"background-color":"var(--ast-global-color-4)","background-image":"","background-repeat":"repeat","background-position":"center center","background-size":"auto","background-attachment":"scroll","background-type":"","background-media":"","overlay-type":"","overlay-color":"","overlay-opacity":"","overlay-gradient":""},"tablet":{"background-color":"var(--ast-global-color-4)","background-image":"","background-repeat":"repeat","background-position":"center center","background-size":"auto","background-attachment":"scroll","background-type":"","background-media":"","overlay-type":"","overlay-color":"","overlay-opacity":"","overlay-gradient":""},"mobile":{"background-color":"var(--ast-global-color-4)","background-image":"","background-repeat":"repeat","background-position":"center center","background-size":"auto","background-attachment":"scroll","background-type":"","background-media":"","overlay-type":"","overlay-color":"","overlay-opacity":"","overlay-gradient":""}},"iawp_total_views":12},"product_brand":[],"product_cat":[15],"product_tag":[],"class_list":{"0":"post-2456","1":"product","2":"type-product","3":"status-publish","4":"has-post-thumbnail","6":"product_cat-products","7":"desktop-align-center","8":"tablet-align-center","9":"mobile-align-center","10":"ast-product-gallery-layout-horizontal-slider","11":"ast-product-gallery-with-no-image","12":"ast-magnify-disabled","13":"ast-product-tabs-layout-horizontal","15":"first","16":"instock","17":"shipping-taxable","18":"product-type-simple"},"uagb_featured_image_src":{"full":["https:\/\/www.szhzykc.com\/wp-content\/uploads\/2025\/09\/I9304.webp",800,800,false],"thumbnail":["https:\/\/www.szhzykc.com\/wp-content\/uploads\/2025\/09\/I9304-150x150.webp",150,150,true],"medium":["https:\/\/www.szhzykc.com\/wp-content\/uploads\/2025\/09\/I9304-300x300.webp",300,300,true],"medium_large":["https:\/\/www.szhzykc.com\/wp-content\/uploads\/2025\/09\/I9304-768x768.webp",768,768,true],"large":["https:\/\/www.szhzykc.com\/wp-content\/uploads\/2025\/09\/I9304.webp",800,800,false],"1536x1536":["https:\/\/www.szhzykc.com\/wp-content\/uploads\/2025\/09\/I9304.webp",800,800,false],"2048x2048":["https:\/\/www.szhzykc.com\/wp-content\/uploads\/2025\/09\/I9304.webp",800,800,false],"trp-custom-language-flag":["https:\/\/www.szhzykc.com\/wp-content\/uploads\/2025\/09\/I9304.webp",12,12,false],"woocommerce_thumbnail":["https:\/\/www.szhzykc.com\/wp-content\/uploads\/2025\/09\/I9304-600x600.webp",600,600,true],"woocommerce_single":["https:\/\/www.szhzykc.com\/wp-content\/uploads\/2025\/09\/I9304-600x600.webp",600,600,true],"woocommerce_gallery_thumbnail":["https:\/\/www.szhzykc.com\/wp-content\/uploads\/2025\/09\/I9304-100x100.webp",100,100,true]},"uagb_author_info":{"display_name":"contact@qunbiz.com","author_link":"https:\/\/www.szhzykc.com\/fr\/author\/"},"uagb_comment_info":0,"uagb_excerpt":"\u4e00\u6b3e\u5de5\u4e1a\u7ea7\u5de5\u4f4d\u8ba1\u4ef6\u91c7\u96c6\u5668\uff08\u8bfb\u5361\u5668\uff09\uff0c\u6574\u673a\u91c7\u7528IP67\u9632\u62a4\u548c\u5de5\u4e1a\u7ea7\u5916\u89c2\u8bbe\u8ba1\uff0c\u6709\u6548\u8bc6\u522b\u8ddd\u79bb0~1\u7c73\uff0c\u53ef\u7528\u4e8e\u57fa\u4e8eMo\u2026","_links":{"self":[{"href":"https:\/\/www.szhzykc.com\/fr\/wp-json\/wp\/v2\/product\/2456","targetHints":{"allow":["GET"]}}],"collection":[{"href":"https:\/\/www.szhzykc.com\/fr\/wp-json\/wp\/v2\/product"}],"about":[{"href":"https:\/\/www.szhzykc.com\/fr\/wp-json\/wp\/v2\/types\/product"}],"wp:featuredmedia":[{"embeddable":true,"href":"https:\/\/www.szhzykc.com\/fr\/wp-json\/wp\/v2\/media\/2500"}],"wp:attachment":[{"href":"https:\/\/www.szhzykc.com\/fr\/wp-json\/wp\/v2\/media?parent=2456"}],"wp:term":[{"taxonomy":"product_brand","embeddable":true,"href":"https:\/\/www.szhzykc.com\/fr\/wp-json\/wp\/v2\/product_brand?post=2456"},{"taxonomy":"product_cat","embeddable":true,"href":"https:\/\/www.szhzykc.com\/fr\/wp-json\/wp\/v2\/product_cat?post=2456"},{"taxonomy":"product_tag","embeddable":true,"href":"https:\/\/www.szhzykc.com\/fr\/wp-json\/wp\/v2\/product_tag?post=2456"}],"curies":[{"name":"wp","href":"https:\/\/api.w.org\/{rel}","templated":true}]}}