{"id":2462,"date":"2025-09-05T06:06:19","date_gmt":"2025-09-05T06:06:19","guid":{"rendered":"https:\/\/szhzykc.com\/?post_type=product&#038;p=2462"},"modified":"2025-09-06T04:02:15","modified_gmt":"2025-09-06T04:02:15","slug":"rfid-rou-xing-ke-da-yin-kang-jin-shu-dian-zi-biao-qian","status":"publish","type":"product","link":"https:\/\/www.szhzykc.com\/fr\/product\/rfid-rou-xing-ke-da-yin-kang-jin-shu-dian-zi-biao-qian\/","title":{"rendered":"Tags RFID imprimables et flexibles r\u00e9sistants au m\u00e9tal"},"content":{"rendered":"<h4 class=\"pub_title\">param\u00e8tre de base<\/h4>\n<table>\n<tbody>\n<tr>\n<td>Taille du produit<\/td>\n<td>30*15*1.23mm<\/p>\n<p>60*25*1,23mm<\/p>\n<p>65*35*1.23mm<\/p>\n<p>70*30*1,23mm<\/p>\n<p>80*40*1.23mm<\/p>\n<p>100*30*1,23mm<\/td>\n<\/tr>\n<tr>\n<td>Protocole a\u00e9rien :<\/td>\n<td>EPC Class1 Gen2,ISO 18000-6C<\/td>\n<\/tr>\n<tr>\n<td>\u00a0Fr\u00e9quence de fonctionnement :<\/td>\n<td>\u00a0902-928 MHz, ou 865-868 MHz<\/td>\n<\/tr>\n<tr>\n<td>\u00a0Type de puce :<\/td>\n<td>\u00a0Impinj M730, U8, U9<\/td>\n<\/tr>\n<tr>\n<td>\u00a0Stockage des copeaux :<\/td>\n<td>\u00a0EPC 128 bits, utilisateur O-bit<\/td>\n<\/tr>\n<tr>\n<td>\u00a0Performances en lecture et en \u00e9criture :<\/td>\n<td>\u00a0Lisible et inscriptible (le client peut \u00e9crire plusieurs fois sur la puce)<\/td>\n<\/tr>\n<tr>\n<td>\u00a0Conservation des donn\u00e9es :<\/td>\n<td>\u00a020 ans<\/td>\n<\/tr>\n<\/tbody>\n<\/table>","protected":false},"excerpt":{"rendered":"<p>Les performances RF sont sup\u00e9rieures \u00e0 celles des \u00e9tiquettes \u00e9lectroniques imprimables flexibles r\u00e9sistantes au m\u00e9tal de m\u00eame taille ou de taille similaire disponibles sur le march\u00e9. Le produit 100% peut \u00eatre utilis\u00e9 sur des surfaces m\u00e9talliques, des surfaces en plastique, des surfaces en verre, des surfaces en c\u00e9ramique, des surfaces en bois et des surfaces de bo\u00eetes en carton, et il a \u00e9t\u00e9 soumis au syst\u00e8me de test de coh\u00e9rence du label europ\u00e9en VoyanticTagsurance. Ce produit est largement utilis\u00e9 dans la gestion des biens \u00e0 l'int\u00e9rieur, la gestion des entrep\u00f4ts, la surface du produit peut \u00eatre imprim\u00e9e, les performances sont stables et fiables.<\/p>","protected":false},"featured_media":2504,"template":"","meta":{"_seopress_robots_primary_cat":"none","_seopress_titles_title":"","_seopress_titles_desc":"","_seopress_robots_index":"","_uag_custom_page_level_css":"","site-sidebar-layout":"default","site-content-layout":"","ast-site-content-layout":"default","site-content-style":"default","site-sidebar-style":"default","ast-global-header-display":"","ast-banner-title-visibility":"","ast-main-header-display":"","ast-hfb-above-header-display":"","ast-hfb-below-header-display":"","ast-hfb-mobile-header-display":"","site-post-title":"","ast-breadcrumbs-content":"","ast-featured-img":"","footer-sml-layout":"","ast-disable-related-posts":"","theme-transparent-header-meta":"default","adv-header-id-meta":"","stick-header-meta":"default","header-above-stick-meta":"","header-main-stick-meta":"","header-below-stick-meta":"","astra-migrate-meta-layouts":"set","ast-page-background-enabled":"default","ast-page-background-meta":{"desktop":{"background-color":"var(--ast-global-color-5)","background-image":"","background-repeat":"repeat","background-position":"center center","background-size":"auto","background-attachment":"scroll","background-type":"","background-media":"","overlay-type":"","overlay-color":"","overlay-opacity":"","overlay-gradient":""},"tablet":{"background-color":"","background-image":"","background-repeat":"repeat","background-position":"center center","background-size":"auto","background-attachment":"scroll","background-type":"","background-media":"","overlay-type":"","overlay-color":"","overlay-opacity":"","overlay-gradient":""},"mobile":{"background-color":"","background-image":"","background-repeat":"repeat","background-position":"center center","background-size":"auto","background-attachment":"scroll","background-type":"","background-media":"","overlay-type":"","overlay-color":"","overlay-opacity":"","overlay-gradient":""}},"ast-content-background-meta":{"desktop":{"background-color":"var(--ast-global-color-4)","background-image":"","background-repeat":"repeat","background-position":"center center","background-size":"auto","background-attachment":"scroll","background-type":"","background-media":"","overlay-type":"","overlay-color":"","overlay-opacity":"","overlay-gradient":""},"tablet":{"background-color":"var(--ast-global-color-4)","background-image":"","background-repeat":"repeat","background-position":"center center","background-size":"auto","background-attachment":"scroll","background-type":"","background-media":"","overlay-type":"","overlay-color":"","overlay-opacity":"","overlay-gradient":""},"mobile":{"background-color":"var(--ast-global-color-4)","background-image":"","background-repeat":"repeat","background-position":"center center","background-size":"auto","background-attachment":"scroll","background-type":"","background-media":"","overlay-type":"","overlay-color":"","overlay-opacity":"","overlay-gradient":""}},"iawp_total_views":13},"product_brand":[],"product_cat":[15],"product_tag":[],"class_list":{"0":"post-2462","1":"product","2":"type-product","3":"status-publish","4":"has-post-thumbnail","6":"product_cat-products","7":"desktop-align-center","8":"tablet-align-center","9":"mobile-align-center","10":"ast-product-gallery-layout-horizontal-slider","11":"ast-product-gallery-with-no-image","12":"ast-magnify-disabled","13":"ast-product-tabs-layout-horizontal","15":"first","16":"instock","17":"shipping-taxable","18":"product-type-simple"},"uagb_featured_image_src":{"full":["https:\/\/www.szhzykc.com\/wp-content\/uploads\/2025\/09\/rouxing.webp",800,800,false],"thumbnail":["https:\/\/www.szhzykc.com\/wp-content\/uploads\/2025\/09\/rouxing-150x150.webp",150,150,true],"medium":["https:\/\/www.szhzykc.com\/wp-content\/uploads\/2025\/09\/rouxing-300x300.webp",300,300,true],"medium_large":["https:\/\/www.szhzykc.com\/wp-content\/uploads\/2025\/09\/rouxing-768x768.webp",768,768,true],"large":["https:\/\/www.szhzykc.com\/wp-content\/uploads\/2025\/09\/rouxing.webp",800,800,false],"1536x1536":["https:\/\/www.szhzykc.com\/wp-content\/uploads\/2025\/09\/rouxing.webp",800,800,false],"2048x2048":["https:\/\/www.szhzykc.com\/wp-content\/uploads\/2025\/09\/rouxing.webp",800,800,false],"trp-custom-language-flag":["https:\/\/www.szhzykc.com\/wp-content\/uploads\/2025\/09\/rouxing.webp",12,12,false],"woocommerce_thumbnail":["https:\/\/www.szhzykc.com\/wp-content\/uploads\/2025\/09\/rouxing-600x600.webp",600,600,true],"woocommerce_single":["https:\/\/www.szhzykc.com\/wp-content\/uploads\/2025\/09\/rouxing-600x600.webp",600,600,true],"woocommerce_gallery_thumbnail":["https:\/\/www.szhzykc.com\/wp-content\/uploads\/2025\/09\/rouxing-100x100.webp",100,100,true]},"uagb_author_info":{"display_name":"contact@qunbiz.com","author_link":"https:\/\/www.szhzykc.com\/fr\/author\/"},"uagb_comment_info":0,"uagb_excerpt":"\u5c04\u9891\u6027\u80fd\u4f18\u4e8e\u5e02\u573a\u4e0a\u7684\u76f8\u540c\u6216\u8fd1\u4f3c\u5c3a\u5bf8\u7684\u67d4\u6027\u53ef\u6253\u5370\u6297\u91d1\u5c5e\u7535\u5b50\u6807\u7b7e,\u5176\u53ef\u7528\u4e8e\u91d1\u5c5e\u8868\u9762\u3001\u5851\u6599\u8868\u9762\u3001\u73bb\u7483\u8868\u9762\u3001\u9676\u74f7\u8868\u9762\u3001\u2026","_links":{"self":[{"href":"https:\/\/www.szhzykc.com\/fr\/wp-json\/wp\/v2\/product\/2462","targetHints":{"allow":["GET"]}}],"collection":[{"href":"https:\/\/www.szhzykc.com\/fr\/wp-json\/wp\/v2\/product"}],"about":[{"href":"https:\/\/www.szhzykc.com\/fr\/wp-json\/wp\/v2\/types\/product"}],"wp:featuredmedia":[{"embeddable":true,"href":"https:\/\/www.szhzykc.com\/fr\/wp-json\/wp\/v2\/media\/2504"}],"wp:attachment":[{"href":"https:\/\/www.szhzykc.com\/fr\/wp-json\/wp\/v2\/media?parent=2462"}],"wp:term":[{"taxonomy":"product_brand","embeddable":true,"href":"https:\/\/www.szhzykc.com\/fr\/wp-json\/wp\/v2\/product_brand?post=2462"},{"taxonomy":"product_cat","embeddable":true,"href":"https:\/\/www.szhzykc.com\/fr\/wp-json\/wp\/v2\/product_cat?post=2462"},{"taxonomy":"product_tag","embeddable":true,"href":"https:\/\/www.szhzykc.com\/fr\/wp-json\/wp\/v2\/product_tag?post=2462"}],"curies":[{"name":"wp","href":"https:\/\/api.w.org\/{rel}","templated":true}]}}