{"id":2463,"date":"2025-09-05T06:08:58","date_gmt":"2025-09-05T06:08:58","guid":{"rendered":"https:\/\/szhzykc.com\/?post_type=product&#038;p=2463"},"modified":"2025-09-06T04:03:21","modified_gmt":"2025-09-06T04:03:21","slug":"rfid-xi-di-biao-qian","status":"publish","type":"product","link":"https:\/\/www.szhzykc.com\/fr\/product\/rfid-xi-di-biao-qian\/","title":{"rendered":"\u00c9tiquettes de lavage RFID"},"content":{"rendered":"<h4 class=\"pub_title\">param\u00e8tre de base<\/h4>\n<table>\n<tbody>\n<tr>\n<td>&nbsp;<\/p>\n<p>Taille du produit<\/td>\n<td>70mmx15mmx1.5mm (Ucode9)<\/p>\n<p>75mmx15mmx1.5mm (Ucode9)<\/p>\n<p>58mmx15mmx1.5mm (Ucode9)<\/p>\n<p>35mmx15mmx1.5mm (Ucode9)<\/p>\n<p>75mmx12mmx1.5mm (Ucode9)<\/p>\n<p>70mmx10mmx1.5mm (Ucode9)<\/p>\n<p>ou d'autres tailles sont disponibles, ainsi que des tailles personnalis\u00e9es<\/td>\n<\/tr>\n<tr>\n<td>protocole a\u00e9rien<\/td>\n<td>EPC Class1 Gen2;ISO18000-6C<\/td>\n<\/tr>\n<tr>\n<td>fr\u00e9quence de fonctionnement<\/td>\n<td>865-940MHz (mondial)<\/td>\n<\/tr>\n<tr>\n<td>Performances en lecture\/\u00e9criture<\/td>\n<td>Lisible et inscriptible (le client peut \u00e9crire plusieurs fois sur la puce)<\/td>\n<\/tr>\n<tr>\n<td>Type de puce<\/td>\n<td>NXP Ucode9<\/td>\n<\/tr>\n<tr>\n<td>Stockage des puces<\/td>\n<td>Ucode9:EPC 96<\/td>\n<\/tr>\n<tr>\n<td>Conservation des donn\u00e9es :<\/td>\n<td>20 ans<\/td>\n<\/tr>\n<\/tbody>\n<\/table>","protected":false},"excerpt":{"rendered":"<p>Les mat\u00e9riaux et la conception sont test\u00e9s pour leur fiabilit\u00e9 ;<\/p>\n<p>Applications : gestion de blanchisserie industrielle, gestion de location de tissus, gestion d'uniformes et de blanchisserie, gestion de location d'uniformes et de blanchisserie, gestion de tissus et de blanchisserie dans les h\u00f4pitaux, gestion de v\u00eatements militaires et de couettes, gestion de tissus et de blanchisserie dans les chemins de fer, gestion de v\u00eatements, gestion de personnel, gestion de mat\u00e9riaux souples et anti-v\u00eatements, et autres applications n\u00e9cessitant des produits souples et r\u00e9sistants \u00e0 la pression.<\/p>","protected":false},"featured_media":2505,"template":"","meta":{"_seopress_robots_primary_cat":"none","_seopress_titles_title":"","_seopress_titles_desc":"","_seopress_robots_index":"","_uag_custom_page_level_css":"","site-sidebar-layout":"default","site-content-layout":"","ast-site-content-layout":"default","site-content-style":"default","site-sidebar-style":"default","ast-global-header-display":"","ast-banner-title-visibility":"","ast-main-header-display":"","ast-hfb-above-header-display":"","ast-hfb-below-header-display":"","ast-hfb-mobile-header-display":"","site-post-title":"","ast-breadcrumbs-content":"","ast-featured-img":"","footer-sml-layout":"","ast-disable-related-posts":"","theme-transparent-header-meta":"default","adv-header-id-meta":"","stick-header-meta":"default","header-above-stick-meta":"","header-main-stick-meta":"","header-below-stick-meta":"","astra-migrate-meta-layouts":"set","ast-page-background-enabled":"default","ast-page-background-meta":{"desktop":{"background-color":"var(--ast-global-color-5)","background-image":"","background-repeat":"repeat","background-position":"center center","background-size":"auto","background-attachment":"scroll","background-type":"","background-media":"","overlay-type":"","overlay-color":"","overlay-opacity":"","overlay-gradient":""},"tablet":{"background-color":"","background-image":"","background-repeat":"repeat","background-position":"center center","background-size":"auto","background-attachment":"scroll","background-type":"","background-media":"","overlay-type":"","overlay-color":"","overlay-opacity":"","overlay-gradient":""},"mobile":{"background-color":"","background-image":"","background-repeat":"repeat","background-position":"center center","background-size":"auto","background-attachment":"scroll","background-type":"","background-media":"","overlay-type":"","overlay-color":"","overlay-opacity":"","overlay-gradient":""}},"ast-content-background-meta":{"desktop":{"background-color":"var(--ast-global-color-4)","background-image":"","background-repeat":"repeat","background-position":"center center","background-size":"auto","background-attachment":"scroll","background-type":"","background-media":"","overlay-type":"","overlay-color":"","overlay-opacity":"","overlay-gradient":""},"tablet":{"background-color":"var(--ast-global-color-4)","background-image":"","background-repeat":"repeat","background-position":"center center","background-size":"auto","background-attachment":"scroll","background-type":"","background-media":"","overlay-type":"","overlay-color":"","overlay-opacity":"","overlay-gradient":""},"mobile":{"background-color":"var(--ast-global-color-4)","background-image":"","background-repeat":"repeat","background-position":"center center","background-size":"auto","background-attachment":"scroll","background-type":"","background-media":"","overlay-type":"","overlay-color":"","overlay-opacity":"","overlay-gradient":""}},"iawp_total_views":15},"product_brand":[],"product_cat":[15],"product_tag":[],"class_list":{"0":"post-2463","1":"product","2":"type-product","3":"status-publish","4":"has-post-thumbnail","6":"product_cat-products","7":"desktop-align-center","8":"tablet-align-center","9":"mobile-align-center","10":"ast-product-gallery-layout-horizontal-slider","11":"ast-product-gallery-with-no-image","12":"ast-magnify-disabled","13":"ast-product-tabs-layout-horizontal","15":"first","16":"instock","17":"shipping-taxable","18":"product-type-simple"},"uagb_featured_image_src":{"full":["https:\/\/www.szhzykc.com\/wp-content\/uploads\/2025\/09\/washing.webp",800,800,false],"thumbnail":["https:\/\/www.szhzykc.com\/wp-content\/uploads\/2025\/09\/washing-150x150.webp",150,150,true],"medium":["https:\/\/www.szhzykc.com\/wp-content\/uploads\/2025\/09\/washing-300x300.webp",300,300,true],"medium_large":["https:\/\/www.szhzykc.com\/wp-content\/uploads\/2025\/09\/washing-768x768.webp",768,768,true],"large":["https:\/\/www.szhzykc.com\/wp-content\/uploads\/2025\/09\/washing.webp",800,800,false],"1536x1536":["https:\/\/www.szhzykc.com\/wp-content\/uploads\/2025\/09\/washing.webp",800,800,false],"2048x2048":["https:\/\/www.szhzykc.com\/wp-content\/uploads\/2025\/09\/washing.webp",800,800,false],"trp-custom-language-flag":["https:\/\/www.szhzykc.com\/wp-content\/uploads\/2025\/09\/washing.webp",12,12,false],"woocommerce_thumbnail":["https:\/\/www.szhzykc.com\/wp-content\/uploads\/2025\/09\/washing-600x600.webp",600,600,true],"woocommerce_single":["https:\/\/www.szhzykc.com\/wp-content\/uploads\/2025\/09\/washing-600x600.webp",600,600,true],"woocommerce_gallery_thumbnail":["https:\/\/www.szhzykc.com\/wp-content\/uploads\/2025\/09\/washing-100x100.webp",100,100,true]},"uagb_author_info":{"display_name":"contact@qunbiz.com","author_link":"https:\/\/www.szhzykc.com\/fr\/author\/"},"uagb_comment_info":0,"uagb_excerpt":"\u771f\u6b63\u8fbe\u5230\u548c\u8d85\u8d8a200\u6b21\u4ee5\u4e0a\u7684\u5de5\u4e1a\u6d17\u6da4\u5bff\u547d\uff1b \u6750\u8d28\u548c\u8bbe\u8ba1\u5747\u7ecf\u8fc7\u53ef\u9760\u6027\u6d4b\u8bd5\uff1b \u5e94\u7528\uff1a\u5de5\u4e1a\u6d17\u6da4\u7ba1\u7406\u3001\u5e03\u8349\u79df\u8d41\u7ba1\u7406\u3001\u5236\u2026","_links":{"self":[{"href":"https:\/\/www.szhzykc.com\/fr\/wp-json\/wp\/v2\/product\/2463","targetHints":{"allow":["GET"]}}],"collection":[{"href":"https:\/\/www.szhzykc.com\/fr\/wp-json\/wp\/v2\/product"}],"about":[{"href":"https:\/\/www.szhzykc.com\/fr\/wp-json\/wp\/v2\/types\/product"}],"wp:featuredmedia":[{"embeddable":true,"href":"https:\/\/www.szhzykc.com\/fr\/wp-json\/wp\/v2\/media\/2505"}],"wp:attachment":[{"href":"https:\/\/www.szhzykc.com\/fr\/wp-json\/wp\/v2\/media?parent=2463"}],"wp:term":[{"taxonomy":"product_brand","embeddable":true,"href":"https:\/\/www.szhzykc.com\/fr\/wp-json\/wp\/v2\/product_brand?post=2463"},{"taxonomy":"product_cat","embeddable":true,"href":"https:\/\/www.szhzykc.com\/fr\/wp-json\/wp\/v2\/product_cat?post=2463"},{"taxonomy":"product_tag","embeddable":true,"href":"https:\/\/www.szhzykc.com\/fr\/wp-json\/wp\/v2\/product_tag?post=2463"}],"curies":[{"name":"wp","href":"https:\/\/api.w.org\/{rel}","templated":true}]}}